{"id":195,"date":"2018-10-24T21:35:21","date_gmt":"2018-10-24T21:35:21","guid":{"rendered":"http:\/\/loanstar.com\/de\/?page_id=195"},"modified":"2019-05-28T09:13:29","modified_gmt":"2019-05-28T07:13:29","slug":"cookies","status":"publish","type":"page","link":"https:\/\/loanstar.com\/de\/cookies\/","title":{"rendered":"Cookies"},"content":{"rendered":"<p>Dies ist die Cookie-Richtlinie f\u00fcr die Website von LoanStar, die Sie unter http:\/\/loanstar.com aufrufen k\u00f6nnen.<\/p>\n<h2>Was sind Cookies?<\/h2>\n<p>Wie bei fast allen professionellen Websites \u00fcblich, verwendet diese Seite Cookies. Es handelt sich hierbei um winzige Dateien, die auf Ihren Computer heruntergeladen werden, um Ihre Erfahrung zu verbessern. Diese Seite beschreibt, welche Informationen Cookies sammeln, wie wir diese verwenden und warum wir diese Cookies manchmal speichern m\u00fcssen. Wir teilen Ihnen ebenfalls mit, wie Sie verhindern k\u00f6nnen, dass diese Cookies gespeichert werden. Dies kann jedoch dazu f\u00fchren, dass bestimmte Elemente der Website-Funktionalit\u00e4t beeintr\u00e4chtigt werden oder nicht mehr einwandfrei funktionieren.<\/p>\n<p>Weitere allgemeine Informationen zu Cookies finden Sie im <a href=\"https:\/\/de.wikipedia.org\/wiki\/HTTP-Cookie\">Wikipedia-Artikel zu HTTP-Cookies<\/a>.<\/p>\n<h2>Wie wir Cookies verwenden<\/h2>\n<p>Wir verwenden Cookies aus einer Vielzahl von Gr\u00fcnden, die wir weiter unten aufgef\u00fchrt haben. Leider gibt es in den meisten F\u00e4llen keine Standardoptionen zum Deaktivieren von Cookies, ohne deren n\u00fctzliche Funktionen, die diese Website verbessern, ebenfalls zu deaktivieren. Es wird daher empfohlen, dass Sie alle Cookies akzeptieren, wenn Sie nicht sicher sind, ob diese zur Bereitstellung eines von Ihnen verwendeten Dienstes verwendet werden.<\/p>\n<h2>Deaktivierung von Cookies<\/h2>\n<p>Sie k\u00f6nnen das Setzen von Cookies allerdings unterbinden. Hierf\u00fcr m\u00fcssen Sie die Einstellungen in Ihrem Browser anpassen (Informationen dazu finden Sie unter den Hilfe-Seiten Ihres Browsers). Beachten Sie, dass das Deaktivieren von Cookies die Funktionalit\u00e4t dieser und vieler anderer Websites, die Sie besuchen, beeintr\u00e4chtigt. Das Deaktivieren von Cookies f\u00fchrt in der Regel dazu, dass bestimmte Funktionen dieser Website ebenfalls deaktiviert werden. Aus diesem Grund wird empfohlen, Cookies nicht zu deaktivieren.<\/p>\n<h3>Cookies in Browsern deaktivieren<\/h3>\n<p>Um Cookies in Browsern zu deaktivieren, k\u00f6nnen Sie dies im Bereich Optionen oder Einstellungen tun. Hier finden Sie entsprechende Links mit detaillierteren Informationen \u00fcber Cookies zum jeweiligen Webbrowser:<\/p>\n<p><a href=\"https:\/\/support.google.com\/chrome\/answer\/95647\">Google Chrome<\/a><\/p>\n<p><a href=\"https:\/\/support.microsoft.com\/en-us\/help\/17442\/windows-internet-explorer-delete-manage-cookies\">Internet Explorer<\/a><\/p>\n<p><a href=\"https:\/\/support.mozilla.org\/de\/kb\/cookies-informationen-websites-auf-ihrem-computer\">Firefox<\/a><\/p>\n<h2>Unsere Cookies<\/h2>\n<p>Wir nutzen sogenannte Site-Pr\u00e4ferenz-Cookies. Diese tragen nicht unwesentlich zu der gro\u00dfartigen Erfahrung auf dieser Website bei. Nur diese erm\u00f6glichen die Funktionalit\u00e4t, um Ihre Pr\u00e4ferenzen f\u00fcr die Ausf\u00fchrung dieser Website festzulegen. Um sich an Ihre Pr\u00e4ferenzen zu erinnern, m\u00fcssen diese Cookies verwendet werden. Denn nur dann k\u00f6nnen diese Informationen immer dann aufgerufen werden, wenn Sie mit unserer Seite interagieren.<\/p>\n<h2>Cookies von Drittanbietern<\/h2>\n<p>In einigen speziellen F\u00e4llen verwenden wir auch Cookies von vertrauensw\u00fcrdigen Dritten. Im folgenden Abschnitt wird beschrieben, welche Cookies von Drittanbietern auf dieser Website m\u00f6glicherweise auftreten.<\/p>\n<h3>Google Analytics<\/h3>\n<p>Diese Website verwendet Google Analytics, eine der am weitesten verbreiteten und vertrauensw\u00fcrdigsten Analysel\u00f6sungen im Web. Diese hilft uns dabei, zu verstehen, wie Sie unsere Website nutzen und wie wir Ihre Erfahrung verbessern k\u00f6nnen. Diese Cookies k\u00f6nnen Dinge wie Ihre Aufenthaltsdauer auf der Website und die von Ihnen besuchten Seiten erfassen, damit wir weiterhin interessante Inhalte f\u00fcr Sie erstellen k\u00f6nnen. Weitere Informationen zu den Google Analytics-Cookies finden Sie auf der <a href=\"https:\/\/developers.google.com\/analytics\/devguides\/collection\/analyticsjs\/cookie-usage\">offiziellen Google Analytics-Seite<\/a>.<\/p>\n<p>Von Zeit zu Zeit testen wir neue Funktionen und nehmen subtile \u00c4nderungen an der Art und Weise vor, wie die Website angezeigt wird. Auch wenn wir neue Funktionen testen, k\u00f6nnen diese Cookies verwendet werden, um sicherzustellen, dass Sie eine konsistente Erfahrung\u00a0 erhalten. Cookies helfen uns hierbei, indem sie sicherstellen, dass wir wissen, welche Optimierungen unsere Benutzer am meisten sch\u00e4tzen.<\/p>\n<p>Weitere Informationen zu den Datenschutzrichtlinien von Google finden Sie in den <a href=\"https:\/\/policies.google.com\/privacy?hl=de\">Datenschutzbestimmungen von Google<\/a>.<\/p>\n<p>Wenn Sie die Messung von Daten \u00fcber Google Universal Analytics vermeiden m\u00f6chten, k\u00f6nnen Sie Google Universal Analytics mit dieser <a href=\"https:\/\/tools.google.com\/dlpage\/gaoptout?hl=en\">Browsererweiterung<\/a> deaktivieren. Um zu verhindern, dass Universal Analytics tracking-\u00fcbergreifend auf Ger\u00e4ten stattfindet, m\u00fcssen Sie diese auf allen von Ihnen verwendeten Systemen deaktivieren.<\/p>\n<p>Alternativ k\u00f6nnen Sie auch die Cookie-Einstellung in Ihrem Browser entsprechend konfigurieren. Mehr dazu im entsprechenden Abschnitt weiter unten.<\/p>\n<p>Wir verwenden auch Social-Media-Buttons und\/oder Plugins auf dieser Seite, die es Ihnen erm\u00f6glichen, sich auf verschiedene Arten mit Ihrem sozialen Netzwerk zu verbinden. F\u00fcr folgenden Social-Media-Sites verwenden wir Cookies:<\/p>\n<p><strong>Facebook:<\/strong> setzt Cookies \u00fcber unsere Website, die dazu verwendet werden k\u00f6nnen, Ihr Profil auf ihrer Website zu verbessern oder zu den Daten beizutragen, die sie zu verschiedenen Zwecken in ihren jeweiligen Datenschutzrichtlinien enthalten.<\/p>\n<p><a href=\"https:\/\/www.facebook.com\/policies\/cookies\/\">Cookie-Richtlinien f\u00fcr Facebook<\/a><\/p>\n<h3>Google reCAPTCHA<\/h3>\n<p>Zum Schutz von Nachrichten, die \u00fcber das Kontaktformular gesendet werden, verwenden wir den Dienst reCAPTCHA von Google Inc. (Google). Diese spezielle Abfrage wird verwendet, um zu unterscheiden, ob die Eingabe durch einen Menschen erfolgt oder durch automatisierte, mechanische Verarbeitung missbr\u00e4uchlich ist. Die Anfrage umfasst das Senden der IP-Adresse und anderer Daten, die Google f\u00fcr den reCAPTCHA-Dienst an Google ben\u00f6tigt.<br \/>\nZu diesem Zweck wird Ihre Eingabe an Google \u00fcbermittelt und dort verwendet. Durch die Verwendung von reCaptcha stimmen Sie zu, dass die von Ihnen zur Verf\u00fcgung gestellte Anerkennung zur Digitalisierung alter Werke verwendet wird.<br \/>\nIm Auftrag von Digital Takeover LTD wird Google diese Informationen benutzen, um Ihre Nutzung dieses Dienstes zu evaluieren.<\/p>\n<p>Die im Rahmen von reCaptcha von Ihrem Browser \u00fcbermittelte IP-Adresse wird nicht mit anderen Daten von Google zusammengef\u00fchrt. Diese Daten unterliegen abweichenden Datenschutzrichtlinien von Google. Weitere Informationen zu den Datenschutzrichtlinien von Google erhalten Sie unter <a href=\"https:\/\/policies.google.com\/privacy?hl=de\">https:\/\/policies.google.com\/privacy?hl=de<\/a>.<\/p>\n<h3>Affiliate Tracking Cookies<\/h3>\n<p>Digital Takeover Ltd, der Betreiber der Loanstar.com-Website, hat Affiliate-Links von verschiedenen Affiliate-Netzwerken und anderen Drittanbietern auf Loanstar.com integriert.<\/p>\n<p>LoanStar.com \u00fcbernimmt die Rolle eines Publishers durch die Ver\u00f6ffentlichung von Inhalten. Verschiedene Anbieter \u00fcbernehmen die Rolle der Werbetreibenden. Wenn Sie den Content- und Vergleichsservice auf LoanStar.com verwenden, k\u00f6nnen Sie \u00fcber einen Partnerlink auf die Website des Werbetreibenden zugreifen. Dort k\u00f6nnen Sie das gew\u00fcnschte Finanzprodukt bestellen oder einen Kredit anfordern. Im Falle eines erfolgreichen Verkaufs erhalten wir eine Provision, mit der wir weitere kostenlose Inhalte f\u00fcr Sie ver\u00f6ffentlichen und unsere Vergleichssysteme verbessern k\u00f6nnen.<\/p>\n<p>Sobald Sie den Anbieter als Nutzer \u00fcber unseren Partnerlink erreichen, wird ein Cookie in Ihrem Browser gespeichert. Der Zweck der Speicherung von Cookies ist die Abwicklung von Provisionszahlungen zwischen H\u00e4ndlern und Publishern, die vom Affiliate-Netzwerk abgewickelt werden.<\/p>\n<p>Die gespeicherten Affiliate-Cookies enthalten keine pers\u00f6nlichen Daten. Es werden nur die Identifikationsnummer des Herausgebers (LoanStar.com) sowie die Ordnungszahl des Besuchers der Website, die Uhrzeit und der Index des Affiliate-Links gespeichert. Alle Affiliate-Cookies werden nach max. 90 Tagen gel\u00f6scht.<\/p>\n<p>Wie oben erw\u00e4hnt, k\u00f6nnen Sie das Speichern von Cookies in Ihren Browsereinstellungen verbieten. Sie haben dort auch die M\u00f6glichkeit, Ihre Cookies jederzeit zu l\u00f6schen.<\/p>\n<h2>Recht auf Information und Widerspruch<\/h2>\n<p>Wir hoffen, diese Informationen haben alle Fragen \u00fcber Cookies beantwortet. Wie gesagt: Wenn Sie nicht sicher sind, ob Sie diese brauchen werden oder nicht, dann ist es in der Regel sicherer, diese zuzulassen. Denn Cookies spielen mit unter eine wichtige Rolle bei wichtigen Funktionen unserer Website.<\/p>\n<p>Sie haben \u00fcbrigens auf Wunsch jederzeit das Recht, sich \u00fcber s\u00e4mtliche pers\u00f6nlichen Daten zu informieren, die bei Digital Takeover Limited (Eigent\u00fcmer und Betreiber von LoanStar.com) gespeichert werden. Sie haben auch die M\u00f6glichkeit, Ihre Einwilligung jederzeit zu widerrufen und die L\u00f6schung der bereits verarbeiteten personenbezogenen Daten zu verlangen.<\/p>\n<p>Falls Sie weitere Informationen ben\u00f6tigen, k\u00f6nnen Sie uns \u00fcber eine unserer bevorzugten Kontaktmethoden erreichen:<\/p>\n<ul>\n<li><strong>E-Mail:<\/strong> hi@digitaltakeover.org<\/li>\n<li><strong>Post:<\/strong> Digital Takeover LTD, Plaza Shopping Center, Ebene 8, Suite 5, Bisazza Street, Sliema, SLM1640, MALTA<\/li>\n<\/ul>\n<p>Auf Anfrage werden Sie schriftlich dar\u00fcber informiert, ob und welche pers\u00f6nlichen Daten die Digital Takeover GmbH \u00fcber Sie gespeichert hat. Sie k\u00f6nnen die Verarbeitung Ihrer Daten jederzeit ohne Angabe von Gr\u00fcnden in Textform verbieten.<\/p>\n","protected":false},"excerpt":{"rendered":"<p>Dies ist die Cookie-Richtlinie f\u00fcr die Website von LoanStar, die Sie unter http:\/\/loanstar.com aufrufen k\u00f6nnen. Was sind Cookies? Wie bei&#8230;<\/p>\n","protected":false},"author":1,"featured_media":0,"parent":0,"menu_order":0,"comment_status":"closed","ping_status":"closed","template":"templates\/terms-of-use.php","meta":{"footnotes":""},"yoast_head":"<!-- This site is optimized with the Yoast SEO plugin v21.0 - https:\/\/yoast.com\/wordpress\/plugins\/seo\/ -->\n<title>Cookies - alle Infos \u00fcber die Cookies der LoanStar Website<\/title>\n<meta name=\"description\" content=\"Finden Sie an dieser Stelle alle wichtigen Informationen \u00fcber s\u00e4mtliche Cookies, die auf der Website von LoanStar verwendet werden.\" \/>\n<meta name=\"robots\" content=\"index, follow, max-snippet:-1, max-image-preview:large, max-video-preview:-1\" \/>\n<link rel=\"canonical\" href=\"https:\/\/loanstar.com\/de\/cookies\/\" \/>\n<meta property=\"og:locale\" content=\"de_DE\" \/>\n<meta property=\"og:type\" content=\"article\" \/>\n<meta property=\"og:title\" content=\"Cookies - alle Infos \u00fcber die Cookies der LoanStar Website\" \/>\n<meta property=\"og:description\" content=\"Finden Sie an dieser Stelle alle wichtigen Informationen \u00fcber s\u00e4mtliche Cookies, die auf der Website von LoanStar verwendet werden.\" \/>\n<meta property=\"og:url\" content=\"https:\/\/loanstar.com\/de\/cookies\/\" \/>\n<meta property=\"og:site_name\" content=\"Loanstar Deutschland\" \/>\n<meta property=\"article:modified_time\" content=\"2019-05-28T07:13:29+00:00\" \/>\n<meta name=\"twitter:card\" content=\"summary_large_image\" \/>\n<meta name=\"twitter:label1\" content=\"Gesch\u00e4tzte Lesezeit\" \/>\n\t<meta name=\"twitter:data1\" content=\"6\u00a0Minuten\" \/>\n<script type=\"application\/ld+json\" class=\"yoast-schema-graph\">{\"@context\":\"https:\/\/schema.org\",\"@graph\":[{\"@type\":\"WebPage\",\"@id\":\"https:\/\/loanstar.com\/de\/cookies\/\",\"url\":\"https:\/\/loanstar.com\/de\/cookies\/\",\"name\":\"Cookies - alle Infos \u00fcber die Cookies der LoanStar Website\",\"isPartOf\":{\"@id\":\"https:\/\/loanstar.com\/de\/#website\"},\"datePublished\":\"2018-10-24T21:35:21+00:00\",\"dateModified\":\"2019-05-28T07:13:29+00:00\",\"description\":\"Finden Sie an dieser Stelle alle wichtigen Informationen \u00fcber s\u00e4mtliche Cookies, die auf der Website von LoanStar verwendet werden.\",\"breadcrumb\":{\"@id\":\"https:\/\/loanstar.com\/de\/cookies\/#breadcrumb\"},\"inLanguage\":\"de\",\"potentialAction\":[{\"@type\":\"ReadAction\",\"target\":[\"https:\/\/loanstar.com\/de\/cookies\/\"]}]},{\"@type\":\"BreadcrumbList\",\"@id\":\"https:\/\/loanstar.com\/de\/cookies\/#breadcrumb\",\"itemListElement\":[{\"@type\":\"ListItem\",\"position\":1,\"name\":\"Deutschland\",\"item\":\"https:\/\/loanstar.com\/de\/\"},{\"@type\":\"ListItem\",\"position\":2,\"name\":\"Cookies\"}]},{\"@type\":\"WebSite\",\"@id\":\"https:\/\/loanstar.com\/de\/#website\",\"url\":\"https:\/\/loanstar.com\/de\/\",\"name\":\"Loanstar Deutschland\",\"description\":\"Kredite vergleichen\",\"potentialAction\":[{\"@type\":\"SearchAction\",\"target\":{\"@type\":\"EntryPoint\",\"urlTemplate\":\"https:\/\/loanstar.com\/de\/?s={search_term_string}\"},\"query-input\":\"required name=search_term_string\"}],\"inLanguage\":\"de\"}]}<\/script>\n<!-- \/ Yoast SEO plugin. -->","yoast_head_json":{"title":"Cookies - alle Infos \u00fcber die Cookies der LoanStar Website","description":"Finden Sie an dieser Stelle alle wichtigen Informationen \u00fcber s\u00e4mtliche Cookies, die auf der Website von LoanStar verwendet werden.","robots":{"index":"index","follow":"follow","max-snippet":"max-snippet:-1","max-image-preview":"max-image-preview:large","max-video-preview":"max-video-preview:-1"},"canonical":"https:\/\/loanstar.com\/de\/cookies\/","og_locale":"de_DE","og_type":"article","og_title":"Cookies - alle Infos \u00fcber die Cookies der LoanStar Website","og_description":"Finden Sie an dieser Stelle alle wichtigen Informationen \u00fcber s\u00e4mtliche Cookies, die auf der Website von LoanStar verwendet werden.","og_url":"https:\/\/loanstar.com\/de\/cookies\/","og_site_name":"Loanstar Deutschland","article_modified_time":"2019-05-28T07:13:29+00:00","twitter_card":"summary_large_image","twitter_misc":{"Gesch\u00e4tzte Lesezeit":"6\u00a0Minuten"},"schema":{"@context":"https:\/\/schema.org","@graph":[{"@type":"WebPage","@id":"https:\/\/loanstar.com\/de\/cookies\/","url":"https:\/\/loanstar.com\/de\/cookies\/","name":"Cookies - alle Infos \u00fcber die Cookies der LoanStar Website","isPartOf":{"@id":"https:\/\/loanstar.com\/de\/#website"},"datePublished":"2018-10-24T21:35:21+00:00","dateModified":"2019-05-28T07:13:29+00:00","description":"Finden Sie an dieser Stelle alle wichtigen Informationen \u00fcber s\u00e4mtliche Cookies, die auf der Website von LoanStar verwendet werden.","breadcrumb":{"@id":"https:\/\/loanstar.com\/de\/cookies\/#breadcrumb"},"inLanguage":"de","potentialAction":[{"@type":"ReadAction","target":["https:\/\/loanstar.com\/de\/cookies\/"]}]},{"@type":"BreadcrumbList","@id":"https:\/\/loanstar.com\/de\/cookies\/#breadcrumb","itemListElement":[{"@type":"ListItem","position":1,"name":"Deutschland","item":"https:\/\/loanstar.com\/de\/"},{"@type":"ListItem","position":2,"name":"Cookies"}]},{"@type":"WebSite","@id":"https:\/\/loanstar.com\/de\/#website","url":"https:\/\/loanstar.com\/de\/","name":"Loanstar Deutschland","description":"Kredite vergleichen","potentialAction":[{"@type":"SearchAction","target":{"@type":"EntryPoint","urlTemplate":"https:\/\/loanstar.com\/de\/?s={search_term_string}"},"query-input":"required name=search_term_string"}],"inLanguage":"de"}]}},"_links":{"self":[{"href":"https:\/\/loanstar.com\/de\/wp-json\/wp\/v2\/pages\/195"}],"collection":[{"href":"https:\/\/loanstar.com\/de\/wp-json\/wp\/v2\/pages"}],"about":[{"href":"https:\/\/loanstar.com\/de\/wp-json\/wp\/v2\/types\/page"}],"author":[{"embeddable":true,"href":"https:\/\/loanstar.com\/de\/wp-json\/wp\/v2\/users\/1"}],"replies":[{"embeddable":true,"href":"https:\/\/loanstar.com\/de\/wp-json\/wp\/v2\/comments?post=195"}],"version-history":[{"count":1,"href":"https:\/\/loanstar.com\/de\/wp-json\/wp\/v2\/pages\/195\/revisions"}],"predecessor-version":[{"id":318,"href":"https:\/\/loanstar.com\/de\/wp-json\/wp\/v2\/pages\/195\/revisions\/318"}],"wp:attachment":[{"href":"https:\/\/loanstar.com\/de\/wp-json\/wp\/v2\/media?parent=195"}],"curies":[{"name":"wp","href":"https:\/\/api.w.org\/{rel}","templated":true}]}}