{"id":194,"date":"2018-10-24T21:25:20","date_gmt":"2018-10-24T21:25:20","guid":{"rendered":"http:\/\/loanstar.com\/de\/?page_id=194"},"modified":"2019-06-24T10:52:06","modified_gmt":"2019-06-24T08:52:06","slug":"datenschutzerklaerung","status":"publish","type":"page","link":"https:\/\/loanstar.com\/de\/datenschutzerklaerung\/","title":{"rendered":"Datenschutzerkl\u00e4rung"},"content":{"rendered":"<p>Datum des Inkrafttretens: 16. Oktober 2018<\/p>\n<p>Digital Takeover, LTD (&#8222;uns&#8220;, &#8222;wir&#8220; oder &#8222;unser&#8220;) betreibt die Website http:\/\/loanstar.com (der &#8222;Service&#8220;).<\/p>\n<p>Diese Seite informiert Sie \u00fcber unsere Richtlinien bez\u00fcglich der Erfassung, Verwendung und Offenlegung personenbezogener Daten bei der Nutzung unseres Services und der Auswahlm\u00f6glichkeiten, die Sie mit diesen Daten verkn\u00fcpft haben.<\/p>\n<p>Wir verwenden Ihre Daten zur Bereitstellung und Verbesserung unseres Service. Durch die Nutzung des Service erkl\u00e4ren Sie sich mit der Erfassung und Nutzung von Informationen gem\u00e4\u00df dieser Richtlinie einverstanden. Sofern in dieser Datenschutzerkl\u00e4rung nicht anders definiert, haben die in dieser Datenschutzrichtlinie verwendeten Begriffe die gleiche Bedeutung wie in unseren Allgemeinen Gesch\u00e4ftsbedingungen, auf die Sie \u00fcber http:\/\/loanstar.com zugreifen k\u00f6nnen.<\/p>\n<h2>Sammlung und Verwendung von Informationen<\/h2>\n<p>Wir sammeln verschiedene Arten von Informationen f\u00fcr verschiedene Zwecke, um unseren Service f\u00fcr Sie bereitzustellen und zu verbessern.<\/p>\n<h3>Arten von gesammelten Daten<\/h3>\n<h4>Pers\u00f6nliche Daten<\/h4>\n<p>Bei der Nutzung unseres Service bitten wir Sie m\u00f6glicherweise, uns bestimmte personenbezogene Daten zur Verf\u00fcgung zu stellen, die wir nutzen k\u00f6nnen, um Sie zu kontaktieren oder zu identifizieren (&#8222;personenbezogene Daten&#8220;). Zu den personenbezogenen Daten k\u00f6nnen unter anderem geh\u00f6ren:<\/p>\n<ul>\n<li>E-Mail-Addresse<\/li>\n<li>Vorname und Nachname<\/li>\n<li>Cookies und Nutzungsdaten<\/li>\n<\/ul>\n<h4>Nutzungsdaten<\/h4>\n<p>Wir k\u00f6nnen auch Informationen dar\u00fcber sammeln, wie auf den Dienst zugegriffen, und wie dieser verwendet wird (&#8222;Nutzungsdaten&#8220;). Diese Nutzungsdaten k\u00f6nnen Informationen wie die IP-Adresse Ihres Computers (z. B. IP-Adresse), den Browsertyp, die Browserversion, die von Ihnen besuchten Seiten unseres Dienstes, die Uhrzeit und das Datum Ihres Besuchs, die auf diesen Seiten verbrachte Zeit, sowie Ger\u00e4tekennungen und andere Diagnosedaten enthalten.<\/p>\n<h4>Tracking- und Cookie-Daten<\/h4>\n<p>Wir verwenden Cookies und \u00e4hnliche Tracking-Technologien, um die Aktivit\u00e4ten in unserem Service verfolgen zu k\u00f6nnen und bestimmte Informationen zu speichern.<\/p>\n<p>Cookies sind Dateien mit kleinen Datenmengen, die eine anonyme eindeutige Kennung enthalten k\u00f6nnen. Cookies werden von einer Website an Ihren Browser gesendet und auf Ihrem Ger\u00e4t gespeichert. Tracking-Technologien, die ebenfalls verwendet werden, sind etwa Beacons, Tags und Skripte, um Informationen zu sammeln und zu verfolgen, und um unseren Service zu verbessern und zu analysieren.<\/p>\n<p>Sie k\u00f6nnen Ihren Browser anweisen, alle Cookies abzulehnen oder anzugeben, wenn ein Cookie gesendet wird. Wenn Sie jedoch keine Cookies akzeptieren, k\u00f6nnen Sie m\u00f6glicherweise einige Teile unseres Service nicht nutzen.<\/p>\n<p>Beispiele f\u00fcr Cookies, die wir verwenden:<\/p>\n<ul>\n<li><strong>Sitzungscookies.<\/strong> Wir verwenden zur Betreibung unseres Service Session-Cookies.<\/li>\n<li><strong>Pr\u00e4ferenz-Cookies.<\/strong> Wir verwenden Pr\u00e4ferenz-Cookies, um Ihre Pr\u00e4ferenzen und verschiedene Einstellungen zu speichern.<\/li>\n<li><strong>Sicherheits-Cookies.<\/strong> Wir verwenden Sicherheitscookies f\u00fcr Sicherheitszwecke.<\/li>\n<\/ul>\n<h2>Verwendung von Daten<\/h2>\n<p>Digital Takeover, LTD verwendet die gesammelten Daten f\u00fcr verschiedene Zwecke:<\/p>\n<ul>\n<li>Bereitstellung und Wartung des Services<\/li>\n<li>um Sie \u00fcber \u00c4nderungen an unserem Service zu informieren<\/li>\n<li>Damit Sie an interaktiven Funktionen unseres Services teilnehmen k\u00f6nnen, wenn Sie dies w\u00fcnschen<\/li>\n<li>etwa um Kundenbetreuung und Unterst\u00fctzung zu bieten<\/li>\n<li>um Analysen oder wertvolle Informationen bereitzustellen, damit wir den Service verbessern k\u00f6nnen<\/li>\n<li>oder\/und um die Nutzung des Services zu \u00fcberwachen<\/li>\n<li>um Technische Probleme erkennen, verhindern und beheben<\/li>\n<\/ul>\n<h2>\u00dcbertragung von Daten<\/h2>\n<p>Ihre Daten, einschlie\u00dflich personenbezogener Daten, k\u00f6nnen an Computer \u00fcbertragen und gespeichert werden, die sich au\u00dferhalb Ihres Staates, Ihrer Provinz, Ihres Landes oder anderer staatlicher Gerichtsbarkeit befinden, und in denen die Datenschutzgesetze von denen Ihrer Gerichtsbarkeit abweichen k\u00f6nnen.<\/p>\n<p>Wenn Sie sich au\u00dferhalb von Malta befinden und beschlie\u00dfen, uns Informationen zur Verf\u00fcgung zu stellen, beachten Sie bitte, dass wir die Daten, einschlie\u00dflich personenbezogener Daten, nach Malta \u00fcbertragen und dort verarbeiten.<\/p>\n<p>Ihre Zustimmung zu dieser Datenschutzrichtlinie, gefolgt von Ihrer \u00dcbermittlung dieser Informationen, bedeutet Ihre Zustimmung zu dieser \u00dcbertragung.<\/p>\n<p>Digital Takeover, LTD wird alle notwendigen Schritte unternehmen um sicherzustellen, dass Ihre Daten sicher und in \u00dcbereinstimmung mit dieser Datenschutzerkl\u00e4rung behandelt werden, und dass keine \u00dcbertragung Ihrer personenbezogenen Daten an eine Organisation oder ein Land stattfindet, sofern keine angemessenen Kontrollen vorhanden sind Sicherheit Ihrer Daten und anderer pers\u00f6nlicher Informationen.<\/p>\n<h2>Offenlegung von Daten<\/h2>\n<h3>Rechtliche Anforderungen<\/h3>\n<p>Digital Takeover, LTD kann Ihre pers\u00f6nlichen Daten in gutem Glauben offen legen, dass eine solche Aktion erforderlich ist, um:<\/p>\n<ul>\n<li>Um einer gesetzlichen Verpflichtung nachzukommen<\/li>\n<li>Schutz und Verteidigung der Rechte oder des Eigentums von Digital Takeover, LTD<\/li>\n<li>Um m\u00f6gliche Fehlverhalten in Verbindung mit dem Service zu verhindern oder zu untersuchen<\/li>\n<li>Um die pers\u00f6nliche Sicherheit der Benutzer des Dienstes oder der \u00d6ffentlichkeit zu sch\u00fctzen<\/li>\n<li>Zum Schutz vor gesetzlicher Haftung<\/li>\n<\/ul>\n<h3>Sicherheit von Daten<\/h3>\n<p>Die Sicherheit Ihrer Daten ist uns wichtig. Aber denken Sie daran, dass keine Methode der \u00dcbertragung \u00fcber das Internet oder der elektronischen Speicherung 100% sicher ist. Obwohl wir uns bem\u00fchen, Ihre Daten mit kommerziell akzeptablen Mitteln zu sch\u00fctzen, k\u00f6nnen wir keine absolute Sicherheit garantieren.<\/p>\n<h3>Dienstleister<\/h3>\n<p>Wir k\u00f6nnen Drittunternehmen und Privatpersonen besch\u00e4ftigen, um unseren Service (&#8222;Service Providers&#8220;) zu erleichtern, den Service in unserem Auftrag zu erbringen, um servicebezogene Dienstleistungen zu erbringen oder um uns bei der Analyse der Nutzung unseres Service zu unterst\u00fctzen.<\/p>\n<p>Diese Dritten haben nur Zugang zu Ihren personenbezogenen Daten, um diese Aufgaben in unserem Auftrag auszuf\u00fchren, und sind verpflichtet, sie nicht f\u00fcr andere Zwecke offenzulegen oder zu verwenden.<\/p>\n<h3>Analysen<\/h3>\n<p>Wir k\u00f6nnen Service Provider von Drittanbietern verwenden, um die Nutzung unseres Service zu \u00fcberwachen und zu analysieren.<\/p>\n<p><strong>Google Analytics<\/strong><\/p>\n<p>Google Analytics ist ein von Google angebotener Webanalysedienst, der Website-Zugriffe erfasst und meldet. Weiters verwendet Google die erfassten Daten, um die Nutzung unseres Service zu verfolgen und zu \u00fcberwachen. Diese Daten werden mit anderen Google-Diensten geteilt. Google kann die gesammelten Daten verwenden, um die Anzeigen des eigenen Werbenetzwerks zu kontextualisieren und zu personalisieren.<\/p>\n<p>Sie k\u00f6nnen die Deaktivierung Ihrer Google Analytics-Aktivit\u00e4t deaktivieren, indem Sie das Add-on f\u00fcr die Deaktivierung von Google Analytics installieren. Das Add-on verhindert, dass Google Analytics-JavaScript (ga.js, analytics.js und dc.js) Informationen mit Google Analytics \u00fcber Besuchsaktivit\u00e4ten teilt.<\/p>\n<p>Weitere Informationen zu den Datenschutzpraktiken von Google finden Sie auf der Website zu Google Datenschutz und Nutzungsbedingungen: <a href=\"https:\/\/policies.google.com\/privacy?hl=de\">https:\/\/policies.google.com\/privacy?hl=de<\/a><\/p>\n<h2>Links zu anderen Websites<\/h2>\n<p>Unser Service kann Links zu anderen Seiten enthalten, die nicht von uns betrieben werden. Dies hat zufolge, wenn Sie auf einen Link eines Drittanbieters klicken, werden Sie auf die Website dieses Drittanbieters weitergeleitet. Wir empfehlen Ihnen dringend, die Datenschutzrichtlinien jeder besuchten Website zu lesen.<\/p>\n<p>Wir haben keine Kontrolle \u00fcber und \u00fcbernehmen keine Verantwortung f\u00fcr den Inhalt, die Datenschutzrichtlinien oder Praktiken von Drittanbieter-Websites oder -Diensten.<\/p>\n<h2>Kinder Privatsph\u00e4re<\/h2>\n<p>Unser Service wendet sich nicht an Personen unter 18 Jahren (&#8222;Kinder&#8220;).<\/p>\n<p>Wir sammeln wissentlich keine personenbezogenen Daten von Personen unter 18 Jahren. Wenn Sie ein Elternteil oder Erziehungsberechtigter sind und wissen, dass Ihre Kinder uns personenbezogene Daten zur Verf\u00fcgung gestellt haben, nehmen Sie bitte Kontakt mit uns auf. Wenn wir feststellen, dass wir personenbezogene Daten von Kindern ohne Best\u00e4tigung der Zustimmung der Eltern erfasst haben, ergreifen wir Ma\u00dfnahmen, um diese Informationen von unseren Servern zu entfernen.<\/p>\n<h2>\u00c4nderungen an dieser Datenschutzrichtlinie<\/h2>\n<p>Wir k\u00f6nnen unsere Datenschutzerkl\u00e4rung von Zeit zu Zeit aktualisieren. Daher werden wir Sie \u00fcber \u00c4nderungen informieren, indem Sie die neue Datenschutzrichtlinie auf dieser Seite ver\u00f6ffentlichen.<\/p>\n<p>Wir werden Sie vor Inkrafttreten der \u00c4nderung per E-Mail und\/oder einer auff\u00e4lligen Mitteilung \u00fcber unseren Service informieren und das &#8222;Datum des Inkrafttretens&#8220; oben in dieser Datenschutzerkl\u00e4rung aktualisieren.<\/p>\n<p>Es wird empfohlen, diese Datenschutzrichtlinie regelm\u00e4\u00dfig auf \u00c4nderungen zu \u00fcberpr\u00fcfen. Denn \u00c4nderungen an dieser Datenschutzerkl\u00e4rung werden wirksam, wenn sie auf dieser Seite ver\u00f6ffentlicht werden.<\/p>\n<h2>Kontaktieren Sie uns<\/h2>\n<p>Wenn Sie Fragen zu dieser Datenschutzrichtlinie haben, kontaktieren Sie uns bitte:<\/p>\n<p>E-Mail: hi@digitaltakeover.org<\/p>\n","protected":false},"excerpt":{"rendered":"<p>Datum des Inkrafttretens: 16. Oktober 2018 Digital Takeover, LTD (&#8222;uns&#8220;, &#8222;wir&#8220; oder &#8222;unser&#8220;) betreibt die Website http:\/\/loanstar.com (der &#8222;Service&#8220;). Diese&#8230;<\/p>\n","protected":false},"author":1,"featured_media":0,"parent":0,"menu_order":0,"comment_status":"closed","ping_status":"closed","template":"templates\/terms-of-use.php","meta":{"footnotes":""},"yoast_head":"<!-- This site is optimized with the Yoast SEO plugin v21.0 - https:\/\/yoast.com\/wordpress\/plugins\/seo\/ -->\n<title>Datenschutzerkl\u00e4rung von LoanStar - kostenlose Kreditvergleiche<\/title>\n<meta name=\"description\" content=\"Hier finden Sie s\u00e4mtliche Informationen rund um den Datenschutz von LoanStar. Erfahren Sie mehr \u00fcber unsere Vorgehensweise mit personenbezogenen Daten.\" \/>\n<meta name=\"robots\" content=\"index, follow, max-snippet:-1, max-image-preview:large, max-video-preview:-1\" \/>\n<link rel=\"canonical\" href=\"https:\/\/loanstar.com\/de\/datenschutzerklaerung\/\" \/>\n<meta property=\"og:locale\" content=\"de_DE\" \/>\n<meta property=\"og:type\" content=\"article\" \/>\n<meta property=\"og:title\" content=\"Datenschutzerkl\u00e4rung von LoanStar - kostenlose Kreditvergleiche\" \/>\n<meta property=\"og:description\" content=\"Hier finden Sie s\u00e4mtliche Informationen rund um den Datenschutz von LoanStar. Erfahren Sie mehr \u00fcber unsere Vorgehensweise mit personenbezogenen Daten.\" \/>\n<meta property=\"og:url\" content=\"https:\/\/loanstar.com\/de\/datenschutzerklaerung\/\" \/>\n<meta property=\"og:site_name\" content=\"Loanstar Deutschland\" \/>\n<meta property=\"article:modified_time\" content=\"2019-06-24T08:52:06+00:00\" \/>\n<meta name=\"twitter:card\" content=\"summary_large_image\" \/>\n<meta name=\"twitter:label1\" content=\"Gesch\u00e4tzte Lesezeit\" \/>\n\t<meta name=\"twitter:data1\" content=\"6\u00a0Minuten\" \/>\n<script type=\"application\/ld+json\" class=\"yoast-schema-graph\">{\"@context\":\"https:\/\/schema.org\",\"@graph\":[{\"@type\":\"WebPage\",\"@id\":\"https:\/\/loanstar.com\/de\/datenschutzerklaerung\/\",\"url\":\"https:\/\/loanstar.com\/de\/datenschutzerklaerung\/\",\"name\":\"Datenschutzerkl\u00e4rung von LoanStar - kostenlose Kreditvergleiche\",\"isPartOf\":{\"@id\":\"https:\/\/loanstar.com\/de\/#website\"},\"datePublished\":\"2018-10-24T21:25:20+00:00\",\"dateModified\":\"2019-06-24T08:52:06+00:00\",\"description\":\"Hier finden Sie s\u00e4mtliche Informationen rund um den Datenschutz von LoanStar. Erfahren Sie mehr \u00fcber unsere Vorgehensweise mit personenbezogenen Daten.\",\"breadcrumb\":{\"@id\":\"https:\/\/loanstar.com\/de\/datenschutzerklaerung\/#breadcrumb\"},\"inLanguage\":\"de\",\"potentialAction\":[{\"@type\":\"ReadAction\",\"target\":[\"https:\/\/loanstar.com\/de\/datenschutzerklaerung\/\"]}]},{\"@type\":\"BreadcrumbList\",\"@id\":\"https:\/\/loanstar.com\/de\/datenschutzerklaerung\/#breadcrumb\",\"itemListElement\":[{\"@type\":\"ListItem\",\"position\":1,\"name\":\"Deutschland\",\"item\":\"https:\/\/loanstar.com\/de\/\"},{\"@type\":\"ListItem\",\"position\":2,\"name\":\"Datenschutzerkl\u00e4rung\"}]},{\"@type\":\"WebSite\",\"@id\":\"https:\/\/loanstar.com\/de\/#website\",\"url\":\"https:\/\/loanstar.com\/de\/\",\"name\":\"Loanstar Deutschland\",\"description\":\"Kredite vergleichen\",\"potentialAction\":[{\"@type\":\"SearchAction\",\"target\":{\"@type\":\"EntryPoint\",\"urlTemplate\":\"https:\/\/loanstar.com\/de\/?s={search_term_string}\"},\"query-input\":\"required name=search_term_string\"}],\"inLanguage\":\"de\"}]}<\/script>\n<!-- \/ Yoast SEO plugin. -->","yoast_head_json":{"title":"Datenschutzerkl\u00e4rung von LoanStar - kostenlose Kreditvergleiche","description":"Hier finden Sie s\u00e4mtliche Informationen rund um den Datenschutz von LoanStar. Erfahren Sie mehr \u00fcber unsere Vorgehensweise mit personenbezogenen Daten.","robots":{"index":"index","follow":"follow","max-snippet":"max-snippet:-1","max-image-preview":"max-image-preview:large","max-video-preview":"max-video-preview:-1"},"canonical":"https:\/\/loanstar.com\/de\/datenschutzerklaerung\/","og_locale":"de_DE","og_type":"article","og_title":"Datenschutzerkl\u00e4rung von LoanStar - kostenlose Kreditvergleiche","og_description":"Hier finden Sie s\u00e4mtliche Informationen rund um den Datenschutz von LoanStar. Erfahren Sie mehr \u00fcber unsere Vorgehensweise mit personenbezogenen Daten.","og_url":"https:\/\/loanstar.com\/de\/datenschutzerklaerung\/","og_site_name":"Loanstar Deutschland","article_modified_time":"2019-06-24T08:52:06+00:00","twitter_card":"summary_large_image","twitter_misc":{"Gesch\u00e4tzte Lesezeit":"6\u00a0Minuten"},"schema":{"@context":"https:\/\/schema.org","@graph":[{"@type":"WebPage","@id":"https:\/\/loanstar.com\/de\/datenschutzerklaerung\/","url":"https:\/\/loanstar.com\/de\/datenschutzerklaerung\/","name":"Datenschutzerkl\u00e4rung von LoanStar - kostenlose Kreditvergleiche","isPartOf":{"@id":"https:\/\/loanstar.com\/de\/#website"},"datePublished":"2018-10-24T21:25:20+00:00","dateModified":"2019-06-24T08:52:06+00:00","description":"Hier finden Sie s\u00e4mtliche Informationen rund um den Datenschutz von LoanStar. Erfahren Sie mehr \u00fcber unsere Vorgehensweise mit personenbezogenen Daten.","breadcrumb":{"@id":"https:\/\/loanstar.com\/de\/datenschutzerklaerung\/#breadcrumb"},"inLanguage":"de","potentialAction":[{"@type":"ReadAction","target":["https:\/\/loanstar.com\/de\/datenschutzerklaerung\/"]}]},{"@type":"BreadcrumbList","@id":"https:\/\/loanstar.com\/de\/datenschutzerklaerung\/#breadcrumb","itemListElement":[{"@type":"ListItem","position":1,"name":"Deutschland","item":"https:\/\/loanstar.com\/de\/"},{"@type":"ListItem","position":2,"name":"Datenschutzerkl\u00e4rung"}]},{"@type":"WebSite","@id":"https:\/\/loanstar.com\/de\/#website","url":"https:\/\/loanstar.com\/de\/","name":"Loanstar Deutschland","description":"Kredite vergleichen","potentialAction":[{"@type":"SearchAction","target":{"@type":"EntryPoint","urlTemplate":"https:\/\/loanstar.com\/de\/?s={search_term_string}"},"query-input":"required name=search_term_string"}],"inLanguage":"de"}]}},"_links":{"self":[{"href":"https:\/\/loanstar.com\/de\/wp-json\/wp\/v2\/pages\/194"}],"collection":[{"href":"https:\/\/loanstar.com\/de\/wp-json\/wp\/v2\/pages"}],"about":[{"href":"https:\/\/loanstar.com\/de\/wp-json\/wp\/v2\/types\/page"}],"author":[{"embeddable":true,"href":"https:\/\/loanstar.com\/de\/wp-json\/wp\/v2\/users\/1"}],"replies":[{"embeddable":true,"href":"https:\/\/loanstar.com\/de\/wp-json\/wp\/v2\/comments?post=194"}],"version-history":[{"count":2,"href":"https:\/\/loanstar.com\/de\/wp-json\/wp\/v2\/pages\/194\/revisions"}],"predecessor-version":[{"id":321,"href":"https:\/\/loanstar.com\/de\/wp-json\/wp\/v2\/pages\/194\/revisions\/321"}],"wp:attachment":[{"href":"https:\/\/loanstar.com\/de\/wp-json\/wp\/v2\/media?parent=194"}],"curies":[{"name":"wp","href":"https:\/\/api.w.org\/{rel}","templated":true}]}}