{"id":193,"date":"2018-10-24T21:17:36","date_gmt":"2018-10-24T21:17:36","guid":{"rendered":"http:\/\/loanstar.com\/de\/?page_id=193"},"modified":"2019-06-24T10:53:15","modified_gmt":"2019-06-24T08:53:15","slug":"agb-und-haftungsausschluss","status":"publish","type":"page","link":"https:\/\/loanstar.com\/de\/agb-und-haftungsausschluss\/","title":{"rendered":"AGB und Haftungsausschluss"},"content":{"rendered":"<p>Allgemeine Gesch\u00e4ftsbedingungen f\u00fcr Digital Takeover, LTD<\/p>\n<h2>Einf\u00fchrung<\/h2>\n<p>Die Website-Standardbedingungen, die auf dieser Webseite ver\u00f6ffentlicht sind, verwalten die Nutzung unserer Website, LoanStar unter http:\/\/loanstar.com.<\/p>\n<p>Diese Bedingungen werden vollst\u00e4ndig angewendet und betreffen Ihre Nutzung dieser Website. Durch die Nutzung dieser Website haben Sie zugestimmt, alle hier beschriebenen Bedingungen zu akzeptieren. Sie d\u00fcrfen diese Website nicht nutzen, wenn Sie mit diesen Allgemeinen Gesch\u00e4ftsbedingungen der Website nicht einverstanden sind.<\/p>\n<p>Minderj\u00e4hrige oder Personen unter 18 Jahren d\u00fcrfen diese Website nicht nutzen.<\/p>\n<h2>Rechte an geistigem Eigentum<\/h2>\n<p>Abgesehen von den Inhalten, die Sie besitzen, besitzen Digital Takeover, LTD und\/oder seine Lizenzgeber gem\u00e4\u00df diesen Bedingungen alle geistigen Eigentumsrechte und Materialien, die auf dieser Website enthalten sind.<\/p>\n<p>Sie erhalten eine beschr\u00e4nkte Lizenz nur zum Betrachten des auf dieser Website enthaltenen Materials.<\/p>\n<h3>Beschr\u00e4nkungen<\/h3>\n<p>Sie sind ausdr\u00fccklich von allem Folgenden eingeschr\u00e4nkt:<\/p>\n<ul>\n<li>Ver\u00f6ffentlichung von Website-Material in anderen Medien<\/li>\n<li>Verkauf, Unterlizenzierung und\/oder anderweitige Kommerzialisierung von Website-Material<\/li>\n<li>\u00f6ffentliches Vorf\u00fchren und\/oder Zeigen von Website-Material<\/li>\n<li>Nutzung dieser Website in irgendeiner Weise, die f\u00fcr diese Website sch\u00e4dlich ist oder sein k\u00f6nnte<\/li>\n<li>Nutzung dieser Website in irgendeiner Weise, die sich auf den Benutzerzugriff auf diese Website auswirkt<\/li>\n<li>die Nutzung dieser Website im Widerspruch zu geltenden Gesetzen und Vorschriften oder in irgendeiner Weise, die zu Sch\u00e4den an der Website oder an Personen oder Unternehmen f\u00fchren kann<\/li>\n<li>die Durchf\u00fchrung von Data Mining, Datenerhebung, Datenextraktion oder andere \u00e4hnliche Aktivit\u00e4ten in Bezug auf diese Website<\/li>\n<li>Nutzung dieser Website f\u00fcr Werbung oder Marketing<\/li>\n<\/ul>\n<p>Bestimmte Bereiche dieser Website sind nur f\u00fcr den Zugriff durch Sie zug\u00e4nglich. Digital Takeover, LTD kann den Zugriff auf Bereiche dieser Website jederzeit nach freiem Ermessen einschr\u00e4nken. Alle Benutzer-IDs und Kennw\u00f6rter, die Sie f\u00fcr diese Website haben, sind vertraulich und Sie m\u00fcssen ebenfalls die Vertraulichkeit wahren.<\/p>\n<h2>Ihr Inhalt<\/h2>\n<p>In diesen Allgemeinen Gesch\u00e4ftsbedingungen der Website steht &#8222;Ihr Inhalt&#8220; f\u00fcr jeden Ton, jeden Videotext, s\u00e4mtliche Bilder oder anderes Material, das Sie auf dieser Website anzeigen m\u00f6chten. Durch die Anzeige Ihrer Inhalte gew\u00e4hren Sie Digital Takeover, LTD eine nicht ausschlie\u00dfliche, weltweit unwiderrufliche, unterlizenzierbare Lizenz zur Nutzung, Reproduktion, Anpassung, Ver\u00f6ffentlichung, \u00dcbersetzung und Verbreitung in allen Medien.<\/p>\n<p>Ihre Inhalte m\u00fcssen Ihre eigenen sein und d\u00fcrfen keine Rechte Dritter verletzen. Digital Takeover, LTD beh\u00e4lt sich das Recht vor, Ihre Inhalte jederzeit ohne vorherige Ank\u00fcndigung von dieser Website zu entfernen.<\/p>\n<h2>Keine Garantien<\/h2>\n<p>Diese Website wird &#8222;so wie sie ist&#8220; mit allen Fehlern bereitgestellt, und Digital Takeover, LTD gibt keinerlei Zusicherungen oder Gew\u00e4hrleistungen in Bezug auf diese Website oder die auf dieser Website enthaltenen Materialien ab. Auch nichts, was auf dieser Website enthalten ist, soll so ausgelegt werden, dass es Sie ber\u00e4t.<\/p>\n<h2>Haftungsbeschr\u00e4nkung<\/h2>\n<p>In keinem Fall k\u00f6nnen Digital Takeover, LTD, noch irgendwelche Ihrer leitenden Angestellten, Direktoren und Angestellten f\u00fcr irgend etwas haftbar gemacht werden, das aus oder in irgendeiner Weise mit Ihrer Nutzung dieser Website zusammenh\u00e4ngt, unabh\u00e4ngig davon, ob diese Haftung vertraglich begr\u00fcndet ist. Digital Takeover, LTD, einschlie\u00dflich seiner leitenden Angestellten, Direktoren und Mitarbeiter, \u00fcbernimmt keine Haftung f\u00fcr indirekte Sch\u00e4den und\/oder Folgesch\u00e4den. Ebenso \u00fcbernimmt <a href=\"http:\/\/loanstar.com\/de\">LoanStar<\/a> keine besondere Haftung, die sich aus oder im Zusammenhang mit Ihrer Nutzung dieser Website ergeben.<\/p>\n<h2>Entsch\u00e4digung<\/h2>\n<p>Sie entsch\u00e4digen hiermit im vollen Umfang Digital Takeover, LTD von allen und\/oder allen Verbindlichkeiten, Kosten, Forderungen, Klagegr\u00fcnden, Sch\u00e4den und Ausgaben, die in irgendeiner Weise im Zusammenhang mit Ihrem Versto\u00df gegen eine der Bestimmungen dieser Bedingungen entstehen.<\/p>\n<h2>Salvatorische Klausel<\/h2>\n<p>Sollte eine der Bestimmungen dieser Bedingungen nach geltendem Recht ung\u00fcltig sein, werden diese Bestimmungen gel\u00f6scht, ohne die \u00fcbrigen Bestimmungen zu ber\u00fchren.<\/p>\n<h2>Variation der Bedingungen<\/h2>\n<p>Digital Takeover, LTD ist berechtigt, diese Nutzungsbedingungen jederzeit nach eigenem Ermessen zu \u00fcberarbeiten, und es wird von Ihnen erwartet, dass Sie diese Nutzungsbedingungen regelm\u00e4\u00dfig \u00fcberpr\u00fcfen.<\/p>\n<h2>Zuordnung<\/h2>\n<p>Die Digital Takeover, LTD ist berechtigt, ihre Rechte und\/oder Verpflichtungen unter diesen Bedingungen ohne Benachrichtigung zu \u00fcbertragen, abzutreten und zu vergeben. Es ist Ihnen jedoch nicht gestattet, Ihre Rechte und\/oder Pflichten unter diesen Bedingungen abzutreten, zu \u00fcbertragen oder zu vergeben.<\/p>\n<h2>Ganze Vereinbarung<\/h2>\n<p>Diese Bedingungen stellen die gesamte Vereinbarung zwischen Digital Takeover, LTD und Ihnen in Bezug auf Ihre Nutzung dieser Website dar und ersetzen alle vorherigen Vereinbarungen und Absprachen.<\/p>\n<h2>Geltendes Recht &amp; Gerichtsstand<\/h2>\n<p>Diese Bedingungen unterliegen den maltesischen Gesetzen und werden entsprechend ausgelegt. Sie unterwerfen sich der nicht ausschlie\u00dflichen Zust\u00e4ndigkeit der staatlichen und bundesstaatlichen Gerichte in Malta zur Beilegung etwaiger Streitigkeiten.<\/p>\n","protected":false},"excerpt":{"rendered":"<p>Allgemeine Gesch\u00e4ftsbedingungen f\u00fcr Digital Takeover, LTD Einf\u00fchrung Die Website-Standardbedingungen, die auf dieser Webseite ver\u00f6ffentlicht sind, verwalten die Nutzung unserer Website,&#8230;<\/p>\n","protected":false},"author":1,"featured_media":0,"parent":0,"menu_order":0,"comment_status":"closed","ping_status":"closed","template":"templates\/terms-of-use.php","meta":{"footnotes":""},"yoast_head":"<!-- This site is optimized with the Yoast SEO plugin v21.0 - https:\/\/yoast.com\/wordpress\/plugins\/seo\/ -->\n<title>AGB und Haftungsausschluss - Loanstar Deutschland<\/title>\n<meta name=\"robots\" content=\"index, follow, max-snippet:-1, max-image-preview:large, max-video-preview:-1\" \/>\n<link rel=\"canonical\" href=\"https:\/\/loanstar.com\/de\/agb-und-haftungsausschluss\/\" \/>\n<meta property=\"og:locale\" content=\"de_DE\" \/>\n<meta property=\"og:type\" content=\"article\" \/>\n<meta property=\"og:title\" content=\"AGB und Haftungsausschluss - Loanstar Deutschland\" \/>\n<meta property=\"og:description\" content=\"Allgemeine Gesch\u00e4ftsbedingungen f\u00fcr Digital Takeover, LTD Einf\u00fchrung Die Website-Standardbedingungen, die auf dieser Webseite ver\u00f6ffentlicht sind, verwalten die Nutzung unserer Website,...\" \/>\n<meta property=\"og:url\" content=\"https:\/\/loanstar.com\/de\/agb-und-haftungsausschluss\/\" \/>\n<meta property=\"og:site_name\" content=\"Loanstar Deutschland\" \/>\n<meta property=\"article:modified_time\" content=\"2019-06-24T08:53:15+00:00\" \/>\n<meta name=\"twitter:card\" content=\"summary_large_image\" \/>\n<meta name=\"twitter:label1\" content=\"Gesch\u00e4tzte Lesezeit\" \/>\n\t<meta name=\"twitter:data1\" content=\"4\u00a0Minuten\" \/>\n<script type=\"application\/ld+json\" class=\"yoast-schema-graph\">{\"@context\":\"https:\/\/schema.org\",\"@graph\":[{\"@type\":\"WebPage\",\"@id\":\"https:\/\/loanstar.com\/de\/agb-und-haftungsausschluss\/\",\"url\":\"https:\/\/loanstar.com\/de\/agb-und-haftungsausschluss\/\",\"name\":\"AGB und Haftungsausschluss - Loanstar Deutschland\",\"isPartOf\":{\"@id\":\"https:\/\/loanstar.com\/de\/#website\"},\"datePublished\":\"2018-10-24T21:17:36+00:00\",\"dateModified\":\"2019-06-24T08:53:15+00:00\",\"breadcrumb\":{\"@id\":\"https:\/\/loanstar.com\/de\/agb-und-haftungsausschluss\/#breadcrumb\"},\"inLanguage\":\"de\",\"potentialAction\":[{\"@type\":\"ReadAction\",\"target\":[\"https:\/\/loanstar.com\/de\/agb-und-haftungsausschluss\/\"]}]},{\"@type\":\"BreadcrumbList\",\"@id\":\"https:\/\/loanstar.com\/de\/agb-und-haftungsausschluss\/#breadcrumb\",\"itemListElement\":[{\"@type\":\"ListItem\",\"position\":1,\"name\":\"Deutschland\",\"item\":\"https:\/\/loanstar.com\/de\/\"},{\"@type\":\"ListItem\",\"position\":2,\"name\":\"AGB und Haftungsausschluss\"}]},{\"@type\":\"WebSite\",\"@id\":\"https:\/\/loanstar.com\/de\/#website\",\"url\":\"https:\/\/loanstar.com\/de\/\",\"name\":\"Loanstar Deutschland\",\"description\":\"Kredite vergleichen\",\"potentialAction\":[{\"@type\":\"SearchAction\",\"target\":{\"@type\":\"EntryPoint\",\"urlTemplate\":\"https:\/\/loanstar.com\/de\/?s={search_term_string}\"},\"query-input\":\"required name=search_term_string\"}],\"inLanguage\":\"de\"}]}<\/script>\n<!-- \/ Yoast SEO plugin. -->","yoast_head_json":{"title":"AGB und Haftungsausschluss - Loanstar Deutschland","robots":{"index":"index","follow":"follow","max-snippet":"max-snippet:-1","max-image-preview":"max-image-preview:large","max-video-preview":"max-video-preview:-1"},"canonical":"https:\/\/loanstar.com\/de\/agb-und-haftungsausschluss\/","og_locale":"de_DE","og_type":"article","og_title":"AGB und Haftungsausschluss - Loanstar Deutschland","og_description":"Allgemeine Gesch\u00e4ftsbedingungen f\u00fcr Digital Takeover, LTD Einf\u00fchrung Die Website-Standardbedingungen, die auf dieser Webseite ver\u00f6ffentlicht sind, verwalten die Nutzung unserer Website,...","og_url":"https:\/\/loanstar.com\/de\/agb-und-haftungsausschluss\/","og_site_name":"Loanstar Deutschland","article_modified_time":"2019-06-24T08:53:15+00:00","twitter_card":"summary_large_image","twitter_misc":{"Gesch\u00e4tzte Lesezeit":"4\u00a0Minuten"},"schema":{"@context":"https:\/\/schema.org","@graph":[{"@type":"WebPage","@id":"https:\/\/loanstar.com\/de\/agb-und-haftungsausschluss\/","url":"https:\/\/loanstar.com\/de\/agb-und-haftungsausschluss\/","name":"AGB und Haftungsausschluss - Loanstar Deutschland","isPartOf":{"@id":"https:\/\/loanstar.com\/de\/#website"},"datePublished":"2018-10-24T21:17:36+00:00","dateModified":"2019-06-24T08:53:15+00:00","breadcrumb":{"@id":"https:\/\/loanstar.com\/de\/agb-und-haftungsausschluss\/#breadcrumb"},"inLanguage":"de","potentialAction":[{"@type":"ReadAction","target":["https:\/\/loanstar.com\/de\/agb-und-haftungsausschluss\/"]}]},{"@type":"BreadcrumbList","@id":"https:\/\/loanstar.com\/de\/agb-und-haftungsausschluss\/#breadcrumb","itemListElement":[{"@type":"ListItem","position":1,"name":"Deutschland","item":"https:\/\/loanstar.com\/de\/"},{"@type":"ListItem","position":2,"name":"AGB und Haftungsausschluss"}]},{"@type":"WebSite","@id":"https:\/\/loanstar.com\/de\/#website","url":"https:\/\/loanstar.com\/de\/","name":"Loanstar Deutschland","description":"Kredite vergleichen","potentialAction":[{"@type":"SearchAction","target":{"@type":"EntryPoint","urlTemplate":"https:\/\/loanstar.com\/de\/?s={search_term_string}"},"query-input":"required name=search_term_string"}],"inLanguage":"de"}]}},"_links":{"self":[{"href":"https:\/\/loanstar.com\/de\/wp-json\/wp\/v2\/pages\/193"}],"collection":[{"href":"https:\/\/loanstar.com\/de\/wp-json\/wp\/v2\/pages"}],"about":[{"href":"https:\/\/loanstar.com\/de\/wp-json\/wp\/v2\/types\/page"}],"author":[{"embeddable":true,"href":"https:\/\/loanstar.com\/de\/wp-json\/wp\/v2\/users\/1"}],"replies":[{"embeddable":true,"href":"https:\/\/loanstar.com\/de\/wp-json\/wp\/v2\/comments?post=193"}],"version-history":[{"count":2,"href":"https:\/\/loanstar.com\/de\/wp-json\/wp\/v2\/pages\/193\/revisions"}],"predecessor-version":[{"id":329,"href":"https:\/\/loanstar.com\/de\/wp-json\/wp\/v2\/pages\/193\/revisions\/329"}],"wp:attachment":[{"href":"https:\/\/loanstar.com\/de\/wp-json\/wp\/v2\/media?parent=193"}],"curies":[{"name":"wp","href":"https:\/\/api.w.org\/{rel}","templated":true}]}}