{"id":189,"date":"2018-10-04T19:24:26","date_gmt":"2018-10-04T19:24:26","guid":{"rendered":"http:\/\/loanstar.com\/de\/?page_id=189"},"modified":"2019-07-07T12:43:22","modified_gmt":"2019-07-07T10:43:22","slug":"4000-euro-kredit","status":"publish","type":"page","link":"https:\/\/loanstar.com\/de\/kredite\/4000-euro-kredit\/","title":{"rendered":"4.000-Euro-Kredit"},"content":{"rendered":"<h2>Der 4.000-Euro-Kredit: Mit dem Darlehen W\u00fcnsche erf\u00fcllen<\/h2>\n<p>Tr\u00e4umen auch Sie davon, endlich Ihre Wohnung renovieren zu k\u00f6nnen? Oder vielleicht davon, eine gro\u00dfe Reise in ein exotisches Land anzutreten? Vielleicht ist ja genau jetzt der richtige Zeitpunkt gekommen, um sich W\u00fcnsche wie diese mit einem 4.000 Euro Kredit zu erf\u00fcllen. Oder wird vielleicht doch eher eine neue, gr\u00f6\u00dfere Anschaffung n\u00f6tig, bei der Sie finanzielle Unterst\u00fctzung gebrauchen k\u00f6nnen? Auch dann kann ein solcher Kredit helfen.<br \/>\nDer Betrag von 4,000 Euro bietet Ihnen gute M\u00f6glichkeiten, sich zum Beispiel einen tollen Gebrauchtwagen oder neue elektronische Ger\u00e4te f\u00fcr den Haushalt anzuschaffen.<\/p>\n<p>Ganz egal, wof\u00fcr Sie einen Kredit ben\u00f6tigen, von uns erhalten Sie Tipps und Tricks, wie Sie am besten vorgehen sollten, um Ihren 4.000 Euro Kredit inklusive g\u00fcnstiger Konditionen schon bald auf Ihrem Konto sehen zu k\u00f6nnen. Bei uns haben Sie die M\u00f6glichkeit, eine Vielzahl von Anbietern und Krediten zu vergleichen. So k\u00f6nnen sie garantiert das beste Angebot f\u00fcr Ihre Anspr\u00fcche finden.<\/p>\n<h2>Welche Kreditarten kommen in Frage?<\/h2>\n<p>Sollten Sie auf der Suche nach einem Kredit in H\u00f6he von 4.000 Euro sein, stehen Ihnen eine ganze Reihe an Finanzierungsm\u00f6glichkeiten zur Auswahl. Vom Kleinkredit zum Privatkredit, vom Ratenkredit bis hin zum Firmenkredit. Doch nicht alle Kreditformen kommen bei diesem Betrag in Frage. So scheidet etwa beispielsweise der Minikredit aus, der in der Regel maximal bis zu einer H\u00f6he von 1.500 Euro erfolgreich beantragt werden kann. Nachfolgend m\u00f6chten wir Ihnen s\u00e4mtliche m\u00f6gliche Kreditarten f\u00fcr Ihren 4.000 Euro Kredit n\u00e4her vorstellen.<\/p>\n<h3>Kleinkredit: Schnellstm\u00f6gliche Finanzierung<\/h3>\n<p>Ein Kleinkredit wird oft als schnelle \u00dcberbr\u00fcckung bei finanziellen Engp\u00e4ssen genutzt. Der Vorteil daran ist, dass ein Kleinkredit schon ab nur 500 Euro vergeben wird. Auch die Auszahlung kann innerhalb k\u00fcrzester Zeit erfolgen. Mit einer solch niedrigen Kreditsumme kann die Bank allerdings kaum Gewinn machen, weshalb sie die Zinsen f\u00fcr diese Kreditart im Normalfall h\u00f6her ansetzt, als bei h\u00f6heren Kreditsummen. Ein Kleinkredit hat dar\u00fcber hinaus genau wie ein <a href=\"http:\/\/loanstar.com\/de\/kredite\/minikredit\/\">Minikredit<\/a> eine sehr kurze Laufzeit von meist nur wenigen Monaten.<\/p>\n<h3>Privatkredit: Die g\u00fcnstige L\u00f6sung<\/h3>\n<p>Der Privatkredit bietet Ihnen als Kreditnehmer eine besonders weite finanzielle Spanne und daher viele flexible M\u00f6glichkeiten. Je nach Anbieter k\u00f6nnen Sie eine Kreditsumme zwischen 1.000 und 50.000 Euro w\u00e4hlen. Die Kosten f\u00fcr Privatkredite sind in der Regel von der Bonit\u00e4t, sowie der gew\u00fcnschten Laufzeit abh\u00e4ngig. Aus diesem Grund kann nicht von vornherein ein fester Zinssatz angegeben werden. Grunds\u00e4tzlich haben Sie allerdings recht gute Chancen, einen Privatkredit mit g\u00fcnstigen Konditionen zu finden, da der Wettbewerb unter den Anbietern gro\u00df ist.<\/p>\n<h3>Firmenkredit: Ideal f\u00fcr Selbstst\u00e4ndige und Kleinunternehmer<\/h3>\n<p>Sind Sie selbstst\u00e4ndig oder Kleinunternehmer? M\u00f6chten eine notwendige Investition t\u00e4tigen oder eine gr\u00f6\u00dfere offene Zahlung nicht l\u00e4nger aufschieben? Dann haben Sie die M\u00f6glichkeit, von einem sogenannten Firmenkredit zu profitieren. Viele Anbieter haben sich auf die Finanzierung kleiner Unternehmen spezialisiert. Das ist kein Wunder, denn es besteht h\u00e4ufig Bedarf. Die positive Folge davon: Aufgrund des vielf\u00e4ltigen Angebots bieten sich zum Teil \u00e4u\u00dferst g\u00fcnstige Konditionen.<br \/>\nEinen 4.000 Euro Kredit k\u00f6nnen Sie hervorragend nutzen, um etwa in Ihre Selbstst\u00e4ndigkeit zu starten, oder um Mittel zu finanzieren, die Ihnen erm\u00f6glichen, an einer neuen Marketingstrategie zu arbeiten. Die Zinsen fallen dabei h\u00e4ufig so niedrig aus, dass man fast von einem geschenkten Kredit sprechen kann.<\/p>\n<h3>Ratenkredit: Flexible M\u00f6glichkeiten<\/h3>\n<p>Eine weitere interessante Variante f\u00fcr einen 4.000 Euro Kredit ist der Ratenkredit. Ratenkredite k\u00f6nnen Sie in der Regel schon ab einer Kreditsumme von nur 1.000 Euro erhalten. Die Obergrenze liegt oft bei etwa 50.000 Euro. Die meisten Anbieter fordern f\u00fcr einen Ratenkredit einen festen Zinssatz, der in g\u00fcnstigen F\u00e4llen bereits bei etwa 3% starten kann. Dieser Zinssatz zieht sich \u00fcber die gesamte Laufzeit des Kredits. Das Spannende an einem Ratenkredit ist, dass diese Laufzeit flexibel und individuell festgelegt werden kann. Es k\u00f6nnen maximal Laufzeiten von 84 Monaten gew\u00e4hlt werden.<\/p>\n<h2>4.000-Euro-Kredit ohne Schufa-Auskunft<\/h2>\n<p>Kredite unter 10.000 Euro k\u00f6nnen Sie bei vielen Anbietern sogar ohne die Auskunft bei der Schufa erhalten. Vor allem ausl\u00e4ndische Banken haben Verst\u00e4ndnis daf\u00fcr, dass ein negativer Eintrag aufgrund eines Zahlungsverzugs nicht gleich bedeuten muss, dass Sie einen Kredit geringer H\u00f6he nicht zur\u00fcckzahlen k\u00f6nnen. Ein Kredit ohne Schufa bedeutet gleichzeitig allerdings auch, dass die Konditionen oftmals schlechter ausfallen. So liegt der Zinssatz meist h\u00f6her. Sie sollten daher damit rechnen, dass Sie, wenn Sie Ihren Schufa-Score nicht preisgeben m\u00f6chten, mehr Geld aufwenden m\u00fcssen.<\/p>\n<h2>Kredit abgelehnt? Diese Alternativen stehen Ihnen offen<\/h2>\n<p>Haben Sie gerade erst einen Antrag f\u00fcr einen 4.000 Euro Kredit gestellt, aber leider eine Absage erhalten? Ihre finanzielle Situation muss deshalb noch nicht gleich den Bach heruntergehen.\u00a0 Sie brauchen diesen einen Wunsch, den Sie sich unbedingt erf\u00fcllen m\u00f6chten, noch lange nicht aufzugeben. Denn es gibt eine Reihe alternativer M\u00f6glichkeiten, auch nach einer Absage noch einen Kredit zu erhalten. So haben Sie etwa die M\u00f6glichkeit:<\/p>\n<ul>\n<li>eine Anfrage bei einer <strong>ausl\u00e4ndischen Bank<\/strong> zu stellen, da die Bedingungen hier meist niedriger angesetzt sind<\/li>\n<li>oder einen sogenannten <strong>P2P-Anbieter<\/strong> zu testen, wobei es sich um eine alternative Finanzierung durch private Anleger handelt.<\/li>\n<\/ul>\n<p>Generell spielt Ihre Bonit\u00e4t bei einem Kredit nat\u00fcrlich eine wichtige Rolle. Wie schon erw\u00e4hnt, k\u00f6nnen Sie auch mit niedriger Bonit\u00e4t finanzielle Unterst\u00fctzung erhalten. Ihre Bedingungen verschlechtern sich allerdings bei niedriger Bonit\u00e4t.<\/p>\n<p>Der Grund f\u00fcr die Ablehnung eines Kredits ist nicht selten eine zu schlechte Bonit\u00e4t. Viele Banken setzen au\u00dferdem voraus, dass Sie ein regelm\u00e4\u00dfiges Einkommen nachweisen k\u00f6nnen. Denn dies verringert das Risiko des Kreditgebers.<\/p>\n<h2>Wir helfen Ihnen, den passenden 4.000 Euro Kredit zu finden<\/h2>\n<p>Sind Sie aufgrund des gro\u00dfen Angebots \u00fcberfordert oder m\u00f6chten einfach keine Zeit verlieren, schnell an einen g\u00fcnstigen Kredit zu gelangen? Dann stehen wir Ihnen mit gutem Rat und unserem kostenlosen <a href=\"http:\/\/loanstar.com\/de\/kredite\/\">Kreditvergleich<\/a> gern zur Seite. Geben Sie bei uns ganz einfach an, welche Kreditsumme Sie ben\u00f6tigen und welche Laufzeit Sie sich vorstellen k\u00f6nnen. Dar\u00fcber hinaus k\u00f6nnen Sie nach folgenden Kriterien filtern:<\/p>\n<ul>\n<li><strong>Privatkredit trotz Schufa<\/strong><\/li>\n<li><strong>Kredit mit m\u00e4\u00dfiger Bonit\u00e4t<\/strong><\/li>\n<li><strong>Keine Kreditvermittler<\/strong><\/li>\n<li><strong>Bevorzugte Anbieter ausw\u00e4hlen<\/strong><\/li>\n<\/ul>\n<p>Anschlie\u00dfend schlagen wir Ihnen eine Auswahl passender Kreditanbieter vor, zu denen wir s\u00e4mtliche Informationen f\u00fcr Sie zusammengestellt haben. So k\u00f6nnen Sie sich vorab gut informieren.<\/p>\n<p>Bevor Sie mit Ihrem Kreditantrag fortfahren, sollten Sie sich auch die Kundenrezensionen ansehen. Sie k\u00f6nnen diese ebenfalls bei uns finden. Wir legen gro\u00dfen Wert darauf, dass Sie Erfahrungen aus erster Hand erhalten. Die genauen Bedingungen sowie die Umsetzung eines Anbieters k\u00f6nnen schlie\u00dflich erst dann bewertet werden, wenn das Produkt in der Praxis getestet worden ist.<\/p>\n<p>Wenn Sie erst einmal einen wirklich guten 4.000 Euro Kredit gefunden haben, wird der weitere Weg bis zur Auszahlung f\u00fcr Sie sicher ein Kinderspiel sein. Antr\u00e4ge k\u00f6nnen heute praktisch online ausgef\u00fcllt werden. Teilweise kann man Kredite sogar komplett papierlos abschlie\u00dfen. Dank des Video-Ident Verfahrens und der M\u00f6glichkeit, eine digitale Unterschrift zu leisten, k\u00f6nnen Sie alle wichtigen Schritte online ausf\u00fchren und sich den Weg zur n\u00e4chsten Postfiliale wahrscheinlich sogar sparen.<\/p>\n<p>Wir w\u00fcnschen viel Erfolg beim Beantragen Ihres 4.000 Euro Kredites! Falls sie weniger Geld ben\u00f6tigen, k\u00f6nnen Sie auch einen <a href=\"http:\/\/loanstar.com\/de\/kredite\/minikredit\/\">Minikredit<\/a> beantragen.<\/p>\n","protected":false},"excerpt":{"rendered":"<p>Der 4.000-Euro-Kredit: Mit dem Darlehen W\u00fcnsche erf\u00fcllen Tr\u00e4umen auch Sie davon, endlich Ihre Wohnung renovieren zu k\u00f6nnen? Oder vielleicht davon,&#8230;<\/p>\n","protected":false},"author":1,"featured_media":0,"parent":9,"menu_order":0,"comment_status":"closed","ping_status":"closed","template":"templates\/calculator-follow-up.php","meta":{"footnotes":""},"yoast_head":"<!-- This site is optimized with the Yoast SEO plugin v21.0 - https:\/\/yoast.com\/wordpress\/plugins\/seo\/ -->\n<title>4.000-Euro-Kredit - die besten Varianten mit LoanStar<\/title>\n<meta name=\"description\" content=\"Einen 4.000-Euro-Kredit gibt es in vielen Varianten. Vom Kleinkredit zum Privatkredit bis hin zum Firmenkredit. Vergleichen Sie hier ein Reihe von Angeboten.\" \/>\n<meta name=\"robots\" content=\"index, follow, max-snippet:-1, max-image-preview:large, max-video-preview:-1\" \/>\n<link rel=\"canonical\" href=\"https:\/\/loanstar.com\/de\/kredite\/4000-euro-kredit\/\" \/>\n<meta property=\"og:locale\" content=\"de_DE\" \/>\n<meta property=\"og:type\" content=\"article\" \/>\n<meta property=\"og:title\" content=\"4.000-Euro-Kredit - die besten Varianten mit LoanStar\" \/>\n<meta property=\"og:description\" content=\"Einen 4.000-Euro-Kredit gibt es in vielen Varianten. Vom Kleinkredit zum Privatkredit bis hin zum Firmenkredit. Vergleichen Sie hier ein Reihe von Angeboten.\" \/>\n<meta property=\"og:url\" content=\"https:\/\/loanstar.com\/de\/kredite\/4000-euro-kredit\/\" \/>\n<meta property=\"og:site_name\" content=\"Loanstar Deutschland\" \/>\n<meta property=\"article:modified_time\" content=\"2019-07-07T10:43:22+00:00\" \/>\n<meta name=\"twitter:card\" content=\"summary_large_image\" \/>\n<meta name=\"twitter:label1\" content=\"Gesch\u00e4tzte Lesezeit\" \/>\n\t<meta name=\"twitter:data1\" content=\"6\u00a0Minuten\" \/>\n<script type=\"application\/ld+json\" class=\"yoast-schema-graph\">{\"@context\":\"https:\/\/schema.org\",\"@graph\":[{\"@type\":\"WebPage\",\"@id\":\"https:\/\/loanstar.com\/de\/kredite\/4000-euro-kredit\/\",\"url\":\"https:\/\/loanstar.com\/de\/kredite\/4000-euro-kredit\/\",\"name\":\"4.000-Euro-Kredit - die besten Varianten mit LoanStar\",\"isPartOf\":{\"@id\":\"https:\/\/loanstar.com\/de\/#website\"},\"datePublished\":\"2018-10-04T19:24:26+00:00\",\"dateModified\":\"2019-07-07T10:43:22+00:00\",\"description\":\"Einen 4.000-Euro-Kredit gibt es in vielen Varianten. Vom Kleinkredit zum Privatkredit bis hin zum Firmenkredit. Vergleichen Sie hier ein Reihe von Angeboten.\",\"breadcrumb\":{\"@id\":\"https:\/\/loanstar.com\/de\/kredite\/4000-euro-kredit\/#breadcrumb\"},\"inLanguage\":\"de\",\"potentialAction\":[{\"@type\":\"ReadAction\",\"target\":[\"https:\/\/loanstar.com\/de\/kredite\/4000-euro-kredit\/\"]}]},{\"@type\":\"BreadcrumbList\",\"@id\":\"https:\/\/loanstar.com\/de\/kredite\/4000-euro-kredit\/#breadcrumb\",\"itemListElement\":[{\"@type\":\"ListItem\",\"position\":1,\"name\":\"Deutschland\",\"item\":\"https:\/\/loanstar.com\/de\/\"},{\"@type\":\"ListItem\",\"position\":2,\"name\":\"Kredite online finden\",\"item\":\"https:\/\/loanstar.com\/de\/kredite\/\"},{\"@type\":\"ListItem\",\"position\":3,\"name\":\"4.000-Euro-Kredit\"}]},{\"@type\":\"WebSite\",\"@id\":\"https:\/\/loanstar.com\/de\/#website\",\"url\":\"https:\/\/loanstar.com\/de\/\",\"name\":\"Loanstar Deutschland\",\"description\":\"Kredite vergleichen\",\"potentialAction\":[{\"@type\":\"SearchAction\",\"target\":{\"@type\":\"EntryPoint\",\"urlTemplate\":\"https:\/\/loanstar.com\/de\/?s={search_term_string}\"},\"query-input\":\"required name=search_term_string\"}],\"inLanguage\":\"de\"}]}<\/script>\n<!-- \/ Yoast SEO plugin. -->","yoast_head_json":{"title":"4.000-Euro-Kredit - die besten Varianten mit LoanStar","description":"Einen 4.000-Euro-Kredit gibt es in vielen Varianten. Vom Kleinkredit zum Privatkredit bis hin zum Firmenkredit. Vergleichen Sie hier ein Reihe von Angeboten.","robots":{"index":"index","follow":"follow","max-snippet":"max-snippet:-1","max-image-preview":"max-image-preview:large","max-video-preview":"max-video-preview:-1"},"canonical":"https:\/\/loanstar.com\/de\/kredite\/4000-euro-kredit\/","og_locale":"de_DE","og_type":"article","og_title":"4.000-Euro-Kredit - die besten Varianten mit LoanStar","og_description":"Einen 4.000-Euro-Kredit gibt es in vielen Varianten. Vom Kleinkredit zum Privatkredit bis hin zum Firmenkredit. Vergleichen Sie hier ein Reihe von Angeboten.","og_url":"https:\/\/loanstar.com\/de\/kredite\/4000-euro-kredit\/","og_site_name":"Loanstar Deutschland","article_modified_time":"2019-07-07T10:43:22+00:00","twitter_card":"summary_large_image","twitter_misc":{"Gesch\u00e4tzte Lesezeit":"6\u00a0Minuten"},"schema":{"@context":"https:\/\/schema.org","@graph":[{"@type":"WebPage","@id":"https:\/\/loanstar.com\/de\/kredite\/4000-euro-kredit\/","url":"https:\/\/loanstar.com\/de\/kredite\/4000-euro-kredit\/","name":"4.000-Euro-Kredit - die besten Varianten mit LoanStar","isPartOf":{"@id":"https:\/\/loanstar.com\/de\/#website"},"datePublished":"2018-10-04T19:24:26+00:00","dateModified":"2019-07-07T10:43:22+00:00","description":"Einen 4.000-Euro-Kredit gibt es in vielen Varianten. Vom Kleinkredit zum Privatkredit bis hin zum Firmenkredit. Vergleichen Sie hier ein Reihe von Angeboten.","breadcrumb":{"@id":"https:\/\/loanstar.com\/de\/kredite\/4000-euro-kredit\/#breadcrumb"},"inLanguage":"de","potentialAction":[{"@type":"ReadAction","target":["https:\/\/loanstar.com\/de\/kredite\/4000-euro-kredit\/"]}]},{"@type":"BreadcrumbList","@id":"https:\/\/loanstar.com\/de\/kredite\/4000-euro-kredit\/#breadcrumb","itemListElement":[{"@type":"ListItem","position":1,"name":"Deutschland","item":"https:\/\/loanstar.com\/de\/"},{"@type":"ListItem","position":2,"name":"Kredite online finden","item":"https:\/\/loanstar.com\/de\/kredite\/"},{"@type":"ListItem","position":3,"name":"4.000-Euro-Kredit"}]},{"@type":"WebSite","@id":"https:\/\/loanstar.com\/de\/#website","url":"https:\/\/loanstar.com\/de\/","name":"Loanstar Deutschland","description":"Kredite vergleichen","potentialAction":[{"@type":"SearchAction","target":{"@type":"EntryPoint","urlTemplate":"https:\/\/loanstar.com\/de\/?s={search_term_string}"},"query-input":"required name=search_term_string"}],"inLanguage":"de"}]}},"_links":{"self":[{"href":"https:\/\/loanstar.com\/de\/wp-json\/wp\/v2\/pages\/189"}],"collection":[{"href":"https:\/\/loanstar.com\/de\/wp-json\/wp\/v2\/pages"}],"about":[{"href":"https:\/\/loanstar.com\/de\/wp-json\/wp\/v2\/types\/page"}],"author":[{"embeddable":true,"href":"https:\/\/loanstar.com\/de\/wp-json\/wp\/v2\/users\/1"}],"replies":[{"embeddable":true,"href":"https:\/\/loanstar.com\/de\/wp-json\/wp\/v2\/comments?post=189"}],"version-history":[{"count":3,"href":"https:\/\/loanstar.com\/de\/wp-json\/wp\/v2\/pages\/189\/revisions"}],"predecessor-version":[{"id":311,"href":"https:\/\/loanstar.com\/de\/wp-json\/wp\/v2\/pages\/189\/revisions\/311"}],"up":[{"embeddable":true,"href":"https:\/\/loanstar.com\/de\/wp-json\/wp\/v2\/pages\/9"}],"wp:attachment":[{"href":"https:\/\/loanstar.com\/de\/wp-json\/wp\/v2\/media?parent=189"}],"curies":[{"name":"wp","href":"https:\/\/api.w.org\/{rel}","templated":true}]}}