{"id":187,"date":"2018-10-04T19:23:06","date_gmt":"2018-10-04T19:23:06","guid":{"rendered":"http:\/\/loanstar.com\/de\/?page_id=187"},"modified":"2019-07-07T12:55:44","modified_gmt":"2019-07-07T10:55:44","slug":"3000-euro-kredit","status":"publish","type":"page","link":"https:\/\/loanstar.com\/de\/kredite\/3000-euro-kredit\/","title":{"rendered":"3.000-Euro-Kredit"},"content":{"rendered":"<h2>Schnell und g\u00fcnstig zum 3.000-Euro-Kredit<\/h2>\n<p>Sie haben schon seit l\u00e4nger Zeit die Idee, einen 3.000-Euro-Kredit aufzunehmen, anstatt Ihr Konto zu \u00fcberziehen? Dann haben Sie richtig nachgedacht, denn diese Summe deckt viele Verwendungszwecke f\u00fcr Kredite ab. Ein Kredit hat zudem meist g\u00fcnstigere Konditionen im Vergleich zum Dispo-Rahmen. Hier finden Sie alle f\u00fcr Sie wichtigen Informationen, um \u00fcber diese Art von Darlehen genau Bescheid zu wissen.<\/p>\n<h2>Kurzfristiger finanzieller Engpass?<\/h2>\n<p>Oft entstehen unangenehme Situationen zum denkbar ung\u00fcnstigsten Zeitpunkt. Nicht selten kommt es dann auch noch zu mehreren Unannehmlichkeiten auf einmal. Die neue K\u00fcche ist beispielsweise gerade erst eingerichtet worden, und schon bleibt der PKW auf dem Weg zur Arbeit liegen. Und dann stellt sich auch noch heraus, dass die Reparatur des Wagens heftige 3.000 Euro kosten wird&#8230;<br \/>\nWer in einer solchen Situation seinen fahrbaren Untersatz jeden Tag f\u00fcr den Weg zur Arbeit ben\u00f6tigt, hat kaum eine andere Wahl, als den Wagen schnellstm\u00f6glich reparieren zu lassen. Ist man dann gerade nicht liquide und hat auch keine M\u00f6glichkeit, sich von jemandem Geld zu leihen, ist die Aufnahme eines Kleinkredits oftmals unumg\u00e4nglich.<\/p>\n<p><a href=\"http:\/\/loanstar.com\/de\/kredite\/minikredit\/\">Kleinkredite<\/a> wie der 3.000-Euro-Kredit sind meist nicht an einen bestimmten Zweck gebunden, wie beispielsweise <a href=\"http:\/\/loanstar.com\/de\/kredite\/autokredit\/\">Autokredite<\/a> oder <a href=\"http:\/\/loanstar.com\/de\/kredite\/hypothekendarlehen\/\">Hypotheken<\/a>. So kann ein solches Darlehen Ihnen nicht nur\u00a0 bei der Bew\u00e4ltigung unangenehmer Situationen helfen, sondern ist auch f\u00fcr die Erf\u00fcllung von lang gehegten W\u00fcnschen perfekt geeignet. Tr\u00e4umen Sie schon seit Ihrer Teenager-Zeit von einer Rundreise durch die USA oder durch Australien? Oder w\u00e4re genau dieser eine Smart-TV absolut perfekt f\u00fcr Sie? All das ist mit einem 3.000-Euro-Kredit problemlos m\u00f6glich.<\/p>\n<h2>Was kann man sich mit einem 3.000-Euro-Kredit leisten?<\/h2>\n<p>Wie bereits erw\u00e4hnt, kann ein solcher Kleinkredit bereits viele Probleme l\u00f6sen und W\u00fcnsche erf\u00fcllen. Im Folgenden listen wir Ihnen die h\u00e4ufigsten Verwendungszwecke von 3.000-Euro-Krediten auf:<\/p>\n<ul>\n<li>Die Renovierung der Wohnung und Reparaturen rund um Ihre Immobilie<\/li>\n<li>Kauf eines Gebrauchtwagens<\/li>\n<li>Selbst\u00e4ndigkeit beginnen oder erweitern, wie etwa durch die Anschaffung einer kleinen Werkstatt<\/li>\n<li>Ein Semester im Ausland studieren<\/li>\n<li>Verwirklichung einer Reise<\/li>\n<li>Schulungen, Workshops oder Kurse<\/li>\n<li>Begleichen von alten Krediten, Kreditkartenschulden oder \u00fcberzogenen Dispos (achten Sie hierbei aber darauf, dass Sie im Nachhinein bessere Konditionen haben als vorher)<\/li>\n<\/ul>\n<h2>Finanzielle Verpflichtungen ernstnehmen<\/h2>\n<p>Egal in welcher H\u00f6he Sie einen Kredit beantragen: Vergessen Sie auch bei noch so klein wirkenden Betr\u00e4gen niemals, dass auch ein kleiner Kredit Schulden mit sich bringt. Diese gilt es um jeden Preis zu tilgen, und zwar so schnell wie m\u00f6glich. Bei einem Kredit von 3.000 Euro betr\u00e4gt die Laufzeit oftmals nicht mehr als einige Monate. Tappen Sie nicht in die Falle und vermeiden Sie es unbedingt, einen Schuldenberg anzuh\u00e4ufen. Dies kann n\u00e4mlich manchmal schneller geschehen, als man denkt.<br \/>\nAus diesem Grund m\u00f6chten wir Ihnen Folgendes ans Herz legen: \u00dcberlegen Sie sich lieber zweimal, ob Sie sich wirklich materielle W\u00fcnsche mit einem 3.000-Euro-Kredit erf\u00fcllen m\u00f6chten. Fragen Sie sich, ob die neueste PlayStation nicht besser doch noch warten kann, bis Sie Ihr Weihnachtsgeld erhalten haben. In einer Notsituation ist ein 3.000-Euro-Kredit selbstverst\u00e4ndlich fast immer ein guter Grund.<\/p>\n<h2>Wer kann einen 3.000-Euro-Kredit aufnehmen?<\/h2>\n<p>In der Regel ist jeder vollj\u00e4hrige B\u00fcrger mit Wohnsitz in Deutschland zur Aufnahme eines Kredits berechtigt. Allerdings ist ein regelm\u00e4\u00dfiger Geldeingang bei vielen Instituten Voraussetzung f\u00fcr einen Kredit. Das Einkommen von angestellten Personen ist am ehesten nachweisbar und wird von Banken daher sehr gern gesehen. Ein bevorzugtes Szenario der Banken ist, dass Sie schon sechs bis zw\u00f6lf Monate aus der Probezeit heraus sind, und ein unbefristetes Arbeitsverh\u00e4ltnis mit Ihrem Arbeitgeber nachweisen k\u00f6nnen.<\/p>\n<p>Die Frage, ob das Darlehen auch bewilligt wird, ist aber letztlich auch eine Sache der Bonit\u00e4t des potentiellen Kreditnehmers. Denn ob Sie es glauben oder nicht: Auch bei einer so niedrigen Summe wie 3.000 Euro ist die Kreditw\u00fcrdigkeit eine wichtige Voraussetzung. Die Bonit\u00e4t berechnet man dabei aus dem regelm\u00e4\u00dfigen Einkommen sowie den laufenden Verpflichtungen.<\/p>\n<h3>Was z\u00e4hlt, ist die Bonit\u00e4t<\/h3>\n<p>Wenn Ihre Wunschbank Ihren Sitz in Deutschland hat, wird Sie sich grunds\u00e4tzlich immer bei der Schufa nach Ihrer Bonit\u00e4t erkundigen. Letztendlich m\u00f6chte der Kreditgeber ausschlie\u00dfen, dass Sie wom\u00f6glich in Zahlungsnot geraten. Verleiht die Schufa ihnen einen niedrigen Schufa-Score, ist eine Ablehnung des Kredits seitens der Bank wahrscheinlich.<\/p>\n<p>Es gibt aber sehr wohl Banken, die Ihnen auch bei einem mittleren Schufa-Score einen Kleinkredit bewilligen. Falls gar nichts mehr geht, k\u00f6nnen Sie immer noch auf ausl\u00e4ndische Banken, die wir ebenso in unserem <a href=\"http:\/\/loanstar.com\/de\/kredite\/\">Kreditrechner<\/a> f\u00fchren, umsteigen. Bei solchen ausl\u00e4ndischen Banken wird Ihr Schufa-Score nicht gepr\u00fcft (es gibt jedoch andere zu erf\u00fcllende Kriterien).<\/p>\n<h2>Ihre detaillierte Anleitung zum 3.000-Euro-Kredit<\/h2>\n<p>Ihr Darlehen ist schon greifbar, aber die letzten Schritte verwirren Sie etwas und Sie wissen nicht, womit Sie anfangen sollen? Wir helfen Ihnen gern mit unserer Schritt-f\u00fcr-Schritt-Anleitung weiter:<\/p>\n<ol>\n<li><strong>Haushaltsrechnung:<\/strong> Ein absolutes Muss, denn es ist wichtig zu wissen, wieviel Geld Ihnen monatlich nach Abzug Ihrer Verpflichtungen \u00fcbrig bleiben wird.<\/li>\n<li><strong>Preisvergleich:<\/strong> Hier kommen wir ins Spiel. Nutzen Sie den dynamischen Kreditvergleich von LoanStar, um noch heute an den f\u00fcr Sie optimalen 3.000-Euro-Kredit zu kommen. Im Vergleich finden Sie neben nationalen Banken auch ausl\u00e4ndische Kreditgeber sowie sogenannte Peer-to-Peer-Unternehmen.<\/li>\n<li><strong>Wahl des Anbieters und Ausf\u00fcllen des Kreditantrags:<\/strong> Lesen Sie sich alle Details genau durch und w\u00e4hlen Sie Ihren Favoriten gewissenhaft. Im Anschluss teilen Sie im Kreditantragsformular einige Details zu Ihrer Person mit.<\/li>\n<li><strong>Pr\u00fcfung Ihrer Kreditw\u00fcrdigkeit:<\/strong> Haben Sie das Formular abgesandt, pr\u00fcft die Bank Ihre Bonit\u00e4t.<\/li>\n<li><strong>Legitimation:<\/strong> Online oder \u00fcber das ein wenig veraltete PostIdent-Verfahren best\u00e4tigen Sie Ihre Identit\u00e4t.<\/li>\n<li><strong>Genehmigung und Auszahlung:<\/strong> Sind alle vorherigen Schritte getan und die Bank nach Legitimation und Bonit\u00e4tspr\u00fcfung nicht abgesprungen, wird der gew\u00fcnschte Geldbetrag binnen weniger Tage Ihrem Girokonto gutgeschrieben.<\/li>\n<\/ol>\n<h2>Sonderfall Auszubildende und Studenten<\/h2>\n<p>Azubis und Studenten werden der Gruppe der Geringverdiener zugerechnet. Trotzdem m\u00f6chten diese Personen, die sich \u201cin der Bl\u00fcte ihres Lebens\u201d befinden, es sich auch einmal gut gehen lassen. Hierf\u00fcr ist ein Darlehen mit geringem Betrag perfekt geeignet. Hat man aber keine Sicherheiten vorzuweisen, stehen die Chancen auf einen Kredit meist eher schlecht. Eine gute M\u00f6glichkeit f\u00fcr diese Gruppe ist die Zusammenarbeit mit Eltern oder anderen Verwandten. Wenn der Kredit gemeinsam beantragt wird, sieht es gleich ganz anders aus, da das Kreditausfallrisiko durch die Haftung der Eltern oder Verwandten deutlich sinkt.<\/p>\n<h2>Mit unserem <a href=\"http:\/\/loanstar.com\/de\/kredite\/\">Kreditvergleich<\/a> die g\u00fcnstigsten Konditionen schnappen<\/h2>\n<p>Kredite zu vergleichen lohnt sich im Grunde immer. Wie viele Kreditgeber k\u00f6nnen Sie schon auf Anhieb nennen? Oder glauben Sie immer noch, der g\u00fcnstigste 3.000-Euro-Kredit ist auf jeden Fall bei Ihrer Hausbank zu bekommen? Probieren geht \u00fcber studieren! Legen Sie gleich los und verschaffen Sie sich einen aktuellen \u00dcberblick \u00fcber die g\u00e4ngigen Konditionen am Kreditmarkt und dar\u00fcber, wer gerade die Nase vorn in in Sachen Niedrigzinsen hat. Unser LoanStar Kreditvergleich wird Sie nicht entt\u00e4uschen. Machen Sie dar\u00fcber hinaus gern Gebrauch von unserer Auflistung an Kundenrezensionen. Diese werden Ihnen bei Ihrer Entscheidung sicherlich behilflich sein.<\/p>\n<p>Sind Sie der Meinung, mit 3.000 Eurowerden Sie nicht auskommen? Dann beantragen Sie doch einen <a href=\"http:\/\/loanstar.com\/de\/kredite\/4000-euro-kredit\/\">Kredit \u00fcber 4.000 Euro<\/a>.<\/p>\n","protected":false},"excerpt":{"rendered":"<p>Schnell und g\u00fcnstig zum 3.000-Euro-Kredit Sie haben schon seit l\u00e4nger Zeit die Idee, einen 3.000-Euro-Kredit aufzunehmen, anstatt Ihr Konto zu&#8230;<\/p>\n","protected":false},"author":1,"featured_media":0,"parent":9,"menu_order":0,"comment_status":"closed","ping_status":"closed","template":"templates\/calculator-follow-up.php","meta":{"footnotes":""},"yoast_head":"<!-- This site is optimized with the Yoast SEO plugin v21.0 - https:\/\/yoast.com\/wordpress\/plugins\/seo\/ -->\n<title>3.000-Euro-Kredit - Beste Konditionen finden mit LoanStar<\/title>\n<meta name=\"description\" content=\"Der Kreditvergleich von LoanStar zeigt Ihnen, bei welchen Anbietern Sie einen 3.000-EuroKredit erhalten, und wo die Konditionen am g\u00fcnstigsten sind.\" \/>\n<meta name=\"robots\" content=\"index, follow, max-snippet:-1, max-image-preview:large, max-video-preview:-1\" \/>\n<link rel=\"canonical\" href=\"https:\/\/loanstar.com\/de\/kredite\/3000-euro-kredit\/\" \/>\n<meta property=\"og:locale\" content=\"de_DE\" \/>\n<meta property=\"og:type\" content=\"article\" \/>\n<meta property=\"og:title\" content=\"3.000-Euro-Kredit - Beste Konditionen finden mit LoanStar\" \/>\n<meta property=\"og:description\" content=\"Der Kreditvergleich von LoanStar zeigt Ihnen, bei welchen Anbietern Sie einen 3.000-EuroKredit erhalten, und wo die Konditionen am g\u00fcnstigsten sind.\" \/>\n<meta property=\"og:url\" content=\"https:\/\/loanstar.com\/de\/kredite\/3000-euro-kredit\/\" \/>\n<meta property=\"og:site_name\" content=\"Loanstar Deutschland\" \/>\n<meta property=\"article:modified_time\" content=\"2019-07-07T10:55:44+00:00\" \/>\n<meta name=\"twitter:card\" content=\"summary_large_image\" \/>\n<meta name=\"twitter:label1\" content=\"Gesch\u00e4tzte Lesezeit\" \/>\n\t<meta name=\"twitter:data1\" content=\"6\u00a0Minuten\" \/>\n<script type=\"application\/ld+json\" class=\"yoast-schema-graph\">{\"@context\":\"https:\/\/schema.org\",\"@graph\":[{\"@type\":\"WebPage\",\"@id\":\"https:\/\/loanstar.com\/de\/kredite\/3000-euro-kredit\/\",\"url\":\"https:\/\/loanstar.com\/de\/kredite\/3000-euro-kredit\/\",\"name\":\"3.000-Euro-Kredit - Beste Konditionen finden mit LoanStar\",\"isPartOf\":{\"@id\":\"https:\/\/loanstar.com\/de\/#website\"},\"datePublished\":\"2018-10-04T19:23:06+00:00\",\"dateModified\":\"2019-07-07T10:55:44+00:00\",\"description\":\"Der Kreditvergleich von LoanStar zeigt Ihnen, bei welchen Anbietern Sie einen 3.000-EuroKredit erhalten, und wo die Konditionen am g\u00fcnstigsten sind.\",\"breadcrumb\":{\"@id\":\"https:\/\/loanstar.com\/de\/kredite\/3000-euro-kredit\/#breadcrumb\"},\"inLanguage\":\"de\",\"potentialAction\":[{\"@type\":\"ReadAction\",\"target\":[\"https:\/\/loanstar.com\/de\/kredite\/3000-euro-kredit\/\"]}]},{\"@type\":\"BreadcrumbList\",\"@id\":\"https:\/\/loanstar.com\/de\/kredite\/3000-euro-kredit\/#breadcrumb\",\"itemListElement\":[{\"@type\":\"ListItem\",\"position\":1,\"name\":\"Deutschland\",\"item\":\"https:\/\/loanstar.com\/de\/\"},{\"@type\":\"ListItem\",\"position\":2,\"name\":\"Kredite online finden\",\"item\":\"https:\/\/loanstar.com\/de\/kredite\/\"},{\"@type\":\"ListItem\",\"position\":3,\"name\":\"3.000-Euro-Kredit\"}]},{\"@type\":\"WebSite\",\"@id\":\"https:\/\/loanstar.com\/de\/#website\",\"url\":\"https:\/\/loanstar.com\/de\/\",\"name\":\"Loanstar Deutschland\",\"description\":\"Kredite vergleichen\",\"potentialAction\":[{\"@type\":\"SearchAction\",\"target\":{\"@type\":\"EntryPoint\",\"urlTemplate\":\"https:\/\/loanstar.com\/de\/?s={search_term_string}\"},\"query-input\":\"required name=search_term_string\"}],\"inLanguage\":\"de\"}]}<\/script>\n<!-- \/ Yoast SEO plugin. -->","yoast_head_json":{"title":"3.000-Euro-Kredit - Beste Konditionen finden mit LoanStar","description":"Der Kreditvergleich von LoanStar zeigt Ihnen, bei welchen Anbietern Sie einen 3.000-EuroKredit erhalten, und wo die Konditionen am g\u00fcnstigsten sind.","robots":{"index":"index","follow":"follow","max-snippet":"max-snippet:-1","max-image-preview":"max-image-preview:large","max-video-preview":"max-video-preview:-1"},"canonical":"https:\/\/loanstar.com\/de\/kredite\/3000-euro-kredit\/","og_locale":"de_DE","og_type":"article","og_title":"3.000-Euro-Kredit - Beste Konditionen finden mit LoanStar","og_description":"Der Kreditvergleich von LoanStar zeigt Ihnen, bei welchen Anbietern Sie einen 3.000-EuroKredit erhalten, und wo die Konditionen am g\u00fcnstigsten sind.","og_url":"https:\/\/loanstar.com\/de\/kredite\/3000-euro-kredit\/","og_site_name":"Loanstar Deutschland","article_modified_time":"2019-07-07T10:55:44+00:00","twitter_card":"summary_large_image","twitter_misc":{"Gesch\u00e4tzte Lesezeit":"6\u00a0Minuten"},"schema":{"@context":"https:\/\/schema.org","@graph":[{"@type":"WebPage","@id":"https:\/\/loanstar.com\/de\/kredite\/3000-euro-kredit\/","url":"https:\/\/loanstar.com\/de\/kredite\/3000-euro-kredit\/","name":"3.000-Euro-Kredit - Beste Konditionen finden mit LoanStar","isPartOf":{"@id":"https:\/\/loanstar.com\/de\/#website"},"datePublished":"2018-10-04T19:23:06+00:00","dateModified":"2019-07-07T10:55:44+00:00","description":"Der Kreditvergleich von LoanStar zeigt Ihnen, bei welchen Anbietern Sie einen 3.000-EuroKredit erhalten, und wo die Konditionen am g\u00fcnstigsten sind.","breadcrumb":{"@id":"https:\/\/loanstar.com\/de\/kredite\/3000-euro-kredit\/#breadcrumb"},"inLanguage":"de","potentialAction":[{"@type":"ReadAction","target":["https:\/\/loanstar.com\/de\/kredite\/3000-euro-kredit\/"]}]},{"@type":"BreadcrumbList","@id":"https:\/\/loanstar.com\/de\/kredite\/3000-euro-kredit\/#breadcrumb","itemListElement":[{"@type":"ListItem","position":1,"name":"Deutschland","item":"https:\/\/loanstar.com\/de\/"},{"@type":"ListItem","position":2,"name":"Kredite online finden","item":"https:\/\/loanstar.com\/de\/kredite\/"},{"@type":"ListItem","position":3,"name":"3.000-Euro-Kredit"}]},{"@type":"WebSite","@id":"https:\/\/loanstar.com\/de\/#website","url":"https:\/\/loanstar.com\/de\/","name":"Loanstar Deutschland","description":"Kredite vergleichen","potentialAction":[{"@type":"SearchAction","target":{"@type":"EntryPoint","urlTemplate":"https:\/\/loanstar.com\/de\/?s={search_term_string}"},"query-input":"required name=search_term_string"}],"inLanguage":"de"}]}},"_links":{"self":[{"href":"https:\/\/loanstar.com\/de\/wp-json\/wp\/v2\/pages\/187"}],"collection":[{"href":"https:\/\/loanstar.com\/de\/wp-json\/wp\/v2\/pages"}],"about":[{"href":"https:\/\/loanstar.com\/de\/wp-json\/wp\/v2\/types\/page"}],"author":[{"embeddable":true,"href":"https:\/\/loanstar.com\/de\/wp-json\/wp\/v2\/users\/1"}],"replies":[{"embeddable":true,"href":"https:\/\/loanstar.com\/de\/wp-json\/wp\/v2\/comments?post=187"}],"version-history":[{"count":3,"href":"https:\/\/loanstar.com\/de\/wp-json\/wp\/v2\/pages\/187\/revisions"}],"predecessor-version":[{"id":340,"href":"https:\/\/loanstar.com\/de\/wp-json\/wp\/v2\/pages\/187\/revisions\/340"}],"up":[{"embeddable":true,"href":"https:\/\/loanstar.com\/de\/wp-json\/wp\/v2\/pages\/9"}],"wp:attachment":[{"href":"https:\/\/loanstar.com\/de\/wp-json\/wp\/v2\/media?parent=187"}],"curies":[{"name":"wp","href":"https:\/\/api.w.org\/{rel}","templated":true}]}}