{"id":185,"date":"2018-10-04T19:21:23","date_gmt":"2018-10-04T19:21:23","guid":{"rendered":"http:\/\/loanstar.com\/de\/?page_id=185"},"modified":"2019-07-07T12:59:26","modified_gmt":"2019-07-07T10:59:26","slug":"2000-euro-kredit","status":"publish","type":"page","link":"https:\/\/loanstar.com\/de\/kredite\/2000-euro-kredit\/","title":{"rendered":"2.000-Euro-Kredit"},"content":{"rendered":"<h2>Ihr 2.000-Euro-Kredit wartet auf Sie<\/h2>\n<p>Sie m\u00f6chten einen Kredit \u00fcber 2.000 Euro aufnehmen? Kurzfristige finanzielle Schwierigkeiten haben Sie \u00fcberraschend getroffen und Sie m\u00f6chten so schnellstm\u00f6glich wieder alles ins Lot bringen? Oder tr\u00e4umen Sie einfach nur von diesem einen Wahnsinns-Urlaub, f\u00fcr den das Geld derzeit aber weder vorn noch hinten reicht?<br \/>\nMachen Sie sich keine Sorgen! Unser anschaulicher <a href=\"http:\/\/loanstar.com\/de\/kredite\/\">Kreditvergleich<\/a> kann ihnen weiterhelfen. G\u00fcnstig, mit Wunschrate und Wunsch-Laufzeit, sowie schneller Eingang auf Ihrem Konto. Finden Sie Ihr Wunschdarlehen noch heute und setzen Sie Ihr Vorhaben in die Tat um!<\/p>\n<p>Sie sind im Begriff, einen 2.000-Euro-Kredit zu beantragen, wissen aber noch zu wenig \u00fcber das Thema? Auch in diesem Fall kann Ihnen die \u00dcbersicht von <a href=\"http:\/\/loanstar.com\/de\/\">LoanStar<\/a> helfen. Wir haben einen ganzheitlichen, mit hilfreichen Informationen gef\u00fcllten Artikel \u00fcber diese Darlehen verfasst. Wir sind uns sicher, dass Sie hier neue wertvolle Informationen finden k\u00f6nnen und sich nach dieser Lekt\u00fcre voll dar\u00fcber im Klaren sein werden, worauf es beim Geldleihen wirklich ankommt.<\/p>\n<h2>Wof\u00fcr ein 2.000-Euro-Kredit verwendet werden kann<\/h2>\n<p>Sie fragen sich, wof\u00fcr 2.000-Euro-Kredite in der Regel verwendet werden? Nun, ein solches Darlehen z\u00e4hlt man zur Kategorie der <a href=\"http:\/\/loanstar.com\/de\/kredite\/minikredit\/\"><strong>Kleinkredite<\/strong><\/a>. Und sind es im Leben nicht oft die kleinen Dinge, die uns Sorgen bereiten? Auf jeden Fall kommen diese Sorgen h\u00e4ufiger vor als beispielsweise der Kauf eines Eigenheims, bei dem selbstverst\u00e4ndlich nur ein <a href=\"http:\/\/loanstar.com\/de\/kredite\/hypothekendarlehen\/\">Kredit zur Baufinanzierung<\/a> in Frage kommt.<br \/>\nBei den kleinen W\u00fcnschen des Lebens aber hilft Ihnen besser ein Kleinkredit aus. Der Bedarf f\u00fcr eine solch geringe Geldsumme steht viel h\u00e4ufiger auf der Agenda, denn Personen l\u00f6sen damit meist finanzielle Alltagsprobleme.<\/p>\n<p>Autoreparaturen sind ein ganz klassisches Beispiel f\u00fcr Situationen, in denen ein 2.000-Euro-Kredit ben\u00f6tigt wird. Auch etwa wenn technische <strong>Haushaltsger\u00e4te oder K\u00fcchenger\u00e4te<\/strong> ihren Geist aufgeben, oder auch wenn wir Produkte wie <strong>Videospiel-Konsolen<\/strong> kaufen m\u00f6chten, werden wir dazu angetrieben, uns um einen Kleinkredit zu bem\u00fchen. Weitere klassische Beispiele f\u00fcr die Verwendung eines 2.000-Euro-Kredits sind folgende:<\/p>\n<ul>\n<li><strong>zur Umschuldung<\/strong> (zum Beispiel um den Dispokredit abzul\u00f6sen)<\/li>\n<li><strong>Anzahlung f\u00fcr einen Gebrauchtwagen<\/strong><\/li>\n<li><strong>Finanzierung einer Reise<\/strong><\/li>\n<li>Abzahlen von <strong>Studiengeb\u00fchren<\/strong><\/li>\n<\/ul>\n<p>Nicht selten werden diese Dinge \u00fcber den Dispositionsrahmen des Girokontos geregelt, den sogenannten Dispo. Aber wussten Sie, dass zwischen den Zinsen eines Dispos und denen eines Kleinkredits ein immenser Unterschied besteht? Aus diesem Grund ist es oft ratsamer, sich f\u00fcr einen <a href=\"http:\/\/loanstar.com\/de\/kredite\/minikredit\/\">Minikredit<\/a> zu entscheiden, als den Dispositionsrahmen zu sprengen.<\/p>\n<h2>Sparpotenzial durch Dispo-Umschuldung<\/h2>\n<p>Verwenden Sie auch gerne ab und zu Ihren Dispo zum Bezahlen einer Rechnung? Obwohl die Versuchung vielleicht gro\u00df sein mag, sollten Sie dies unbedingt vermeiden. Ist die Schuld n\u00e4mlich erst einmal beglichen, kann der \u00fcberzogene Dispo schnell in Vergessenheit geraten. Und gerade das kann teuer werden.<br \/>\nNehmen wir etwa einen fiktiven Betrag von 2.000 Euro als Beispiel. \u00dcberziehen Sie Ihr Konto blo\u00df mit einem solchen Betrag, m\u00fcssen Sie bereits mit mehreren hundert Euro Zinsen pro Jahr rechnen. H\u00e4tten Sie das erwartet? Eine solche Summe kommt durch horrende Zinsen von mitunter weit mehr als 5% auf Ihren Dispo zustande. Bei einem 2.000-Euro-Kredit hingegen k\u00f6nnen Sie bei vielen Banken schon mit einem Effektivzins ab 2,48% rechnen, was unterm Strich einen gro\u00dfen Unterschied macht.<\/p>\n<p>Eine Umschuldung empfiehlt sich meist ab einem Minusbetrag von 1.000 Euro in Ihrem Dispo. Nehmen wir die angenommenen 2.000 Euro als Beispiel. Mit diesem Betrag l\u00e4sst sich sehr gut veranschaulichen, wie teuer die \u00dcberziehung Ihres Dispo-Rahmens werden kann. Denn haben Sie erst einmal auf einen <a href=\"http:\/\/loanstar.com\/de\/kredite\/minikredit\/\">Minikredit<\/a> umgeschuldet, so k\u00f6nnen Sie bei mittlerer Bonit\u00e4t ungef\u00e4hr 200 Euro pro Jahr an Zinsen einsparen!<\/p>\n<h3>In wenigen Schritten zu Ihrem Wunschkredit<\/h3>\n<p>Bei den meisten Kreditgebern besteht der Prozess des Kreditantrags aus vier einfachen Schritten. Im Folgenden m\u00f6chten wir Ihnen diese gerne im Detail erkl\u00e4ren:<\/p>\n<ol>\n<li><strong>Angabe Ihrer pers\u00f6nlicher Kontaktdaten<\/strong><\/li>\n<li><strong>Angabe n\u00f6tiger Pflichtangaben <\/strong>(z.B. zu Ihrer beruflichen T\u00e4tigkeit)<\/li>\n<li><strong>Durchf\u00fchrung des Kreditrahmen-Checks seitens der Bank<\/strong><\/li>\n<li><strong>Hochladen der ben\u00f6tigten Dokumente <\/strong>(Gehaltsnachweise, Reisepass oder Personalausweis, Rentenbescheid etc.)<\/li>\n<\/ol>\n<p>Im Anschluss an diese Schritte pr\u00fcft die Bank Ihren Antrag. F\u00e4llt die Entscheidung positiv aus, so steht dem Erhalt Ihres 2.000-Euro-Kredits nichts mehr im Wege. Aufgrund des Online-Verfahrens entf\u00e4llt die komplette Papierarbeit und der Gang zur n\u00e4chsten Bankfiliale. Dadurch k\u00f6nnen Sie nicht nur Zeit, sondern auch Geld sparen, denn das Online Banking erspart der Bank viel zus\u00e4tzliches Personal und damit Kosten, wodurch auch die Zinsen insgesamt g\u00fcnstiger ausfallen.<\/p>\n<h3>2.000-Euro-Kredit ohne Schufa m\u00f6glich?<\/h3>\n<p>Wer sich in Deutschland bei einer Bank um einen Kredit bem\u00fcht, kommt in der Regel nicht an der Bonit\u00e4tspr\u00fcfung vorbei. Hierzulande haben schlie\u00dflich alle Kreditgeber die Pflicht, die Kreditw\u00fcrdigkeit des Kunden zu \u00fcberpr\u00fcfen. Dies ist gesetzlich vorgeschrieben. Die Bonit\u00e4tspr\u00fcfung wird in den meisten F\u00e4llen bei der Schufa durchgef\u00fchrt, einer deutschen Auskunftei. Diese sammelt Daten \u00fcber die potentiellen Kreditnehmer und entwickelt daraus den individuellen Schufa-Score.<\/p>\n<h3>Bedingungen f\u00fcr einen 2.000-Euro-Kredit<\/h3>\n<p>Sie m\u00f6chten so schnell wie m\u00f6glich an Ihren Wunschkredit kommen? Dazu m\u00fcssen Sie verschiedene Voraussetzungen erf\u00fcllen. Wie bereits erw\u00e4hnt, scheitern besonders viele Antragsteller bei der Bonit\u00e4tspr\u00fcfung. Bei einigen Banken k\u00f6nnen Sie als Kunde jedoch auch mit einem mittleren Schufa-Score einen 2.000-Euro-Kredit gew\u00e4hrt bekommen.<\/p>\n<p><strong>Dies sind die wichtigste Kriterien f\u00fcr einen 2.000-Euro-Kredit: <\/strong><\/p>\n<ul>\n<li>Vollj\u00e4hrigkeit<\/li>\n<li>Besitz eines deutschen Bankkontos<\/li>\n<li>die Tilgung des Kredits sollte binnen 30 Tagen m\u00f6glich sein<\/li>\n<\/ul>\n<p>F\u00fcr den Antrag m\u00fcssen Sie entweder ein Video-Ident Verfahren oder den klassischen PostIdent-Prozess durchlaufen. Hierf\u00fcr ben\u00f6tigen Sie einen g\u00fcltigen Reisepass oder Personalausweis. Nur mit diesem kann die Legitimation der Person problemlos erfolgen. Au\u00dferdem ist mit dem Antrag eine Telefonnummer anzugeben, unter der Sie erreichbar sind.<\/p>\n<p>Wer sich als Neukunde beim potentiellen Kreditgeber anmeldet, wird au\u00dferdem dazu aufgefordert, bestimmte Unterlagen einzureichen. F\u00fcr diesen Schritt wird der Kreditnehmer oft vom Kundenservice kontaktiert, welcher dar\u00fcber aufkl\u00e4rt, welche Unterlagen ben\u00f6tigt werden. Oft kann die Liste der erforderlichen Unterlagen auch auf der Internetseite der Bank eingesehen werden.<\/p>\n<h2>Der <a href=\"http:\/\/loanstar.com\/de\/kredite\/\">Kreditvergleich<\/a>: Mehr als ein gut gemeinter Rat<\/h2>\n<p>Auch bei kleineren und mittelgro\u00dfen Betr\u00e4gen lohnt sich die Durchf\u00fchrung eines Kreditvergleichs: Rufen Sie einfach den <a href=\"http:\/\/loanstar.com\/de\/kredite\/\">Kreditrechner<\/a> auf, den Sie auf unserer Seite gleich zu Anfang finden k\u00f6nnen, und vergleichen Sie die verschiedenen Kleinkredite \u00fcber 2.000 Euro. Mit dem einfach zu handhabenden Rechner ermitteln Sie die g\u00fcnstigsten Angebote der Partnerbanken.<\/p>\n<p>F\u00fcr einen Vergleich geben Sie lediglich den Betrag, die gew\u00fcnschte Laufzeit sowie den Verwendungszweck an. Die Ergebnisse werden nach Kreditkosten sortiert,. Das g\u00fcnstigste Kreditangebot wird Ihnen immer ganz oben angezeigt, so dass Sie auf einen Blick erkennen k\u00f6nnen, welcher der g\u00fcnstigste Kredit ist. Probieren Sie es einfach aus!<\/p>\n<p>&nbsp;<\/p>\n<p>Sie denken \u00fcber einen anderen Kreditbetrag nach? Auch hierf\u00fcr haben wir f\u00fcr Sie die wichtigsten Informationen zusammengestellt. Erfahren Sie mehr \u00fcber:<\/p>\n<ul>\n<li><strong><a href=\"http:\/\/loanstar.com\/de\/kredite\/500-euro-kredit\/\">500-Euro-Kredit<\/a><\/strong><\/li>\n<li><strong><a href=\"http:\/\/loanstar.com\/de\/kredite\/1000-euro-kredit\/\">1.000-Euro-Kredit<\/a><\/strong><\/li>\n<li><strong><a href=\"http:\/\/loanstar.com\/de\/kredite\/3000-euro-kredit\/\">3.000-Euro-Kredit<\/a><\/strong><\/li>\n<li><strong><a href=\"http:\/\/loanstar.com\/de\/kredite\/4000-euro-kredit\/\">4.000-Euro-Kredit<\/a><\/strong><\/li>\n<\/ul>\n","protected":false},"excerpt":{"rendered":"<p>Ihr 2.000-Euro-Kredit wartet auf Sie Sie m\u00f6chten einen Kredit \u00fcber 2.000 Euro aufnehmen? Kurzfristige finanzielle Schwierigkeiten haben Sie \u00fcberraschend getroffen&#8230;<\/p>\n","protected":false},"author":1,"featured_media":0,"parent":9,"menu_order":0,"comment_status":"closed","ping_status":"closed","template":"templates\/calculator-follow-up.php","meta":{"footnotes":""},"yoast_head":"<!-- This site is optimized with the Yoast SEO plugin v21.0 - https:\/\/yoast.com\/wordpress\/plugins\/seo\/ -->\n<title>2.000-Euro-Kredit - Die besten Konditionen finden mit LoanStar<\/title>\n<meta name=\"description\" content=\"Wenn Sie einen 2.000-Euro-Kredit ben\u00f6tigen, ist ein Kleinkredit die ideale L\u00f6sung. Die besten Konditionen finden Sie mit LoanStar.\" \/>\n<meta name=\"robots\" content=\"index, follow, max-snippet:-1, max-image-preview:large, max-video-preview:-1\" \/>\n<link rel=\"canonical\" href=\"https:\/\/loanstar.com\/de\/kredite\/2000-euro-kredit\/\" \/>\n<meta property=\"og:locale\" content=\"de_DE\" \/>\n<meta property=\"og:type\" content=\"article\" \/>\n<meta property=\"og:title\" content=\"2.000-Euro-Kredit - Die besten Konditionen finden mit LoanStar\" \/>\n<meta property=\"og:description\" content=\"Wenn Sie einen 2.000-Euro-Kredit ben\u00f6tigen, ist ein Kleinkredit die ideale L\u00f6sung. Die besten Konditionen finden Sie mit LoanStar.\" \/>\n<meta property=\"og:url\" content=\"https:\/\/loanstar.com\/de\/kredite\/2000-euro-kredit\/\" \/>\n<meta property=\"og:site_name\" content=\"Loanstar Deutschland\" \/>\n<meta property=\"article:modified_time\" content=\"2019-07-07T10:59:26+00:00\" \/>\n<meta name=\"twitter:card\" content=\"summary_large_image\" \/>\n<meta name=\"twitter:label1\" content=\"Gesch\u00e4tzte Lesezeit\" \/>\n\t<meta name=\"twitter:data1\" content=\"6\u00a0Minuten\" \/>\n<script type=\"application\/ld+json\" class=\"yoast-schema-graph\">{\"@context\":\"https:\/\/schema.org\",\"@graph\":[{\"@type\":\"WebPage\",\"@id\":\"https:\/\/loanstar.com\/de\/kredite\/2000-euro-kredit\/\",\"url\":\"https:\/\/loanstar.com\/de\/kredite\/2000-euro-kredit\/\",\"name\":\"2.000-Euro-Kredit - Die besten Konditionen finden mit LoanStar\",\"isPartOf\":{\"@id\":\"https:\/\/loanstar.com\/de\/#website\"},\"datePublished\":\"2018-10-04T19:21:23+00:00\",\"dateModified\":\"2019-07-07T10:59:26+00:00\",\"description\":\"Wenn Sie einen 2.000-Euro-Kredit ben\u00f6tigen, ist ein Kleinkredit die ideale L\u00f6sung. Die besten Konditionen finden Sie mit LoanStar.\",\"breadcrumb\":{\"@id\":\"https:\/\/loanstar.com\/de\/kredite\/2000-euro-kredit\/#breadcrumb\"},\"inLanguage\":\"de\",\"potentialAction\":[{\"@type\":\"ReadAction\",\"target\":[\"https:\/\/loanstar.com\/de\/kredite\/2000-euro-kredit\/\"]}]},{\"@type\":\"BreadcrumbList\",\"@id\":\"https:\/\/loanstar.com\/de\/kredite\/2000-euro-kredit\/#breadcrumb\",\"itemListElement\":[{\"@type\":\"ListItem\",\"position\":1,\"name\":\"Deutschland\",\"item\":\"https:\/\/loanstar.com\/de\/\"},{\"@type\":\"ListItem\",\"position\":2,\"name\":\"Kredite online finden\",\"item\":\"https:\/\/loanstar.com\/de\/kredite\/\"},{\"@type\":\"ListItem\",\"position\":3,\"name\":\"2.000-Euro-Kredit\"}]},{\"@type\":\"WebSite\",\"@id\":\"https:\/\/loanstar.com\/de\/#website\",\"url\":\"https:\/\/loanstar.com\/de\/\",\"name\":\"Loanstar Deutschland\",\"description\":\"Kredite vergleichen\",\"potentialAction\":[{\"@type\":\"SearchAction\",\"target\":{\"@type\":\"EntryPoint\",\"urlTemplate\":\"https:\/\/loanstar.com\/de\/?s={search_term_string}\"},\"query-input\":\"required name=search_term_string\"}],\"inLanguage\":\"de\"}]}<\/script>\n<!-- \/ Yoast SEO plugin. -->","yoast_head_json":{"title":"2.000-Euro-Kredit - Die besten Konditionen finden mit LoanStar","description":"Wenn Sie einen 2.000-Euro-Kredit ben\u00f6tigen, ist ein Kleinkredit die ideale L\u00f6sung. Die besten Konditionen finden Sie mit LoanStar.","robots":{"index":"index","follow":"follow","max-snippet":"max-snippet:-1","max-image-preview":"max-image-preview:large","max-video-preview":"max-video-preview:-1"},"canonical":"https:\/\/loanstar.com\/de\/kredite\/2000-euro-kredit\/","og_locale":"de_DE","og_type":"article","og_title":"2.000-Euro-Kredit - Die besten Konditionen finden mit LoanStar","og_description":"Wenn Sie einen 2.000-Euro-Kredit ben\u00f6tigen, ist ein Kleinkredit die ideale L\u00f6sung. Die besten Konditionen finden Sie mit LoanStar.","og_url":"https:\/\/loanstar.com\/de\/kredite\/2000-euro-kredit\/","og_site_name":"Loanstar Deutschland","article_modified_time":"2019-07-07T10:59:26+00:00","twitter_card":"summary_large_image","twitter_misc":{"Gesch\u00e4tzte Lesezeit":"6\u00a0Minuten"},"schema":{"@context":"https:\/\/schema.org","@graph":[{"@type":"WebPage","@id":"https:\/\/loanstar.com\/de\/kredite\/2000-euro-kredit\/","url":"https:\/\/loanstar.com\/de\/kredite\/2000-euro-kredit\/","name":"2.000-Euro-Kredit - Die besten Konditionen finden mit LoanStar","isPartOf":{"@id":"https:\/\/loanstar.com\/de\/#website"},"datePublished":"2018-10-04T19:21:23+00:00","dateModified":"2019-07-07T10:59:26+00:00","description":"Wenn Sie einen 2.000-Euro-Kredit ben\u00f6tigen, ist ein Kleinkredit die ideale L\u00f6sung. Die besten Konditionen finden Sie mit LoanStar.","breadcrumb":{"@id":"https:\/\/loanstar.com\/de\/kredite\/2000-euro-kredit\/#breadcrumb"},"inLanguage":"de","potentialAction":[{"@type":"ReadAction","target":["https:\/\/loanstar.com\/de\/kredite\/2000-euro-kredit\/"]}]},{"@type":"BreadcrumbList","@id":"https:\/\/loanstar.com\/de\/kredite\/2000-euro-kredit\/#breadcrumb","itemListElement":[{"@type":"ListItem","position":1,"name":"Deutschland","item":"https:\/\/loanstar.com\/de\/"},{"@type":"ListItem","position":2,"name":"Kredite online finden","item":"https:\/\/loanstar.com\/de\/kredite\/"},{"@type":"ListItem","position":3,"name":"2.000-Euro-Kredit"}]},{"@type":"WebSite","@id":"https:\/\/loanstar.com\/de\/#website","url":"https:\/\/loanstar.com\/de\/","name":"Loanstar Deutschland","description":"Kredite vergleichen","potentialAction":[{"@type":"SearchAction","target":{"@type":"EntryPoint","urlTemplate":"https:\/\/loanstar.com\/de\/?s={search_term_string}"},"query-input":"required name=search_term_string"}],"inLanguage":"de"}]}},"_links":{"self":[{"href":"https:\/\/loanstar.com\/de\/wp-json\/wp\/v2\/pages\/185"}],"collection":[{"href":"https:\/\/loanstar.com\/de\/wp-json\/wp\/v2\/pages"}],"about":[{"href":"https:\/\/loanstar.com\/de\/wp-json\/wp\/v2\/types\/page"}],"author":[{"embeddable":true,"href":"https:\/\/loanstar.com\/de\/wp-json\/wp\/v2\/users\/1"}],"replies":[{"embeddable":true,"href":"https:\/\/loanstar.com\/de\/wp-json\/wp\/v2\/comments?post=185"}],"version-history":[{"count":3,"href":"https:\/\/loanstar.com\/de\/wp-json\/wp\/v2\/pages\/185\/revisions"}],"predecessor-version":[{"id":341,"href":"https:\/\/loanstar.com\/de\/wp-json\/wp\/v2\/pages\/185\/revisions\/341"}],"up":[{"embeddable":true,"href":"https:\/\/loanstar.com\/de\/wp-json\/wp\/v2\/pages\/9"}],"wp:attachment":[{"href":"https:\/\/loanstar.com\/de\/wp-json\/wp\/v2\/media?parent=185"}],"curies":[{"name":"wp","href":"https:\/\/api.w.org\/{rel}","templated":true}]}}