{"id":183,"date":"2018-10-04T19:19:49","date_gmt":"2018-10-04T19:19:49","guid":{"rendered":"http:\/\/loanstar.com\/de\/?page_id=183"},"modified":"2019-07-07T10:55:18","modified_gmt":"2019-07-07T08:55:18","slug":"1000-euro-kredit","status":"publish","type":"page","link":"https:\/\/loanstar.com\/de\/kredite\/1000-euro-kredit\/","title":{"rendered":"1.000-Euro-Kredit"},"content":{"rendered":"<h2>Ein 1.000-Euro-Kredit kann Ihnen im richtigen Moment helfen<\/h2>\n<p>Sie haben unerwartet hohe finanzielle Ausgaben? Oder steht ein kurzzeitiger finanzieller Engpass bevor? Dann kann ein kleiner 1.000-Euro-Kredit die einfachste und praktischste L\u00f6sung sein, um die Situation zu meistern. Im Gegensatz zu anderen Krediten erhalten Kreditnehmer bei einem solchen Kredit einen kleinen Betrag, der ihnen \u00fcber einen kurzen Zeitraum gew\u00e4hrt wird. Sie fragen sich:<\/p>\n<ul>\n<li><strong>Welche Kreditarten stehen zur Wahl?<\/strong><\/li>\n<li><strong>Was f\u00fcr Voraussetzungen m\u00fcssen erf\u00fcllt werden, um einen solchen Kredit zu erhalten?<\/strong><\/li>\n<li><strong>Wie steht es um die Vor- und Nachteile?<\/strong><\/li>\n<\/ul>\n<p>Wir haben <a href=\"http:\/\/loanstar.com\/de\/kredite\/\">1.000-Euro-Kredite vieler Anbieter bis ins letzte Detail analysiert und getestet<\/a>. In diesem Artikel finden Sie alles, was LoanStar f\u00fcr Sie in herausfinden konnte.<\/p>\n<h2>Welche Kreditarten kommen f\u00fcr einen 1.000-Euro-Kredit in Frage?<\/h2>\n<p>Prinzipiell gibt es zwei weit verbreitete Kreditarten, von denen Sie Gebrauch machen k\u00f6nnen, wenn Sie nach einem 1.000-Euro-Kredit suchen, und zwar:<\/p>\n<ul>\n<li><a href=\"http:\/\/loanstar.com\/de\/kredite\/minikredit\/\"><strong>Minikredit<\/strong><\/a><\/li>\n<li><strong>Rahmenkredit (Kleinkredit)<\/strong><\/li>\n<\/ul>\n<p>Wenn Sie vorhaben, bestehende Schulden abzubezahlen, sich ein <a href=\"http:\/\/loanstar.com\/de\/kredite\/autokredit\/\">neues Auto anzuschaffen<\/a> oder den Bau eines <a href=\"http:\/\/loanstar.com\/de\/kredite\/hypothekendarlehen\/\">Eigenheims<\/a> planen, dann lohnen sich solche Kreditarten nicht. Wie der Name schon verr\u00e4t, handelt es sich dabei um den geringen Betrag von 1.000 Euro, den das Kreditinstitut an Sie verleiht.<\/p>\n<p>Langfristige finanzielle Schwierigkeiten sind mit diesen Krediten ebenfalls kaum zu \u00fcberbr\u00fccken. Ein solcher Kredit eignet sich viel mehr um beispielsweise eine Urlaubsreise zu buchen, oder etwa um die Jahreskosten f\u00fcr Ihr Studium zu begleichen. Auch wenn Ihnen ungeplante hohe Ausgaben, wie vielleicht f\u00fcr eine Autoreparatur, bevorstehen und Sie deshalb in einer kleinen und befristeten finanziellen Krise stecken, ist ein solcher Kredit eine praktische L\u00f6sung. Bei einem geringen Kredit wie diesem, ist es wichtig zu beachten, dass er nur eine sehr kurze Laufzeit hat und Sie somit sicherstellen m\u00fcssen, dass Sie diesen innerhalb k\u00fcrzester Zeit auch wieder begleichen k\u00f6nnen. Falls Sie dies nicht k\u00f6nnen, stehen die anfallenden Kosten in keinem Verh\u00e4ltnis zum Nutzen.<\/p>\n<h3>Kreditanforderungen<\/h3>\n<p>Anders als bei einem Privatkredit oder Darlehen werden an Antragsteller eines 1.000-Euro-Kredits keine gro\u00dfen Anforderungen gestellt. Diese Kreditarten erfreuen sich gro\u00dfer Beliebtheit, da auch Studenten, Arbeitslose und Rentner durchaus f\u00fcr einen solchen Kredit in Frage kommen. Die Kreditw\u00fcrdigkeit spielt bei der Antragsstellung au\u00dferdem keine gro\u00dfe Rolle. Auch Personen mit einem niedrigen Schufa-Score haben also die Chance, ein solches Darlehen zu erhalten.<\/p>\n<p>Es gibt jedoch einige Dinge zu beachten, wenn man um einen solchen Kredit ansucht: Mitunter kann man als Neukunde bei einem Kreditinstitut schlechtere Konditionen bekommen als ein bestehender Kunde. Beispielsweise kann der H\u00f6chstbetrag f\u00fcr den Kleinkredit niedriger ausfallen. Auch die Zinsen k\u00f6nnen bei Neukunden etwas h\u00f6her angesetzt werden. Wenn man also einen passenden Anbieter gefunden hat, macht es Sinn, bei diesem zu bleiben &#8211; vor allem dann, wenn Sie damit rechnen, m\u00f6glicherweise nicht nur einmal auf einen Kredit zur\u00fcckgreifen zu m\u00fcssen.<\/p>\n<p>Grunds\u00e4tzlich m\u00fcssen Sie f\u00fcr die Bewilligung eines Kredits <strong>mindestens 18 Jahre alt<\/strong> sein und Ihren <strong>Wohnsitz in Deutschland<\/strong> haben.<strong> Einkommensnachweise werden in der Regel nicht angefordert<\/strong>, wobei es hier starke Unterschiede zwischen den einzelnen Anbietern gibt.<\/p>\n<h3>Schnelle Auszahlung, schnelle R\u00fcckzahlung<\/h3>\n<p>Ein weiterer Pluspunkt eines <strong>1.000-Euro-Kredits<\/strong> ist, dass dieser nach Antragsstellung sehr schnell ausgezahlt werden kann. Bereits <strong>innerhalb von ein bis zwei Tagen<\/strong> hat man das Geld auf dem Konto. Je nach Kreditgeber kann eine schnelle Auszahlung allerdings auch mit zus\u00e4tzlichen Kosten verbunden sein. Nichtsdestotrotz ist ein 1.000-Euro-Kredit vor allem dann von Vorteil, wenn Sie sich pl\u00f6tzlich mit einer hohen Forderung konfrontiert sehen, die Sie in k\u00fcrzester Zeit begleichen m\u00fcssen.<\/p>\n<p>Wenn Sie nun dank Ihres Kredits Ihre Anschaffungen erledigen oder Ihre Schulden begleichen k\u00f6nnen, hei\u00dft es aber nicht, dass Sie sich zur\u00fccklehnen k\u00f6nnen. Ein kleiner Kredit geht n\u00e4mlich mit einer sehr kurzen Vertragslaufzeit einher. Im Durchschnitt findet man Kredite dieser Art mit einer Bindung von rund 30 bis 62 Tagen. Das n\u00f6tige Geld zur R\u00fcckzahlung muss also rasch aufgetrieben werden. Bei einem Rahmenkredit kann man zwar das Gl\u00fcck haben, dass man die Raten \u00fcber ein Jahr hinweg tilgen kann, man ist aber dennoch dazu verpflichtet, den Kredit innerhalb der vorgegebenen Zeit vollst\u00e4ndig zuz\u00fcglich der Zinsen zur\u00fcckzuzahlen. Schafft man das nicht, kann dies einen negativen Einfluss auf die Kreditw\u00fcrdigkeit haben. Man muss also im Vorfeld darauf achten, dass man sich mit einem solchen Kredit nicht kurzfristig \u00fcbernimmt.<\/p>\n<h2>So einfach erhalten Sie einen 1.000-Euro-Kredit<\/h2>\n<p>Es fehlt die letzte kleine Finanzspritze f\u00fcr die bevorstehende, langersehnte Anschaffung oder Begleichung der unerwartet hohen Rechnung? Dann k\u00f6nnen Sie im Handumdrehen einen hilfreichen 1.000-Euro-Kredit beantragen. Dieser hilft Ihnen kurzfristig aus der Patsche, oder auch dabei, einen langersehnten Wunsch endlich zu verwirklichen. Haben Sie erst einmal das passende Kreditinstitut gefunden, m\u00fcssen Sie nur wenige Schritte unternehmen, um den Antrag auf einen Kredit abzuschlie\u00dfen. Und wom\u00f6glich verspricht Ihr Institut Ihnen auch noch einen tollen Online-Bonus?<\/p>\n<p>Antr\u00e4ge k\u00f6nnen Sie meist sowohl online als auch telefonisch stellen. Einige Anbieter haben auch lokale Filialen, so dass Sie vorher also auch eine Beratung vor Ort wahrnehmen k\u00f6nnen, falls Sie dies w\u00fcnschen. F\u00fcr den Antrag ist es erforderlich, dass Sie einige pers\u00f6nliche Daten angeben. Ganz im Gegensatz zum Antrag eines gro\u00dfen Kredites m\u00fcssen Sie allerdings keinen Verwendungszweck f\u00fcr Ihren Kredit angeben. Da auch keine gro\u00dfen Nachforschungen bez\u00fcglich Ihrer Kreditw\u00fcrdigkeit oder Ihres Schufa-Scores unternommen werden, k\u00f6nnen Sie mit einer unmittelbaren R\u00fcckmeldung rechnen. In der Regel erhalten Sie eine <strong>Sofortzusage innerhalb von wenigen Minuten<\/strong>. Nur in seltenen F\u00e4llen kommt es vor, dass ein Antrag nicht bewilligt wird. Dies kann der Fall sein wenn:<\/p>\n<ul>\n<li><strong>Sie die Anforderungen nicht erf\u00fcllen<\/strong><\/li>\n<li><strong>Sie zuvor negativ bei dem Kreditinstitut aufgefallen sind<\/strong><\/li>\n<li><strong>bei Ihnen sehr viele Eintr\u00e4ge hinsichtlich Zahlungsverzug vorliegen<\/strong><\/li>\n<\/ul>\n<h2>Den richtigen Kreditanbieter finden<\/h2>\n<p>Sie haben sich daf\u00fcr entschieden, dass ein 1.000-Euro-Kredit genau das richtige f\u00fcr Sie ist? Toll! Dann gilt es jetzt nur noch, den passenden Kreditanbieter zu finden. Dabei kommt es nicht nur darauf an, dass ein allgemein seri\u00f6ser und vertraulicher Anbieter gefunden wird. Der Kredit muss auch mit Ihren W\u00fcnschen und Vorstellungen \u00fcbereinstimmen. Wichtige Faktoren sind hier zum Beispiel:<\/p>\n<ul>\n<li>die m\u00f6gliche H\u00f6he des Kredits<\/li>\n<li>die Vertragslaufzeit<\/li>\n<li>die H\u00f6he der Zinsen<\/li>\n<li>weitere Kostenfaktoren sowie letztlich auch<\/li>\n<li>die Voraussetzungen, die der Anbieter verlangt<\/li>\n<\/ul>\n<p>Sie sollten sich also vorher genau \u00fcberlegen, wof\u00fcr Sie den Kredit wirklich ben\u00f6tigen, wie hoch dieser ausfallen sollte und wie viel Sie bereit sind, daf\u00fcr aufzubringen. Denken Sie daran, dass kein Kredit umsonst gew\u00e4hrleistet wird. Seien Sie sich also dar\u00fcber im Klaren, dass Sie immer einen zus\u00e4tzlichen Beitrag leisten m\u00fcssen.<\/p>\n<p>Am schnellsten k\u00f6nnen Sie den passenden Kreditanbieter jetzt mithilfe unseres kostenlosen <a href=\"http:\/\/loanstar.com\/de\/kredite\/\">Kreditvergleichs<\/a> finden.<\/p>\n<h3>Finanzielle Not? Da hilft leider auch kein 1.000-Euro-Kredit<\/h3>\n<p>Ist der Eingang finanzieller Mittel bei Ihnen in naher Zukunft nicht vorauszusehen, raten wir Ihnen dringend davon ab, einen 1.000-Euro-Kredit aufzunehmen. Wie bereits erw\u00e4hnt, muss ein solcher Kredit n\u00e4mlich sehr schnell wieder abbezahlt werden. Neben den reinen Kreditkosten gehen mit einem solchen Kredit auch Zinszahlungen einher. Sie sollten sich also vor Stellung des Kreditantrags sicher sein, dass Sie die finanziellen M\u00f6glichkeiten f\u00fcr eine fristgerechte R\u00fcckzahlung haben. Haben Sie diese nicht, kann dies schwerwiegende finanzielle Folgen f\u00fcr Sie bedeuten.<\/p>\n<p>Ein 1.000-Euro-Kredit ist nicht die richtige L\u00f6sung f\u00fcr Sie? Dann passt vielleicht eine andere Kreditform besser. Bei uns k\u00f6nnen Sie auch folgende Kreditarten vergleichen:<\/p>\n<ul>\n<li><strong><a href=\"http:\/\/loanstar.com\/de\/kredite\/privatkredit\/\">Privatkredite<\/a><\/strong><\/li>\n<li><strong><a href=\"http:\/\/loanstar.com\/de\/kredite\/firmenkredit\/\">Firmenkredite<\/a><\/strong><\/li>\n<li><strong><a href=\"http:\/\/loanstar.com\/de\/kredite\/autokredit\/\">Autokredite<\/a><\/strong><\/li>\n<li><strong><a href=\"http:\/\/loanstar.com\/de\/kredite\/hypothekendarlehen\/\">Hypothekendarlehen f\u00fcr Immobilien<\/a><\/strong>.<\/li>\n<\/ul>\n<p>Auch wie Sie Kredite \u00fcber andere kleinere Betr\u00e4ge erhalten, k\u00f6nnen Sie bei uns im Detail nachlesen. Erfahren Sie mehr \u00fcber:<\/p>\n<ul>\n<li><a href=\"http:\/\/loanstar.com\/de\/kredite\/500-euro-kredit\/\">500-EuroKredit<\/a><\/li>\n<li><a href=\"http:\/\/loanstar.com\/de\/kredite\/2000-euro-kredit\/\">2.000-Euro-Kredit<\/a><\/li>\n<li><a href=\"http:\/\/loanstar.com\/de\/kredite\/3000-euro-kredit\/\">3.000 Euro-Kredit<\/a><\/li>\n<li><a href=\"http:\/\/loanstar.com\/de\/kredite\/4000-euro-kredit\/\">4.000-Euro-Kredit<\/a><\/li>\n<\/ul>\n","protected":false},"excerpt":{"rendered":"<p>Ein 1.000-Euro-Kredit kann Ihnen im richtigen Moment helfen Sie haben unerwartet hohe finanzielle Ausgaben? Oder steht ein kurzzeitiger finanzieller Engpass&#8230;<\/p>\n","protected":false},"author":1,"featured_media":0,"parent":9,"menu_order":0,"comment_status":"closed","ping_status":"closed","template":"templates\/calculator-follow-up.php","meta":{"footnotes":""},"yoast_head":"<!-- This site is optimized with the Yoast SEO plugin v21.0 - https:\/\/yoast.com\/wordpress\/plugins\/seo\/ -->\n<title>1.000-Euro-Kredit - So profitieren Sie von den besten Konditionen<\/title>\n<meta name=\"description\" content=\"Ein ,000-Euro-Kredit hilft dabei, kurzfristige, unerwartete Mehrausgaben zu bew\u00e4ltigen. Hier erfahren Sie alles \u00fcber Minikredite und Rahmenkredite.\" \/>\n<meta name=\"robots\" content=\"index, follow, max-snippet:-1, max-image-preview:large, max-video-preview:-1\" \/>\n<link rel=\"canonical\" href=\"https:\/\/loanstar.com\/de\/kredite\/1000-euro-kredit\/\" \/>\n<meta property=\"og:locale\" content=\"de_DE\" \/>\n<meta property=\"og:type\" content=\"article\" \/>\n<meta property=\"og:title\" content=\"1.000-Euro-Kredit - So profitieren Sie von den besten Konditionen\" \/>\n<meta property=\"og:description\" content=\"Ein ,000-Euro-Kredit hilft dabei, kurzfristige, unerwartete Mehrausgaben zu bew\u00e4ltigen. Hier erfahren Sie alles \u00fcber Minikredite und Rahmenkredite.\" \/>\n<meta property=\"og:url\" content=\"https:\/\/loanstar.com\/de\/kredite\/1000-euro-kredit\/\" \/>\n<meta property=\"og:site_name\" content=\"Loanstar Deutschland\" \/>\n<meta property=\"article:modified_time\" content=\"2019-07-07T08:55:18+00:00\" \/>\n<meta name=\"twitter:card\" content=\"summary_large_image\" \/>\n<meta name=\"twitter:label1\" content=\"Gesch\u00e4tzte Lesezeit\" \/>\n\t<meta name=\"twitter:data1\" content=\"6\u00a0Minuten\" \/>\n<script type=\"application\/ld+json\" class=\"yoast-schema-graph\">{\"@context\":\"https:\/\/schema.org\",\"@graph\":[{\"@type\":\"WebPage\",\"@id\":\"https:\/\/loanstar.com\/de\/kredite\/1000-euro-kredit\/\",\"url\":\"https:\/\/loanstar.com\/de\/kredite\/1000-euro-kredit\/\",\"name\":\"1.000-Euro-Kredit - So profitieren Sie von den besten Konditionen\",\"isPartOf\":{\"@id\":\"https:\/\/loanstar.com\/de\/#website\"},\"datePublished\":\"2018-10-04T19:19:49+00:00\",\"dateModified\":\"2019-07-07T08:55:18+00:00\",\"description\":\"Ein ,000-Euro-Kredit hilft dabei, kurzfristige, unerwartete Mehrausgaben zu bew\u00e4ltigen. Hier erfahren Sie alles \u00fcber Minikredite und Rahmenkredite.\",\"breadcrumb\":{\"@id\":\"https:\/\/loanstar.com\/de\/kredite\/1000-euro-kredit\/#breadcrumb\"},\"inLanguage\":\"de\",\"potentialAction\":[{\"@type\":\"ReadAction\",\"target\":[\"https:\/\/loanstar.com\/de\/kredite\/1000-euro-kredit\/\"]}]},{\"@type\":\"BreadcrumbList\",\"@id\":\"https:\/\/loanstar.com\/de\/kredite\/1000-euro-kredit\/#breadcrumb\",\"itemListElement\":[{\"@type\":\"ListItem\",\"position\":1,\"name\":\"Deutschland\",\"item\":\"https:\/\/loanstar.com\/de\/\"},{\"@type\":\"ListItem\",\"position\":2,\"name\":\"Kredite online finden\",\"item\":\"https:\/\/loanstar.com\/de\/kredite\/\"},{\"@type\":\"ListItem\",\"position\":3,\"name\":\"1.000-Euro-Kredit\"}]},{\"@type\":\"WebSite\",\"@id\":\"https:\/\/loanstar.com\/de\/#website\",\"url\":\"https:\/\/loanstar.com\/de\/\",\"name\":\"Loanstar Deutschland\",\"description\":\"Kredite vergleichen\",\"potentialAction\":[{\"@type\":\"SearchAction\",\"target\":{\"@type\":\"EntryPoint\",\"urlTemplate\":\"https:\/\/loanstar.com\/de\/?s={search_term_string}\"},\"query-input\":\"required name=search_term_string\"}],\"inLanguage\":\"de\"}]}<\/script>\n<!-- \/ Yoast SEO plugin. -->","yoast_head_json":{"title":"1.000-Euro-Kredit - So profitieren Sie von den besten Konditionen","description":"Ein ,000-Euro-Kredit hilft dabei, kurzfristige, unerwartete Mehrausgaben zu bew\u00e4ltigen. Hier erfahren Sie alles \u00fcber Minikredite und Rahmenkredite.","robots":{"index":"index","follow":"follow","max-snippet":"max-snippet:-1","max-image-preview":"max-image-preview:large","max-video-preview":"max-video-preview:-1"},"canonical":"https:\/\/loanstar.com\/de\/kredite\/1000-euro-kredit\/","og_locale":"de_DE","og_type":"article","og_title":"1.000-Euro-Kredit - So profitieren Sie von den besten Konditionen","og_description":"Ein ,000-Euro-Kredit hilft dabei, kurzfristige, unerwartete Mehrausgaben zu bew\u00e4ltigen. Hier erfahren Sie alles \u00fcber Minikredite und Rahmenkredite.","og_url":"https:\/\/loanstar.com\/de\/kredite\/1000-euro-kredit\/","og_site_name":"Loanstar Deutschland","article_modified_time":"2019-07-07T08:55:18+00:00","twitter_card":"summary_large_image","twitter_misc":{"Gesch\u00e4tzte Lesezeit":"6\u00a0Minuten"},"schema":{"@context":"https:\/\/schema.org","@graph":[{"@type":"WebPage","@id":"https:\/\/loanstar.com\/de\/kredite\/1000-euro-kredit\/","url":"https:\/\/loanstar.com\/de\/kredite\/1000-euro-kredit\/","name":"1.000-Euro-Kredit - So profitieren Sie von den besten Konditionen","isPartOf":{"@id":"https:\/\/loanstar.com\/de\/#website"},"datePublished":"2018-10-04T19:19:49+00:00","dateModified":"2019-07-07T08:55:18+00:00","description":"Ein ,000-Euro-Kredit hilft dabei, kurzfristige, unerwartete Mehrausgaben zu bew\u00e4ltigen. Hier erfahren Sie alles \u00fcber Minikredite und Rahmenkredite.","breadcrumb":{"@id":"https:\/\/loanstar.com\/de\/kredite\/1000-euro-kredit\/#breadcrumb"},"inLanguage":"de","potentialAction":[{"@type":"ReadAction","target":["https:\/\/loanstar.com\/de\/kredite\/1000-euro-kredit\/"]}]},{"@type":"BreadcrumbList","@id":"https:\/\/loanstar.com\/de\/kredite\/1000-euro-kredit\/#breadcrumb","itemListElement":[{"@type":"ListItem","position":1,"name":"Deutschland","item":"https:\/\/loanstar.com\/de\/"},{"@type":"ListItem","position":2,"name":"Kredite online finden","item":"https:\/\/loanstar.com\/de\/kredite\/"},{"@type":"ListItem","position":3,"name":"1.000-Euro-Kredit"}]},{"@type":"WebSite","@id":"https:\/\/loanstar.com\/de\/#website","url":"https:\/\/loanstar.com\/de\/","name":"Loanstar Deutschland","description":"Kredite vergleichen","potentialAction":[{"@type":"SearchAction","target":{"@type":"EntryPoint","urlTemplate":"https:\/\/loanstar.com\/de\/?s={search_term_string}"},"query-input":"required name=search_term_string"}],"inLanguage":"de"}]}},"_links":{"self":[{"href":"https:\/\/loanstar.com\/de\/wp-json\/wp\/v2\/pages\/183"}],"collection":[{"href":"https:\/\/loanstar.com\/de\/wp-json\/wp\/v2\/pages"}],"about":[{"href":"https:\/\/loanstar.com\/de\/wp-json\/wp\/v2\/types\/page"}],"author":[{"embeddable":true,"href":"https:\/\/loanstar.com\/de\/wp-json\/wp\/v2\/users\/1"}],"replies":[{"embeddable":true,"href":"https:\/\/loanstar.com\/de\/wp-json\/wp\/v2\/comments?post=183"}],"version-history":[{"count":3,"href":"https:\/\/loanstar.com\/de\/wp-json\/wp\/v2\/pages\/183\/revisions"}],"predecessor-version":[{"id":306,"href":"https:\/\/loanstar.com\/de\/wp-json\/wp\/v2\/pages\/183\/revisions\/306"}],"up":[{"embeddable":true,"href":"https:\/\/loanstar.com\/de\/wp-json\/wp\/v2\/pages\/9"}],"wp:attachment":[{"href":"https:\/\/loanstar.com\/de\/wp-json\/wp\/v2\/media?parent=183"}],"curies":[{"name":"wp","href":"https:\/\/api.w.org\/{rel}","templated":true}]}}