{"id":181,"date":"2018-10-04T19:18:45","date_gmt":"2018-10-04T19:18:45","guid":{"rendered":"http:\/\/loanstar.com\/de\/?page_id=181"},"modified":"2019-07-07T12:28:57","modified_gmt":"2019-07-07T10:28:57","slug":"500-euro-kredit","status":"publish","type":"page","link":"https:\/\/loanstar.com\/de\/kredite\/500-euro-kredit\/","title":{"rendered":"500-Euro-Kredit"},"content":{"rendered":"<h2>500-Euro-Kredit &#8211; die rasche Finanzspritze<\/h2>\n<p>Manchmal kommt man in eine Situation, in der man schnell Geld ben\u00f6tigt, eine Erfahrung, die viele Menschen machen. Ein kurzfristiger finanzieller Engpass kann mitunter sehr pl\u00f6tzlich auftreten, zum Beispiel wenn das hei\u00df geliebte Smartphone durch einen unvorsichtigen Moment auf den Boden kracht und kaputtgeht. In solchen F\u00e4llen muss schnellstm\u00f6glich ein neues Smartphone her. Auch defekte Haushaltsger\u00e4te wie K\u00fchlschrank, Waschmaschine und anderen essentielle Helfer sind meist unverzichtbar, und m\u00fcssen meist umgehend neu angeschafft werden. Was aber tun, wenn daf\u00fcr das ben\u00f6tigte Kleingeld fehlt? Ein 500-Euro-Kredit k\u00f6nnte helfen.<\/p>\n<p>F\u00fcr viele Betroffene erscheint die \u00dcberziehung des Girokontos im ersten Moment vielleicht verlockend. Doch sie liegen meist falsch: Denn eine l\u00e4ngerfristige Konto\u00fcberziehung kann sich bald zu einer teuren Angelegenheit summieren: Stichwort Zinseffekt. Die j\u00e4hrlichen Dispositionszinsen liegen derzeit f\u00fcr den deutschen Markt bei bis zu 17 Prozent. Ein Dispokredit sollte also am besten gar nicht, und wenn, dann nur in Ausnahmef\u00e4llen genutzt werden. Wenn Sie \u00fcber l\u00e4ngere Zeit einen Kleinbetrag an Geld leihen m\u00f6chten, dann ist die <a href=\"http:\/\/loanstar.com\/de\/kredite\/minikredit\/\">Aufnahme eines Klein- oder Minikredits<\/a> \u00fcber 500 Euro wahrscheinlich die deutlich bessere L\u00f6sung. Ein Kleinkredit ist n\u00e4mlich in der Regel viel g\u00fcnstiger als ein Dispokredit und Sie k\u00f6nnen diesen ganz einfach in monatlich flexiblen Raten abbezahlen.<\/p>\n<h2>Unser Vergleichsrechner f\u00fcr 500-Euro-Kredite<\/h2>\n<p>Sich mal eben schnell 500 Euro leihen &#8211; das h\u00f6rt sich zun\u00e4chst einfach und ungef\u00e4hrlich an. Dennoch sollte man einem Kredit immer mit viel Vorsicht begegnen, denn die Konditionen sind nicht selten t\u00fcckisch und treiben die Kosten in die H\u00f6he. Auch bei kleineren Geldbetr\u00e4gen lohnt sich daher ein <a href=\"http:\/\/loanstar.com\/de\/kredite\/\">Kreditvergleich<\/a> und eine sorgf\u00e4ltige Analyse der Konditionen. Gerade bei kleinen Betr\u00e4gen tendiert man n\u00e4mlich gern einmal zu \u00fcbereilten Kreditabschl\u00fcssen, da diese durch die geringen Summen g\u00fcnstig wirken. Doch der Schein tr\u00fcgt nicht selten und man bezahlt am Ende zu viel.<br \/>\nAuch ein noch so kleiner Kleinkredit bedeutet das Aufnehmen von Schulden, die man abbezahlen muss. Und je g\u00fcnstiger die Konditionen f\u00fcr das Darlehen sind, desto besser. Dies erscheint zwar logisch, wird aber h\u00e4ufig ignoriert. Auch bei kleinen Betr\u00e4gen sollten die Kreditkosten in einem vern\u00fcnftigen Verh\u00e4ltnis zur Kreditsumme stehen. Dazu kommt, dass anders als bei h\u00f6heren Summen, wie beispielsweise bei einem <a href=\"http:\/\/loanstar.com\/de\/kredite\/hypothekendarlehen\/\">Hypothekarkredit<\/a>, bei einem 500-Euro-Kredit die Laufzeit eine eher unwichtige Rolle spielt. Nur wenige Kreditgeber bieten f\u00fcr derart kleine Summen Laufzeiten, die \u00fcber drei Monate hinausgehen. Deshalb sollte man sich bei dieser Kreditart eher auf den Zinssatz konzentrieren.<\/p>\n<p>Nutzen Sie unsere Vergleichsm\u00f6glichkeiten f\u00fcr 500-Euro-Kredite\u00a0 &#8211; hier finden Sie sicherlich den f\u00fcr Sie perfekten Anbieter. Die Reihung der verschiedenen Darlehen erfolgt nach Gesamtkosten. Mit unserem Kreditvergleich k\u00f6nnen Sie auf einen Blick die Zinszahlungen, Laufzeiten und vieles mehr zwischen allen Anbietern vergleichen.<\/p>\n<h2>500-Euro-Kredit: M\u00f6gliche Verwendungszwecke<\/h2>\n<p>Wenn Sie sich bei der Bank 500 Euro leihen, sind Sie in der Regel nicht an einen bestimmten Verwendungszweck gebunden und k\u00f6nnen frei \u00fcber das Geld verf\u00fcgen. Nur bei sogenannten zweckgebundenen Krediten, etwa einem Autokredit, sind Sie verpflichtet, Nachweise \u00fcber die Ausgabe zu erbringen. H\u00e4ufig ist es ohnehin so, dass ein 500-Euro-Kredit als kurze Finanzspritze f\u00fcr den allt\u00e4glichen Bedarf genutzt wird. Denkbar ist mit einem solchen Kleinkredit auch ein Ausgleich des Dispokredits auf dem Girokonto. Und dies macht auch Sinn: Die Zinsen f\u00fcr diesen sind in der Regel deutlich h\u00f6her als bei einem Ratenkredit \u00fcber 500 Euro. Letztlich k\u00f6nnen Sie durch einen solchen Schritt Zinsen sparen \u2013 zur\u00fcckzahlen m\u00fcssen Sie das Geld schlie\u00dflich so oder so. Dann doch lieber g\u00fcnstig&#8230;<\/p>\n<h2>Worauf Sie bei einem 500-Euro-Kredit achten sollten<\/h2>\n<p>Bevor Sie sich endg\u00fcltig f\u00fcr ein Darlehen von 500 Euro entscheiden, sollten Sie allerdings einige grundlegende Dinge beachten. Folgende Fragen sollten Sie f\u00fcr sich beantworten, um weitgehend sichergehen zu k\u00f6nnen, dass Sie im sp\u00e4teren Verlauf nichts bereuen werden:<\/p>\n<ul>\n<li>Vergewissern Sie sich, dass Sie den geliehenen Geldbetrag tats\u00e4chlich binnen 30 bis 60 Tagen zur\u00fcckzahlen k\u00f6nnen.<\/li>\n<li>Haben Sie schon von Anfang an das Gef\u00fchl, dass Sie die R\u00fcckzahlung des f\u00e4lligen Betrages nicht rechtzeitig schaffen? Dann ist die <a href=\"http:\/\/loanstar.com\/de\/kredite\/privatkredit\/\">Aufnahme eines Privatkredits<\/a> wahrscheinlich die bessere L\u00f6sung f\u00fcr Sie. Diesen k\u00f6nnen Sie im Rahmen der kostenlosen Sondertilgung begleichen, sobald Sie wieder \u00fcber gen\u00fcgend liquide Mittel verf\u00fcgen. So sparen Sie Zinskosten f\u00fcr lange Laufzeiten. Beachten Sie aber in diesem Fall, dass Sie einen Privatkredit nur bei Erf\u00fcllung der Bonit\u00e4tsanforderungen erhalten.<\/li>\n<li>500-Euro-Kredite werden in den meisten F\u00e4llen innerhalb eines Monats f\u00e4llig. Eine Verl\u00e4ngerung der Laufzeit ist zwar m\u00f6glich, aber oftmals mit Zusatzkosten verbunden. In Deutschland zahlen Sie bei einem 500-Euro-Kredit mit einer Laufzeit von 30 Tagen zwischen drei und sechs Euro Zinsen.<\/li>\n<li>Die Auszahlung erfolgt bei 500-Euro-Krediten in der Regel innerhalb weniger Tage. Die Auszahlung kann auch innerhalb eines Tages erfolgen, was aber mit zus\u00e4tzlichen Kosten verbunden ist. Lesen Sie dazu am besten die Details der jeweiligen Anbieter, wenn Sie unseren <a href=\"http:\/\/loanstar.com\/de\/kredite\/\">Kreditvergleich<\/a> nutzen.<\/li>\n<\/ul>\n<h2>Wer erh\u00e4lt einen 500-Euro-Kredit?<\/h2>\n<p>Auch bei einem Kleinkredit bis 500 Euro kommt man in der Regel nicht um eine Bonit\u00e4tspr\u00fcfung herum, da in Deutschland diese Pr\u00fcfung f\u00fcr alle Banken und Kreditinstitute Pflicht ist. Die Bank, die den Kredit auszahlen soll, holt sich daf\u00fcr eine Auskunft bei der Schufa. Wirbt ein Anbieter mit Krediten ohne Bonit\u00e4tspr\u00fcfung, sollten Sie entsprechend vorsichtig sein. Oft sind solche Angebote nicht seri\u00f6s. Obendrein werden von solchen Anbietern nicht selten viel zu hohe Zinsen verlangt. Nicht zuletzt besteht bei derartigen Angeboten die M\u00f6glichkeit, dass es sich um einen Betrugsversuch handelt.<\/p>\n<p>Etwas anders ist die Situation bei ausl\u00e4ndischen Banken. Da diese h\u00e4ufig nicht mit Auskunfteien wie der Schufa zusammenarbeiten m\u00fcssen, ist es dort zum Teil m\u00f6glich, Kredite auch ohne Bonit\u00e4tspr\u00fcfung zu erhalten. Allerdings k\u00f6nnen Sie bei diesen Banken den Kreditbetrag in den meisten F\u00e4llen nicht frei w\u00e4hlen. Auch die Laufzeit sowie die monatliche R\u00fcckzahlungsrate k\u00f6nnen in solchen F\u00e4llen meist nicht von Ihnen selbst festgelegt werden.<\/p>\n<h2>Ihr 500-Euro-Kredit in wenigen Schritten<\/h2>\n<ol>\n<li><strong>Angebote im Vergleichsrechner pr\u00fcfen<\/strong><br \/>\nBevor Sie sich f\u00fcr einen 500-Euro-Kredit entscheiden, pr\u00fcfen Sie vorab genau die bestehenden Angebote. W\u00e4hlen Sie daf\u00fcr im <a href=\"http:\/\/loanstar.com\/de\/kredite\/\">LoanStar Vergleichsrechner<\/a> einfach eine Laufzeit und den Verwendungszweck aus und geben Sie den gew\u00fcnschten Kreditbetrag ein: In diesem Fall 500 Euro. Die Kredite der besten Anbieter inklusive aller Konditionen werden Ihnen dann auf Knopfdruck unmittelbar angezeigt.<\/li>\n<li><strong>Weitere Infos einholen<\/strong><br \/>\nMit nur einem Klick k\u00f6nnen Sie fortan direkt auf die Seite aller Banken oder Kreditinstitute wechseln, und weitere Infos einholen. Informieren Sie sich auch dort umfassend \u00fcber die genauen Konditionen des 500-Euro-Kredits, damit Sie keine wichtigen Details \u00fcbersehen. Alternativ k\u00f6nnen Sie den Anbieter f\u00fcr die Einholung weiterer Informationen meist auch telefonisch erreichen.<\/li>\n<li><strong>Beantragung des Kredites<\/strong><br \/>\nDer Kredit selbst kann in der Regel ganz einfach \u00fcber ein entsprechendes Online-Formular beantragt werden. Dieses finden Sie ebenfalls auf der Seite des Anbieters. F\u00fcllen Sie das Formular vollst\u00e4ndig aus und senden Sie es an die Bank.<\/li>\n<li><strong>Vertragsunterlagen unterzeichnen und einsenden<\/strong><br \/>\nNach erfolgreicher Pr\u00fcfung Ihres Antrags sendet Ihnen die Bank die Vertragsunterlagen zu. In der Regel gen\u00fcgt es, den Vertrag zu unterschreiben und ihn per Post an die Bank zur\u00fcckzuschicken.<\/li>\n<li><strong>Kredit erhalten<\/strong><br \/>\nIm Anschluss wird Ihnen die beantragte Summe auf Ihr Referenzkonto \u00fcberwiesen.<br \/>\nSo einfach erhalten Sie einen 500-Euro-Kredit! Nun k\u00f6nnen Sie ihre dringenden Ausgaben t\u00e4tigen.<\/li>\n<\/ol>\n<p>&nbsp;<\/p>\n<p>Sie ben\u00f6tigen einen h\u00f6heren Kredit? Erfahren Sie hier mehr \u00fcber einen <a href=\"http:\/\/loanstar.com\/de\/kredite\/2000-euro-kredit\/\">2000-Euro-Kredit<\/a>, oder <a href=\"http:\/\/loanstar.com\/de\/kredite\/3000-euro-kredit\/\">3000-Euro-Kredit.<\/a><\/p>\n","protected":false},"excerpt":{"rendered":"<p>500-Euro-Kredit &#8211; die rasche Finanzspritze Manchmal kommt man in eine Situation, in der man schnell Geld ben\u00f6tigt, eine Erfahrung, die&#8230;<\/p>\n","protected":false},"author":1,"featured_media":0,"parent":9,"menu_order":0,"comment_status":"closed","ping_status":"closed","template":"templates\/calculator-follow-up.php","meta":{"footnotes":""},"yoast_head":"<!-- This site is optimized with the Yoast SEO plugin v21.0 - https:\/\/yoast.com\/wordpress\/plugins\/seo\/ -->\n<title>500-Euro-Kredit - jetzt Anbieter vergleichen mit LoanStar<\/title>\n<meta name=\"description\" content=\"Ein 500-Euro-Kredit kann in vielerlei Hinsicht n\u00fctzlich sein, vor allem um kleine Ausgaben zu t\u00e4tigen. Bei LoanStar k\u00f6nnen Sie eine Vielzahl von Angeboten vergleichen.\" \/>\n<meta name=\"robots\" content=\"index, follow, max-snippet:-1, max-image-preview:large, max-video-preview:-1\" \/>\n<link rel=\"canonical\" href=\"https:\/\/loanstar.com\/de\/kredite\/500-euro-kredit\/\" \/>\n<meta property=\"og:locale\" content=\"de_DE\" \/>\n<meta property=\"og:type\" content=\"article\" \/>\n<meta property=\"og:title\" content=\"500-Euro-Kredit - jetzt Anbieter vergleichen mit LoanStar\" \/>\n<meta property=\"og:description\" content=\"Ein 500-Euro-Kredit kann in vielerlei Hinsicht n\u00fctzlich sein, vor allem um kleine Ausgaben zu t\u00e4tigen. Bei LoanStar k\u00f6nnen Sie eine Vielzahl von Angeboten vergleichen.\" \/>\n<meta property=\"og:url\" content=\"https:\/\/loanstar.com\/de\/kredite\/500-euro-kredit\/\" \/>\n<meta property=\"og:site_name\" content=\"Loanstar Deutschland\" \/>\n<meta property=\"article:modified_time\" content=\"2019-07-07T10:28:57+00:00\" \/>\n<meta name=\"twitter:card\" content=\"summary_large_image\" \/>\n<meta name=\"twitter:label1\" content=\"Gesch\u00e4tzte Lesezeit\" \/>\n\t<meta name=\"twitter:data1\" content=\"6\u00a0Minuten\" \/>\n<script type=\"application\/ld+json\" class=\"yoast-schema-graph\">{\"@context\":\"https:\/\/schema.org\",\"@graph\":[{\"@type\":\"WebPage\",\"@id\":\"https:\/\/loanstar.com\/de\/kredite\/500-euro-kredit\/\",\"url\":\"https:\/\/loanstar.com\/de\/kredite\/500-euro-kredit\/\",\"name\":\"500-Euro-Kredit - jetzt Anbieter vergleichen mit LoanStar\",\"isPartOf\":{\"@id\":\"https:\/\/loanstar.com\/de\/#website\"},\"datePublished\":\"2018-10-04T19:18:45+00:00\",\"dateModified\":\"2019-07-07T10:28:57+00:00\",\"description\":\"Ein 500-Euro-Kredit kann in vielerlei Hinsicht n\u00fctzlich sein, vor allem um kleine Ausgaben zu t\u00e4tigen. Bei LoanStar k\u00f6nnen Sie eine Vielzahl von Angeboten vergleichen.\",\"breadcrumb\":{\"@id\":\"https:\/\/loanstar.com\/de\/kredite\/500-euro-kredit\/#breadcrumb\"},\"inLanguage\":\"de\",\"potentialAction\":[{\"@type\":\"ReadAction\",\"target\":[\"https:\/\/loanstar.com\/de\/kredite\/500-euro-kredit\/\"]}]},{\"@type\":\"BreadcrumbList\",\"@id\":\"https:\/\/loanstar.com\/de\/kredite\/500-euro-kredit\/#breadcrumb\",\"itemListElement\":[{\"@type\":\"ListItem\",\"position\":1,\"name\":\"Deutschland\",\"item\":\"https:\/\/loanstar.com\/de\/\"},{\"@type\":\"ListItem\",\"position\":2,\"name\":\"Kredite online finden\",\"item\":\"https:\/\/loanstar.com\/de\/kredite\/\"},{\"@type\":\"ListItem\",\"position\":3,\"name\":\"500-Euro-Kredit\"}]},{\"@type\":\"WebSite\",\"@id\":\"https:\/\/loanstar.com\/de\/#website\",\"url\":\"https:\/\/loanstar.com\/de\/\",\"name\":\"Loanstar Deutschland\",\"description\":\"Kredite vergleichen\",\"potentialAction\":[{\"@type\":\"SearchAction\",\"target\":{\"@type\":\"EntryPoint\",\"urlTemplate\":\"https:\/\/loanstar.com\/de\/?s={search_term_string}\"},\"query-input\":\"required name=search_term_string\"}],\"inLanguage\":\"de\"}]}<\/script>\n<!-- \/ Yoast SEO plugin. -->","yoast_head_json":{"title":"500-Euro-Kredit - jetzt Anbieter vergleichen mit LoanStar","description":"Ein 500-Euro-Kredit kann in vielerlei Hinsicht n\u00fctzlich sein, vor allem um kleine Ausgaben zu t\u00e4tigen. Bei LoanStar k\u00f6nnen Sie eine Vielzahl von Angeboten vergleichen.","robots":{"index":"index","follow":"follow","max-snippet":"max-snippet:-1","max-image-preview":"max-image-preview:large","max-video-preview":"max-video-preview:-1"},"canonical":"https:\/\/loanstar.com\/de\/kredite\/500-euro-kredit\/","og_locale":"de_DE","og_type":"article","og_title":"500-Euro-Kredit - jetzt Anbieter vergleichen mit LoanStar","og_description":"Ein 500-Euro-Kredit kann in vielerlei Hinsicht n\u00fctzlich sein, vor allem um kleine Ausgaben zu t\u00e4tigen. Bei LoanStar k\u00f6nnen Sie eine Vielzahl von Angeboten vergleichen.","og_url":"https:\/\/loanstar.com\/de\/kredite\/500-euro-kredit\/","og_site_name":"Loanstar Deutschland","article_modified_time":"2019-07-07T10:28:57+00:00","twitter_card":"summary_large_image","twitter_misc":{"Gesch\u00e4tzte Lesezeit":"6\u00a0Minuten"},"schema":{"@context":"https:\/\/schema.org","@graph":[{"@type":"WebPage","@id":"https:\/\/loanstar.com\/de\/kredite\/500-euro-kredit\/","url":"https:\/\/loanstar.com\/de\/kredite\/500-euro-kredit\/","name":"500-Euro-Kredit - jetzt Anbieter vergleichen mit LoanStar","isPartOf":{"@id":"https:\/\/loanstar.com\/de\/#website"},"datePublished":"2018-10-04T19:18:45+00:00","dateModified":"2019-07-07T10:28:57+00:00","description":"Ein 500-Euro-Kredit kann in vielerlei Hinsicht n\u00fctzlich sein, vor allem um kleine Ausgaben zu t\u00e4tigen. Bei LoanStar k\u00f6nnen Sie eine Vielzahl von Angeboten vergleichen.","breadcrumb":{"@id":"https:\/\/loanstar.com\/de\/kredite\/500-euro-kredit\/#breadcrumb"},"inLanguage":"de","potentialAction":[{"@type":"ReadAction","target":["https:\/\/loanstar.com\/de\/kredite\/500-euro-kredit\/"]}]},{"@type":"BreadcrumbList","@id":"https:\/\/loanstar.com\/de\/kredite\/500-euro-kredit\/#breadcrumb","itemListElement":[{"@type":"ListItem","position":1,"name":"Deutschland","item":"https:\/\/loanstar.com\/de\/"},{"@type":"ListItem","position":2,"name":"Kredite online finden","item":"https:\/\/loanstar.com\/de\/kredite\/"},{"@type":"ListItem","position":3,"name":"500-Euro-Kredit"}]},{"@type":"WebSite","@id":"https:\/\/loanstar.com\/de\/#website","url":"https:\/\/loanstar.com\/de\/","name":"Loanstar Deutschland","description":"Kredite vergleichen","potentialAction":[{"@type":"SearchAction","target":{"@type":"EntryPoint","urlTemplate":"https:\/\/loanstar.com\/de\/?s={search_term_string}"},"query-input":"required name=search_term_string"}],"inLanguage":"de"}]}},"_links":{"self":[{"href":"https:\/\/loanstar.com\/de\/wp-json\/wp\/v2\/pages\/181"}],"collection":[{"href":"https:\/\/loanstar.com\/de\/wp-json\/wp\/v2\/pages"}],"about":[{"href":"https:\/\/loanstar.com\/de\/wp-json\/wp\/v2\/types\/page"}],"author":[{"embeddable":true,"href":"https:\/\/loanstar.com\/de\/wp-json\/wp\/v2\/users\/1"}],"replies":[{"embeddable":true,"href":"https:\/\/loanstar.com\/de\/wp-json\/wp\/v2\/comments?post=181"}],"version-history":[{"count":3,"href":"https:\/\/loanstar.com\/de\/wp-json\/wp\/v2\/pages\/181\/revisions"}],"predecessor-version":[{"id":312,"href":"https:\/\/loanstar.com\/de\/wp-json\/wp\/v2\/pages\/181\/revisions\/312"}],"up":[{"embeddable":true,"href":"https:\/\/loanstar.com\/de\/wp-json\/wp\/v2\/pages\/9"}],"wp:attachment":[{"href":"https:\/\/loanstar.com\/de\/wp-json\/wp\/v2\/media?parent=181"}],"curies":[{"name":"wp","href":"https:\/\/api.w.org\/{rel}","templated":true}]}}