{"id":179,"date":"2018-10-04T19:16:12","date_gmt":"2018-10-04T19:16:12","guid":{"rendered":"http:\/\/loanstar.com\/de\/?page_id=179"},"modified":"2019-07-07T11:53:34","modified_gmt":"2019-07-07T09:53:34","slug":"firmenkredit","status":"publish","type":"page","link":"https:\/\/loanstar.com\/de\/kredite\/firmenkredit\/","title":{"rendered":"Firmenkredit"},"content":{"rendered":"<h2>Erfolgreich durchstarten mit einem Firmenkredit<\/h2>\n<p><strong>Jetzt in Ihr berufliches Vorhaben investieren &#8211; mit einem Firmenkredit haben Sie die M\u00f6glichkeit, auf einfachem Wege an Kapital zu gelangen, und Ihrem Unternehmen auf die Spr\u00fcngen zu helfen.<\/strong><\/p>\n<p>Unabh\u00e4ngig davon, ob Sie ein kleines \u00dcbersetzungsb\u00fcro er\u00f6ffnen, ob Sie Produkte Online vertreiben m\u00f6chten oder ob Sie ein Handwerker sind, der den n\u00e4chsten Schritt wagen will &#8211; mit einem Firmenkredit haben Sie die Chance, in Ihr Vorhaben zu investieren. Auch wenn Ihr eigenes Unternehmen schon l\u00e4nger besteht, kann Ihnen ein Firmenkredit \u00fcberaus n\u00fctzlich sein. Sie k\u00f6nnen mithilfe von diesem beispielsweise Ihr Gesch\u00e4ft aufr\u00fcsten, oder auch unerwartete finanzielle H\u00fcrden meistern. Diese Arten von Kredit sind relativ vielf\u00e4ltig. Im Gegensatz zum <a href=\"http:\/\/loanstar.com\/de\/kredite\/privatkredit\/\">Privatkredit<\/a> decken diese alle Zwecke ab, die mit einem Unternehmen oder einer selbstst\u00e4ndigen T\u00e4tigkeit verbunden sind. Die verschiedenen Formen eines Firmenkredits m\u00f6chten wir Ihnen gerne n\u00e4her bringen.<\/p>\n<p>Generell k\u00f6nnen Firmenkreditbetr\u00e4ge ein breites finanzielles Spektrum zwischen 5.000 und 250.000 Euro umfassen. Dabei handelt es sich um Normwerte der einzelnen Anbieter. Spezialisierte Kreditgeber k\u00f6nnen in ihren Konditionen mitunter abweichen und sogar h\u00f6here Kredite gew\u00e4hrleisten. Zinss\u00e4tze und Laufzeiten h\u00e4ngen grunds\u00e4tzlich von der Kreditw\u00fcrdigkeit des bestehenden Unternehmens , sowie vom Existenzgr\u00fcnder und der Qualit\u00e4t des eingereichten Businessplans ab.<\/p>\n<h3>Kurzzeitiger Firmenkredit f\u00fcr bestehende Unternehmen<\/h3>\n<p>Vor allem bei kleinen und mittelst\u00e4ndischen Unternehmen kommt es h\u00e4ufig vor, dass diese mit pl\u00f6tzlichen finanziellen Schwierigkeiten konfrontiert werden. Dies kann vielerlei Gr\u00fcnde haben. So k\u00f6nnen zum Beispiel Auftr\u00e4ge ausbleiben oder sie werden storniert, die Einf\u00fchrung einer neuen Produktlinie kann fehlschlagen oder es kann zu gesonderte Aufw\u00e4nde durch Reparaturen kommen. Ist keine ausreichende finanzielle Spanne vorhanden, k\u00f6nnen solche Situationen zu Problemen f\u00fchren. Ein kurzzeitiger Firmenkredit kann die perfekte L\u00f6sung sein, solche Phasen unbeschadet zu \u00fcberstehen.<\/p>\n<p>Wie der Name schon verr\u00e4t, handelt es sich bei einem kurzzeitigen Firmenkredit um einen Kredit, der auf kurzer Laufzeit basiert. Dieser ist zum Beispiel mit einem Kleinkredit f\u00fcr Privatpersonen zu vergleichen, der eine schnelle Auszahlung einer begrenzten Summe erm\u00f6glicht. Wichtig ist hierbei, dass Unternehmen k\u00fcnftig auf den Eingang neuer finanzieller Mittel bauen k\u00f6nnen, um den Kredit auch wieder begleichen zu k\u00f6nnen. Falls \u00fcberzeugende Dokumente zur Kreditw\u00fcrdigkeit des Unternehmens eingereicht werden k\u00f6nnen, stehen die Chancen gut, g\u00fcnstige Kreditkonditionen zu erhalten.<\/p>\n<h3>Langfristiger Firmenkredit f\u00fcr Existenzgr\u00fcnder und Investitionen<\/h3>\n<p>Ein langfristiger Firmenkredit basiert, wie der Name schon sagt, auf langanhaltender Laufzeit. Die Laufzeit ist meist ab einer Zeitspanne von 4 Jahren m\u00f6glich. Diese Art von Kredit n\u00fctzen haupts\u00e4chlich Existenzgr\u00fcnder, die nicht gen\u00fcgend Eigenkapital f\u00fcr den Aufbau einer eigenen Firma besitzen. Dar\u00fcber hinaus k\u00f6nnen von diesem Kredit aber auch existierende Unternehmen profitieren. Man spricht oft auch von einem sogenannten Investitionskredit, der zum Beispiel in folgenden Bereichen eingesetzt wird:<\/p>\n<ul>\n<li>Unternehmensgr\u00fcndung<\/li>\n<li>Modernisierung<\/li>\n<li>Anschaffung von Maschinen, Fahrzeugen oder neuen Technologien<\/li>\n<li>Standortinvestitionen<\/li>\n<\/ul>\n<p>Je nach Kreditgeber kann man unterschiedliche Bedingungen bez\u00fcglich des Kredits erwarten. Wichtig ist nicht zuletzt zu beachten, dass sich die Mindestsumme des Kredits f\u00fcr den Investor auszahlen muss, denn ein Firmenkredit ist oftmals mit gro\u00dfen Risiken verbunden. Erfolgt die Anfrage also \u00fcber einen zu geringen Betrag, kann der Kreditgeber diesen ablehnen.<\/p>\n<h2>Diese Kriterien m\u00fcssen Sie f\u00fcr einen Firmenkredit erf\u00fcllen<\/h2>\n<p>Es wurde bereits deutlich gemacht, dass Privatpersonen nicht dazu berechtigt sind, einen Firmenkredit zu beantragen, denn diese sind ausschlie\u00dflich f\u00fcr Unternehmen, Selbstst\u00e4ndige und Freiberufler geeignet. Auch muss ein Firmenkredit unter Angabe eines Zwecks beantragt werden, der die Auswirkung auf das Unternehmen verdeutlicht. Ein solcher Kredit kann allerdings sowohl von nat\u00fcrlichen und juristischen<br \/>\nPersonen als auch von Personengesellschaften beantragt werden. Unterschiede gibt es hierbei zwischen bestehenden Unternehmen und Existenzgr\u00fcndern.<\/p>\n<h3>Voraussetzungen f\u00fcr bestehende Unternehmen<\/h3>\n<p>Bevor Sie als bestehendes Unternehmen einen Firmenkredit erhalten k\u00f6nnen, wird die Kreditw\u00fcrdigkeit Ihres Unternehmens gepr\u00fcft. Daf\u00fcr werden Informationen von Auskunfteien eingeholt. Diese agieren \u00e4hnlich wie die Schufa, sind allerdings auf Unternehmen spezialisiert. Sie werden au\u00dferdem dazu aufgefordert, die gesamte finanzielle Situation Ihrer Firma offenzulegen. Dabei sollte nichts unterm Tisch gelassen werden, da Ihre Vertrauensw\u00fcrdigkeit gro\u00dfen Einfluss auf die Konditionen Ihres Kredits haben kann. Denken Sie daran, dass eine Bank mit diversen Hilfsmitteln oft selbst die kleinsten Details herausfinden kann.<\/p>\n<p>Die Bank kann eine ganze Reihe von Dokumenten von Ihnen anfordern, unter welche zum Beispiel folgende fallen:<\/p>\n<ul>\n<li>Steuerbescheide<\/li>\n<li>Handelsregisterausz\u00fcge<\/li>\n<li>Betriebswirtschaftliche Auswertungen<\/li>\n<li>Bilanzen<\/li>\n<li>Kontoausz\u00fcge<\/li>\n<li>Satzungen und Vertr\u00e4ge<\/li>\n<\/ul>\n<p>Damit die Kreditw\u00fcrdigkeit letztendlich bewertet werden kann, nutzen viele Banken hauseigene Scoring-Systeme. Nach der Auswertung kann Ihnen die Bank ein Angebot inklusive individualisierter Konditionen machen.<\/p>\n<h3>Voraussetzungen f\u00fcr Existenzgr\u00fcnder<\/h3>\n<p>Eine Bonit\u00e4tspr\u00fcfung von einem Unternehmen, das noch nicht besteht, ist nat\u00fcrlich nicht m\u00f6glich. Entsprechend m\u00fcssen Kreditgeber andere Wege w\u00e4hlen, \u00fcber welche die Kreditw\u00fcrdigkeit gepr\u00fcft werden kann. Beispielsweise k\u00f6nnen Banken von Selbstst\u00e4ndigen und Freiberuflern Auskunft bei der Schufa einholen, um so die Kreditw\u00fcrdigkeit der Privatperson zu pr\u00fcfen. Es gibt allerdings noch einige weitere wesentliche Punkte, die f\u00fcr den Firmenkredit entscheidend sind.<\/p>\n<p>Da sich ein Firmenkredit f\u00fcr Existenzgr\u00fcnder mit einem Investment vergleichen l\u00e4sst, fordern Kreditgeber von Ihnen die Vorlage eines detaillierten Businessplans. Aus diesem sollte zum Beispiel hervorgehen:<\/p>\n<ul>\n<li>wie Ihre Gesch\u00e4ftsidee im Detail aussieht<\/li>\n<li>welchen Umsatz Sie erwarten<\/li>\n<li>ob Sie Erfahrungen als Unternehmer mitbringen<\/li>\n<li>welche Chancen und Risiken Ihr Vorhaben mit sich bringen wird<\/li>\n<\/ul>\n<p>Der wichtigste Teil des Businessplans ist f\u00fcr Banken eindeutig der Finanzierungsplan. Anhand von diesem kann ein Kreditgeber in der Regel \u00fcberzeugt werden &#8211; oder eben auch nicht. Denken Sie daran, das eingeplante Fremdkapital mit aufzuf\u00fchren, damit die Bank einsehen kann, welcher genaue Betrag tats\u00e4chlich ben\u00f6tigt wird.<\/p>\n<h2>Firmenkredit abgelehnt? Das k\u00f6nnte der Grund sein<\/h2>\n<p>Es ist nicht immer einfach, einen Firmenkredit erfolgreich aufzunehmen. Es k\u00f6nnen viele Faktoren ausschlaggebend sein, welche die Bank nach dem Antrag bewertet. Die h\u00e4ufigsten Gr\u00fcnde, weshalb Institute einen Firmenkredit-Antrag ablehnen:<\/p>\n<ul>\n<li>Fehlende Sicherheiten<\/li>\n<li>Zu geringe Kreditsummen<\/li>\n<li>Zweifel an der Gesch\u00e4ftsidee<\/li>\n<li>Schlechte Bonit\u00e4t bei Selbstst\u00e4ndigkeit<\/li>\n<\/ul>\n<p>Die Planung Ihres Unternehmens m\u00fcssen Sie deswegen allerdings keinesfalls direkt an den Nagel h\u00e4ngen. Es gibt viele Alternativen, die Sie pr\u00fcfen k\u00f6nnen, um den Traum Ihrer Selbstst\u00e4ndigkeit zu verwirklichen. Sie k\u00f6nnen sich daf\u00fcr zum Beispiel \u00fcber Venture Capitalists, Crowdfunding, F\u00f6rderorganisationen und einen Existenzgr\u00fcnderzuschuss informieren. All diese Alternativen sind auf Unternehmensgr\u00fcndung spezialisiert, und k\u00f6nnen Ihnen oftmals dabei weiterhelfen Kapital f\u00fcr Ihre Firmengr\u00fcndung zu beschaffen.<\/p>\n<p>Eine andere M\u00f6glichkeit ist, sich nach einem Firmenkredit bei einer ausl\u00e4ndischen Bank zu erkundigen. Ausl\u00e4ndische Kreditgeber haben oftmals geringere Anforderungen als deutsche Anbieter. Haben Sie daher von einer inl\u00e4ndischen Bank eine Absage erhalten, versuchen Sie es ruhig auch im Ausland.<\/p>\n<h2>Das sollten Sie bei der Wahl des Kreditgebers beachten<\/h2>\n<p>Welche Merkmale der passende Kredit f\u00fcr Sie mitbringen sollte, kommt nat\u00fcrlich ganz auf Ihr Vorhaben an. Je nachdem, ob Sie bereits erfahren im Finanzwesen sind oder nicht, ist es ratsam, nach einem Kreditgeber Ausschau zu halten, der mit Expertise punkten kann und Ihnen nicht zuletzt auch hochwertigen Kundenservice bietet.<\/p>\n<p>Prinzipiell sollten Sie einen ausf\u00fchrlichen <a href=\"http:\/\/loanstar.com\/de\/kredite\/\">Kreditvergleich<\/a> starten. Nicht selten kann man hohe Summen einsparen, wenn man die M\u00fche nicht scheut, verschiedene Anbieter zu vergleichen. Denken Sie aber auch dar\u00fcber nach, worauf Sie bei einem Kreditanbieter Wert legen. Ist Ihnen ein niedriger Zinssatz zum Beispiel wichtiger als eine gute Beratung? Folgende Punkte sollten Sie ebenfalls nicht au\u00dfer Acht lassen. Bei vielen dieser Dinge handelt es sich um Sonderkonditionen, die Sie bei den Verhandlungen mit einbeziehen k\u00f6nnen:<\/p>\n<ul>\n<li>Erm\u00f6glicht der Kreditgeber Sondertilgungen oder eine vorzeitige R\u00fcckzahlung?<\/li>\n<li>Haben Sie als Kreditnehmer Sicherheiten im Falle, dass Sie eine Rate nicht zahlen k\u00f6nnen?<\/li>\n<li>Ist eine schnelle Auszahlung des Kredits m\u00f6glich?<\/li>\n<li>Ist der Zinssatz \u00fcber die gesamte Laufzeit des Kredits abgesichert?<\/li>\n<li>Gibt es die M\u00f6glichkeit, die Laufzeit nachtr\u00e4glich zu erweitern?<\/li>\n<\/ul>\n<p>Beachten Sie: Es kann immer vorkommen, dass unerwartete Schwierigkeiten auftreten, die uns davon abhalten, eine Zahlung fristgem\u00e4\u00df tilgen zu k\u00f6nnen. Gerade f\u00fcr solche F\u00e4lle muss man weitere Bedingungen eines Kreditanbieters pr\u00fcfen, um im Notfall nicht zus\u00e4tzlichen Kosten \u00fcbernehmen zu m\u00fcssen.<\/p>\n<h2>Wir helfen Ihnen beim <a href=\"http:\/\/loanstar.com\/de\/kredite\/\">Kreditvergleich<\/a><\/h2>\n<p>Zun\u00e4chst ist es wichtig, realistisch zu bleiben. St\u00fcrzen Sie sich nicht in ein Vorhaben, das sich nur sehr schwer realisieren l\u00e4sst. Planen Sie gr\u00fcndlich, bevor Sie \u00fcberhaupt \u00fcber Fremdkapital und Investitionen nachdenken. Die Vergangenheit zeigt, dass viele Ideen oftmals schon vor der Verwirklichung zum Scheitern verurteilt sind. Aus diesem Grund sollte man die Dienste einer Unternehmensberatung in Anspruch nehmen, bevor man das Risiko einer Verschuldung auf sich nimmt.<\/p>\n<p>Steht Ihre Entscheidung aber fest und Sie wollen einen passenden Firmenkredit aufnehmen, dann stehen wir Ihnen mit unserem kostenlosen Vergleichsportal zur Seite. Bei uns finden Sie unz\u00e4hlige Banken und Kreditanbieter, die Sie mit dem <a href=\"http:\/\/loanstar.com\/de\/kredite\/\">LoanStar Kreditvergleich<\/a> schnell und einfach vergleichen k\u00f6nnen. So wird es ein Kinderspiel, den f\u00fcr Sie passenden Kredit zu finden. Geben Sie einfach Ihre Daten in unsere praktische Suchmaschine ein und unser Portal wird die f\u00fcr Sie passenden Anbebote umgehend ausspucken.<\/p>\n<h3>Erfahrungsberichte und Bewertungen<\/h3>\n<p>Wir bewerten sowohl inl\u00e4ndische als auch ausl\u00e4ndische Banken. Dies erweitert Ihre M\u00f6glichkeiten erheblich und es steht bei uns kaum ein Kreditwunsch fern einer Verwirklichung. Neben direkten Angeboten finden Sie bei uns auch ausf\u00fchrliche Bewertungen sowie Erfahrungsberichte aus erster Hand. Damit k\u00f6nnen Sie die Anbieter tieferen Analysen unterziehen, und erfahren, inwiefern vorherige Kunden mit einem Anbieter zufrieden gewesen sind &#8211; eine \u00fcberaus n\u00fctzliche Sache, denn nicht zuletzt der Kundenservice eines Anbieters spielt eine gro\u00dfe Rolle bei der Qualit\u00e4t eines Firmenkredites, und \u00fcber den Service l\u00e4sst sich kaum besser mehr erfahren, als durch Kundenberichte.<\/p>\n<p>Ben\u00f6tigen Sie eine andere Art von Kredit? Sie denken eher an einen <strong><a href=\"http:\/\/loanstar.com\/de\/kredite\/privatkredit\/\">Privatkredit<\/a><\/strong>, an einen\u00a0<strong><a href=\"http:\/\/loanstar.com\/de\/kredite\/autokredit\/\">Autokredit<\/a><\/strong> oder an ein <strong><a href=\"http:\/\/loanstar.com\/de\/kredite\/hypothekendarlehen\/\">Hypothekendarlehen f\u00fcr Immobilien<\/a><\/strong>? Klicken Sie jetzt, um mehr zu erfahren.<\/p>\n","protected":false},"excerpt":{"rendered":"<p>Erfolgreich durchstarten mit einem Firmenkredit Jetzt in Ihr berufliches Vorhaben investieren &#8211; mit einem Firmenkredit haben Sie die M\u00f6glichkeit, auf&#8230;<\/p>\n","protected":false},"author":1,"featured_media":0,"parent":9,"menu_order":0,"comment_status":"closed","ping_status":"closed","template":"templates\/calculator-follow-up.php","meta":{"footnotes":""},"yoast_head":"<!-- This site is optimized with the Yoast SEO plugin v21.0 - https:\/\/yoast.com\/wordpress\/plugins\/seo\/ -->\n<title>Erfolgreich durchstarten per Firmenkredit - jetzt vergleichen mit LoanStar<\/title>\n<meta name=\"description\" content=\"Ein Firmenkredit hilft, an Kapital zu gelangen und Ihrem Unternehmen auf die Spr\u00fcnge zu helfen. Jetzt kostenlos Anbieter vergleichen mit LoanStar.\" \/>\n<meta name=\"robots\" content=\"index, follow, max-snippet:-1, max-image-preview:large, max-video-preview:-1\" \/>\n<link rel=\"canonical\" href=\"https:\/\/loanstar.com\/de\/kredite\/firmenkredit\/\" \/>\n<meta property=\"og:locale\" content=\"de_DE\" \/>\n<meta property=\"og:type\" content=\"article\" \/>\n<meta property=\"og:title\" content=\"Erfolgreich durchstarten per Firmenkredit - jetzt vergleichen mit LoanStar\" \/>\n<meta property=\"og:description\" content=\"Ein Firmenkredit hilft, an Kapital zu gelangen und Ihrem Unternehmen auf die Spr\u00fcnge zu helfen. Jetzt kostenlos Anbieter vergleichen mit LoanStar.\" \/>\n<meta property=\"og:url\" content=\"https:\/\/loanstar.com\/de\/kredite\/firmenkredit\/\" \/>\n<meta property=\"og:site_name\" content=\"Loanstar Deutschland\" \/>\n<meta property=\"article:modified_time\" content=\"2019-07-07T09:53:34+00:00\" \/>\n<meta name=\"twitter:card\" content=\"summary_large_image\" \/>\n<meta name=\"twitter:label1\" content=\"Gesch\u00e4tzte Lesezeit\" \/>\n\t<meta name=\"twitter:data1\" content=\"8\u00a0Minuten\" \/>\n<script type=\"application\/ld+json\" class=\"yoast-schema-graph\">{\"@context\":\"https:\/\/schema.org\",\"@graph\":[{\"@type\":\"WebPage\",\"@id\":\"https:\/\/loanstar.com\/de\/kredite\/firmenkredit\/\",\"url\":\"https:\/\/loanstar.com\/de\/kredite\/firmenkredit\/\",\"name\":\"Erfolgreich durchstarten per Firmenkredit - jetzt vergleichen mit LoanStar\",\"isPartOf\":{\"@id\":\"https:\/\/loanstar.com\/de\/#website\"},\"datePublished\":\"2018-10-04T19:16:12+00:00\",\"dateModified\":\"2019-07-07T09:53:34+00:00\",\"description\":\"Ein Firmenkredit hilft, an Kapital zu gelangen und Ihrem Unternehmen auf die Spr\u00fcnge zu helfen. Jetzt kostenlos Anbieter vergleichen mit LoanStar.\",\"breadcrumb\":{\"@id\":\"https:\/\/loanstar.com\/de\/kredite\/firmenkredit\/#breadcrumb\"},\"inLanguage\":\"de\",\"potentialAction\":[{\"@type\":\"ReadAction\",\"target\":[\"https:\/\/loanstar.com\/de\/kredite\/firmenkredit\/\"]}]},{\"@type\":\"BreadcrumbList\",\"@id\":\"https:\/\/loanstar.com\/de\/kredite\/firmenkredit\/#breadcrumb\",\"itemListElement\":[{\"@type\":\"ListItem\",\"position\":1,\"name\":\"Deutschland\",\"item\":\"https:\/\/loanstar.com\/de\/\"},{\"@type\":\"ListItem\",\"position\":2,\"name\":\"Kredite online finden\",\"item\":\"https:\/\/loanstar.com\/de\/kredite\/\"},{\"@type\":\"ListItem\",\"position\":3,\"name\":\"Firmenkredit\"}]},{\"@type\":\"WebSite\",\"@id\":\"https:\/\/loanstar.com\/de\/#website\",\"url\":\"https:\/\/loanstar.com\/de\/\",\"name\":\"Loanstar Deutschland\",\"description\":\"Kredite vergleichen\",\"potentialAction\":[{\"@type\":\"SearchAction\",\"target\":{\"@type\":\"EntryPoint\",\"urlTemplate\":\"https:\/\/loanstar.com\/de\/?s={search_term_string}\"},\"query-input\":\"required name=search_term_string\"}],\"inLanguage\":\"de\"}]}<\/script>\n<!-- \/ Yoast SEO plugin. -->","yoast_head_json":{"title":"Erfolgreich durchstarten per Firmenkredit - jetzt vergleichen mit LoanStar","description":"Ein Firmenkredit hilft, an Kapital zu gelangen und Ihrem Unternehmen auf die Spr\u00fcnge zu helfen. Jetzt kostenlos Anbieter vergleichen mit LoanStar.","robots":{"index":"index","follow":"follow","max-snippet":"max-snippet:-1","max-image-preview":"max-image-preview:large","max-video-preview":"max-video-preview:-1"},"canonical":"https:\/\/loanstar.com\/de\/kredite\/firmenkredit\/","og_locale":"de_DE","og_type":"article","og_title":"Erfolgreich durchstarten per Firmenkredit - jetzt vergleichen mit LoanStar","og_description":"Ein Firmenkredit hilft, an Kapital zu gelangen und Ihrem Unternehmen auf die Spr\u00fcnge zu helfen. Jetzt kostenlos Anbieter vergleichen mit LoanStar.","og_url":"https:\/\/loanstar.com\/de\/kredite\/firmenkredit\/","og_site_name":"Loanstar Deutschland","article_modified_time":"2019-07-07T09:53:34+00:00","twitter_card":"summary_large_image","twitter_misc":{"Gesch\u00e4tzte Lesezeit":"8\u00a0Minuten"},"schema":{"@context":"https:\/\/schema.org","@graph":[{"@type":"WebPage","@id":"https:\/\/loanstar.com\/de\/kredite\/firmenkredit\/","url":"https:\/\/loanstar.com\/de\/kredite\/firmenkredit\/","name":"Erfolgreich durchstarten per Firmenkredit - jetzt vergleichen mit LoanStar","isPartOf":{"@id":"https:\/\/loanstar.com\/de\/#website"},"datePublished":"2018-10-04T19:16:12+00:00","dateModified":"2019-07-07T09:53:34+00:00","description":"Ein Firmenkredit hilft, an Kapital zu gelangen und Ihrem Unternehmen auf die Spr\u00fcnge zu helfen. Jetzt kostenlos Anbieter vergleichen mit LoanStar.","breadcrumb":{"@id":"https:\/\/loanstar.com\/de\/kredite\/firmenkredit\/#breadcrumb"},"inLanguage":"de","potentialAction":[{"@type":"ReadAction","target":["https:\/\/loanstar.com\/de\/kredite\/firmenkredit\/"]}]},{"@type":"BreadcrumbList","@id":"https:\/\/loanstar.com\/de\/kredite\/firmenkredit\/#breadcrumb","itemListElement":[{"@type":"ListItem","position":1,"name":"Deutschland","item":"https:\/\/loanstar.com\/de\/"},{"@type":"ListItem","position":2,"name":"Kredite online finden","item":"https:\/\/loanstar.com\/de\/kredite\/"},{"@type":"ListItem","position":3,"name":"Firmenkredit"}]},{"@type":"WebSite","@id":"https:\/\/loanstar.com\/de\/#website","url":"https:\/\/loanstar.com\/de\/","name":"Loanstar Deutschland","description":"Kredite vergleichen","potentialAction":[{"@type":"SearchAction","target":{"@type":"EntryPoint","urlTemplate":"https:\/\/loanstar.com\/de\/?s={search_term_string}"},"query-input":"required name=search_term_string"}],"inLanguage":"de"}]}},"_links":{"self":[{"href":"https:\/\/loanstar.com\/de\/wp-json\/wp\/v2\/pages\/179"}],"collection":[{"href":"https:\/\/loanstar.com\/de\/wp-json\/wp\/v2\/pages"}],"about":[{"href":"https:\/\/loanstar.com\/de\/wp-json\/wp\/v2\/types\/page"}],"author":[{"embeddable":true,"href":"https:\/\/loanstar.com\/de\/wp-json\/wp\/v2\/users\/1"}],"replies":[{"embeddable":true,"href":"https:\/\/loanstar.com\/de\/wp-json\/wp\/v2\/comments?post=179"}],"version-history":[{"count":3,"href":"https:\/\/loanstar.com\/de\/wp-json\/wp\/v2\/pages\/179\/revisions"}],"predecessor-version":[{"id":314,"href":"https:\/\/loanstar.com\/de\/wp-json\/wp\/v2\/pages\/179\/revisions\/314"}],"up":[{"embeddable":true,"href":"https:\/\/loanstar.com\/de\/wp-json\/wp\/v2\/pages\/9"}],"wp:attachment":[{"href":"https:\/\/loanstar.com\/de\/wp-json\/wp\/v2\/media?parent=179"}],"curies":[{"name":"wp","href":"https:\/\/api.w.org\/{rel}","templated":true}]}}