{"id":177,"date":"2018-10-04T15:03:14","date_gmt":"2018-10-04T15:03:14","guid":{"rendered":"http:\/\/loanstar.com\/de\/?page_id=177"},"modified":"2019-07-07T11:47:28","modified_gmt":"2019-07-07T09:47:28","slug":"hypothekendarlehen","status":"publish","type":"page","link":"https:\/\/loanstar.com\/de\/kredite\/hypothekendarlehen\/","title":{"rendered":"Hypothekendarlehen"},"content":{"rendered":"<h2 class=\"western\">Sie man Hypothekenfinanzierung leicht gemacht<\/h2>\n<p lang=\"de-DE\">In Deutschland werden Immobilien heutzutage meistens durch Hypothekendarlehen finanziert. Unser <a href=\"http:\/\/loanstar.com\/de\/kredite\/\">Online Vergleich verschiedenster Hypothekendarlehen<\/a> spart Ihnen viel Zeit und Nerven bei der Auswahl des f\u00fcr Sie perfekten Anbieters. Vergleichen Sie noch heute zahlreiche Optionen, wie Sie Ihre Immobilie clever mit g\u00fcnstigen Zinsen und Konditionen finanzieren k\u00f6nnen.<\/p>\n<h2 class=\"western\">Was ist ein Hypothekendarlehen?<\/h2>\n<p lang=\"de-DE\">Denjenigen, die sich selten mit diesem Thema auseinandersetzen, ist der Unterschied zwischen Hypothek und Hypothekendarlehen meist nicht wirklich bewusst. Genau genommen ist die Hypothek selbst nicht die Finanzierung einer Immobilie, sondern ein Grundpfandrecht auf diese. Aus dem Griechischen abgeleitet bedeutet Hypothek soviel wie Unterpfand. Der Zweck einer Hypothek ist die Absicherung des Geldgebers f\u00fcr den Fall, dass der Schuldner zahlungsunf\u00e4hig wird.<\/p>\n<p lang=\"de-DE\">Im Gegensatz zur Grundschuld besteht bei einer Hypothek eine pers\u00f6nliche Geldforderung gegen den Kreditnehmer. Die Geldforderung ist meist ein Darlehen zur Immobilienfinanzierung. Darlehen zur Finanzierung einer Immobilie werden Hypothekendarlehen genannt. Der Kreditnehmer gibt mit der Hypothek die Rechte an einer Immobilie ab, um als Gegenleistung das gew\u00fcnschte Darlehen zu erhalten. Mit dem Darlehen erh\u00e4lt der Kreditnehmer das ben\u00f6tigte Kapital, welches durch die zweckgebundene Finanzierung (Haus, Wohnung, Grundst\u00fcck) besichert wird. Im Falle von Zahlungsunf\u00e4higkeit wird die Immobilie der Zwangsversteigerung zugef\u00fchrt.<\/p>\n<p lang=\"de-DE\">Die genauen Konditionen zur Hypothek werden im sogenannten Darlehensvertrag festgehalten. Die Bank sichert sich das Recht der Verwertung, indem sie die Hypothek in das Grundbuch der Immobilie eintragen l\u00e4sst.<\/p>\n<p>Das Hypothekendarlehen z\u00e4hlt zu den g\u00e4ngigsten Formen der Immobilienfinanzierung.<\/p>\n<h3 class=\"western\">Laufzeit und Kreditsumme bei Hypothekendarlehen<\/h3>\n<p lang=\"de-DE\">Hypothekendarlehen werden meist auf l\u00e4ngere Zeit abgeschlossen, da es sich bei der Finanzierung von Immobilien \u00fcblicherweise um sehr hohe Geldbetr\u00e4ge handelt. Man kann von 20 bis 30 Jahren Laufzeit ausgehen. Auch die Kreditsumme ist normalerweise h\u00f6her als bei einem gew\u00f6hnlichen <strong><a href=\"http:\/\/loanstar.com\/de\/kredite\/privatkredit\/\">Privatkredit<\/a><\/strong>. Oft werden Betr\u00e4ge von 500.000 Euro vereinbart, in manchen F\u00e4llen sogar mehr. Durch das bereits erw\u00e4hnte Pfandrecht erh\u00e4lt der Kreditnehmer immerhin g\u00fcnstigere Zinsen f\u00fcr sein Darlehen.<\/p>\n<h3 class=\"western\">Die Hypothek weicht immer mehr der Grundschuld<\/h3>\n<p lang=\"de-DE\">Tilgt der Eigent\u00fcmer einen Teil des Darlehens, besteht die Hypothek nicht mehr \u00fcber die gesamte Immobilie, sondern nur mehr \u00fcber die verbleibende Geldforderung. F\u00fcr den bereits getilgten Anteil des Darlehens erh\u00e4lt der Eigent\u00fcmer eine Eigent\u00fcmergrundschuld. Hat der Kreditnehmer das Darlehen vollst\u00e4ndig getilgt, verschwindet die Hypothek nicht einfach aus dem Grundbuch, sondern bleibt vorerst darin eingetragen. Erst nach Best\u00e4tigung der vollst\u00e4ndigen Kredittilgung durch die Bank, kann der Eigent\u00fcmer seine eingetragene verdeckte Grundschuld in eine offene Grundschuld umwandeln. Dieser Vorgang wird beim Grundbuchamt vollzogen.<\/p>\n<p lang=\"de-DE\">Heutzutage ist das Modell der Hypothek nicht mehr so h\u00e4ufig vertreten wie fr\u00fcher und wird immer mehr vom einfacheren Konzept der Grundschuld abgel\u00f6st. In Deutschland ist nur mehr jedes f\u00fcnfte Grundpfandrecht eine Hypothek. Bei der Grundschuld sind die Geldforderung und die Immobilie rechtlich nicht voneinander abh\u00e4ngig. Sie wird daher heutzutage meist der Hypothek vorgezogen.<\/p>\n<h2 class=\"western\">M\u00f6glichkeiten zur R\u00fcckzahlung von Hypothekendarlehen<\/h2>\n<p lang=\"de-DE\">Sind Sie am Kauf einer Immobilie interessiert, wissen aber noch nicht genau, wie Sie diese finanzieren sollen? Dann ist ein Hypothekendarlehen in den meisten F\u00e4llen die cleverste Wahl. Man kann aus unterschiedlichsten Varianten w\u00e4hlen, um einen solchen Kredit zu begleichen. Wir stellen Ihnen hier die g\u00e4ngigsten R\u00fcckzahlungsm\u00f6glichkeiten vor.<\/p>\n<h3 class=\"western\">Annuit\u00e4tendarlehen<\/h3>\n<p lang=\"de-DE\">Bei dieser \u00e4u\u00dferst beliebten Form der R\u00fcckzahlung wird das Darlehen j\u00e4hrlich mit immer gleich hohen Raten beglichen. Beim Annuit\u00e4tendarlehen beinhalten die Raten den Tilgungsanteil ebenso wie die f\u00e4lligen Zinsen. Falls gew\u00fcnscht, hat man auch die Option, die Jahresrate in mehrmals pro Jahr f\u00e4llige Raten aufzuteilen.<\/p>\n<p lang=\"de-DE\">Jede Rate, sei sie nun viertelj\u00e4hrlich, monatlich oder einmal pro Jahr f\u00e4llig, senkt die Restschuld des gesamten Kredits. Eine Senkung der Restschuld bringt auch eine Senkung der Zinsen mit sich. Um die Raten konstant zu halten, steigen deshalb die Summen der Tilgungsraten. Jede bezahlte Rate f\u00fchrt also dazu, dass bei der n\u00e4chsten Rate die Zinsen niedriger und die Tilgungssumme h\u00f6her ist.<\/p>\n<p lang=\"de-DE\"><b>Darlehen schneller abbezahlen durch Sondertilgung<\/b><\/p>\n<p lang=\"de-DE\">Wenn Sie etwa durch eine Erbschaft viel Geld erhalten, k\u00f6nnen Sie ein Darlehen nicht einfach fr\u00fcher als gedacht abbezahlen. Die Bank hat schlie\u00dflich fest mit Ihren Einnahmen durch Zinsraten gerechnet. Bei Annuit\u00e4tendarlehen allerdings besteht die M\u00f6glichkeit einer sogenannten Sondertilgung. Bei einer solchen Sondertilgung kann zus\u00e4tzlich zur vereinbarten Ratenzahlung eine zus\u00e4tzliche Tilgung erfolgen, die zu einem bestimmten Zeitpunkt im Jahr get\u00e4tigt werden muss. So kann sich die verbleibende Schuld schneller verkleinern, was letztlich auch die H\u00f6he der Zinsen senkt. Grunds\u00e4tzlich gilt hierbei: Je h\u00f6her das Darlehen verzinst ist, desto mehr lohnt sich eine Sondertilgung. Wenn Sie also in der Lage sind, ein Annuit\u00e4tendarlehen schneller zur\u00fcckzahlen als geplant, so reduzieren sie effektiv Kosten und sparen Geld.<\/p>\n<h3 class=\"western\">Tilgungsdarlehen<\/h3>\n<p lang=\"de-DE\">Bei einem Tilgungsdarlehen ist eine monatliche Ratenzahlung f\u00e4llig, die regelm\u00e4\u00dfig \u00fcber eine zuvor festgelegte Zeitspanne abbezahlt wird. Wie beim Annuit\u00e4tendarlehen beinhaltet die Rate auch hier einen Zins- sowie Tilgungsanteil. Im Gegensatz zum Annuit\u00e4tendarlehen hat das Tilgungsdarlehen den Vorteil, dass der Kreditnehmer bereits zu Beginn eine hohe Tilgungssumme zu begleichen hat. Bei Annuit\u00e4tendarlehen wird der Kreditsaldo weitaus langsamer gesenkt, denn der gr\u00f6\u00dfte Teil der f\u00e4lligen Rate ist zu Beginn nicht der Tilgungsbetrag, sondern der Zinsanteil. Beim Tilgungsdarlehen gibt es die M\u00f6glichkeit zur Festlegung von konstanten Zinsraten. Dies ist allerdings nicht obligatorisch.<\/p>\n<h3 class=\"western\">Endf\u00e4lliges Hypothekendarlehen<\/h3>\n<p lang=\"de-DE\">Bei einem endf\u00e4lligen Hypothekendarlehen zahlt der Schuldner \u00fcber die komplette Laufzeit nur die Zinsen der Hypothek. Nach Ablauf der festgelegten Laufzeit ist die gesamte Tilgungssumme f\u00e4llig. Diese Art von Kredit wird auch tilgungsfreies Darlehen genannt. Besonders eignet sich dieses Hypothekendarlehen f\u00fcr Personen, die einen laufenden Bausparvertrag haben. Zu Ende der Laufzeit des Darlehens kann die f\u00e4llige Tilgungssumme mit der Summe des Bausparvertrages bezahlt werden.<\/p>\n<h2 class=\"western\">Hypothekendarlehen und Eigenkapital<\/h2>\n<p lang=\"de-DE\">Das Eigenkapital ist bei der Finanzierung einer Immobilie ein sehr wichtiger Aspekt. Die H\u00f6he des Eigenkapitals wirkt sich auf erhebliche Weise auf den Zinssatz des Darlehens aus. In der Regel gilt: Bringt der Kreditnehmer viel Eigenkapital mit, wird er von der Bank mit besseren Kreditkonditionen belohnt. Heutzutage empfehlen Experten einen Eigenkapitalanteil von ungef\u00e4hr 20 Prozent.<\/p>\n<p lang=\"de-DE\">Eine Finanzierung ohne Eigenkapital ist aber ebenso m\u00f6glich und nennt sich Vollfinanzierung. Von der Vollfinanzierung wird aber abgeraten, denn so ist der Kredit teurer und auch die Laufzeit l\u00e4nger. Eine l\u00e4ngere Laufzeit k\u00f6nnte bei einer Anschlussfinanzierung zum Problem werden, denn niemand kann die Zinsraten der Zukunft genau absch\u00e4tzen.<\/p>\n<h2 class=\"western\">Zinsbindung oder variabler Zinssatz?<\/h2>\n<p lang=\"de-DE\">Sie wissen nun \u00fcber die h\u00e4ufigsten Formen zur R\u00fcckzahlung von Hypothekendarlehen Bescheid. Ein ebenso wichtiges Thema ist die Frage rund um den Zinssatz. Soll man nun einen Kredit mit Zinsbindung aufnehmen oder sich f\u00fcr einen variablen Zinssatz entscheiden? Ein variabler Zinssatz ist den Ver\u00e4nderungen des Leitzinssatzes der Europ\u00e4ischen Zentralbank ausgesetzt. Die Entwicklung der zuk\u00fcnftigen Zinss\u00e4tze kann dabei niemand voraussehen.<\/p>\n<p lang=\"de-DE\">Experten empfehlen variable Zinss\u00e4tze nur w\u00e4hrend Hochzinsphasen, bei bevorstehenden Zinssenkungen oder bei Hypothekendarlehen von kurzer Dauer. In der Regel werden Hypothekendarlehen mit Zinsbindung aufgenommen. W\u00e4hrend Niedrigzinsphasen sollte man einen langen Zeitraum der Zinsbindung ausverhandeln. \u00dcblich sind hierbei bis zu 15 Jahre.<\/p>\n<h2 class=\"western\">Zahlungsunf\u00e4higkeit bei Hypothekendarlehen<\/h2>\n<p lang=\"de-DE\">Zur Zeit der Beantragung eines Darlehens \u00fcberpr\u00fcft der Geber des Darlehens \u00fcblicherweise die Bonit\u00e4t des Kreditnehmers. Ein Kredit wird nur dann vergeben, wenn der Schuldner gen\u00fcgend M\u00f6glichkeiten aufweisen kann, das Darlehen auch zur\u00fcck zu zahlen. Im Laufe der Zeit kann sich die Situation des Kreditnehmers aber \u00e4ndern. Nur ein Schicksalsschlag zu viel f\u00fcr den Schuldner und schon kann dieser mit einer unerwarteten Situation konfrontiert werden, in der er Geld ben\u00f6tigt. Ist dann die mit der Hypothek verkn\u00fcpfte Geldforderung f\u00e4llig und der Kreditnehmer kann sie nicht bezahlen, tritt \u00a7 1147 BGB in Kraft und eine Zwangsvollstreckung seitens des Gl\u00e4ubigers ist m\u00f6glich.<\/p>\n<p lang=\"de-DE\">Um dies zu verhindern, kann man allerdings mit der Bank sprechen. Diese ist schlie\u00dflich auch daran interessiert, ihr Geld problemlos wiederzubekommen. Wer die f\u00e4lligen Raten des Hypothekendarlehens also im Moment nicht begleichen kann, sollte die Bank dar\u00fcber informieren. Ist die Liquidit\u00e4t des Schuldners im Moment geschm\u00e4lert, bietet die Bank eine Vielzahl von Hilfsm\u00f6glichkeiten an. Beispielsweise k\u00f6nnen Sie Raten einfach aussetzen. Eine weitere Option ist die Reduzierung des monatlichen f\u00e4lligen Betrages und eine damit einhergehende Verl\u00e4ngerung der Laufzeit.<\/p>\n<p lang=\"de-DE\">Wenn der Kreditnehmer die Zahlungen allerdings kommentarlos einstellt, nimmt der Teufelskreis schnell seinen Lauf. Sobald man die zweite Rate nicht p\u00fcnktlich bezahlt, hat die Bank die M\u00f6glichkeit zur K\u00fcndigung des Hypothekendarlehens. Sie fordert zeitgleich mit der K\u00fcndigung die Bezahlung der gesamten Kreditsumme sowie der Zinsen. Um diese Geldsumme zu erhalten, ver\u00e4u\u00dfert die Bank die Immobilie, die mit der Hypothek verkn\u00fcpft ist. Au\u00dferdem verschlechtert man mit einem geplatzten Hypothekendarlehen den eigenen Schufa-Eintrag.<\/p>\n<h2 class=\"western\">Umweltfreundlich und energieeffizient bauen<\/h2>\n<p lang=\"de-DE\">Sie m\u00f6chten Ihre Immobilie umweltfreundlich gestalten? Zum Beispiel mit Solarpanels zur Vermeidung von Emissionen? Dann sollten Sie sich unbedingt \u00fcber etwaige F\u00f6rderungen informieren! Die Kreditanstalt f\u00fcr Wiederaufbau etwa, auch KfW genannt, ist die gr\u00f6\u00dfte nationale F\u00f6rderbank der Welt und vergibt F\u00f6rderungen f\u00fcr genau diese Zwecke. Die KfW hat sich das Vorantreiben von umweltfreundlichen Bauprojekten zum Ziel gesetzt. Ob man eine Immobilie baut, kauft oder saniert, ist dabei zweitrangig.<\/p>\n<h3 class=\"western\">Pr\u00fcfung von Kfw-Darlehen<\/h3>\n<p lang=\"de-DE\">Die KfW unterst\u00fctzt Immobilienk\u00e4ufer mit zinsg\u00fcnstigen F\u00f6rderprogrammen. Diese Programme beziehen sich unter anderem auf die folgenden Themen:<\/p>\n<ul>\n<li>\n<p lang=\"de-DE\">die energetische Sanierung von Geb\u00e4uden<\/p>\n<\/li>\n<li>\n<p lang=\"de-DE\">die Modernisierung von Wohnraum<\/p>\n<\/li>\n<li>\n<p lang=\"de-DE\">den Kauf und Bau von (umweltfreundlichem) Wohneigentum<\/p>\n<\/li>\n<\/ul>\n<p lang=\"de-DE\">Wenn Sie bez\u00fcglich Ihres Hypothekendarlehens einen Termin bei Ihrer Bank haben, sprechen Sie Ihren Berater auch gleich auf ein KfW-Darlehen an. Eine F\u00f6rderung kann n\u00e4mlich nicht direkt bei der Kreditanstalt f\u00fcr Wiederaufbau beantragt werden, sondern muss bei der Bank geschehen, mit der Sie einen Vertrag \u00fcber die Immobilienfinanzierung haben. Diese ist n\u00e4mlich das durchleitende Kreditinstitut. Die KfW arbeitet bundesweit nicht nur mit Banken, sondern auch mit vielen anderen Finanzierungspartnern, Sparkassen und anderen Finanzinstituten zusammen. Kl\u00e4ren Sie dieses Thema am besten vor Vertragsabschluss, da manche Banken gar keine KfW-Darlehen vermitteln.<\/p>\n<h2 class=\"western\">Weitere hilfreiche Tipps, bevor Sie eine Hypothek aufnehmen<\/h2>\n<p lang=\"de-DE\">Sie interessieren Sich f\u00fcr ein Hypothekendarlehen? In diesem Abschnitt m\u00f6chten wir Ihnen noch ein paar hilfreiche Tipps mit auf den Weg geben. Lesen Sie sich die folgenden Punkte bitte sorgf\u00e4ltig durch:<\/p>\n<ul>\n<li><strong><span lang=\"de-DE\">Sparen durch Abtretung der Schulden an neue Bank:<\/span><\/strong><span lang=\"de-DE\"> Interessieren Sie sich f\u00fcr eine Immobilie, die aber bereits bei einem anderen Kreditgeber als Sicherheit eingetragen ist? Dann ist das Abtreten dieser Grundschulden an die neue Bank <\/span><span lang=\"de-DE\">wohl<\/span><span lang=\"de-DE\"> die beste M\u00f6glichkeit <\/span><span lang=\"de-DE\">f\u00fcr die Finanzierung<\/span><span lang=\"de-DE\">. Wenn die neue Bank die im Grundbuch eingetragenen Schulden \u00fcbernimmt, ergeben sich dadurch <\/span><span lang=\"de-DE\">lediglich <\/span><span lang=\"de-DE\">Geb\u00fchren zwischen 300 und 400 Euro. Lassen Sie die Schulden bei der alten Bank aber aus dem Grundbuch l\u00f6schen und mit der neuen Bank wieder eintragen, <\/span><span lang=\"de-DE\">m\u00fcssen<\/span><span lang=\"de-DE\"> Sie mit bis zu 1.500 Euro rechnen (wenn die Hypothek ungef\u00e4hr 200.000 Euro betr\u00e4gt).<\/span><\/li>\n<li><strong><span lang=\"de-DE\">R\u00fcckzahlungsrate:<\/span><\/strong><span lang=\"de-DE\"> Denken Sie unbedingt daran, <\/span><span lang=\"de-DE\">eine <\/span><span lang=\"de-DE\">passende R\u00fcckzahlungsrate zu definieren. <\/span><span lang=\"de-DE\">Zur Bestimmung einer passenden Rate r<\/span><span lang=\"de-DE\">echnen Sie <\/span><span lang=\"de-DE\">zun\u00e4chst <\/span><span lang=\"de-DE\">all Ihre monatlichen Ausgaben zusammen. <\/span><span lang=\"de-DE\">F\u00fcgen Sie dann<\/span><span lang=\"de-DE\"> einen Puffer <\/span><span lang=\"de-DE\">f\u00fcr unerwartete Ausgaben<\/span><span lang=\"de-DE\"> hinzu. Nun muss man diese Summe vom monatlichen Einkommen subtrahieren. Das Ergebnis ist <\/span><span lang=\"de-DE\">eine<\/span><span lang=\"de-DE\"> R\u00fcckzahlungsrate, die Sie sich wirklich leisten k\u00f6nnen. Nicht vergessen: Der Puffer sollte nicht allzu klein sein, denn unerwartete Situationen k\u00f6nnen immer <\/span><span lang=\"de-DE\">wieder <\/span><span lang=\"de-DE\">auftreten.<\/span><\/li>\n<li><strong><span lang=\"de-DE\">Refinanzierung:<\/span><\/strong><span lang=\"de-DE\"> Sollten Sie bereits eine Hypothek auf eine Immobilie abgeschlossen haben und mit den Konditionen so gar nicht zufrieden sein, gibt es die M\u00f6glichkeit <\/span><span lang=\"de-DE\">einer<\/span><span lang=\"de-DE\"> Refinanzierung. Nat\u00fcrlich geht dies mit kurzfristigen Zusatzkosten einher, doch langfristig kann sich eine Refinanzierung gerade bei einem Hypothekendarlehen <\/span><span lang=\"de-DE\">\u00fcberaus lohnen<\/span><span lang=\"de-DE\">. Schlie\u00dflich sprechen wir von einer hohen Geldsumme, die man auf effiziente Weise zur\u00fcckzahlen sollte. Mithilfe unseres <a href=\"http:\/\/loanstar.com\/de\/kredite\/\">Kreditvergleichs<\/a> treffen Sie aber sicherlich von Anfang an eine solide Entscheidung.<\/span><\/li>\n<\/ul>\n<h2 class=\"western\">So vergleichen Sie Hypothekendarlehen<\/h2>\n<p lang=\"de-DE\">Mit unserem Online-Vergleich finden Sie das perfekt auf Sie abgestimmte Hypothekendarlehen. So funktioniert es:<\/p>\n<p><span lang=\"de-DE\">Geben Sie <\/span><span lang=\"de-DE\">zun\u00e4chst <\/span><span lang=\"de-DE\">die ben\u00f6tigten Daten in die daf\u00fcr vorgesehenen Felder ein. Wenn Sie beim Feld der anf\u00e4nglichen Tilgung einen Wert von 0 Prozent eingeben, werden endf\u00e4llige Darlehen angezeigt. Geben Sie eine anf\u00e4ngliche Tilgung von \u00fcber 0 Prozent ein, werden <\/span><span lang=\"de-DE\">hingegen<\/span><span lang=\"de-DE\"> Annuit\u00e4tendarlehen verglichen und angezeigt. Mithilfe unseres Rechners k\u00f6nnen Sie die individuellen Hypothekenzinsen und Bedingungen zahlreicher Banken vergleichen.<\/span><\/p>\n<p lang=\"de-DE\">Bei uns k\u00f6nnen Sie nicht nur die Konditionen der Hypothekendarlehen vergleichen. Ihnen stehen dar\u00fcber hinaus auch Kundenrezensionen \u00fcber alle gelisteten Banken zur Verf\u00fcgung. Dies kann \u00fcberaus hilfreich sein. Lesen Sie Erfahrungsberichte, die folgende Fragen beantworten:<\/p>\n<ul>\n<li>\n<p lang=\"de-DE\">Hat eine Bank sich tats\u00e4chlich an eine gewisse Klausel im Vertrag gehalten?<\/p>\n<\/li>\n<li>\n<p lang=\"de-DE\">Wie hat sich die Bank im Falle einer Anschlussfinanzierung verhalten?<\/p>\n<\/li>\n<li>\n<p lang=\"de-DE\">Hat die Bank sich an das ordentliche K\u00fcndigungsrecht trotz langfristiger Zinsfestschreibungen gehalten?<\/p>\n<\/li>\n<\/ul>\n<p><span lang=\"de-DE\">Solche und viele weitere Aspekte, die andere Kreditnehmer bereits erfahren haben, k\u00f6nnen tiefe Einblicke in die Vorgehensweise der Anbieter liefern. Es lohnt sich also, in diesen <\/span><span lang=\"de-DE\">Rezensionen nac<\/span><span lang=\"de-DE\">hzulesen.<\/span><\/p>\n<p lang=\"de-DE\">Wenn Ihnen gef\u00e4llt, was Sie lesen, ist der n\u00e4chste Schritt die \u00dcbermittlung einer Konditionenanfrage an die Wunschbank. Das Gute dabei: Diese Art von Anfragen sind grunds\u00e4tzlich schufaneutral. Ein paar pers\u00f6nliche Daten sowie Informationen \u00fcber Ihr monatliches Nettoeinkommen m\u00fcssen Sie hierf\u00fcr allerdings preisgeben. Die Anfrage k\u00f6nnen Sie direkt \u00fcber unsere Seite t\u00e4tigen. Im Anschluss wird Sie die Bank kontaktieren und Ihnen ihre Konditionen mitteilen. Zugleich erfahren Sie, ob der Abschluss eines Hypothekendarlehens f\u00fcr Sie \u00fcberhaupt m\u00f6glich ist oder nicht.<\/p>\n<p lang=\"de-DE\">So einfach war es noch nie, Hypothekendarlehen zu vergleichen und zu beantragen \u2013 mit dem <a href=\"http:\/\/loanstar.com\/de\/kredite\/\">LoanStar Kreditvergleich<\/a>. Probieren Sie es einfach aus!<\/p>\n<p lang=\"de-DE\">Sie sind auf der Suche nach einem anderen Kredit? Finden Sie hier Infos \u00fcber:\u00a0<strong><a href=\"http:\/\/loanstar.com\/de\/kredite\/privatkredit\/\">Privatkredite<\/a><\/strong>, <strong><a href=\"http:\/\/loanstar.com\/de\/kredite\/firmenkredit\/\">Firmenkredite<\/a><\/strong>, <strong><a href=\"http:\/\/loanstar.com\/de\/kredite\/autokredit\/\">Autokredite<\/a>, <a href=\"http:\/\/loanstar.com\/de\/kredite\/minikredit\/\">Minikredite<\/a><\/strong>\u00a0oder <strong><a href=\"http:\/\/loanstar.com\/de\/kredite\/hypothekendarlehen\/\">Hypothekendarlehen f\u00fcr Immobilien<\/a><\/strong>.<\/p>\n","protected":false},"excerpt":{"rendered":"<p>Sie man Hypothekenfinanzierung leicht gemacht In Deutschland werden Immobilien heutzutage meistens durch Hypothekendarlehen finanziert. Unser Online Vergleich verschiedenster Hypothekendarlehen spart&#8230;<\/p>\n","protected":false},"author":1,"featured_media":0,"parent":9,"menu_order":0,"comment_status":"closed","ping_status":"closed","template":"templates\/calculator-follow-up.php","meta":{"footnotes":""},"yoast_head":"<!-- This site is optimized with the Yoast SEO plugin v21.0 - https:\/\/yoast.com\/wordpress\/plugins\/seo\/ -->\n<title>Hypothekendarlehen zu besten Konditionen mit LoanStar<\/title>\n<meta name=\"description\" content=\"Mit dem LoanStar Kreditrechner erhalten Sie jetzt kostenlos die besten Angebote f\u00fcr Ihr Hypothekendarlehen. Hypothekenfinanzierung war noch nie so einfach.\" \/>\n<meta name=\"robots\" content=\"index, follow, max-snippet:-1, max-image-preview:large, max-video-preview:-1\" \/>\n<link rel=\"canonical\" href=\"https:\/\/loanstar.com\/de\/kredite\/hypothekendarlehen\/\" \/>\n<meta property=\"og:locale\" content=\"de_DE\" \/>\n<meta property=\"og:type\" content=\"article\" \/>\n<meta property=\"og:title\" content=\"Hypothekendarlehen zu besten Konditionen mit LoanStar\" \/>\n<meta property=\"og:description\" content=\"Mit dem LoanStar Kreditrechner erhalten Sie jetzt kostenlos die besten Angebote f\u00fcr Ihr Hypothekendarlehen. Hypothekenfinanzierung war noch nie so einfach.\" \/>\n<meta property=\"og:url\" content=\"https:\/\/loanstar.com\/de\/kredite\/hypothekendarlehen\/\" \/>\n<meta property=\"og:site_name\" content=\"Loanstar Deutschland\" \/>\n<meta property=\"article:modified_time\" content=\"2019-07-07T09:47:28+00:00\" \/>\n<meta name=\"twitter:card\" content=\"summary_large_image\" \/>\n<meta name=\"twitter:label1\" content=\"Gesch\u00e4tzte Lesezeit\" \/>\n\t<meta name=\"twitter:data1\" content=\"11\u00a0Minuten\" \/>\n<script type=\"application\/ld+json\" class=\"yoast-schema-graph\">{\"@context\":\"https:\/\/schema.org\",\"@graph\":[{\"@type\":\"WebPage\",\"@id\":\"https:\/\/loanstar.com\/de\/kredite\/hypothekendarlehen\/\",\"url\":\"https:\/\/loanstar.com\/de\/kredite\/hypothekendarlehen\/\",\"name\":\"Hypothekendarlehen zu besten Konditionen mit LoanStar\",\"isPartOf\":{\"@id\":\"https:\/\/loanstar.com\/de\/#website\"},\"datePublished\":\"2018-10-04T15:03:14+00:00\",\"dateModified\":\"2019-07-07T09:47:28+00:00\",\"description\":\"Mit dem LoanStar Kreditrechner erhalten Sie jetzt kostenlos die besten Angebote f\u00fcr Ihr Hypothekendarlehen. Hypothekenfinanzierung war noch nie so einfach.\",\"breadcrumb\":{\"@id\":\"https:\/\/loanstar.com\/de\/kredite\/hypothekendarlehen\/#breadcrumb\"},\"inLanguage\":\"de\",\"potentialAction\":[{\"@type\":\"ReadAction\",\"target\":[\"https:\/\/loanstar.com\/de\/kredite\/hypothekendarlehen\/\"]}]},{\"@type\":\"BreadcrumbList\",\"@id\":\"https:\/\/loanstar.com\/de\/kredite\/hypothekendarlehen\/#breadcrumb\",\"itemListElement\":[{\"@type\":\"ListItem\",\"position\":1,\"name\":\"Deutschland\",\"item\":\"https:\/\/loanstar.com\/de\/\"},{\"@type\":\"ListItem\",\"position\":2,\"name\":\"Kredite online finden\",\"item\":\"https:\/\/loanstar.com\/de\/kredite\/\"},{\"@type\":\"ListItem\",\"position\":3,\"name\":\"Hypothekendarlehen\"}]},{\"@type\":\"WebSite\",\"@id\":\"https:\/\/loanstar.com\/de\/#website\",\"url\":\"https:\/\/loanstar.com\/de\/\",\"name\":\"Loanstar Deutschland\",\"description\":\"Kredite vergleichen\",\"potentialAction\":[{\"@type\":\"SearchAction\",\"target\":{\"@type\":\"EntryPoint\",\"urlTemplate\":\"https:\/\/loanstar.com\/de\/?s={search_term_string}\"},\"query-input\":\"required name=search_term_string\"}],\"inLanguage\":\"de\"}]}<\/script>\n<!-- \/ Yoast SEO plugin. -->","yoast_head_json":{"title":"Hypothekendarlehen zu besten Konditionen mit LoanStar","description":"Mit dem LoanStar Kreditrechner erhalten Sie jetzt kostenlos die besten Angebote f\u00fcr Ihr Hypothekendarlehen. Hypothekenfinanzierung war noch nie so einfach.","robots":{"index":"index","follow":"follow","max-snippet":"max-snippet:-1","max-image-preview":"max-image-preview:large","max-video-preview":"max-video-preview:-1"},"canonical":"https:\/\/loanstar.com\/de\/kredite\/hypothekendarlehen\/","og_locale":"de_DE","og_type":"article","og_title":"Hypothekendarlehen zu besten Konditionen mit LoanStar","og_description":"Mit dem LoanStar Kreditrechner erhalten Sie jetzt kostenlos die besten Angebote f\u00fcr Ihr Hypothekendarlehen. Hypothekenfinanzierung war noch nie so einfach.","og_url":"https:\/\/loanstar.com\/de\/kredite\/hypothekendarlehen\/","og_site_name":"Loanstar Deutschland","article_modified_time":"2019-07-07T09:47:28+00:00","twitter_card":"summary_large_image","twitter_misc":{"Gesch\u00e4tzte Lesezeit":"11\u00a0Minuten"},"schema":{"@context":"https:\/\/schema.org","@graph":[{"@type":"WebPage","@id":"https:\/\/loanstar.com\/de\/kredite\/hypothekendarlehen\/","url":"https:\/\/loanstar.com\/de\/kredite\/hypothekendarlehen\/","name":"Hypothekendarlehen zu besten Konditionen mit LoanStar","isPartOf":{"@id":"https:\/\/loanstar.com\/de\/#website"},"datePublished":"2018-10-04T15:03:14+00:00","dateModified":"2019-07-07T09:47:28+00:00","description":"Mit dem LoanStar Kreditrechner erhalten Sie jetzt kostenlos die besten Angebote f\u00fcr Ihr Hypothekendarlehen. Hypothekenfinanzierung war noch nie so einfach.","breadcrumb":{"@id":"https:\/\/loanstar.com\/de\/kredite\/hypothekendarlehen\/#breadcrumb"},"inLanguage":"de","potentialAction":[{"@type":"ReadAction","target":["https:\/\/loanstar.com\/de\/kredite\/hypothekendarlehen\/"]}]},{"@type":"BreadcrumbList","@id":"https:\/\/loanstar.com\/de\/kredite\/hypothekendarlehen\/#breadcrumb","itemListElement":[{"@type":"ListItem","position":1,"name":"Deutschland","item":"https:\/\/loanstar.com\/de\/"},{"@type":"ListItem","position":2,"name":"Kredite online finden","item":"https:\/\/loanstar.com\/de\/kredite\/"},{"@type":"ListItem","position":3,"name":"Hypothekendarlehen"}]},{"@type":"WebSite","@id":"https:\/\/loanstar.com\/de\/#website","url":"https:\/\/loanstar.com\/de\/","name":"Loanstar Deutschland","description":"Kredite vergleichen","potentialAction":[{"@type":"SearchAction","target":{"@type":"EntryPoint","urlTemplate":"https:\/\/loanstar.com\/de\/?s={search_term_string}"},"query-input":"required name=search_term_string"}],"inLanguage":"de"}]}},"_links":{"self":[{"href":"https:\/\/loanstar.com\/de\/wp-json\/wp\/v2\/pages\/177"}],"collection":[{"href":"https:\/\/loanstar.com\/de\/wp-json\/wp\/v2\/pages"}],"about":[{"href":"https:\/\/loanstar.com\/de\/wp-json\/wp\/v2\/types\/page"}],"author":[{"embeddable":true,"href":"https:\/\/loanstar.com\/de\/wp-json\/wp\/v2\/users\/1"}],"replies":[{"embeddable":true,"href":"https:\/\/loanstar.com\/de\/wp-json\/wp\/v2\/comments?post=177"}],"version-history":[{"count":3,"href":"https:\/\/loanstar.com\/de\/wp-json\/wp\/v2\/pages\/177\/revisions"}],"predecessor-version":[{"id":315,"href":"https:\/\/loanstar.com\/de\/wp-json\/wp\/v2\/pages\/177\/revisions\/315"}],"up":[{"embeddable":true,"href":"https:\/\/loanstar.com\/de\/wp-json\/wp\/v2\/pages\/9"}],"wp:attachment":[{"href":"https:\/\/loanstar.com\/de\/wp-json\/wp\/v2\/media?parent=177"}],"curies":[{"name":"wp","href":"https:\/\/api.w.org\/{rel}","templated":true}]}}