{"id":175,"date":"2018-10-04T15:00:30","date_gmt":"2018-10-04T15:00:30","guid":{"rendered":"http:\/\/loanstar.com\/de\/?page_id=175"},"modified":"2019-07-07T12:15:15","modified_gmt":"2019-07-07T10:15:15","slug":"autokredit","status":"publish","type":"page","link":"https:\/\/loanstar.com\/de\/kredite\/autokredit\/","title":{"rendered":"Autokredit"},"content":{"rendered":"<h2>Per Kreditvergleich den perfekten Autokredit finden<\/h2>\n<p>Ein Gro\u00dfteil der Neuwagen, die in Deutschland f\u00fcr private Zwecke gekauft werden, wird \u00fcber einen Autokredit finanziert. Lediglich ein Drittel aller Neuwagen werden direkt bei der Fahrzeug\u00fcbernahme vom neuen Besitzer in bar bezahlt. Selbst bei Gebrauchtwagen greifen die K\u00e4ufer immer h\u00e4ufiger auf das Angebot eines Darlehens zur\u00fcck. Und das aus gutem Grund!<\/p>\n<p>Es gibt vieles, was heutzutage f\u00fcr einen Autokredit spricht. Eines der besten Argumente f\u00fcr einen Autokredit sind die niedrigen Zinss\u00e4tze. M\u00f6chten Sie ihr Traumauto durch Ansparen finanzieren, wird dies durch die niedrigen Zinss\u00e4tze und die Kaufpreisentwicklung vermutlich nur sehr schleppend vorangehen. Bei einem Autokredit profitieren Sie hingegen von den niedrigen Zinsen. Und Sie erhalten ihren Wagen gleich zum Beginn der Kreditlaufzeit. Sie interessieren sich f\u00fcr einen Autokredit?<\/p>\n<p>Finden Sie noch heute mittels unseres <a href=\"http:\/\/loanstar.com\/de\/kredite\/\">LoanStar Kreditvergleichs<\/a> ein <strong>perfekt auf Sie abgestimmtes Angebot<\/strong> ohne b\u00f6se \u00dcberraschungen.<\/p>\n<h2>So funktioniert ein Autokredit<\/h2>\n<p>Die Zweckgebundenheit des Autokredits hat folgenden Vorteil: Meist warten hierbei bessere Konditionen auf Sie als bei einem normalen <a href=\"http:\/\/loanstar.com\/de\/kredite\/privatkredit\/\">Ratenkredit<\/a> (zum Beispiel ein Kredit f\u00fcr eine K\u00fcche). Begr\u00fcnden l\u00e4sst sich dies mit dem Fahrzeugbrief, der bei Kreditaufnahme an die Bank als Kreditsicherheit abgetreten wird.<\/p>\n<p>Mit Erhalt des Fahrzeugbriefes wird die Bank zum Eigent\u00fcmer des Autos. So wird ein Weiterverkauf des PKW f\u00fcr Sie unm\u00f6glich. Der Autok\u00e4ufer kann den Wagen bis zur Tilgung des Kredites nutzen, aber nicht ver\u00e4u\u00dfern. Erst bei Tilgung der Schulden wird der Fahrzeugbrief an den Autok\u00e4ufer ausgeh\u00e4ndigt und er wird der endg\u00fcltige Besitzer des PKW. Genau dieser Prozess erm\u00f6glicht es der Bank, bessere Konditionen an Sie zu vergeben.<\/p>\n<p>Weshalb? Nun, wie bei allen Krediten geht die Bank zun\u00e4chst von einem Kreditausfall aus. Dies bedeutet, dass Sie den Kredit m\u00f6glicherweiese nicht zur\u00fcckzahlen k\u00f6nnen. Doch ein Auto kann im Falle eines Kreditausfalls sehr leicht weiterverkauft werden. Somit unterscheidet sich der Autokredit von einem normalen Ratenkredit f\u00fcr etwa eine Weltreise. Bei einem Ausfall eines solchen Ratenkredites hat die Bank nicht wirklich etwas in der Hand. Bei einem Autokredit hingegen steigt durch den Erhalt des Fahrzeugbriefes f\u00fcr die Bank die Wahrscheinlichkeit, dass sie die volle Kreditsumme zur\u00fcckerhalten wird. Und dies schl\u00e4gt sich letztlich in g\u00fcnstigeren Bedingungen f\u00fcr den Endkunden nieder.<\/p>\n<h2>Vergleich: H\u00e4ndlerkredit und Autokredit von unabh\u00e4ngigen Banken<\/h2>\n<p>In den meisten F\u00e4llen k\u00f6nnen PKW-K\u00e4ufer ihr neues Auto nicht komplett in bar bezahlen. Es muss also ein Darlehen her. Hierzu gibt es zahlreiche M\u00f6glichkeiten. Die beiden am meisten in Anspruch genommenen Kredite sind der H\u00e4ndler-Kredit und der Autokredit. Beim H\u00e4ndler-Kredit handelt es sich um ein Darlehen, das Sie direkt beim Hersteller, beziehungsweise Autohaus, annehmen k\u00f6nnen. Das Fahrzeug finanziert man in diesem Fall \u00fcber die herstellergebundene Autobank. Ein solches Darlehen k\u00f6nnen Sie theoretisch zwar zu g\u00fcnstigen Konditionen erhalten, die Bedingungen gelten aber oftmals nur f\u00fcr diverse Modelle mit speziellen Ausstattungen. Au\u00dferdem wird beim H\u00e4ndler-Kredit meistens vom K\u00e4ufer erwartet, dass er eine Anzahlung auf den PKW-Preis leistet. Autok\u00e4ufer ohne entsprechende Ersparnisse auf dem Konto haben daher schlechte Chancen, \u00fcberhaupt einen H\u00e4ndler-Kredit zu bekommen.<\/p>\n<p>Ist deswegen ein Autokredit unabh\u00e4ngiger Banken vielleicht die bessere Idee? Vorteile haben solche Autokredite zumindest sehr viele. Einer der Vorteile ist der Barzahler-Rabatt. H\u00e4ndler-Kredite werden von herstellergebundenen Autobanken vergeben und diese Banken subventionieren die Konditionen ihrer Finanzierungen. Der Handlungsspielraum f\u00fcr Preisnachl\u00e4sse ist dementsprechend schmal.<\/p>\n<h3>Autokredit \u00fcber unabh\u00e4ngige Bank<\/h3>\n<p>Wenn Sie Ihre Finanzierung jedoch \u00fcber einen Autokredit unabh\u00e4ngiger Banken abwickeln, ist die Chance auf einen Barzahler-Rabatt beim H\u00e4ndler ziemlich hoch. Denn nur so treten Sie dem H\u00e4ndler, beziehungsweise Hersteller, gegen\u00fcber als Barzahler auf. Dies bringt Sie in eine hervorragende Position, um Erm\u00e4\u00dfigungen auszuhandeln. Zwar ist ein solcher unabh\u00e4ngiger Autokredit oft mit relativ hohen Zinsen verbunden, Ihre Ersparnis ist aber dennoch\u00a0 aufgrund des Barzahler-Rabatts unterm Strich gr\u00f6\u00dfer.<br \/>\nAllerdings kann eine eventuell angebotene sogenannte Null-Prozent-Finanzierung sowie ein niedriger Rabatt-Unterschied in manchen F\u00e4llen die H\u00e4ndler-Finanzierung dennoch zur attraktiveren Variante machen.<\/p>\n<h3>Mit dem <a href=\"http:\/\/loanstar.com\/de\/kredite\/\">LoanStar Kreditvergleich<\/a> zur richtigen Entscheidung<\/h3>\n<p>Nehmen Sie sich Zeit, wenn es um die Entscheidung f\u00fcr einen einen Kredit geht. Achten Sie Sie auf jedes einzelne Detail und lassen Sie sich nicht zu schnell von einer der angebotenen Varianten \u00fcberzeugen. In bestimmten F\u00e4llen ist tats\u00e4chlich ein H\u00e4ndlerkredit die bessere Wahl. Beispielsweise bei Sonderaktionen mit speziellen Konditionen die an den Kredit gebunden sind. Welches Darlehen das f\u00fcr Sie G\u00fcnstigere ist, kommt nat\u00fcrlich letztlich auch auf den Kaufpreis des PKW und auf die individuellen Konditionen an.<\/p>\n<p>Nicht selten k\u00f6nnen die Bedingungen der Kreditgeber undurchsichtig wirken. Um in solchen Situationen f\u00fcr mehr Transparenz zu sorgen, haben wir unseren Kreditvergleich entwickelt. Mithilfe unseres Kreditvergleichs k\u00f6nnen Sie schnell und einfach herausfinden, welches Darlehen f\u00fcr Ihren speziellen Fall das g\u00fcnstigste ist.<\/p>\n<h2>Ballon-Finanzierung als PKW-Finanzierungsm\u00f6glichkeit<\/h2>\n<p>Die sogenannte Ballon-Finanzierung ist auch unter dem Begriff Fahrzeug-Finanzierung mit Schlussrate gel\u00e4ufig. Es ist wichtig zu erw\u00e4hnen, dass es sich hierbei nicht etwa um eine dritte Finanzierungs-Variante neben den beiden oben genannten M\u00f6glichkeiten handelt. Die Ballon-Finanzierung ist meist sowohl direkt \u00fcber den Autoh\u00e4ndler als auch bei unabh\u00e4ngigen Banken erh\u00e4ltlich. Bei dieser speziellen Art von Darlehen werden nur sehr niedrige Monatsraten abbezahlt. Die Monatsraten tilgen dabei den Wertverlust des PKWs.<\/p>\n<p>Zu Beginn des Darlehens kann der K\u00e4ufer bei der Ballon-Finanzierung eine optionale Anzahlung t\u00e4tigen. Die Laufzeit betr\u00e4gt dann oftmals nur wenige Jahre. Nach Beendigung der Laufzeit muss dann eine hohe Schlussrate beglichen werden. Dieser Betrag wird auch als Ballon bezeichnet. Mit der Zahlung dieses sogenannten Ballons ver\u00e4u\u00dfert der PKW-Besitzer, also die Bank, das Auto endg\u00fcltig an den Verbraucher.<\/p>\n<h3>Ballon-Finanzierung oder Leasing<\/h3>\n<p>Die Ballon-Finanzierung erinnert viele Kreditnehmer wahrscheinlich an das Prinzip des Leasing. Tats\u00e4chlich haben Leasing und Autofinanzierung mit Schlussrate vieles gemeinsam. Die Ballon-Finanzierung ist gewisserma\u00dfen eine Mischform zwischen Autokredit und Leasing. Auch beim Leasing ist die monatlich zu begleichende Rate relativ niedrig. Der Leasingnehmer entrichtet mit dieser Leasingrate aber lediglich ein Entgelt zur Nutzung des PKW. Ballon-Finanzierung hingegen ist auf den letztendlichen Kauf des Wagens ausgerichtet.<\/p>\n<p>Die Ballon-Finanzierung ist \u00e4hnlich wie ein gew\u00f6hnlicher Autokredit auf den Kauf des Fahrzeugs ausgelegt. Beim Leasing muss der Leasingnehmer den PKW nach Ende der Kreditlaufzeit oft an das Leasing-Unternehmen zur\u00fcckgeben. Ein weiterer nicht unerheblicher Unterschied zum Leasing ist die Tatsache, dass auf die monatliche Rate keine Mehrwertsteuer berechnet wird.<\/p>\n<h3>Was spricht f\u00fcr eine Ballon-Finanzierung?<\/h3>\n<p>Die Ballon-Finanzierung ist genauso wie der Autokredit zweckgebunden. Der Kreditnehmer muss in diesem Fall also die Kreditsumme f\u00fcr den PKW-Kauf verwenden. Bis zur vollst\u00e4ndigen Tilgung des Kredits wird der Fahrzeugbrief, ganz wie beim klassischen Autokredit, beim Kreditgeber hinterlegt. Im Falle des Ausfalls kann die Bank den PKW ver\u00e4u\u00dfern und mit dem Erl\u00f6s die offenen Schulden begleichen. Der gr\u00f6\u00dfte Unterschied zum herk\u00f6mmlichen Autokredit ist der Ballon, die hohe Rate, die am Ende der Laufzeit zu begleichen ist.<\/p>\n<p>F\u00fcr eine Ballon-Finanzierung entscheiden sich normalerweise K\u00e4ufer, die niedrige monatliche Raten bevorzugen, aber den Neu- oder Gebrauchtwagen am Ende der Laufzeit dennoch ihr Eigen nennen m\u00f6chten. Gelegenheitsfahrer haben besonders viel von dieser Finanzierungsart. Durch den h\u00f6chstwahrscheinlich sehr guten Zustand nach Ablauf der Finanzierung kann er wom\u00f6glich zu einem Preis verkauft werden, der die Schlussrate sogar \u00fcbersteigt. Mit ein wenig Gl\u00fcck kann in einem solchen Fall sogar ein betr\u00e4chtlicher Gewinn erzielt werden.<\/p>\n<h2>Die Drei-Wege-Finanzierung<\/h2>\n<p>Der Drei-Wege-Kredit ist einen weitere Finanzierungsm\u00f6glichkeit beim Erwerb eines Autos. Es handelt sich um einen Mix aus Leasing, einem herk\u00f6mmlichen Autokredit und einem Kauf. Der Drei-Wege-Kredit bietet jedoch deutlich mehr Flexibilit\u00e4t als diese drei Finanzierungsformen f\u00fcr sich genommen. Daher ist der Drei-Wege-Kredit ideal f\u00fcr Personen, die sich nicht ganz sicher \u00fcber ihre Zukunft sind, oder auch einfach f\u00fcr Unentschlossene. Mit dieser Finanzierungsform h\u00e4lt man sich n\u00e4mlich viele Optionen offen. Hier erfahren Sie mehr \u00fcber diese durchaus verbreitete Form der Autofinanzierung:<\/p>\n<p>Grunds\u00e4tzlich ist der Drei-Wege-Kredit einer Ballon-Finanzierung sehr \u00e4hnlich. Bei der Drei-Wege-Finanzierung kommt jedoch noch eine Anzahlung am Anfang der Laufzeit hinzu, die bbei der Ballon-Finanzierung nur optional ist. Besonders attraktiv wird der Drei-Wege-Kredit vor allem durch die drei M\u00f6glichkeiten nach Ende der Laufzeit. Diese drei Optionen sind namensgebend f\u00fcr diese Kreditart:<\/p>\n<ul>\n<li>Begleichung der Abschlusszahlung und Kauf des Autos<\/li>\n<li>Finanzierung der Abschlusszahlung mit einer Anschlussfinanzierung<\/li>\n<li>Sie geben das Auto dem H\u00e4ndler zur\u00fcck<\/li>\n<\/ul>\n<h3>Auto in Schuss halten<\/h3>\n<p>Die Voraussetzungen f\u00fcr den letzten Punkt sind oftmals schwierig zu erreichen. So sollte der PKW beispielsweise die vereinbarte Kilometergrenze nicht \u00fcberschritten haben. Au\u00dferdem sollte dieser unbesch\u00e4digt und in altersgem\u00e4\u00df gepflegtem Zustand sein. Trifft einer oder mehrere dieser Punkte nicht zu, k\u00f6nnte der Verkauf f\u00fcr den Kreditnehmer unvorteilhaft werden oder muss dann das Auto behalten.<\/p>\n<h3>Abschluss eines Drei-Wege-Kredites<\/h3>\n<p>Beim Abschluss eines Drei-Wege-Kredites gilt es daher, sich zwei Fragen zu stellen:<\/p>\n<ol>\n<li>Wie hoch soll und kann meine Anzahlung sein?<\/li>\n<li>Welche monatlichen Raten sind zumutbar?<\/li>\n<\/ol>\n<p>\u00dcber die Abschlussrate f\u00fcr den PKW sollten Sie sich nat\u00fcrlich ebenso Gedanken machen. Jedoch ist diese nicht immer komplett vorhersehbar. Sie h\u00e4ngt nicht zuletzt vom Restwert des Autos zu Laufzeitende ab. In einem Gro\u00dfteil der F\u00e4lle wird dieser vom H\u00e4ndler bestimmt.<\/p>\n<p>Aufgrund all dieser Variablen ist die Kalkulation der Drei-Wege-Finanzierung ein wenig komplizierter als bei einem klassischen Ratenkredit. Auch die Transparenz dieser Finanzierungsform leidet ein wenig unter den vielen verschiedenen Varianten und Berechnungsspielr\u00e4umen. Nichtsdestotrotz profitieren Sie bei dieser Finanzierungsart auch von der erh\u00f6hten Flexibilit\u00e4t. Sie erm\u00f6glicht Ihnen die Anpassung an individuelle Bed\u00fcrfnisse.<\/p>\n<h2>Leasing als weitere Finanzierungsart f\u00fcr PKWs<\/h2>\n<p>Diese Form von Autofinanzierung ist vor allem f\u00fcr Gesch\u00e4ftsinhaber interessant. Beim Leasing wird das Auto nicht gekauft, sondern gemietet. Deshalb finanziert der Nutzer mit der monatlichen Rate den Wertverlust und nicht den Kaufpreis. Entscheidend f\u00fcr Unternehmen ist dabei, dass der Wagen nicht in der Bilanz der Firma erscheint. Leasingobjekte m\u00fcssen n\u00e4mlich meist nicht bilanziert werden. F\u00fcr Privatpersonen gibt es hingegen fast keine steuerrechtlichen Vorteile. Leasing lohnt sich also eher f\u00fcr bilanzierungspflichtige Unternehmen.<\/p>\n<p>Wie auch schon bei den bisher erw\u00e4hnten Finanzierungsm\u00f6glichkeiten gilt auch hier: Einen Leasingvertrag k\u00f6nnen Sie entweder bei einem unabh\u00e4ngigen Kreditgeber, oder direkt beim Hersteller, beziehungsweise H\u00e4ndler, abschlie\u00dfen. Hierbei sollten Sie bedenken, dass die Interessen beider Anbieter grunds\u00e4tzlich verschieden sind. Achten Sie daher auf die ma\u00dfgeblichen Unterschiede.<\/p>\n<p>Wenn Sie \u00fcber eine Autofinanzierung per Leasing nachdenken: Rechnen Sie zur richtigen Einsch\u00e4tzung der Gesamtkosten s\u00e4mtliche Anzahlungen, Raten und den vereinbarten Restwert zusammen. Wenn Sie nun diese Summe mit den Finanzierungskosten eines Kredits vergleichen, zeigt sich die f\u00fcr Sie g\u00fcnstigere Variante. Mit unserem <a href=\"http:\/\/loanstar.com\/de\/kredite\/\">Kreditvergleich<\/a> k\u00f6nnen Sie schnell und einfach die f\u00fcr Sie beste Variante zur Finanzierung Ihres Autos finden.<\/p>\n<h2>Wie genau funktioniert der Vergleich von Autokrediten?<\/h2>\n<p>Bei uns finden Sie eine Vielzahl an Autokredit-Angeboten. Dabei f\u00fchren wir grunds\u00e4tzlich alle anfallenden Kosten auf, so dass Sie konkrete Vergleiche anstellen k\u00f6nnen. Schlie\u00dflich w\u00e4re es Gift f\u00fcr die Nerven, wenn Sie erst m\u00fchselig einen Preisnachlass herausgehandelt haben und dann nach Unterschreiben des Vertrages herausfinden m\u00fcssen, dass Sie viel zu hohe Zinsen zahlen. Aufgrund niedriger Transparenz einiger Anbieter kann so etwas durchaus passieren. Um s\u00e4mtliche Kosten aufzudecken bieten wir unseren Kreditvergleich an.<br \/>\nDen Vergleich von Autokrediten k\u00f6nnen Sie also gern uns \u00fcberlassen. Sie als PKW-K\u00e4ufer erhalten von uns einen perfekten \u00dcberblick \u00fcber die exakten Kreditkosten. Auf unserer Seite finden Sie so schnell wie noch nie Ihren individuell abgestimmten Autokredit. So k\u00f6nnen Sie mehr Zeit mit der Modell-Auswahl sowie der Wahl der richtigen Ausstattung verbringen.<\/p>\n<h3><strong>So funktioniert der Autovergleich auf unserer Seite:<\/strong><\/h3>\n<ul>\n<li>F\u00fcllen Sie ganz einfach die Felder f\u00fcr die gew\u00fcnschte Laufzeit sowie den Kreditbetrag aus. Bei der Laufzeit k\u00f6nnen Sie sich Ihre monatliche Rate aussuchen und so die Konditionen auf Ihren pers\u00f6nlichen Fall anpassen.<\/li>\n<li>Anschlie\u00dfend pr\u00e4sentiert Ihnen unser Vergleich eine Auflistung m\u00f6glicher Kreditgeber, die ein Darlehen zu den angegebenen Konditionen vergeben. Vergleichen Sie die Angaben und finden Sie Ihren individuellen Autokredit.<\/li>\n<li>Zus\u00e4tzlich zu den Konditionen der Anbieter k\u00f6nnen Sie au\u00dferdem Testberichte, detaillierte Bewertungen und Kundenmeinungen lesen, um einen noch umfassenderen Eindruck von dem Kreditinstitut zu erhalten.<\/li>\n<li>Wenn Sie mithilfe unseres Vergleichs die passende Finanzierung gefunden haben, k\u00f6nnen Sie im Anschluss eine Kreditanfrage direkt an den gew\u00fcnschten Anbieter senden.<\/li>\n<\/ul>\n<p>All dies geschieht <a href=\"http:\/\/loanstar.com\/de\/kredite\/\"><strong>kostenlos<\/strong> \u00fcber unsere Seite<\/a>.<\/p>\n<p>Ihr Kreditantrag wird anschlie\u00dfend von der Bank gepr\u00fcft. Qualifizieren Sie sich so f\u00fcr einen Kredit, wird Ihnen die Bank den auf Sie abgestimmten Vertrag zusenden. Falls Sie sich zu diesem Zeitpunkt doch noch anders entscheiden, sind Sie nicht verpflichtet den Vertrag zu unterschreiben. Bei Bewilligung des Kredites und Erledigung aller Formalit\u00e4ten (Vertragsunterzeichnung und Dokumentenpr\u00fcfung) wird Ihnen die gew\u00fcnschte Geldsumme innerhalb weniger Tage auf Ihr Konto \u00fcberwiesen.<\/p>\n<h2>Autokredit-Vergleich: Auswirkungen auf Schufa-Score?<\/h2>\n<p>Die Benutzung unseres Kreditvergleichs hat in keinster Weise Auswirkungen auf Ihren Schufa-Score. Fr\u00fcher war es tats\u00e4chlich so, dass Banken das Bonit\u00e4ts-Merkmal \u201cAnfrage Kredit\u201d bei einem Kreditvergleich an die Schufa \u00fcbermittelten. Dies f\u00fchrte h\u00e4ufig zu einer Verschlechterung der Bonit\u00e4t und Ihre Kreditkonditionen wurden allein dadurch ung\u00fcnstiger. Heutzutage k\u00f6nnen Sie so viele Vergleiche anstellen, und Angebote einholen, wie Sie m\u00f6chten. Es wird lediglich die Notiz \u201cAnfrage Kreditkonditionen\u201d \u00fcbermittelt. Dies hat keinerlei negative Auswirkungen auf Ihre Bonit\u00e4t. Erst ein Vertragsabschluss wird entsprechend an die Schufa kommuniziert.<\/p>\n<h3>Ist ein Autokredit trotz negativem Schufa-Score m\u00f6glich?<\/h3>\n<p>Die simple Antwort lautet: Ja, Sie k\u00f6nnen trotz negativem Schufa-Score einen Autokredit bekommen. Allerdings verstecken sich hinter vielen Angeboten, die Sie in einem solchen Fall erhalten, unseri\u00f6se Unternehmen. Wir m\u00f6chten Ihnen unbedingt davon abraten, einen Kredit bei einem solchen unseri\u00f6sen Unternehmen abzuschlie\u00dfen.<br \/>\nZu erkennen ist dies meist an dubiosen Geb\u00fchren, die diese Anbieter berechnen. Seri\u00f6se Anbieter werden ausschlie\u00dflich durch den Kreditgeber bezahlt. Wenn ein Anbieter also zus\u00e4tzliche Geb\u00fchren verlangt, lassen Sie lieber die Finger davon. Auch geschieht es oft, dass unseri\u00f6se Unternehmen Ihnen schon vor Abschluss eines Autokredits zus\u00e4tzlich etwas anderes verkaufen m\u00f6chten. Oft geht es hierbei um eine Versicherung. Auch dies sollte ein deutliches Zeichen f\u00fcr Sie sein, vorsichtig zu agieren.<\/p>\n<p>Nichtsdestotrotz gibt es seri\u00f6se Kreditgeber, die trotz negativer Schufa L\u00f6sungen anbieten k\u00f6nnen. Kredite trotz negativer Schufa tragen auch die Bezeichnung \u201eSchweizer Kredit\u201c, da sie nicht selten von Unternehmen aus der Schweiz oder Liechtenstein vergeben werden. Denken Sie aber daran, dass auch diese Banken Geld nicht g\u00e4nzlich ohne Pr\u00fcfung verleihen. Sie werden also als Kreditnehmer genauso auf Ihre Bonit\u00e4t getestet, nur eben ohne Schufa-Prozess.<\/p>\n","protected":false},"excerpt":{"rendered":"<p>Per Kreditvergleich den perfekten Autokredit finden Ein Gro\u00dfteil der Neuwagen, die in Deutschland f\u00fcr private Zwecke gekauft werden, wird \u00fcber&#8230;<\/p>\n","protected":false},"author":1,"featured_media":0,"parent":9,"menu_order":0,"comment_status":"closed","ping_status":"closed","template":"templates\/calculator-follow-up.php","meta":{"footnotes":""},"yoast_head":"<!-- This site is optimized with the Yoast SEO plugin v21.0 - https:\/\/yoast.com\/wordpress\/plugins\/seo\/ -->\n<title>Zum perfekten Autokredit durch Kreditvergleich<\/title>\n<meta name=\"description\" content=\"Viele finanzieren ihr Auto durch einen Autokredit. Einen Vergleich zwischen den vielen Anbeitern und Kreditarten erhalten Sie \u00fcber den LoanStar Kreditvergleich.\" \/>\n<meta name=\"robots\" content=\"index, follow, max-snippet:-1, max-image-preview:large, max-video-preview:-1\" \/>\n<link rel=\"canonical\" href=\"https:\/\/loanstar.com\/de\/kredite\/autokredit\/\" \/>\n<meta property=\"og:locale\" content=\"de_DE\" \/>\n<meta property=\"og:type\" content=\"article\" \/>\n<meta property=\"og:title\" content=\"Zum perfekten Autokredit durch Kreditvergleich\" \/>\n<meta property=\"og:description\" content=\"Viele finanzieren ihr Auto durch einen Autokredit. Einen Vergleich zwischen den vielen Anbeitern und Kreditarten erhalten Sie \u00fcber den LoanStar Kreditvergleich.\" \/>\n<meta property=\"og:url\" content=\"https:\/\/loanstar.com\/de\/kredite\/autokredit\/\" \/>\n<meta property=\"og:site_name\" content=\"Loanstar Deutschland\" \/>\n<meta property=\"article:modified_time\" content=\"2019-07-07T10:15:15+00:00\" \/>\n<meta name=\"twitter:card\" content=\"summary_large_image\" \/>\n<meta name=\"twitter:label1\" content=\"Gesch\u00e4tzte Lesezeit\" \/>\n\t<meta name=\"twitter:data1\" content=\"12\u00a0Minuten\" \/>\n<script type=\"application\/ld+json\" class=\"yoast-schema-graph\">{\"@context\":\"https:\/\/schema.org\",\"@graph\":[{\"@type\":\"WebPage\",\"@id\":\"https:\/\/loanstar.com\/de\/kredite\/autokredit\/\",\"url\":\"https:\/\/loanstar.com\/de\/kredite\/autokredit\/\",\"name\":\"Zum perfekten Autokredit durch Kreditvergleich\",\"isPartOf\":{\"@id\":\"https:\/\/loanstar.com\/de\/#website\"},\"datePublished\":\"2018-10-04T15:00:30+00:00\",\"dateModified\":\"2019-07-07T10:15:15+00:00\",\"description\":\"Viele finanzieren ihr Auto durch einen Autokredit. Einen Vergleich zwischen den vielen Anbeitern und Kreditarten erhalten Sie \u00fcber den LoanStar Kreditvergleich.\",\"breadcrumb\":{\"@id\":\"https:\/\/loanstar.com\/de\/kredite\/autokredit\/#breadcrumb\"},\"inLanguage\":\"de\",\"potentialAction\":[{\"@type\":\"ReadAction\",\"target\":[\"https:\/\/loanstar.com\/de\/kredite\/autokredit\/\"]}]},{\"@type\":\"BreadcrumbList\",\"@id\":\"https:\/\/loanstar.com\/de\/kredite\/autokredit\/#breadcrumb\",\"itemListElement\":[{\"@type\":\"ListItem\",\"position\":1,\"name\":\"Deutschland\",\"item\":\"https:\/\/loanstar.com\/de\/\"},{\"@type\":\"ListItem\",\"position\":2,\"name\":\"Kredite online finden\",\"item\":\"https:\/\/loanstar.com\/de\/kredite\/\"},{\"@type\":\"ListItem\",\"position\":3,\"name\":\"Autokredit\"}]},{\"@type\":\"WebSite\",\"@id\":\"https:\/\/loanstar.com\/de\/#website\",\"url\":\"https:\/\/loanstar.com\/de\/\",\"name\":\"Loanstar Deutschland\",\"description\":\"Kredite vergleichen\",\"potentialAction\":[{\"@type\":\"SearchAction\",\"target\":{\"@type\":\"EntryPoint\",\"urlTemplate\":\"https:\/\/loanstar.com\/de\/?s={search_term_string}\"},\"query-input\":\"required name=search_term_string\"}],\"inLanguage\":\"de\"}]}<\/script>\n<!-- \/ Yoast SEO plugin. -->","yoast_head_json":{"title":"Zum perfekten Autokredit durch Kreditvergleich","description":"Viele finanzieren ihr Auto durch einen Autokredit. Einen Vergleich zwischen den vielen Anbeitern und Kreditarten erhalten Sie \u00fcber den LoanStar Kreditvergleich.","robots":{"index":"index","follow":"follow","max-snippet":"max-snippet:-1","max-image-preview":"max-image-preview:large","max-video-preview":"max-video-preview:-1"},"canonical":"https:\/\/loanstar.com\/de\/kredite\/autokredit\/","og_locale":"de_DE","og_type":"article","og_title":"Zum perfekten Autokredit durch Kreditvergleich","og_description":"Viele finanzieren ihr Auto durch einen Autokredit. Einen Vergleich zwischen den vielen Anbeitern und Kreditarten erhalten Sie \u00fcber den LoanStar Kreditvergleich.","og_url":"https:\/\/loanstar.com\/de\/kredite\/autokredit\/","og_site_name":"Loanstar Deutschland","article_modified_time":"2019-07-07T10:15:15+00:00","twitter_card":"summary_large_image","twitter_misc":{"Gesch\u00e4tzte Lesezeit":"12\u00a0Minuten"},"schema":{"@context":"https:\/\/schema.org","@graph":[{"@type":"WebPage","@id":"https:\/\/loanstar.com\/de\/kredite\/autokredit\/","url":"https:\/\/loanstar.com\/de\/kredite\/autokredit\/","name":"Zum perfekten Autokredit durch Kreditvergleich","isPartOf":{"@id":"https:\/\/loanstar.com\/de\/#website"},"datePublished":"2018-10-04T15:00:30+00:00","dateModified":"2019-07-07T10:15:15+00:00","description":"Viele finanzieren ihr Auto durch einen Autokredit. Einen Vergleich zwischen den vielen Anbeitern und Kreditarten erhalten Sie \u00fcber den LoanStar Kreditvergleich.","breadcrumb":{"@id":"https:\/\/loanstar.com\/de\/kredite\/autokredit\/#breadcrumb"},"inLanguage":"de","potentialAction":[{"@type":"ReadAction","target":["https:\/\/loanstar.com\/de\/kredite\/autokredit\/"]}]},{"@type":"BreadcrumbList","@id":"https:\/\/loanstar.com\/de\/kredite\/autokredit\/#breadcrumb","itemListElement":[{"@type":"ListItem","position":1,"name":"Deutschland","item":"https:\/\/loanstar.com\/de\/"},{"@type":"ListItem","position":2,"name":"Kredite online finden","item":"https:\/\/loanstar.com\/de\/kredite\/"},{"@type":"ListItem","position":3,"name":"Autokredit"}]},{"@type":"WebSite","@id":"https:\/\/loanstar.com\/de\/#website","url":"https:\/\/loanstar.com\/de\/","name":"Loanstar Deutschland","description":"Kredite vergleichen","potentialAction":[{"@type":"SearchAction","target":{"@type":"EntryPoint","urlTemplate":"https:\/\/loanstar.com\/de\/?s={search_term_string}"},"query-input":"required name=search_term_string"}],"inLanguage":"de"}]}},"_links":{"self":[{"href":"https:\/\/loanstar.com\/de\/wp-json\/wp\/v2\/pages\/175"}],"collection":[{"href":"https:\/\/loanstar.com\/de\/wp-json\/wp\/v2\/pages"}],"about":[{"href":"https:\/\/loanstar.com\/de\/wp-json\/wp\/v2\/types\/page"}],"author":[{"embeddable":true,"href":"https:\/\/loanstar.com\/de\/wp-json\/wp\/v2\/users\/1"}],"replies":[{"embeddable":true,"href":"https:\/\/loanstar.com\/de\/wp-json\/wp\/v2\/comments?post=175"}],"version-history":[{"count":3,"href":"https:\/\/loanstar.com\/de\/wp-json\/wp\/v2\/pages\/175\/revisions"}],"predecessor-version":[{"id":313,"href":"https:\/\/loanstar.com\/de\/wp-json\/wp\/v2\/pages\/175\/revisions\/313"}],"up":[{"embeddable":true,"href":"https:\/\/loanstar.com\/de\/wp-json\/wp\/v2\/pages\/9"}],"wp:attachment":[{"href":"https:\/\/loanstar.com\/de\/wp-json\/wp\/v2\/media?parent=175"}],"curies":[{"name":"wp","href":"https:\/\/api.w.org\/{rel}","templated":true}]}}