{"id":173,"date":"2018-10-04T14:57:31","date_gmt":"2018-10-04T14:57:31","guid":{"rendered":"http:\/\/loanstar.com\/de\/?page_id=173"},"modified":"2019-07-07T11:07:18","modified_gmt":"2019-07-07T09:07:18","slug":"privatkredit","status":"publish","type":"page","link":"https:\/\/loanstar.com\/de\/kredite\/privatkredit\/","title":{"rendered":"Privatkredit"},"content":{"rendered":"<h2 class=\"western\">Den perfekten Privatkredit finden &#8211; mit unserem Kreditvergleich<\/h2>\n<p lang=\"de-DE\">Wir kennen es doch alle: Es ist Monatsende, wir sind knapp bei Kasse und trotzdem l\u00e4sst sich die eine oder andere Anschaffung nicht mehr weiter aufschieben.<br \/>\nSo brauchen Sie vielleicht einen neuen Laptop oder ein neues Haushaltsger\u00e4t? Solche Dinge haben nun einmal irgendwann ihren Soll getan, geben den Geist auf oder funktionieren nicht mehr einwandfrei. Doch wer m\u00f6chte schon im Falle eines finanziellen Engpasses drei Wochen ohne K\u00fchlschrank leben? Unser Vergleich von Privatkrediten ist in einem solchen Fall Gold wert.<\/p>\n<p lang=\"de-DE\">Privatkredite bringen n\u00e4mlich oft besonders g\u00fcnstige Finanzierungsm\u00f6glichkeiten mit sich. Diese Darlehensform wird auch Verbraucherkredit oder Konsumentenkredit genannt. Grunds\u00e4tzlich handelt es sich bei solchen Verbraucherkrediten um Darlehen an Privatpersonen. Bei dieser Art von Kredit haben Sie freie Verwendung und m\u00fcssen nicht angeben, wof\u00fcr Sie das Geld verwenden wollen. Die monatlichen Raten zahlen Sie schlie\u00dflich zusammen mit den Zinsraten zur\u00fcck.<\/p>\n<h2 class=\"western\">Unterschied zwischen Verbraucherkredit und Privatkredit<\/h2>\n<p lang=\"de-DE\">Eines ist jedoch zu beachten: Privatkredit ist nicht gleich Privatkredit. Genau genommen verstecken sich hinter dieser Bezeichnung zwei verschiedene M\u00f6glichkeiten f\u00fcr den Verbraucher. Die erste dieser M\u00f6glichkeiten ist ein Bankdarlehen. Hierbei leiht die Bank Geld an einen privaten Haushalt. Es handelt sich quasi um einen gew\u00f6hnlichen Ratenkredit.<\/p>\n<p lang=\"de-DE\">Die zweite M\u00f6glichkeit ist ein sogenannter Kredit von privat. Diese Art von Darlehen erh\u00e4lt der Kreditnehmer von einer Einzelperson oder einer Gruppe privater Verbraucher. Solche Kredite werden auch Peer-to-Peer-Kredite oder oft P2P-Kredite genannt. Sowohl der Privatkredit \u00fcber eine Bank als auch der Kredit von privat laufen dabei ohne Zweckbindung. Der Kunde entscheidet also ganz allein \u00fcber die Verwendung des Geldes. Wir werden nun n\u00e4her auf den Privatkredit als gew\u00f6hnlichen Ratenkredit eingehen.<\/p>\n<h2 class=\"western\">Wie funktioniert ein Privatkredit?<\/h2>\n<p lang=\"de-DE\">Der Privatkredit ist eine sehr gel\u00e4ufige Form der Finanzierung. In den meisten F\u00e4llen werden mit einem Privatkredit drei unterschiedliche Ausgabenformen finanziert:<\/p>\n<ol>\n<li><strong><span lang=\"de-DE\">Gebrauchsg\u00fcter: <\/span><\/strong><span lang=\"de-DE\">Hierzu z\u00e4hlen z. B. <\/span><span lang=\"de-DE\">\u00a0M\u00f6belst\u00fccke oder Autos<\/span><span lang=\"de-DE\">.<\/span><\/li>\n<li><strong><span lang=\"de-DE\">Verbrauchsg\u00fcter: <\/span><\/strong><span lang=\"de-DE\">Unter Verbrauchsg\u00fcter fallen beispielsweise<\/span><span lang=\"de-DE\"> Studienreise<\/span><span lang=\"de-DE\">n<\/span> <span lang=\"de-DE\">oder Feiern.<\/span><\/li>\n<li><strong><span lang=\"de-DE\">Umschuldung: <\/span><\/strong><span lang=\"de-DE\">Auch um Schulden, wie etwa \u00dcberziehungskredite, leichter abzahlen zu k\u00f6nnen, werden Privatkredite genutzt.<\/span><\/li>\n<\/ol>\n<p><b><span lang=\"de-DE\">K<\/span><span lang=\"de-DE\">osten und R\u00fcckzahlung<\/span><\/b><\/p>\n<p lang=\"de-DE\">Wie bereits erw\u00e4hnt werden Privatkredite vom Kreditgeber in einer bestimmten Summe ausgezahlt und vom Kreditnehmer in festen Raten zur\u00fcckgezahlt. In diesen monatlichen Raten sind gleicherma\u00dfen Zins sowie Kredittilgung enthalten. Die Zinsen des Privatkredits liegen im Normalfall h\u00f6her als bei der Finanzierung von Immobilien, meist aber niedriger als bei Dispositionskrediten. Fr\u00fcher war es \u00fcblich, eine einmalige Bearbeitungsgeb\u00fchr in H\u00f6he von 2 bis 3,5% des Kreditbetrages zu erheben. Im Oktober 2014 wurde dies jedoch nachtr\u00e4glich durch den Bundesgerichtshof verboten. Bearbeitungsgeb\u00fchren sind in Deutschland mittlerweile komplett unzul\u00e4ssig.<\/p>\n<p lang=\"de-DE\"><b>Laufzeit von Privatkrediten<\/b><\/p>\n<p lang=\"de-DE\">In der Regel kann man bei Privatkrediten von einer Laufzeit zwischen 12 und 120 Monaten ausgehen. Bei manchen Kreditgebern sind sogar noch l\u00e4ngere Laufzeiten m\u00f6glich. Die Kreditbetr\u00e4ge bewegen sich in der Regel zwischen 100 Euro und 100.000 Euro. Auch hier best\u00e4tigt die Ausnahme die Regel und es kann in seltenen F\u00e4llen auch zu h\u00f6heren Betr\u00e4gen kommen.<\/p>\n<h2 class=\"western\">Merkmale des Kreditvertrages<\/h2>\n<p lang=\"de-DE\">Privatkredite werden in der Regel als sogenanntes Blankodarlehen gew\u00e4hrt. Das bedeutet, dass keine Stellung von Sicherheiten notwendig ist, wie es beispielsweise bei einem Hypothekendarlehen der Fall ist. Meistens ist lediglich eine Gehaltsabtretung als Sicherheit im Vertrag vereinbart. Dies ist selbstverst\u00e4ndlich vertraglich geregelt. Der Kreditvertrag f\u00fcr ein privates Darlehen f\u00fchrt s\u00e4mtliche wesentliche Daten des Kredits auf. Dazu z\u00e4hlen die folgenden Punkte:<\/p>\n<ul>\n<li>\n<p lang=\"de-DE\">der gebundene Sollzins<\/p>\n<\/li>\n<li>\n<p lang=\"de-DE\">der effektive Jahreszins<\/p>\n<\/li>\n<li>\n<p lang=\"de-DE\">die Laufzeit des Kredits<\/p>\n<\/li>\n<li>\n<p lang=\"de-DE\">die H\u00f6he der Monatsraten und der etwaigen Schlussrate<\/p>\n<\/li>\n<li>\n<p lang=\"de-DE\">die H\u00f6he der Gesamtkosten, also z. B. inklusive der Bearbeitungsgeb\u00fchr<\/p>\n<\/li>\n<\/ul>\n<p lang=\"de-DE\">Bei Banken h\u00e4ngt die Kreditvergabe an Privatpersonen au\u00dferdem vom Alter des Kreditnehmers ab. Es ist nicht un\u00fcblich, dass einige Banken H\u00f6chstaltersgrenzen f\u00fcr die Kreditvergabe festsetzen.<\/p>\n<h2 class=\"western\">Die wichtigsten Begriffe rund um den Privatkredit<\/h2>\n<p lang=\"de-DE\">Banken sind dazu verpflichtet, ihre Kunden in verst\u00e4ndlicher Weise \u00fcber alle wesentlichen Bedingungen des Kredits mithilfe des Kreditvertrages zu informieren. Der Kreditnehmer, ob Laie oder nicht, muss in der Lage sein, aufgrund der gemachten Angaben eine fundierte Entscheidung f\u00fcr oder gegen den Kredit treffen zu k\u00f6nnen.<\/p>\n<p lang=\"de-DE\">Allerdings muss man sagen: Bei zu viel Bankenjargon kann man mitunter schon einmal den \u00dcberblick verlieren. Daher m\u00f6chten wir Ihnen einen kleinen \u00dcberblick \u00fcber die wichtigsten Vertragsinhalte eines Kreditvertrages geben, und Ihnen diese Begriffe im Detail erkl\u00e4ren:<\/p>\n<h3 class=\"western\">Nettokreditbetrag<\/h3>\n<p lang=\"de-DE\">Beim Nettokreditbetrag handelt es sich um jene konkrete Summe, die Ihnen ausgezahlt wird, sobald Sie den Vertrag unterschrieben haben. Die Banken legen dabei ihre Mindest- und H\u00f6chstbetr\u00e4ge individuell fest. Es gibt keine Standards, an die man sich in der Branche der Privatkredite zu halten hat. In der Regel starten Privatkredite bei mindestens 1.000 Euro und es werden Nettokreditbetr\u00e4ge bis maximal 100.000 Euro ausgezahlt.<\/p>\n<h3 class=\"western\">Laufzeit<\/h3>\n<p lang=\"de-DE\">Hierbei handelt es sich um die vertraglich geregelte Zeit, innerhalb welcher der Kredit zur\u00fcckgezahlt werden muss. Da ein Privatkredit in festen Monatsraten zur\u00fcckgezahlt wird, ist die Laufzeit meist dieselbe wie die Anzahl der Raten. Die Laufzeit k\u00f6nnen Sie bei den meisten Kreditgebern ein oder zweimal pro Jahr \u00e4ndern. Bei manchen Anbietern ist sogar eine monatsgenaue Vereinbarung der Laufzeit m\u00f6glich. Wie bereits erw\u00e4hnt, ist bei Privatkrediten eine Laufzeit zwischen 12 und 120 Monaten \u00fcblich.<\/p>\n<h3 class=\"western\">Effektiver Jahreszins<\/h3>\n<p lang=\"de-DE\">Ist man in Bezug auf Kredite noch nicht wirklich bewandert, so kann man gerade bei den Zinsen schnell den \u00dcberblick verlieren. Dabei ist es eigentlich gar nicht so schwierig. Der effektive Jahreszins ist jener Betrag, welcher zus\u00e4tzlich zum Nettodarlehensbetrag zu bezahlen ist. Er wird in Prozent des Nettodarlehensbetrages beziffert. Dieses Merkmal ist wohl das wichtigste Kriterium bei der Auswahl Ihres passenden Kredits. W\u00e4hrend im monatlichen Zinssatz nicht alle Geb\u00fchren mit einberechnet werden, sind im effektiven Jahreszins auch Kosten wie der Auszahlungskurs (Disagio) und die Tilgung enthalten. \u00dcblicherweise ist dieser Zinssatz \u00fcber die gesamte Laufzeit festgeschrieben, damit der Kreditgeber die Kostenkalkulation besser durchf\u00fchren kann.<\/p>\n<p lang=\"de-DE\">Wie die H\u00f6he des Effektivzinses bei einem Privatkredit genau bestimmt wird, h\u00e4ngt vom Anbieter ab. Die Bonit\u00e4t des Kreditgebers kann dabei einen genauso hohen Einfluss auf den Zins haben wie die Laufzeit des Kredits. Dabei gilt grunds\u00e4tzlich: Je besser die Bonit\u00e4t desto niedriger der Zins. Und je l\u00e4nger die Laufzeit, desto h\u00f6her der Zins. Heutzutage k\u00f6nnen Sie allerdings bereits Anbieter finden, die bonit\u00e4ts- und laufzeitunabh\u00e4ngige Zinsen anbieten.<\/p>\n<h3 class=\"western\">Die Monatsrate<\/h3>\n<p lang=\"de-DE\">Die Monatsrate ergibt sich aus dem Kreditbetrag, der Laufzeit sowie dem Zinssatz. Es ist dabei \u00fcblich, dass sich diese Rate \u00fcber die gesamte Kreditlaufzeit nicht \u00e4ndert. Lediglich die Schlussrate kann mitunter von der Monatsrate abweichen.<\/p>\n<h3 class=\"western\">Gesamtr\u00fcckzahlungsbetrag<\/h3>\n<p lang=\"de-DE\">Der Gesamtr\u00fcckzahlungsbetrag ist die Summe aller Monatsraten. Er liegt selbstverst\u00e4ndlich h\u00f6her als der bereits erw\u00e4hnte Nettokreditbetrag. Der Grund hierf\u00fcr sind die Zinskosten, die jeden Monat bis zur vollst\u00e4ndigen R\u00fcckzahlung des Kredites anfallen.<\/p>\n<h3 class=\"western\">Sondertilgungen<\/h3>\n<p lang=\"de-DE\">Viele Banken bieten Ihnen die M\u00f6glichkeit, eine Sondertilgung oder gar eine vorzeitige Abl\u00f6sung des Kredits zu leisten. F\u00fcr Sie als Verbraucher hat das den gro\u00dfen Vorteil, dass durch die zus\u00e4tzliche Zahlung die Laufzeit verk\u00fcrzt wird. Das erspart selbstverst\u00e4ndlich Zinskosten. Denken Sie aber daran, dass vom Kreditgeber eine Vorf\u00e4lligkeitsentsch\u00e4digung verlangt werden kann. Diese liegt bei maximal 1% des abgel\u00f6sten Saldos (oft auch 0,5% bei einer Restlaufzeit unter einem Jahr). Manche Banken verzichten allerdings auf Vorf\u00e4lligkeitsentsch\u00e4digungen.<\/p>\n<h2 class=\"western\">In drei einfachen Schritten zum Privatkredit<\/h2>\n<p lang=\"de-DE\">Mit unserem Kreditrechner erleichtern wir Ihnen die m\u00fchselige Arbeit, sich all die n\u00f6tigen Informationen von mehreren Anbietern rund um Privatkredite selbst heraussuchen zu m\u00fcssen. Wir wissen, dass es nicht gerade spa\u00dfig ist, sich durch die vielen Webseiten unterschiedlicher Banken und Kreditinstitute zu schlagen, nur um dann am Ende doch ohne das perfekte Angebot dazustehen. Befolgen Sie daher einfach die folgenden drei Schritte und Ihr Wunschkredit wird nicht mehr lange auf sich warten lassen.<\/p>\n<h3 class=\"western\">1. Summe und Laufzeit Ihres Privatkredits festlegen<\/h3>\n<p lang=\"de-DE\">Schon vor dem Kreditvergleich sollte Ihnen bewusst sein, wie viel Geld Sie genau in die bevorstehende Anschaffung investieren werden und investieren m\u00f6chten. Es ist hierbei besonders wichtig zu \u00fcberlegen, wie viel von Ihrem Ersparten in die geplante Anschaffung flie\u00dfen soll. Denn der Rest wird \u00fcber den Kredit finanziert. Die Kreditsumme h\u00e4ngt also nicht zuletzt davon ab, wie hoch der Anteil der Anschaffungskosten ist, den Sie selbst stemmen k\u00f6nnen. Die Kreditsumme, die sich aus dieser Rechnung ergibt, m\u00fcssen Sie im Anschluss beim Kreditvergleich angeben.<\/p>\n<p lang=\"de-DE\">Obwohl Sie die Laufzeit w\u00e4hrend eines Kredits meistens in regelm\u00e4\u00dfigen Abst\u00e4nden \u00e4ndern k\u00f6nnen, ist dies trotzdem nicht immer einfach und manchmal sogar mit Extrakosten verbunden. Daher sollten Sie von Anfang an eine clevere Entscheidung f\u00e4llen. Stellen Sie sich daher in Bezug auf die Laufzeit f\u00fcr Ihren Privatkredit die folgenden zwei Fragen:<\/p>\n<ul>\n<li>\n<p lang=\"de-DE\">Bis wann will ich wieder schuldenfrei sein?<\/p>\n<\/li>\n<li>\n<p lang=\"de-DE\">Wie viel Geld kann ich monatlich problemlos entbehren, um den Kredit zur\u00fcckzuzahlen?<\/p>\n<\/li>\n<\/ul>\n<p lang=\"de-DE\">Wenn Sie das Thema Darlehen m\u00f6glichst schnell wieder hinter sich bringen wollen, sollten Sie vergleichsweise hohe Monatsraten anfragen, denn die Laufzeit wird dadurch k\u00fcrzer. Achten Sie dabei aber darauf, dass Ihnen die hohen Raten nicht \u00fcber den Kopf wachsen. Denken Sie hierbei auch an Geburtstage, Urlaube und andere au\u00dfergew\u00f6hnliche Umst\u00e4nde, die Ihnen Kosten verursachen. W\u00e4hlen Sie eine l\u00e4ngere Laufzeit, so sind die Monatsraten selbstverst\u00e4ndlich niedriger. Dies bedeutet aber auch, dass Sie erst sp\u00e4ter schuldenfrei sein werden und unterm Strich auch mehr Zinsen zahlen. Sehen Sie sich unseren Kreditrechner daher genau an, denn dieser erkl\u00e4rt Ihnen im Detail, wie Kreditsumme, Laufzeit, Zinssatz und monatliche Rate zusammenh\u00e4ngen.<\/p>\n<h3 class=\"western\">2. Online-Vergleich durchf\u00fchren<\/h3>\n<p lang=\"de-DE\">Haben Sie die Kreditsumme sowie die Laufzeit in den Kreditrechner eingegeben, spuckt dieser Ihnen umgehend die ersten Ergebnisse zu Ihrem m\u00f6glichen Privatkredit aus. Achten Sie dabei besonders auf die angebotenen Zinss\u00e4tze, denn diese sind ein \u00fcberaus wichtiges Unterscheidungsmerkmal. Grunds\u00e4tzlich gilt: Je niedriger der Zinssatz, desto g\u00fcnstiger ist im Grunde auch der Kredit. Besonders schlau ist es, den effektiven Jahreszins genau unter die Lupe zu nehmen. Dieser zeigt im Unterschied zum monatlichen Sollzins auf, welche j\u00e4hrlichen Kosten tats\u00e4chlich in Summe auf Sie zukommen werden. Mit unserem Kreditvergleich haben Sie einen schnellen \u00dcberblick \u00fcber den Soll- sowie den Effektivzins.<\/p>\n<h3 class=\"western\">3. Kredit bequem online abschlie\u00dfen<\/h3>\n<p lang=\"de-DE\">Haben Sie sich erst einmal f\u00fcr einen Anbieter aus unserem Kreditvergleich entschieden, geht es schnell weiter mit dem Kreditantrag. Bevor die Bank n\u00e4mlich eine Auszahlung der Kreditsumme an Sie einleitet, ben\u00f6tigt sie von Ihnen noch ein paar Dokumente. Meist m\u00fcssen Sie diese per Post zusenden. In einigen F\u00e4llen ist es auch m\u00f6glich, die Dokumente zu scannen und per Email oder Upload zuzusenden. Bei diesen Unterlagen handelt es sich beispielsweise um:<\/p>\n<ul>\n<li>\n<p lang=\"de-DE\">Nachweis Ihrer Identit\u00e4t<\/p>\n<\/li>\n<li>\n<p lang=\"de-DE\">Nachweis des Wohnsitzes<\/p>\n<\/li>\n<li>\n<p lang=\"de-DE\">Nachweise \u00fcber ein geregeltes monatliches Einkommen<\/p>\n<\/li>\n<li><span lang=\"de-DE\">Und <\/span><span lang=\"de-DE\">selbstverst\u00e4ndlich der unterschriebene Kreditantrag<\/span><\/li>\n<\/ul>\n<p lang=\"de-DE\">Wie Sie sehen: Der Fortschritt der Digitalisierung macht den Abschluss eines Privatkredits \u00fcber unsere Webseite besonders einfach, bequem und schnell. Sofern die Bank Ihres Vertrauens s\u00e4mtliche ben\u00f6tigten modernen digitalen Verfahren unterst\u00fctzt, k\u00f6nnen Sie alle diese Schritte bequem von zu Hause aus erledigen. Haben Sie schon vom Video-Ident Verfahren geh\u00f6rt? Dabei identifiziert ein darauf spezialisiertes Unternehmen Ihre Identit\u00e4t im Online-Verfahren. Auch dieser Schritt ist heutzutage per Internet m\u00f6glich.<\/p>\n<p lang=\"de-DE\">Unterst\u00fctzt der ausgew\u00e4hlte Kreditgeber im finalen Schritt auch den Online-Sofort-Abschluss, so k\u00f6nnen Sie den Kreditvertrag sogar digital unterzeichnen. Den Weg zur n\u00e4chsten Filiale ersparen Sie sich also.<\/p>\n<p>Mit dem Abschluss des Kredites haben Sie es geschafft: Die Bank wird nun die Auszahlung Ihrer gew\u00fcnschten Geldsumme einleiten.<\/p>\n<p lang=\"de-DE\">\n","protected":false},"excerpt":{"rendered":"<p>Den perfekten Privatkredit finden &#8211; mit unserem Kreditvergleich Wir kennen es doch alle: Es ist Monatsende, wir sind knapp bei&#8230;<\/p>\n","protected":false},"author":1,"featured_media":0,"parent":9,"menu_order":0,"comment_status":"closed","ping_status":"closed","template":"templates\/calculator-follow-up.php","meta":{"footnotes":""},"yoast_head":"<!-- This site is optimized with the Yoast SEO plugin v21.0 - https:\/\/yoast.com\/wordpress\/plugins\/seo\/ -->\n<title>Mit dem LoanStar Kreditvergleich zum g\u00fcnstigsten Privatkredit<\/title>\n<meta name=\"description\" content=\"Der LoanStar Kreditvergleich erm\u00f6glicht Ihnen, einen Privatkredit zu finden, der perfekt zu Ihnen passt. Vergleichen Sie kostenlos unter vielen Anbietern.\" \/>\n<meta name=\"robots\" content=\"index, follow, max-snippet:-1, max-image-preview:large, max-video-preview:-1\" \/>\n<link rel=\"canonical\" href=\"https:\/\/loanstar.com\/de\/kredite\/privatkredit\/\" \/>\n<meta property=\"og:locale\" content=\"de_DE\" \/>\n<meta property=\"og:type\" content=\"article\" \/>\n<meta property=\"og:title\" content=\"Mit dem LoanStar Kreditvergleich zum g\u00fcnstigsten Privatkredit\" \/>\n<meta property=\"og:description\" content=\"Der LoanStar Kreditvergleich erm\u00f6glicht Ihnen, einen Privatkredit zu finden, der perfekt zu Ihnen passt. Vergleichen Sie kostenlos unter vielen Anbietern.\" \/>\n<meta property=\"og:url\" content=\"https:\/\/loanstar.com\/de\/kredite\/privatkredit\/\" \/>\n<meta property=\"og:site_name\" content=\"Loanstar Deutschland\" \/>\n<meta property=\"article:modified_time\" content=\"2019-07-07T09:07:18+00:00\" \/>\n<meta name=\"twitter:card\" content=\"summary_large_image\" \/>\n<meta name=\"twitter:label1\" content=\"Gesch\u00e4tzte Lesezeit\" \/>\n\t<meta name=\"twitter:data1\" content=\"10\u00a0Minuten\" \/>\n<script type=\"application\/ld+json\" class=\"yoast-schema-graph\">{\"@context\":\"https:\/\/schema.org\",\"@graph\":[{\"@type\":\"WebPage\",\"@id\":\"https:\/\/loanstar.com\/de\/kredite\/privatkredit\/\",\"url\":\"https:\/\/loanstar.com\/de\/kredite\/privatkredit\/\",\"name\":\"Mit dem LoanStar Kreditvergleich zum g\u00fcnstigsten Privatkredit\",\"isPartOf\":{\"@id\":\"https:\/\/loanstar.com\/de\/#website\"},\"datePublished\":\"2018-10-04T14:57:31+00:00\",\"dateModified\":\"2019-07-07T09:07:18+00:00\",\"description\":\"Der LoanStar Kreditvergleich erm\u00f6glicht Ihnen, einen Privatkredit zu finden, der perfekt zu Ihnen passt. Vergleichen Sie kostenlos unter vielen Anbietern.\",\"breadcrumb\":{\"@id\":\"https:\/\/loanstar.com\/de\/kredite\/privatkredit\/#breadcrumb\"},\"inLanguage\":\"de\",\"potentialAction\":[{\"@type\":\"ReadAction\",\"target\":[\"https:\/\/loanstar.com\/de\/kredite\/privatkredit\/\"]}]},{\"@type\":\"BreadcrumbList\",\"@id\":\"https:\/\/loanstar.com\/de\/kredite\/privatkredit\/#breadcrumb\",\"itemListElement\":[{\"@type\":\"ListItem\",\"position\":1,\"name\":\"Deutschland\",\"item\":\"https:\/\/loanstar.com\/de\/\"},{\"@type\":\"ListItem\",\"position\":2,\"name\":\"Kredite online finden\",\"item\":\"https:\/\/loanstar.com\/de\/kredite\/\"},{\"@type\":\"ListItem\",\"position\":3,\"name\":\"Privatkredit\"}]},{\"@type\":\"WebSite\",\"@id\":\"https:\/\/loanstar.com\/de\/#website\",\"url\":\"https:\/\/loanstar.com\/de\/\",\"name\":\"Loanstar Deutschland\",\"description\":\"Kredite vergleichen\",\"potentialAction\":[{\"@type\":\"SearchAction\",\"target\":{\"@type\":\"EntryPoint\",\"urlTemplate\":\"https:\/\/loanstar.com\/de\/?s={search_term_string}\"},\"query-input\":\"required name=search_term_string\"}],\"inLanguage\":\"de\"}]}<\/script>\n<!-- \/ Yoast SEO plugin. -->","yoast_head_json":{"title":"Mit dem LoanStar Kreditvergleich zum g\u00fcnstigsten Privatkredit","description":"Der LoanStar Kreditvergleich erm\u00f6glicht Ihnen, einen Privatkredit zu finden, der perfekt zu Ihnen passt. Vergleichen Sie kostenlos unter vielen Anbietern.","robots":{"index":"index","follow":"follow","max-snippet":"max-snippet:-1","max-image-preview":"max-image-preview:large","max-video-preview":"max-video-preview:-1"},"canonical":"https:\/\/loanstar.com\/de\/kredite\/privatkredit\/","og_locale":"de_DE","og_type":"article","og_title":"Mit dem LoanStar Kreditvergleich zum g\u00fcnstigsten Privatkredit","og_description":"Der LoanStar Kreditvergleich erm\u00f6glicht Ihnen, einen Privatkredit zu finden, der perfekt zu Ihnen passt. Vergleichen Sie kostenlos unter vielen Anbietern.","og_url":"https:\/\/loanstar.com\/de\/kredite\/privatkredit\/","og_site_name":"Loanstar Deutschland","article_modified_time":"2019-07-07T09:07:18+00:00","twitter_card":"summary_large_image","twitter_misc":{"Gesch\u00e4tzte Lesezeit":"10\u00a0Minuten"},"schema":{"@context":"https:\/\/schema.org","@graph":[{"@type":"WebPage","@id":"https:\/\/loanstar.com\/de\/kredite\/privatkredit\/","url":"https:\/\/loanstar.com\/de\/kredite\/privatkredit\/","name":"Mit dem LoanStar Kreditvergleich zum g\u00fcnstigsten Privatkredit","isPartOf":{"@id":"https:\/\/loanstar.com\/de\/#website"},"datePublished":"2018-10-04T14:57:31+00:00","dateModified":"2019-07-07T09:07:18+00:00","description":"Der LoanStar Kreditvergleich erm\u00f6glicht Ihnen, einen Privatkredit zu finden, der perfekt zu Ihnen passt. Vergleichen Sie kostenlos unter vielen Anbietern.","breadcrumb":{"@id":"https:\/\/loanstar.com\/de\/kredite\/privatkredit\/#breadcrumb"},"inLanguage":"de","potentialAction":[{"@type":"ReadAction","target":["https:\/\/loanstar.com\/de\/kredite\/privatkredit\/"]}]},{"@type":"BreadcrumbList","@id":"https:\/\/loanstar.com\/de\/kredite\/privatkredit\/#breadcrumb","itemListElement":[{"@type":"ListItem","position":1,"name":"Deutschland","item":"https:\/\/loanstar.com\/de\/"},{"@type":"ListItem","position":2,"name":"Kredite online finden","item":"https:\/\/loanstar.com\/de\/kredite\/"},{"@type":"ListItem","position":3,"name":"Privatkredit"}]},{"@type":"WebSite","@id":"https:\/\/loanstar.com\/de\/#website","url":"https:\/\/loanstar.com\/de\/","name":"Loanstar Deutschland","description":"Kredite vergleichen","potentialAction":[{"@type":"SearchAction","target":{"@type":"EntryPoint","urlTemplate":"https:\/\/loanstar.com\/de\/?s={search_term_string}"},"query-input":"required name=search_term_string"}],"inLanguage":"de"}]}},"_links":{"self":[{"href":"https:\/\/loanstar.com\/de\/wp-json\/wp\/v2\/pages\/173"}],"collection":[{"href":"https:\/\/loanstar.com\/de\/wp-json\/wp\/v2\/pages"}],"about":[{"href":"https:\/\/loanstar.com\/de\/wp-json\/wp\/v2\/types\/page"}],"author":[{"embeddable":true,"href":"https:\/\/loanstar.com\/de\/wp-json\/wp\/v2\/users\/1"}],"replies":[{"embeddable":true,"href":"https:\/\/loanstar.com\/de\/wp-json\/wp\/v2\/comments?post=173"}],"version-history":[{"count":3,"href":"https:\/\/loanstar.com\/de\/wp-json\/wp\/v2\/pages\/173\/revisions"}],"predecessor-version":[{"id":333,"href":"https:\/\/loanstar.com\/de\/wp-json\/wp\/v2\/pages\/173\/revisions\/333"}],"up":[{"embeddable":true,"href":"https:\/\/loanstar.com\/de\/wp-json\/wp\/v2\/pages\/9"}],"wp:attachment":[{"href":"https:\/\/loanstar.com\/de\/wp-json\/wp\/v2\/media?parent=173"}],"curies":[{"name":"wp","href":"https:\/\/api.w.org\/{rel}","templated":true}]}}