{"id":169,"date":"2018-10-04T14:51:42","date_gmt":"2018-10-04T14:51:42","guid":{"rendered":"http:\/\/loanstar.com\/de\/?page_id=169"},"modified":"2019-07-07T11:23:04","modified_gmt":"2019-07-07T09:23:04","slug":"minikredit","status":"publish","type":"page","link":"https:\/\/loanstar.com\/de\/kredite\/minikredit\/","title":{"rendered":"Minikredit zur kurzfristigen finanziellen Unterst\u00fctzung"},"content":{"rendered":"<h2 class=\"western\">Dank IT-Fortschritt schneller zum Minikredit<\/h2>\n<p lang=\"de-DE\">Fr\u00fcher gab es nur einen einzigen Weg, um an einen Kredit zu gelangen &#8211; dieser Weg f\u00fchrte geradewegs zur Bank. Nachdem Sie mit der Bank einen Termin ausgemacht hatten, wurden Sie einem Angestellten vorgestellt, welcher sich um Ihren Kreditwunsch k\u00fcmmerte. Dieser Angestellte musste selbstverst\u00e4ndlich f\u00fcr seine Arbeit verg\u00fctet werden. Dies ist der Grund, warum es fr\u00fcher so gut wie keine Kleinkredite gab. Durch die hohen Margen, die die Banken berechneten, war ein <a href=\"http:\/\/loanstar.com\/de\/kredite\/minikredit\/\">Minikredit<\/a> n\u00e4mlich nicht \u00f6konomisch und mit horrenden Zinsen verbunden.<\/p>\n<p lang=\"de-DE\">Heute kann ein Darlehensvertrag dank dem Fortschritt der Internet-Technologie viel flotter und kosteneffizienter abgeschlossen werden. Oft hat man das ben\u00f6tigte Geld schon innerhalb von einer Stunde auf dem Konto. Die Digitalisierung \u00f6ffentlicher Akten erm\u00f6glicht es Banken und anderen Kreditgebern, sich vollautomatisch vom potentiellen Kreditnehmer und seiner Bonit\u00e4t zu \u00fcberzeugen. Und die Tatsache, dass wir heutzutage Mobiltelefone f\u00fcr die Feststellung der Identit\u00e4t verwenden k\u00f6nnen, beschleunigt den Prozess ebenso.<\/p>\n<h2 class=\"western\">Minikredit oder herk\u00f6mmliches Darlehen?<\/h2>\n<p lang=\"de-DE\">Ein Minikredit beschreibt \u00fcblicherweise einen kleinen Kredit, bei dem sich der Kreditnehmer einen Betrag zwischen 100 und 5.000 Euro leiht. Dieses Darlehen zeigt einige spezielle Eigenschaften auf, die es von herk\u00f6mmlichen Konsumentendarlehen, wie dem <a href=\"http:\/\/loanstar.com\/de\/kredite\/hypothekendarlehen\/\">Hypothekarkredit<\/a>, stark unterscheiden. Einer der gr\u00f6\u00dften Unterschiede ist die deutlich geringere Laufzeit. Sie betr\u00e4gt bei einem Minikredit meist nur 14 bis 60 Tage. Die wenigsten Banken lassen sich hierbei auf eine l\u00e4ngere Laufzeit ein.<\/p>\n<p lang=\"de-DE\">Der Minikredit dient in den meisten F\u00e4llen dazu, kurzfristige finanzielle Engp\u00e4sse zu \u00fcberbr\u00fccken. Schon mit dem n\u00e4chsten Lohneingang zahlt der Kreditnehmer den Betrag wieder zur\u00fcck. Die Beantragung eines Kleinkredits verl\u00e4uft meist unkompliziert und schnell. Das neuartige Video-Ident Verfahren erm\u00f6glicht eine komplette Online-Abwicklung. Die sofortige Zusage oder auch Ablehnung wird Ihnen innerhalb weniger Minuten nach \u00dcbermittlung Ihres Antrages per E-Mail zugesandt.<\/p>\n<p lang=\"de-DE\">Bei einer Zusage bearbeitet der Kreditgeber Ihren Kreditantrag direkt, sodass Sie das ben\u00f6tigte Geld so schnell wie m\u00f6glich auf Ihrem Bankkonto sehen k\u00f6nnen. Neben der schnellen Gew\u00e4hrung von Minikrediten ist es ein weiterer Vorteil, dass diese \u00e4u\u00dferst unb\u00fcrokratisch zu erhalten sind. Es gibt kein m\u00fchsames Hinterlegen von endlos vielen Dokumenten, da sich die Banken bei so einem kleinen Betrag schon mit dem Minimum an ben\u00f6tigten Dokumenten begn\u00fcgen. Minikredite sind auch als Kurzkredit oder Schnellkredit bekannt.<\/p>\n<h2 class=\"western\">Sind ein Mikrokredit und ein Minikredit dasselbe?<\/h2>\n<p lang=\"de-DE\">Tats\u00e4chlich handelt es sich hierbei um zwei verschiedene Kreditarten. Der Mikrokredit wird normalerweise an Kleingewerbetreibende in Entwicklungsl\u00e4ndern vergeben. Er f\u00f6rdert in diesen L\u00e4ndern die Entwicklung und hat grunds\u00e4tzlich erst einmal nichts mit einem Minikredit gemeinsam. Allerdings benutzt man das Wort Mikrokredit in letzter Zeit generell umgangssprachlich f\u00fcr kleine Kredite. Deshalb findet man auf einigen Webseiten im Internet zwar Informationen zu Minikrediten, es wird aber das Wort Mikrokredit verwendet.<\/p>\n<h2 class=\"western\">Voraussetzungen f\u00fcr den Minikredit<\/h2>\n<p lang=\"de-DE\">Obwohl es sich bei Kleinkrediten um eher geringe Geldbetr\u00e4ge handelt, gibt der Kreditgeber trotzdem bestimmte Richtlinien an die Darlehensvergabe vor. Diese Voraussetzungen sind im Grunde genommen bei den meisten Banken gleich. Im Falle von speziellen Abweichungen informieren die Banken \u00fcber ihre Homepages. Ebenso k\u00f6nnen Sie alle wichtigen Punkte in unserem <a href=\"http:\/\/loanstar.com\/de\/kredite\/\">Kreditvergleich<\/a> nachlesen.<\/p>\n<p lang=\"de-DE\">Grunds\u00e4tzlich muss jeder Mensch, der in Deutschland einen Kredit bei einer seri\u00f6sen Bank aufnehmen m\u00f6chte, das 18. Lebensjahr erreicht und seinen Hauptwohnsitz in Deutschland gemeldet haben. Zudem ist ein deutsches Girokonto ein Muss. Wenn Sie nun auch noch ein monatliches Einkommen von mindestens 600 Euro vorweisen k\u00f6nnen, steht der erfolgreichen Auszahlung eines Kleinkredits nichts mehr im Wege. Letzterer Punkt ist oftmals nicht einmal n\u00f6tig, denn viele Banken verlangen bei Kleinstbetr\u00e4gen keinen Nachweis \u00fcber Ihr monatliches Einkommen. So wird ein Minikredit h\u00e4ufig auch Auszubildenden oder Studenten gew\u00e4hrt. Auch Rentnern oder Arbeitslosen steht eine Beantragung offen. Der Kreditnehmer braucht also nicht zwingend berufst\u00e4tig zu sein.<\/p>\n<h3>Kriterien f\u00fcr Sofortauszahlung<\/h3>\n<p lang=\"de-DE\">Geht es Ihnen haupts\u00e4chlich um eine Sofortauszahlung, kommen zus\u00e4tzlich noch ein paar weitere Punkte auf die Liste der Voraussetzungen. Lesen Sie hierzu mehr <a href=\"http:\/\/loanstar.com\/de\/kredite\/\">mithilfe unseres Kreditvergleichs<\/a>, denn die Richtlinien variieren von Anbieter zu Anbieter.<\/p>\n<p lang=\"de-DE\">Tats\u00e4chlich gibt es aber auch Punkte, die den Banken ganz und gar nicht egal sind. Einen Minikredit erhalten Sie beispielsweise nicht:<\/p>\n<ul>\n<li>\n<p lang=\"de-DE\">wenn ein Insolvenzverfahren gegen Sie besteht<\/p>\n<\/li>\n<li><span lang=\"de-DE\">wenn Sie eine eidesstattliche Versicherung abgegeben haben<\/span><\/li>\n<li>\n<p lang=\"de-DE\">im Falle eines Pf\u00e4ndungsbeschlusses<\/p>\n<\/li>\n<li><span lang=\"de-DE\">wenn ein <\/span><span lang=\"de-DE\">Haftbefehl <\/span><span lang=\"de-DE\">gegen Sie besteht<\/span><\/li>\n<\/ul>\n<p lang=\"de-DE\">Generell sollten Sie niemals einen Kredit beantragen, wenn Sie diesen nicht mit hundertprozentiger Sicherheit zur\u00fcckzahlen k\u00f6nnen.<\/p>\n<h3 class=\"western\">Gibt es bei einem Minikredit eine Bonit\u00e4tspr\u00fcfung?<\/h3>\n<p lang=\"de-DE\">Kreditnehmer, die in ihrer Vergangenheit schon von Schicksalsschl\u00e4gen getroffen wurden, und bei denen es vorkam, dass sie Kredite nicht zeitgem\u00e4\u00df zur\u00fcckzahlen konnten, f\u00fcrchten sich \u00fcblicherweise vor der sogenannten Schufa-Abfrage. Die Schufa Holding AG ist eine deutsche Wirtschaftsauskunftei und hat es sich zum Ziel gesetzt, ihren Vertragspartnern Informationen zur Bonit\u00e4t Dritter bereitzustellen.<\/p>\n<p lang=\"de-DE\">Kredite, die ohne vorherige Bonit\u00e4tspr\u00fcfung bzw. Schufa-Abfrage vergeben werden, nennt man schufafreie oder auch Schweizer Kredite. \u00dcblicherweise sind es Schweizer Banken, die diese Kredite an deutsche Kreditnehmer vergeben. Diese Art von Darlehen kann aber nur von deutschen Vermittlern bereitgestellt werden. Die schufafreien Kredite vergeben eine maximale Summe von 3.500 Euro. Der Ablauf ist schnell und unb\u00fcrokratisch. Allerdings m\u00fcssen Sie mit saftigen Zinsen von ungef\u00e4hr 15% sowie weiteren hohen Geb\u00fchren rechnen. In Deutschland selbst wird zwar bei jeder Beantragung eines Minikredits auch eine Schufa-Abfrage durchgef\u00fchrt, es gibt aber gewisse Anbieter wie beispielsweise Cashper, die unter bestimmten Umst\u00e4nden einen Kredit auch bei negativem Schufa-Eintrag vergeben. Dies ist allerdings eher selten der Fall.<\/p>\n<h2 class=\"western\">Kosten und Zusatzleistungen eines Minikredits<\/h2>\n<p lang=\"de-DE\">Kleinkredite sind ungef\u00e4hr mit denselben Kosten verbunden wie herk\u00f6mmliche Dispokredite, und sind daher etwas teurer als normale Ratenkredite. Die Zinsen liegen \u00fcblicherweise zwischen 7,95% p.a. und 14,99 % effektiv j\u00e4hrlich. Auch wenn die Zinss\u00e4tze auf den ersten Blick recht hoch wirken, darf man nicht vergessen, dass sie nur auf sehr geringe Betr\u00e4ge anfallen und daher auf das gro\u00dfe Ganze gesehen eher niedrig ausfallen.<\/p>\n<h3>Kostenfalle Zusatzleistungen<\/h3>\n<p lang=\"de-DE\">Das Geld verdienen sich die Kreditgeber eher mit dem Verkauf von Zusatzleistungen, die den Kredit im Endeffekt teurer machen.<br \/>\nBei verschiedensten Kreditgebern k\u00f6nnen Sie Zusatzleistungen w\u00e4hlen, die beispielsweise die Bearbeitungs- und Auszahlungszeit verk\u00fcrzen k\u00f6nnen. Diese Zusatzleistungen sind u.a.:<\/p>\n<ul>\n<li><strong><span lang=\"de-DE\">Expressbearbeitung:<\/span><\/strong><span lang=\"de-DE\"> W\u00e4hlen Sie die Expressbearbeitung, so wird Ihr Kreditantrag direkt nach Antragseingang und positivem Entscheid bearbeitet. Ihr Antrag wird gegen\u00fcber den Antr\u00e4gen ohne diese Option bevorzugt bearbeitet. Die Zusatzkosten dieser Leistung betragen in den meisten F\u00e4llen <\/span><span lang=\"de-DE\">je nach Anbieter <\/span><span lang=\"de-DE\">zwischen 10 und 30 Euro.<\/span><\/li>\n<li><strong><span lang=\"de-DE\">Ratenzahlung:<\/span><\/strong><span lang=\"de-DE\"> Normalerweise <\/span><span lang=\"de-DE\">betr\u00e4gt<\/span><span lang=\"de-DE\"> die Laufzeit von Minikrediten bis zu 30 Tage. Jedoch haben Sie oftmals die M\u00f6glichkeit, die Laufzeit auf 60 Tage oder mehr zu verl\u00e4ngern. Je nach Anbieter <\/span><span lang=\"de-DE\">kann<\/span><span lang=\"de-DE\"> diese Zusatzleistung kostenlos (eher selten) <\/span><span lang=\"de-DE\">sein,<\/span><span lang=\"de-DE\"> oder aber <\/span><span lang=\"de-DE\">zus\u00e4tzliche Geb\u00fchren verursachen<\/span><span lang=\"de-DE\">.<\/span><\/li>\n<li><strong><span lang=\"de-DE\">Blitz\u00fcberweisung:<\/span><\/strong><span lang=\"de-DE\"> Mit <\/span><span lang=\"de-DE\">einer sogenannten<\/span><span lang=\"de-DE\"> Blitz\u00fcberweisung <\/span><span lang=\"de-DE\">wird<\/span><span lang=\"de-DE\"> das ben\u00f6tigte Geld innerhalb weniger Stunden auf Ihr Bankkonto <\/span><span lang=\"de-DE\">\u00fcberwiesen<\/span><span lang=\"de-DE\">. Einige wenige Anbieter, die Sie auch mithilfe unseres Kreditvergleiches finden k\u00f6nnen, bieten <\/span><span lang=\"de-DE\">sogar eine<\/span><span lang=\"de-DE\"> Auszahlung binnen 30 Minuten an. F\u00fcr die Leistung der Blitz\u00fcberweisung m\u00fcssen Sie \u00fcblicherweise zwischen 25 und 50 Euro <\/span><span lang=\"de-DE\">extra be<\/span><span lang=\"de-DE\">zahlen.<\/span><\/li>\n<li><strong><span lang=\"de-DE\">Boni+ Paket:<\/span><\/strong><span lang=\"de-DE\"> Diese Zusatzleistung ist besonders f\u00fcr Personen mit negativer Schufa geeignet. Durch das sogenannte Boni+ Zertifikat wertet man die Bonit\u00e4t des potentiellen Kreditnehmers auf und vergr\u00f6\u00dfert somit die Chancen auf einen Minikredit. Die Geb\u00fchren f\u00fcr das Paket als Zusatzleistung berechnet der Kreditgeber nur dann, wenn die Kreditentscheidung positiv ausf\u00e4llt. <\/span><\/li>\n<\/ul>\n<p><span lang=\"de-DE\">All diese<\/span><span lang=\"de-DE\"> Geb\u00fchren k\u00f6nnen sehr einfach mithilfe unseres Kreditvergleiches \u00fcberpr\u00fcft <\/span><span lang=\"de-DE\">und verglichen<\/span><span lang=\"de-DE\"> werden.<\/span><\/p>\n<h2 class=\"western\">Dispokredit und Co: Alternativen zum Minikredit<\/h2>\n<p lang=\"de-DE\">Erscheint Ihnen ein Minikredit etwas suspekt? Wenn Sie sich zwar kurzfristig etwas Geld leihen m\u00f6chten, aber Zweifel hegen, ob der Kleinkredit das Richtige f\u00fcr Sie ist, gibt es selbstverst\u00e4ndlich Alternativen. Ob diese unterm Strich die bessere Wahl sind, ist von Fall zu Fall unterschiedlich und h\u00e4ngt von vielen weiteren Faktoren ab. Im Endeffekt m\u00fcssen Sie selbst entscheiden, was das Beste f\u00fcr Sie ist. Immerhin k\u00f6nnen wir Ihnen aber etwas unter die Arme greifen und aufzeigen, welche Alternativen es \u00fcberhaupt auf dem Markt gibt. Die meistgenutzten Alternativen sind der Dispokredit sowie der Pfandkredit.<\/p>\n<h3>Dispokredit oder Pfandkredit?<\/h3>\n<ul>\n<li><strong><span lang=\"de-DE\">Dispokredit:<\/span><\/strong><span lang=\"de-DE\"> Besitzer eines Girokontos <\/span><span lang=\"de-DE\">haben die M\u00f6glichkeit,<\/span><span lang=\"de-DE\"> einen Dispokredit <\/span><span lang=\"de-DE\">zu <\/span><span lang=\"de-DE\">beantragen. Viele Deutsche haben bereits einen verf\u00fcgbaren Disporahmen auf Ihrem Konto, falls sie dieses schon l\u00e4nger f\u00fchren. Diese Art von Darlehen wird auch \u00dcberziehungskredit genannt. Der sogenannte Dispo tritt dann ein, wenn das Girokonto \u00fcberzogen wird. Ab dem Zeitpunkt der \u00dcberziehung werden Zinsen f\u00e4llig, die durchschnittlich etwas h\u00f6her sind als die Zinss\u00e4tze eines Minikredits. Die H\u00f6he des Dispokreditrahmens wird meist nach der H\u00f6he des monatlichen Gehalts ausgerichtet und\/oder danach, wie lange Sie dieses Konto bereits f\u00fchren. Der gr\u00f6\u00dfte Vorteil dieses Darlehens ist, dass es im Grunde jederzeit <\/span><span lang=\"de-DE\">verf\u00fcgbar<\/span><span lang=\"de-DE\"> ist. Ein bestehender Dispo kann stets ausgesch\u00f6pft werden, ohne dass Sie einen potentiellen Kreditgeber kontaktieren m\u00fcssen. Bedenken Sie aber auch, dass die \u00dcberziehung Ihres Kontos Ihre Bonit\u00e4t verschlechtert. Ein vereinbarungsgem\u00e4\u00df zur\u00fcckgezahlter Minikredit dagegen verbessert Ihre Kreditw\u00fcrdigkeit sogar. Die Schufa notiert sich im Anschluss, dass Sie ein zuverl\u00e4ssiger Zahler sind.<\/span><\/li>\n<li><strong><span lang=\"de-DE\">Pfandkredit:<\/span><\/strong><span lang=\"de-DE\"> Wohnen Sie in der N\u00e4he eines Pfandleihhauses? Dann w\u00e4re ein Pfandkredit vielleicht genau das Richtige f\u00fcr Sie. Wenn der Weg zum Pfandleihhaus nicht weit ist, kann diese Art von Darlehen vielleicht genauso schnell sein wie der Dispokredit. Im Pfandleihhaus geben Sie wertvolle Gegenst\u00e4nde aus Ihrem Besitz als Pfand ab und erhalten im Gegenzug einen Geldbetrag. Diese Summe sch\u00e4tzt der Pfandleiher auf Basis des Wertobjektes im Vorhinein. Sind Sie wieder liquide, k\u00f6nnen Sie den Gegenstand in einer zuvor festgelegten Zeitspanne abholen und abl\u00f6sen. Sofern man einen wertvollen Gegenstand besitzt, ist auch hier die schnelle Verf\u00fcgbarkeit des Geldes ein klarer Vorteil: Ein Minikredit, der in sehr kurzer Zeit vergeben werden kann. Der Nachteil <\/span><span lang=\"de-DE\">des Pfandkredits liegt <\/span><span lang=\"de-DE\">ganz klar <\/span><span lang=\"de-DE\">in<\/span><span lang=\"de-DE\"> den hohen Geb\u00fchren: Bei Pfandkrediten liegen die Zinss\u00e4tze oftmals bei 60% bis 80%.<\/span><\/li>\n<\/ul>\n<h2 class=\"western\">Vor- und Nachteile des Minikredits auf einen Blick<\/h2>\n<p lang=\"de-DE\">Nachdem Sie nun auch \u00fcber die Alternativen zum Minikredit Bescheid wissen, hegen Sie nun immer noch letzte, kleine Zweifel? Das ist nur verst\u00e4ndlich, denn die Materie ist doch recht komplex. Daher listen wir Ihnen in diesem Abschnitt noch einmal kompakt alle Vorteile sowie Nachteile des Kleinkredits auf.<\/p>\n<ul>\n<li><span lang=\"de-DE\">Einer der gr\u00f6\u00dften Vorteile ist zweifellos die <\/span><span lang=\"de-DE\"><b>schnelle Auszahlung<\/b><\/span><span lang=\"de-DE\">, sofern man mit den zus\u00e4tzlich Kosten f\u00fcr diese Dienstleistung leben kann.<\/span><\/li>\n<li><span lang=\"de-DE\">Dass die <\/span><span lang=\"de-DE\"><b>Kreditw\u00fcrdigkeit nicht sehr streng ber\u00fccksichtigt<\/b><\/span><span lang=\"de-DE\"> wird und es Kreditinstitute gibt, die solch kleine Darlehen <\/span><span lang=\"de-DE\"><b>auch<\/b><\/span><span lang=\"de-DE\"> an Personen mit <\/span><span lang=\"de-DE\"><b>niedrigem Schufa-Score<\/b><\/span><span lang=\"de-DE\"> vergeben, ist ein weiteres Plus. <\/span><\/li>\n<li><span lang=\"de-DE\">F\u00fcr Personen, denen Langzeitverpflichtungen unangenehm sind, ist die<\/span><span lang=\"de-DE\"><b> kurze Bindung<\/b><\/span><span lang=\"de-DE\"> beim Minikredit sehr passend.<\/span><\/li>\n<\/ul>\n<h3>Nachteile des Minikredits<\/h3>\n<p><span lang=\"de-DE\">Nat\u00fcrlich gibt es aber auch Kehrseiten dieser Kreditart. <\/span><span lang=\"de-DE\">Diese lassen sich wie folgt zusammenfassen: <\/span><\/p>\n<ul>\n<li>hohe Zinsen<\/li>\n<li>kostenpflichtige Zusatzleistungen<\/li>\n<li><span lang=\"de-DE\">schlechtere Konditionen <\/span><span lang=\"de-DE\">f\u00fcr Neukunden<\/span><\/li>\n<li><span lang=\"de-DE\">nur niedrige Geldsummen <span lang=\"de-DE\">verf\u00fcgbar<\/span><br \/>\n<\/span><\/li>\n<\/ul>\n<p>Falls Sie der Meinung sind, ein Minikredit entspricht nicht genau Ihren Anforderungen, gibt es einige Alternativen. Erfahren Sie hier mehr \u00fcber <strong><a href=\"http:\/\/loanstar.com\/de\/kredite\/privatkredit\/\">Privatkredite<\/a><\/strong>, <a href=\"http:\/\/loanstar.com\/de\/kredite\/firmenkredit\/\"><strong>Firmenkredite<\/strong><\/a>, <a href=\"http:\/\/loanstar.com\/de\/kredite\/autokredit\/\"><strong>Autokredite<\/strong><\/a> oder <strong><a href=\"http:\/\/loanstar.com\/de\/kredite\/hypothekendarlehen\/\">Hypothekendarlehen f\u00fcr Immobilien<\/a><\/strong>.<\/p>\n<h2 class=\"western\">Beantragung eines Minikredits \u2013 unser Kreditvergleich<\/h2>\n<p lang=\"de-DE\">Die Entscheidung ist gefallen: Ein Minikredit muss her. Doch wie funktioniert es?<br \/>\nNun, die Beantragung eines Kleinkredits ist viel einfacher, als Sie vielleicht denken. Nur wenige Schritte trennen Sie von Ihrem ben\u00f6tigten Geldbetrag, seien es nun 500 oder 2.000 Euro:<\/p>\n<ol>\n<li>\n<p lang=\"de-DE\">Zuerst \u00f6ffnen Sie unseren <a href=\"http:\/\/loanstar.com\/de\/kredite\/\">Kreditvergleich<\/a> und geben alle f\u00fcr Sie wichtigen Faktoren ein. Schon spuckt unser Kreditvergleich die passenden Kreditanbieter aus. S\u00e4mtliche Kosten und Konditionen listen wir f\u00fcr Sie \u00fcbersichtlich auf.<\/p>\n<\/li>\n<li>\n<p lang=\"de-DE\">W\u00e4hlen Sie Ihren Favoriten unter den Anbietern f\u00fcr Minikredite sorgf\u00e4ltig aus.<\/p>\n<\/li>\n<li>\n<p lang=\"de-DE\">Sie werden nun auf dessen Seite weitergeleitet.<\/p>\n<\/li>\n<li>\n<p lang=\"de-DE\">F\u00fcllen Sie die Online-Formulare aus und geben Sie die gew\u00fcnschte Kreditsumme sowie die Laufzeit an. Auch oben erw\u00e4hnte Zusatzleistungen k\u00f6nnen Sie im Online-Formular bereits angeben.<\/p>\n<\/li>\n<li>\n<p lang=\"de-DE\">Der Antrag wird nun zur Pr\u00fcfung \u00fcbermittelt. Bereits nach wenigen Minuten ist es soweit und Sie erhalten eine positive oder negative R\u00fcckmeldung.<\/p>\n<\/li>\n<li>\n<p lang=\"de-DE\">Falls der Kreditentscheid positiv ist, ist der n\u00e4chste Schritt das Video-Ident Verfahren, das ganz einfach online durchgef\u00fchrt werden kann. Nachdem Sie sich legitimiert haben, wird der Minikredit-Antrag seitens der Bank bearbeitet und die Auszahlung auf Ihr Konto eingeleitet.<\/p>\n<\/li>\n<\/ol>\n<p lang=\"de-DE\">So einfach kommen Sie mit dem <a href=\"http:\/\/loanstar.com\/de\/kredite\/\">LoanStar Kreditvergleich<\/a> zu einem Minikredit mit den besten Konditionen!<\/p>\n<p lang=\"de-DE\">\n","protected":false},"excerpt":{"rendered":"<p>Dank IT-Fortschritt schneller zum Minikredit Fr\u00fcher gab es nur einen einzigen Weg, um an einen Kredit zu gelangen &#8211; dieser&#8230;<\/p>\n","protected":false},"author":1,"featured_media":0,"parent":9,"menu_order":0,"comment_status":"closed","ping_status":"closed","template":"templates\/calculator-follow-up.php","meta":{"footnotes":""},"yoast_head":"<!-- This site is optimized with the Yoast SEO plugin v21.0 - https:\/\/yoast.com\/wordpress\/plugins\/seo\/ -->\n<title>Minikredit zur kurzfristigen finanziellen Unterst\u00fctzung<\/title>\n<meta name=\"description\" content=\"Ein Minikredit kann in vielen Situationen sehr n\u00fctzlich sein. Bei LoanStar finden Sie Kleinkredite zu g\u00fcnstigsten Situationen. Vergleichen Sie mit uns.\" \/>\n<meta name=\"robots\" content=\"index, follow, max-snippet:-1, max-image-preview:large, max-video-preview:-1\" \/>\n<link rel=\"canonical\" href=\"https:\/\/loanstar.com\/de\/kredite\/minikredit\/\" \/>\n<meta property=\"og:locale\" content=\"de_DE\" \/>\n<meta property=\"og:type\" content=\"article\" \/>\n<meta property=\"og:title\" content=\"Minikredit zur kurzfristigen finanziellen Unterst\u00fctzung\" \/>\n<meta property=\"og:description\" content=\"Ein Minikredit kann in vielen Situationen sehr n\u00fctzlich sein. Bei LoanStar finden Sie Kleinkredite zu g\u00fcnstigsten Situationen. Vergleichen Sie mit uns.\" \/>\n<meta property=\"og:url\" content=\"https:\/\/loanstar.com\/de\/kredite\/minikredit\/\" \/>\n<meta property=\"og:site_name\" content=\"Loanstar Deutschland\" \/>\n<meta property=\"article:modified_time\" content=\"2019-07-07T09:23:04+00:00\" \/>\n<meta name=\"twitter:card\" content=\"summary_large_image\" \/>\n<meta name=\"twitter:label1\" content=\"Gesch\u00e4tzte Lesezeit\" \/>\n\t<meta name=\"twitter:data1\" content=\"10\u00a0Minuten\" \/>\n<script type=\"application\/ld+json\" class=\"yoast-schema-graph\">{\"@context\":\"https:\/\/schema.org\",\"@graph\":[{\"@type\":\"WebPage\",\"@id\":\"https:\/\/loanstar.com\/de\/kredite\/minikredit\/\",\"url\":\"https:\/\/loanstar.com\/de\/kredite\/minikredit\/\",\"name\":\"Minikredit zur kurzfristigen finanziellen Unterst\u00fctzung\",\"isPartOf\":{\"@id\":\"https:\/\/loanstar.com\/de\/#website\"},\"datePublished\":\"2018-10-04T14:51:42+00:00\",\"dateModified\":\"2019-07-07T09:23:04+00:00\",\"description\":\"Ein Minikredit kann in vielen Situationen sehr n\u00fctzlich sein. Bei LoanStar finden Sie Kleinkredite zu g\u00fcnstigsten Situationen. Vergleichen Sie mit uns.\",\"breadcrumb\":{\"@id\":\"https:\/\/loanstar.com\/de\/kredite\/minikredit\/#breadcrumb\"},\"inLanguage\":\"de\",\"potentialAction\":[{\"@type\":\"ReadAction\",\"target\":[\"https:\/\/loanstar.com\/de\/kredite\/minikredit\/\"]}]},{\"@type\":\"BreadcrumbList\",\"@id\":\"https:\/\/loanstar.com\/de\/kredite\/minikredit\/#breadcrumb\",\"itemListElement\":[{\"@type\":\"ListItem\",\"position\":1,\"name\":\"Deutschland\",\"item\":\"https:\/\/loanstar.com\/de\/\"},{\"@type\":\"ListItem\",\"position\":2,\"name\":\"Kredite online finden\",\"item\":\"https:\/\/loanstar.com\/de\/kredite\/\"},{\"@type\":\"ListItem\",\"position\":3,\"name\":\"Minikredit zur kurzfristigen finanziellen Unterst\u00fctzung\"}]},{\"@type\":\"WebSite\",\"@id\":\"https:\/\/loanstar.com\/de\/#website\",\"url\":\"https:\/\/loanstar.com\/de\/\",\"name\":\"Loanstar Deutschland\",\"description\":\"Kredite vergleichen\",\"potentialAction\":[{\"@type\":\"SearchAction\",\"target\":{\"@type\":\"EntryPoint\",\"urlTemplate\":\"https:\/\/loanstar.com\/de\/?s={search_term_string}\"},\"query-input\":\"required name=search_term_string\"}],\"inLanguage\":\"de\"}]}<\/script>\n<!-- \/ Yoast SEO plugin. -->","yoast_head_json":{"title":"Minikredit zur kurzfristigen finanziellen Unterst\u00fctzung","description":"Ein Minikredit kann in vielen Situationen sehr n\u00fctzlich sein. Bei LoanStar finden Sie Kleinkredite zu g\u00fcnstigsten Situationen. Vergleichen Sie mit uns.","robots":{"index":"index","follow":"follow","max-snippet":"max-snippet:-1","max-image-preview":"max-image-preview:large","max-video-preview":"max-video-preview:-1"},"canonical":"https:\/\/loanstar.com\/de\/kredite\/minikredit\/","og_locale":"de_DE","og_type":"article","og_title":"Minikredit zur kurzfristigen finanziellen Unterst\u00fctzung","og_description":"Ein Minikredit kann in vielen Situationen sehr n\u00fctzlich sein. Bei LoanStar finden Sie Kleinkredite zu g\u00fcnstigsten Situationen. Vergleichen Sie mit uns.","og_url":"https:\/\/loanstar.com\/de\/kredite\/minikredit\/","og_site_name":"Loanstar Deutschland","article_modified_time":"2019-07-07T09:23:04+00:00","twitter_card":"summary_large_image","twitter_misc":{"Gesch\u00e4tzte Lesezeit":"10\u00a0Minuten"},"schema":{"@context":"https:\/\/schema.org","@graph":[{"@type":"WebPage","@id":"https:\/\/loanstar.com\/de\/kredite\/minikredit\/","url":"https:\/\/loanstar.com\/de\/kredite\/minikredit\/","name":"Minikredit zur kurzfristigen finanziellen Unterst\u00fctzung","isPartOf":{"@id":"https:\/\/loanstar.com\/de\/#website"},"datePublished":"2018-10-04T14:51:42+00:00","dateModified":"2019-07-07T09:23:04+00:00","description":"Ein Minikredit kann in vielen Situationen sehr n\u00fctzlich sein. Bei LoanStar finden Sie Kleinkredite zu g\u00fcnstigsten Situationen. Vergleichen Sie mit uns.","breadcrumb":{"@id":"https:\/\/loanstar.com\/de\/kredite\/minikredit\/#breadcrumb"},"inLanguage":"de","potentialAction":[{"@type":"ReadAction","target":["https:\/\/loanstar.com\/de\/kredite\/minikredit\/"]}]},{"@type":"BreadcrumbList","@id":"https:\/\/loanstar.com\/de\/kredite\/minikredit\/#breadcrumb","itemListElement":[{"@type":"ListItem","position":1,"name":"Deutschland","item":"https:\/\/loanstar.com\/de\/"},{"@type":"ListItem","position":2,"name":"Kredite online finden","item":"https:\/\/loanstar.com\/de\/kredite\/"},{"@type":"ListItem","position":3,"name":"Minikredit zur kurzfristigen finanziellen Unterst\u00fctzung"}]},{"@type":"WebSite","@id":"https:\/\/loanstar.com\/de\/#website","url":"https:\/\/loanstar.com\/de\/","name":"Loanstar Deutschland","description":"Kredite vergleichen","potentialAction":[{"@type":"SearchAction","target":{"@type":"EntryPoint","urlTemplate":"https:\/\/loanstar.com\/de\/?s={search_term_string}"},"query-input":"required name=search_term_string"}],"inLanguage":"de"}]}},"_links":{"self":[{"href":"https:\/\/loanstar.com\/de\/wp-json\/wp\/v2\/pages\/169"}],"collection":[{"href":"https:\/\/loanstar.com\/de\/wp-json\/wp\/v2\/pages"}],"about":[{"href":"https:\/\/loanstar.com\/de\/wp-json\/wp\/v2\/types\/page"}],"author":[{"embeddable":true,"href":"https:\/\/loanstar.com\/de\/wp-json\/wp\/v2\/users\/1"}],"replies":[{"embeddable":true,"href":"https:\/\/loanstar.com\/de\/wp-json\/wp\/v2\/comments?post=169"}],"version-history":[{"count":5,"href":"https:\/\/loanstar.com\/de\/wp-json\/wp\/v2\/pages\/169\/revisions"}],"predecessor-version":[{"id":316,"href":"https:\/\/loanstar.com\/de\/wp-json\/wp\/v2\/pages\/169\/revisions\/316"}],"up":[{"embeddable":true,"href":"https:\/\/loanstar.com\/de\/wp-json\/wp\/v2\/pages\/9"}],"wp:attachment":[{"href":"https:\/\/loanstar.com\/de\/wp-json\/wp\/v2\/media?parent=169"}],"curies":[{"name":"wp","href":"https:\/\/api.w.org\/{rel}","templated":true}]}}