{"id":14,"date":"2018-10-01T19:03:08","date_gmt":"2018-10-01T19:03:08","guid":{"rendered":"http:\/\/loanstar.com\/de\/?page_id=14"},"modified":"2019-06-24T10:47:17","modified_gmt":"2019-06-24T08:47:17","slug":"uber","status":"publish","type":"page","link":"https:\/\/loanstar.com\/de\/uber\/","title":{"rendered":"\u00dcber LoanStar"},"content":{"rendered":"<p lang=\"de-DE\">Entdecken Sie, wie wir auf einzigartige Weise ma\u00dfgeschneiderte L\u00f6sungen suchen, um Ihnen dabei zu helfen, das f\u00fcr Sie beste Kreditangebot zu finden.<\/p>\n<h2 class=\"western\">LoanStar.com<\/h2>\n<p lang=\"de-DE\">LoanStar ist die erste Anlaufstelle f\u00fcr Bewertungen marktf\u00fchrender Kreditprodukte. Egal ob Sie auf der Suche nach einem Autokredit oder einem Unternehmenskredit, einem Zahltagsdarlehen oder auch einem Privatkredit sind &#8211; bei uns finden Sie stets die g\u00fcnstigsten Varianten aller Kreditformen unter vielen Anbietern.<\/p>\n<p lang=\"de-DE\">Die Bewertungen auf LoanStar umfassen alle Arten von Firmen, egal ob gro\u00df oder klein. Vergleiche in Echtzeit sind ebenfalls einfach und zu jeder Zeit verf\u00fcgbar. Bei uns investieren Sie nur ein paar Sekunden und schon haben Sie Ihr perfektes Angebot vorliegen, das Sie anschlie\u00dfend sogar direkt beantragen k\u00f6nnen.<\/p>\n<h2 class=\"western\">Was LoanStar von anderen Anbietern unterscheidet<\/h2>\n<p lang=\"de-DE\">Wir von LoanStar wollen unseren Kunden dabei helfen, die f\u00fcr Sie besten Kreditprodukte zu finden und abzuschlie\u00dfen. Wir m\u00f6chten Ihre Erwartungen nach M\u00f6glichkeit nicht nur erf\u00fcllen, sondern sogar \u00fcbertreffen. Daher bieten wir Ihnen:<br \/>\n\t<div class=\"list-ticks-secondary\">\r\n\t\t<ul>\n<li><strong><span lang=\"de-DE\">Schnelle<\/span><\/strong><strong><span lang=\"de-DE\">n<\/span><\/strong><strong><span lang=\"de-DE\"> Service:<\/span><\/strong><span lang=\"de-DE\"> Kreditoptionen werden Ihnen bei uns innerhalb von Sekunden angezeigt. <\/span><span lang=\"de-DE\">Sie k\u00f6nnen mittels <\/span><span lang=\"de-DE\">Filter Ihre Suchergebnisse anpassen <\/span><span lang=\"de-DE\">und unterschiedliche Varianten vergleichen<\/span><span lang=\"de-DE\">.<\/span><\/li>\n<li><strong><span lang=\"de-DE\">Bewertungen <\/span><\/strong><strong><span lang=\"de-DE\">optimal dargestellt und filterbar<\/span><\/strong><strong><span lang=\"de-DE\">:<\/span><\/strong><span lang=\"de-DE\"> Sie m\u00fcssen nicht stundenlang alle Bewertungen durchlesen und nach den wertvollsten Bewertungen suchen. Unsere Bewertungen werden so dargestellt und sind so filterbar, dass Sie keine wertvolle Zeit verlieren.<\/span><\/li>\n<li><strong><span lang=\"de-DE\">Unverf\u00e4lschte und gr\u00fcndliche Vergleiche:<\/span><\/strong><span lang=\"de-DE\"> Im Gegensatz zu unseren Konkurrenten benutzen wir unabh\u00e4ngige Kundenbewertungen, die Sie auf einfache Weise vergleichen k\u00f6nnen. Wenn wir <\/span><span lang=\"de-DE\">von<\/span><span lang=\"de-DE\"> Kunden Empfehlungen <\/span><span lang=\"de-DE\">erhalten<\/span><span lang=\"de-DE\">, wird d<\/span><span lang=\"de-DE\">ies garantiert nicht<\/span><span lang=\"de-DE\"> verg\u00fctet.<\/span><\/li>\n<li><strong><span lang=\"de-DE\">Umfassende <\/span><\/strong><strong><span lang=\"de-DE\">Informationen<\/span><\/strong><strong><span lang=\"de-DE\">:<\/span><\/strong><span lang=\"de-DE\"> Wir sind mehr als nur eine Vergleichsseite. Wir m\u00f6chten zus\u00e4tzlich Ihr Wissen \u00fcber die m\u00f6glichen Vor- und Nachteile <\/span><span lang=\"de-DE\">von<\/span><span lang=\"de-DE\"> Kreditangebote<\/span><span lang=\"de-DE\">n<\/span><span lang=\"de-DE\"> erweitern, so dass Sie am Ende guten Gewissens die f\u00fcr Sie richtige Entscheidung treffen k\u00f6nnen.<\/span><\/li>\n<\/ul>\n<p lang=\"de-DE\">\n\t<\/div><!-- \/.list-ticks -->\r\n\t\nWenn Sie also einen Kredit suchen, aber bisher noch nichts Passendes gefunden haben, sind Sie bei uns genau richtig. Bei der riesigen Auswahl und den exakten Vergleichsm\u00f6glichkeiten auf LoanStar finden Sie garantiert etwas Passendes.<\/p>\n<p lang=\"de-DE\">Wir freuen uns, Ihr Leben mit ma\u00dfgeschneiderten Kreditangeboten ein bisschen einfacher zu machen.<\/p>\n","protected":false},"excerpt":{"rendered":"<p>Entdecken Sie, wie wir auf einzigartige Weise ma\u00dfgeschneiderte L\u00f6sungen suchen, um Ihnen dabei zu helfen, das f\u00fcr Sie beste Kreditangebot&#8230;<\/p>\n","protected":false},"author":1,"featured_media":0,"parent":0,"menu_order":0,"comment_status":"closed","ping_status":"closed","template":"templates\/about-us.php","meta":{"footnotes":""},"yoast_head":"<!-- This site is optimized with the Yoast SEO plugin v21.0 - https:\/\/yoast.com\/wordpress\/plugins\/seo\/ -->\n<title>\u00dcber LoanStar - Kreditvergleiche leicht gemacht<\/title>\n<meta name=\"description\" content=\"LoanStar ist eine Internetseite rund um das Thema Kredite und Darlehen. Testen Sie jetzt unseren Kreditvergleich!\" \/>\n<meta name=\"robots\" content=\"index, follow, max-snippet:-1, max-image-preview:large, max-video-preview:-1\" \/>\n<link rel=\"canonical\" href=\"https:\/\/loanstar.com\/de\/uber\/\" \/>\n<meta property=\"og:locale\" content=\"de_DE\" \/>\n<meta property=\"og:type\" content=\"article\" \/>\n<meta property=\"og:title\" content=\"\u00dcber LoanStar - Kreditvergleiche leicht gemacht\" \/>\n<meta property=\"og:description\" content=\"LoanStar ist eine Internetseite rund um das Thema Kredite und Darlehen. Testen Sie jetzt unseren Kreditvergleich!\" \/>\n<meta property=\"og:url\" content=\"https:\/\/loanstar.com\/de\/uber\/\" \/>\n<meta property=\"og:site_name\" content=\"Loanstar Deutschland\" \/>\n<meta property=\"article:modified_time\" content=\"2019-06-24T08:47:17+00:00\" \/>\n<meta name=\"twitter:card\" content=\"summary_large_image\" \/>\n<meta name=\"twitter:label1\" content=\"Gesch\u00e4tzte Lesezeit\" \/>\n\t<meta name=\"twitter:data1\" content=\"2\u00a0Minuten\" \/>\n<script type=\"application\/ld+json\" class=\"yoast-schema-graph\">{\"@context\":\"https:\/\/schema.org\",\"@graph\":[{\"@type\":\"WebPage\",\"@id\":\"https:\/\/loanstar.com\/de\/uber\/\",\"url\":\"https:\/\/loanstar.com\/de\/uber\/\",\"name\":\"\u00dcber LoanStar - Kreditvergleiche leicht gemacht\",\"isPartOf\":{\"@id\":\"https:\/\/loanstar.com\/de\/#website\"},\"datePublished\":\"2018-10-01T19:03:08+00:00\",\"dateModified\":\"2019-06-24T08:47:17+00:00\",\"description\":\"LoanStar ist eine Internetseite rund um das Thema Kredite und Darlehen. Testen Sie jetzt unseren Kreditvergleich!\",\"breadcrumb\":{\"@id\":\"https:\/\/loanstar.com\/de\/uber\/#breadcrumb\"},\"inLanguage\":\"de\",\"potentialAction\":[{\"@type\":\"ReadAction\",\"target\":[\"https:\/\/loanstar.com\/de\/uber\/\"]}]},{\"@type\":\"BreadcrumbList\",\"@id\":\"https:\/\/loanstar.com\/de\/uber\/#breadcrumb\",\"itemListElement\":[{\"@type\":\"ListItem\",\"position\":1,\"name\":\"Deutschland\",\"item\":\"https:\/\/loanstar.com\/de\/\"},{\"@type\":\"ListItem\",\"position\":2,\"name\":\"\u00dcber LoanStar\"}]},{\"@type\":\"WebSite\",\"@id\":\"https:\/\/loanstar.com\/de\/#website\",\"url\":\"https:\/\/loanstar.com\/de\/\",\"name\":\"Loanstar Deutschland\",\"description\":\"Kredite vergleichen\",\"potentialAction\":[{\"@type\":\"SearchAction\",\"target\":{\"@type\":\"EntryPoint\",\"urlTemplate\":\"https:\/\/loanstar.com\/de\/?s={search_term_string}\"},\"query-input\":\"required name=search_term_string\"}],\"inLanguage\":\"de\"}]}<\/script>\n<!-- \/ Yoast SEO plugin. -->","yoast_head_json":{"title":"\u00dcber LoanStar - Kreditvergleiche leicht gemacht","description":"LoanStar ist eine Internetseite rund um das Thema Kredite und Darlehen. Testen Sie jetzt unseren Kreditvergleich!","robots":{"index":"index","follow":"follow","max-snippet":"max-snippet:-1","max-image-preview":"max-image-preview:large","max-video-preview":"max-video-preview:-1"},"canonical":"https:\/\/loanstar.com\/de\/uber\/","og_locale":"de_DE","og_type":"article","og_title":"\u00dcber LoanStar - Kreditvergleiche leicht gemacht","og_description":"LoanStar ist eine Internetseite rund um das Thema Kredite und Darlehen. Testen Sie jetzt unseren Kreditvergleich!","og_url":"https:\/\/loanstar.com\/de\/uber\/","og_site_name":"Loanstar Deutschland","article_modified_time":"2019-06-24T08:47:17+00:00","twitter_card":"summary_large_image","twitter_misc":{"Gesch\u00e4tzte Lesezeit":"2\u00a0Minuten"},"schema":{"@context":"https:\/\/schema.org","@graph":[{"@type":"WebPage","@id":"https:\/\/loanstar.com\/de\/uber\/","url":"https:\/\/loanstar.com\/de\/uber\/","name":"\u00dcber LoanStar - Kreditvergleiche leicht gemacht","isPartOf":{"@id":"https:\/\/loanstar.com\/de\/#website"},"datePublished":"2018-10-01T19:03:08+00:00","dateModified":"2019-06-24T08:47:17+00:00","description":"LoanStar ist eine Internetseite rund um das Thema Kredite und Darlehen. Testen Sie jetzt unseren Kreditvergleich!","breadcrumb":{"@id":"https:\/\/loanstar.com\/de\/uber\/#breadcrumb"},"inLanguage":"de","potentialAction":[{"@type":"ReadAction","target":["https:\/\/loanstar.com\/de\/uber\/"]}]},{"@type":"BreadcrumbList","@id":"https:\/\/loanstar.com\/de\/uber\/#breadcrumb","itemListElement":[{"@type":"ListItem","position":1,"name":"Deutschland","item":"https:\/\/loanstar.com\/de\/"},{"@type":"ListItem","position":2,"name":"\u00dcber LoanStar"}]},{"@type":"WebSite","@id":"https:\/\/loanstar.com\/de\/#website","url":"https:\/\/loanstar.com\/de\/","name":"Loanstar Deutschland","description":"Kredite vergleichen","potentialAction":[{"@type":"SearchAction","target":{"@type":"EntryPoint","urlTemplate":"https:\/\/loanstar.com\/de\/?s={search_term_string}"},"query-input":"required name=search_term_string"}],"inLanguage":"de"}]}},"_links":{"self":[{"href":"https:\/\/loanstar.com\/de\/wp-json\/wp\/v2\/pages\/14"}],"collection":[{"href":"https:\/\/loanstar.com\/de\/wp-json\/wp\/v2\/pages"}],"about":[{"href":"https:\/\/loanstar.com\/de\/wp-json\/wp\/v2\/types\/page"}],"author":[{"embeddable":true,"href":"https:\/\/loanstar.com\/de\/wp-json\/wp\/v2\/users\/1"}],"replies":[{"embeddable":true,"href":"https:\/\/loanstar.com\/de\/wp-json\/wp\/v2\/comments?post=14"}],"version-history":[{"count":3,"href":"https:\/\/loanstar.com\/de\/wp-json\/wp\/v2\/pages\/14\/revisions"}],"predecessor-version":[{"id":356,"href":"https:\/\/loanstar.com\/de\/wp-json\/wp\/v2\/pages\/14\/revisions\/356"}],"wp:attachment":[{"href":"https:\/\/loanstar.com\/de\/wp-json\/wp\/v2\/media?parent=14"}],"curies":[{"name":"wp","href":"https:\/\/api.w.org\/{rel}","templated":true}]}}