{"id":7,"date":"2018-10-01T18:09:21","date_gmt":"2018-10-01T18:09:21","guid":{"rendered":"http:\/\/loanstar.com\/cz\/?page_id=7"},"modified":"2019-08-02T10:31:04","modified_gmt":"2019-08-02T08:31:04","slug":"czech-home","status":"publish","type":"page","link":"https:\/\/loanstar.com\/cz\/","title":{"rendered":"LoanStar \u010cesk\u00e1 republika"},"content":{"rendered":"","protected":false},"excerpt":{"rendered":"","protected":false},"author":1,"featured_media":0,"parent":0,"menu_order":0,"comment_status":"closed","ping_status":"closed","template":"templates\/home-country.php","meta":{"footnotes":""},"yoast_head":"<!-- This site is optimized with the Yoast SEO plugin v21.0 - https:\/\/yoast.com\/wordpress\/plugins\/seo\/ -->\n<title>LoanStar \u010cesk\u00e1 republika<\/title>\n<meta name=\"description\" content=\"LoanStar je bezplatn\u00fd srovn\u00e1va\u010d p\u016fj\u010dek. Pom\u016f\u017eeme V\u00e1m nal\u00e9zt nab\u00eddky p\u016fj\u010dek s t\u00edm nejni\u017e\u0161\u00edm \u00farokem.\" \/>\n<meta name=\"robots\" content=\"index, follow, max-snippet:-1, max-image-preview:large, max-video-preview:-1\" \/>\n<link rel=\"canonical\" href=\"https:\/\/loanstar.com\/cz\/\" \/>\n<meta property=\"og:locale\" content=\"cs_CZ\" \/>\n<meta property=\"og:type\" content=\"article\" \/>\n<meta property=\"og:title\" content=\"LoanStar \u010cesk\u00e1 republika\" \/>\n<meta property=\"og:description\" content=\"LoanStar je bezplatn\u00fd srovn\u00e1va\u010d p\u016fj\u010dek. Pom\u016f\u017eeme V\u00e1m nal\u00e9zt nab\u00eddky p\u016fj\u010dek s t\u00edm nejni\u017e\u0161\u00edm \u00farokem.\" \/>\n<meta property=\"og:url\" content=\"https:\/\/loanstar.com\/cz\/\" \/>\n<meta property=\"og:site_name\" content=\"LoanStar \u010cesk\u00e1 republika\" \/>\n<meta property=\"article:modified_time\" content=\"2019-08-02T08:31:04+00:00\" \/>\n<meta name=\"twitter:card\" content=\"summary_large_image\" \/>\n<script type=\"application\/ld+json\" class=\"yoast-schema-graph\">{\"@context\":\"https:\/\/schema.org\",\"@graph\":[{\"@type\":\"WebPage\",\"@id\":\"https:\/\/loanstar.com\/cz\/\",\"url\":\"https:\/\/loanstar.com\/cz\/\",\"name\":\"LoanStar \u010cesk\u00e1 republika\",\"isPartOf\":{\"@id\":\"https:\/\/loanstar.com\/cz\/#website\"},\"datePublished\":\"2018-10-01T18:09:21+00:00\",\"dateModified\":\"2019-08-02T08:31:04+00:00\",\"description\":\"LoanStar je bezplatn\u00fd srovn\u00e1va\u010d p\u016fj\u010dek. Pom\u016f\u017eeme V\u00e1m nal\u00e9zt nab\u00eddky p\u016fj\u010dek s t\u00edm nejni\u017e\u0161\u00edm \u00farokem.\",\"breadcrumb\":{\"@id\":\"https:\/\/loanstar.com\/cz\/#breadcrumb\"},\"inLanguage\":\"cs\",\"potentialAction\":[{\"@type\":\"ReadAction\",\"target\":[\"https:\/\/loanstar.com\/cz\/\"]}]},{\"@type\":\"BreadcrumbList\",\"@id\":\"https:\/\/loanstar.com\/cz\/#breadcrumb\",\"itemListElement\":[{\"@type\":\"ListItem\",\"position\":1,\"name\":\"\u010cesk\u00e1\",\"item\":\"https:\/\/loanstar.com\/cz\/\"},{\"@type\":\"ListItem\",\"position\":2,\"name\":\"LoanStar \u010cesk\u00e1 republika\"}]},{\"@type\":\"WebSite\",\"@id\":\"https:\/\/loanstar.com\/cz\/#website\",\"url\":\"https:\/\/loanstar.com\/cz\/\",\"name\":\"LoanStar \u010cesk\u00e1 republika\",\"description\":\"Porovnejte p\u016fj\u010dky\",\"potentialAction\":[{\"@type\":\"SearchAction\",\"target\":{\"@type\":\"EntryPoint\",\"urlTemplate\":\"https:\/\/loanstar.com\/cz\/?s={search_term_string}\"},\"query-input\":\"required name=search_term_string\"}],\"inLanguage\":\"cs\"}]}<\/script>\n<!-- \/ Yoast SEO plugin. -->","yoast_head_json":{"title":"LoanStar \u010cesk\u00e1 republika","description":"LoanStar je bezplatn\u00fd srovn\u00e1va\u010d p\u016fj\u010dek. Pom\u016f\u017eeme V\u00e1m nal\u00e9zt nab\u00eddky p\u016fj\u010dek s t\u00edm nejni\u017e\u0161\u00edm \u00farokem.","robots":{"index":"index","follow":"follow","max-snippet":"max-snippet:-1","max-image-preview":"max-image-preview:large","max-video-preview":"max-video-preview:-1"},"canonical":"https:\/\/loanstar.com\/cz\/","og_locale":"cs_CZ","og_type":"article","og_title":"LoanStar \u010cesk\u00e1 republika","og_description":"LoanStar je bezplatn\u00fd srovn\u00e1va\u010d p\u016fj\u010dek. Pom\u016f\u017eeme V\u00e1m nal\u00e9zt nab\u00eddky p\u016fj\u010dek s t\u00edm nejni\u017e\u0161\u00edm \u00farokem.","og_url":"https:\/\/loanstar.com\/cz\/","og_site_name":"LoanStar \u010cesk\u00e1 republika","article_modified_time":"2019-08-02T08:31:04+00:00","twitter_card":"summary_large_image","schema":{"@context":"https:\/\/schema.org","@graph":[{"@type":"WebPage","@id":"https:\/\/loanstar.com\/cz\/","url":"https:\/\/loanstar.com\/cz\/","name":"LoanStar \u010cesk\u00e1 republika","isPartOf":{"@id":"https:\/\/loanstar.com\/cz\/#website"},"datePublished":"2018-10-01T18:09:21+00:00","dateModified":"2019-08-02T08:31:04+00:00","description":"LoanStar je bezplatn\u00fd srovn\u00e1va\u010d p\u016fj\u010dek. Pom\u016f\u017eeme V\u00e1m nal\u00e9zt nab\u00eddky p\u016fj\u010dek s t\u00edm nejni\u017e\u0161\u00edm \u00farokem.","breadcrumb":{"@id":"https:\/\/loanstar.com\/cz\/#breadcrumb"},"inLanguage":"cs","potentialAction":[{"@type":"ReadAction","target":["https:\/\/loanstar.com\/cz\/"]}]},{"@type":"BreadcrumbList","@id":"https:\/\/loanstar.com\/cz\/#breadcrumb","itemListElement":[{"@type":"ListItem","position":1,"name":"\u010cesk\u00e1","item":"https:\/\/loanstar.com\/cz\/"},{"@type":"ListItem","position":2,"name":"LoanStar \u010cesk\u00e1 republika"}]},{"@type":"WebSite","@id":"https:\/\/loanstar.com\/cz\/#website","url":"https:\/\/loanstar.com\/cz\/","name":"LoanStar \u010cesk\u00e1 republika","description":"Porovnejte p\u016fj\u010dky","potentialAction":[{"@type":"SearchAction","target":{"@type":"EntryPoint","urlTemplate":"https:\/\/loanstar.com\/cz\/?s={search_term_string}"},"query-input":"required name=search_term_string"}],"inLanguage":"cs"}]}},"_links":{"self":[{"href":"https:\/\/loanstar.com\/cz\/wp-json\/wp\/v2\/pages\/7"}],"collection":[{"href":"https:\/\/loanstar.com\/cz\/wp-json\/wp\/v2\/pages"}],"about":[{"href":"https:\/\/loanstar.com\/cz\/wp-json\/wp\/v2\/types\/page"}],"author":[{"embeddable":true,"href":"https:\/\/loanstar.com\/cz\/wp-json\/wp\/v2\/users\/1"}],"replies":[{"embeddable":true,"href":"https:\/\/loanstar.com\/cz\/wp-json\/wp\/v2\/comments?post=7"}],"version-history":[{"count":1,"href":"https:\/\/loanstar.com\/cz\/wp-json\/wp\/v2\/pages\/7\/revisions"}],"predecessor-version":[{"id":8,"href":"https:\/\/loanstar.com\/cz\/wp-json\/wp\/v2\/pages\/7\/revisions\/8"}],"wp:attachment":[{"href":"https:\/\/loanstar.com\/cz\/wp-json\/wp\/v2\/media?parent=7"}],"curies":[{"name":"wp","href":"https:\/\/api.w.org\/{rel}","templated":true}]}}