{"id":183,"date":"2018-11-07T12:20:28","date_gmt":"2018-11-07T12:20:28","guid":{"rendered":"http:\/\/loanstar.com\/cz\/?page_id=183"},"modified":"2019-07-24T13:44:36","modified_gmt":"2019-07-24T11:44:36","slug":"soukromi","status":"publish","type":"page","link":"https:\/\/loanstar.com\/cz\/soukromi\/","title":{"rendered":"Soukrom\u00ed"},"content":{"rendered":"<p>Datum \u00fa\u010dinnosti: 16. \u0159\u00edjna 2018<\/p>\n<p>Spole\u010dnost Digital Takeover, LTD (&#8222;n\u00e1s&#8220;, &#8222;my&#8220; nebo &#8222;n\u00e1\u0161&#8220;) provozuje webovou str\u00e1nku http:\/\/loanstar.com (d\u00e1le jen &#8222;slu\u017eba&#8220;).<\/p>\n<p>Tato str\u00e1nka v\u00e1s informuje o na\u0161ich z\u00e1sad\u00e1ch t\u00fdkaj\u00edc\u00edch se shroma\u017e\u010fov\u00e1n\u00ed, pou\u017e\u00edv\u00e1n\u00ed a zp\u0159\u00edstup\u0148ov\u00e1n\u00ed osobn\u00edch \u00fadaj\u016f, kdy\u017e pou\u017e\u00edv\u00e1te na\u0161i slu\u017ebu. Mimo to i volby, kter\u00e9 k t\u011bmto \u00fadaj\u016fm p\u0159idru\u017eujete.<\/p>\n<p>Va\u0161e data pou\u017e\u00edv\u00e1me k poskytov\u00e1n\u00ed a vylep\u0161en\u00ed Slu\u017eby. Pou\u017e\u00edv\u00e1n\u00edm Slu\u017eby souhlas\u00edte se shroma\u017e\u010fov\u00e1n\u00edm a pou\u017e\u00edv\u00e1n\u00edm informac\u00ed v souladu s t\u011bmito z\u00e1sadami. Pokud v nen\u00ed vymezeno jinak, maj\u00ed term\u00edny pou\u017eit\u00e9 v Z\u00e1sad\u00e1ch ochrany osobn\u00edch \u00fadaj\u016f stejn\u00e9 v\u00fdznamy jako v na\u0161ich Smluvn\u00edch podm\u00ednk\u00e1ch, p\u0159\u00edstupn\u00fdch z http:\/\/loanstar.com<\/p>\n<h2>Sb\u011br a pou\u017eit\u00ed informac\u00ed<\/h2>\n<p>Shroma\u017e\u010fujeme n\u011bkolik r\u016fzn\u00fdch typ\u016f informac\u00ed pro r\u016fzn\u00e9 \u00fa\u010dely, abychom v\u00e1m poskytli kvalitn\u00ed slu\u017ebu nebo ji vylep\u0161ili.<\/p>\n<h3>Typy shrom\u00e1\u017ed\u011bn\u00fdch \u00fadaj\u016f<\/h3>\n<h6>Osobn\u00ed data<\/h6>\n<p>B\u011bhem pou\u017e\u00edv\u00e1n\u00ed Slu\u017eby v\u00e1s m\u016f\u017eeme po\u017e\u00e1dat, abyste n\u00e1m poskytli ur\u010dit\u00e9 osobn\u00ed identifika\u010dn\u00ed \u00fadaje, kter\u00e9 mohou b\u00fdt pou\u017eity ke kontaktov\u00e1n\u00ed nebo va\u0161\u00ed identifikaci (&#8222;Osobn\u00ed \u00fadaje&#8220;). Informace k identifikaci mohou mimo jin\u00e9 zahrnovat:<\/p>\n<ul>\n<li>E-mailov\u00e1 adresa<\/li>\n<li>Jm\u00e9no a p\u0159\u00edjmen\u00ed<\/li>\n<li>Cookies a \u00fadaje o pou\u017eit\u00ed<\/li>\n<\/ul>\n<h6>Pou\u017eit\u00ed dat<\/h6>\n<p>M\u016f\u017eeme tak\u00e9 shroma\u017e\u010fovat informace o tom, jak je slu\u017eba p\u0159\u00edstupn\u00e1 a pou\u017e\u00edvan\u00e1 (&#8222;Data vyu\u017eit\u00ed&#8220;). Tato data o pou\u017eit\u00ed mohou obsahovat informace, jako je adresa internetov\u00e9ho protokolu va\u0161eho po\u010d\u00edta\u010de (nap\u0159. IP adresa), typ prohl\u00ed\u017ee\u010de, verze prohl\u00ed\u017ee\u010de, str\u00e1nky na\u0161\u00ed slu\u017eby, kter\u00e9 jste nav\u0161t\u00edvili, \u010das a datum va\u0161\u00ed n\u00e1v\u0161t\u011bvy, \u010das str\u00e1ven\u00fd na t\u011bchto str\u00e1nk\u00e1ch, identifik\u00e1tory za\u0159\u00edzen\u00ed a dal\u0161\u00ed diagnostick\u00e1 data.<\/p>\n<h6>Sledov\u00e1n\u00ed a soubory cookie<\/h6>\n<p>Pou\u017e\u00edv\u00e1me cookies a podobn\u00e9 technologie pro sledov\u00e1n\u00ed aktivity v na\u0161\u00ed slu\u017eb\u011b a uchov\u00e1v\u00e1n\u00ed ur\u010dit\u00fdch informac\u00ed.<\/p>\n<p>Soubory cookie jsou soubory s mal\u00fdm mno\u017estv\u00edm dat, kter\u00e9 mohou obsahovat anonymn\u00ed jedine\u010dn\u00fd identifik\u00e1tor. Soubory cookie jsou odes\u00edl\u00e1ny do va\u0161eho prohl\u00ed\u017ee\u010de z webov\u00fdch str\u00e1nek a ulo\u017eeny na va\u0161em za\u0159\u00edzen\u00ed. Sledovac\u00ed technologie tak\u00e9 pou\u017e\u00edvaj\u00ed maj\u00e1ky, \u0161t\u00edtky a skripty pro shroma\u017e\u010fov\u00e1n\u00ed a sledov\u00e1n\u00ed informac\u00ed a pro zlep\u0161en\u00ed a anal\u00fdzu na\u0161\u00ed slu\u017eby.<\/p>\n<p>Ve va\u0161em prohl\u00ed\u017ee\u010di m\u016f\u017eete d\u00e1t pokyn k odm\u00edtnut\u00ed v\u0161ech soubor\u016f cookie nebo zvolit takovou mo\u017enost, kdy jste informov\u00e1ni o odesl\u00e1n\u00ed souboru cookie. Pokud v\u0161ak cookies neakceptujete, pravd\u011bpodobn\u011b nebudete moci pou\u017e\u00edvat n\u011bkter\u00e9 \u010d\u00e1sti na\u0161\u00ed slu\u017eby.<\/p>\n<p>P\u0159\u00edklady soubor\u016f cookie, kter\u00e9 pou\u017e\u00edv\u00e1me:<\/p>\n<ul>\n<li><strong>Soubory cookie.<\/strong> Pro provozov\u00e1n\u00ed na\u0161\u00ed slu\u017eby pou\u017e\u00edv\u00e1me soubory cookie relace.<\/li>\n<li><strong>Up\u0159ednost\u0148ovan\u00e9 soubory cookie.<\/strong> Pou\u017e\u00edv\u00e1me preferen\u010dn\u00ed soubory cookie, abychom si pamatovali va\u0161e preference a r\u016fzn\u00e1 nastaven\u00ed.<\/li>\n<li><strong>Bezpe\u010dnostn\u00ed soubory cookie.<\/strong> Bezpe\u010dnostn\u00ed soubory cookie pou\u017e\u00edv\u00e1me pro \u00fa\u010dely zabezpe\u010den\u00ed.<\/li>\n<\/ul>\n<h2>Pou\u017eit\u00ed dat<\/h2>\n<p>Spole\u010dnost Digital Takeover, LTD pou\u017e\u00edv\u00e1 shrom\u00e1\u017ed\u011bn\u00e1 data pro r\u016fzn\u00e9 \u00fa\u010dely:<\/p>\n<ul>\n<li>Poskytovat a udr\u017eovat slu\u017ebu<\/li>\n<li>Ozn\u00e1men\u00ed o zm\u011bn\u00e1ch v na\u0161\u00ed slu\u017eb\u011b<\/li>\n<li>Abyste se mohli \u00fa\u010dastnit interaktivn\u00edch funkc\u00ed na\u0161\u00ed slu\u017eby, pokud se tak rozhodnete<\/li>\n<li>Poskytovat p\u00e9\u010di a podporu z\u00e1kazn\u00edk\u016fm<\/li>\n<li>Poskytnout anal\u00fdzu nebo cenn\u00e9 informace, abychom mohli slu\u017ebu zlep\u0161it<\/li>\n<li>Sledovat pou\u017e\u00edv\u00e1n\u00ed slu\u017eby<\/li>\n<li>Odhalit, zabr\u00e1nit a \u0159e\u0161it technick\u00e9 probl\u00e9my<\/li>\n<\/ul>\n<h2>P\u0159enos dat<\/h2>\n<p>Va\u0161e \u00fadaje, v\u010detn\u011b osobn\u00edch \u00fadaj\u016f, mohou b\u00fdt p\u0159eneseny a udr\u017eov\u00e1ny na po\u010d\u00edta\u010d\u00edch um\u00edst\u011bn\u00fdch mimo va\u0161i st\u00e1tn\u00ed, provin\u010dn\u00ed nebo jinou vl\u00e1dn\u00ed jurisdikci, kde se mohou z\u00e1kony na ochranu dat li\u0161it od t\u011bch, kter\u00e9 se t\u00fdkaj\u00ed va\u0161\u00ed jurisdikce.<\/p>\n<p>Pokud se nach\u00e1z\u00edte mimo \u00fazem\u00ed Malty a rozhodnete se n\u00e1m poskytnout informace, vezm\u011bte pros\u00edm na v\u011bdom\u00ed, \u017ee \u00fadaje v\u010detn\u011b osobn\u00edch p\u0159en\u00e1\u0161\u00edme na Maltu, kde je zpracujeme.<\/p>\n<p>Souhlas s t\u011bmito Z\u00e1sadami ochrany soukrom\u00ed, po n\u011bm\u017e n\u00e1sleduje poskytnut\u00ed osobn\u00edch dat, vyjad\u0159uje v\u00e1\u0161 souhlas s t\u00edmto p\u0159enosem.<\/p>\n<p>Spole\u010dnost Digital Takeover, LTD podnikne ve\u0161ker\u00e1 nezbytn\u00e1 opat\u0159en\u00ed, aby zajistila, \u017ee va\u0161e data budou v bezpe\u010d\u00ed a v souladu s t\u011bmito Z\u00e1sadami ochrany osobn\u00edch \u00fadaj\u016f. D\u00e1le zajist\u00ed, \u017ee nebude doch\u00e1zet k p\u0159enosu va\u0161ich osobn\u00edch \u00fadaj\u016f do organizace nebo zem\u011b, ve kter\u00e9 neexistuj\u00ed odpov\u00eddaj\u00edc\u00ed kontroly, zabezpe\u010den\u00ed dat a dal\u0161\u00edch osobn\u00edch \u00fadaj\u016f.<\/p>\n<h2>Zve\u0159ejn\u011bn\u00ed \u00fadaj\u016f<\/h2>\n<h3>Pr\u00e1vn\u00ed po\u017eadavky<\/h3>\n<p>Spole\u010dnost Digital Takeover, LTD m\u016f\u017ee zve\u0159ejnit va\u0161e osobn\u00ed \u00fadaje v dobr\u00e9 v\u00ed\u0159e, \u017ee takov\u00e1 akce je nezbytn\u00e1 pro:<\/p>\n<ul>\n<li>Spln\u011bn\u00ed z\u00e1konn\u00e9 povinnosti<\/li>\n<li>Ochrana a obhajoba pr\u00e1v nebo majetku spole\u010dnosti Digital Takeover, LTD<\/li>\n<li>Zabr\u00e1nit p\u0159\u00edpadn\u00e9mu nespr\u00e1vn\u00e9mu jedn\u00e1n\u00ed v souvislosti se slu\u017ebou<\/li>\n<li>Chcete chr\u00e1nit osobn\u00ed bezpe\u010dnost u\u017eivatel\u016f slu\u017eby nebo ve\u0159ejnosti<\/li>\n<li>Ochrana proti pr\u00e1vn\u00ed odpov\u011bdnosti<\/li>\n<\/ul>\n<h2>Bezpe\u010dnost dat<\/h2>\n<p>Bezpe\u010dnost va\u0161ich dat je pro n\u00e1s d\u016fle\u017eit\u00e1, ale nezapome\u0148te, \u017ee \u017e\u00e1dn\u00fd zp\u016fsob p\u0159enosu p\u0159es internet nebo zp\u016fsob elektronick\u00e9ho ukl\u00e1d\u00e1n\u00ed nen\u00ed 100% bezpe\u010dn\u00fd. I kdy\u017e se sna\u017e\u00edme pou\u017e\u00edvat komer\u010dn\u011b p\u0159ijateln\u00e9 prost\u0159edky k ochran\u011b va\u0161ich osobn\u00edch \u00fadaj\u016f, nem\u016f\u017eeme zaru\u010dit jeho absolutn\u00ed bezpe\u010dnost.<\/p>\n<h2>Poskytovatel\u00e9 slu\u017eeb<\/h2>\n<p>M\u016f\u017eeme zam\u011bstn\u00e1vat spole\u010dnosti a jednotlivce t\u0159et\u00edch stran, aby usnad\u0148ovali na\u0161i slu\u017ebu (&#8222;poskytovatel\u00e9 slu\u017eeb&#8220;), poskytovali slu\u017ebu v na\u0161em zastoupen\u00ed, prov\u00e1d\u011bli slu\u017eby souvisej\u00edc\u00ed se slu\u017ebami nebo n\u00e1m pom\u00e1hali p\u0159i anal\u00fdze vyu\u017e\u00edv\u00e1n\u00ed na\u0161\u00ed slu\u017eby.<\/p>\n<p>Tyto t\u0159et\u00ed strany maj\u00ed k va\u0161im osobn\u00edm \u00fadaj\u016fm p\u0159\u00edstup pouze k tomu, aby tyto \u00fakoly vykon\u00e1valy v na\u0161em zastoupen\u00ed a jsou povinny \u00fadaje nezve\u0159ej\u0148ovat ani nepou\u017e\u00edvat k jin\u00fdm \u00fa\u010del\u016fm.<\/p>\n<h6>Analytics<\/h6>\n<p>M\u016f\u017eeme pou\u017e\u00edt poskytovatele slu\u017eeb t\u0159et\u00edch stran k monitorov\u00e1n\u00ed a anal\u00fdze vyu\u017e\u00edv\u00e1n\u00ed na\u0161\u00ed slu\u017eby.<\/p>\n<p><strong>Google Analytics<\/strong><\/p>\n<p>Slu\u017eba Google Analytics je slu\u017eba webov\u00e9ho analytika nab\u00edzen\u00e1 spole\u010dnost\u00ed Google, kter\u00e1 sleduje a hl\u00e1s\u00ed n\u00e1v\u0161t\u011bvnost webov\u00fdch str\u00e1nek. Spole\u010dnost Google vyu\u017e\u00edv\u00e1 shrom\u00e1\u017ed\u011bn\u00e1 data ke sledov\u00e1n\u00ed pou\u017e\u00edv\u00e1n\u00ed na\u0161\u00ed slu\u017eby. Tato data jsou sd\u00edlena s dal\u0161\u00edmi slu\u017ebami Google. Spole\u010dnost Google m\u016f\u017ee shroma\u017e\u010fovan\u00e1 data pou\u017e\u00edvat k tomu, aby kontextualizovala a personalizovala reklamy sv\u00e9 vlastn\u00ed reklamn\u00ed s\u00edt\u011b.<\/p>\n<p>M\u016f\u017eete se rozhodnout, \u017ee jste slu\u017ebu Google Analytics aktivovali prost\u0159ednictv\u00edm instalace dopl\u0148ku prohl\u00ed\u017ee\u010de pro odhl\u00e1\u0161en\u00ed slu\u017eby Google Analytics. Dopln\u011bk zabra\u0148uje tomu, aby JavaScript Google Analytics (ga.js, analytics.js a dc.js) sd\u00edlel informace o aktivit\u00e1ch n\u00e1v\u0161t\u011bv s Google Analytics.<\/p>\n<p>Dal\u0161\u00ed informace o z\u00e1sad\u00e1ch ochrany osobn\u00edch \u00fadaj\u016f spole\u010dnosti Google naleznete na webov\u00e9 str\u00e1nce spole\u010dnosti Ochrana soukrom\u00ed a smluvn\u00ed podm\u00ednky: <a href=\"https:\/\/policies.google.com\/privacy?hl=cs\">https:\/\/policies.google.com\/privacy?hl=cs<\/a><\/p>\n<h2>Odkazy na jin\u00e9 str\u00e1nky<\/h2>\n<p>Na\u0161e slu\u017eba m\u016f\u017ee obsahovat odkazy na jin\u00e9 weby, kter\u00e9 nejsou provozov\u00e1ny n\u00e1mi. Pokud kliknete na odkaz t\u0159et\u00ed strany, budete p\u0159esm\u011brov\u00e1ni na str\u00e1nku t\u0159et\u00ed strany. D\u016frazn\u011b doporu\u010dujeme p\u0159ezkoumat Z\u00e1sady ochrany osobn\u00edch \u00fadaj\u016f pro v\u0161echny nav\u0161t\u011bvovan\u00e9 str\u00e1nky.<\/p>\n<p>Nem\u00e1me \u017e\u00e1dnou kontrolu ani odpov\u011bdnost za obsah, z\u00e1sady ochrany osobn\u00edch \u00fadaj\u016f nebo praktiky str\u00e1nek \u010di slu\u017eeb t\u0159et\u00edch stran.<\/p>\n<h2>Ochrana soukrom\u00ed d\u011bt\u00ed<\/h2>\n<p>Na\u0161e slu\u017eba se nevztahuje na osoby mlad\u0161\u00ed 18 let (&#8222;D\u011bti&#8220;).<\/p>\n<p>V\u011bdom\u011b nez\u00edsk\u00e1v\u00e1me osobn\u00ed \u00fadaje od osob mlad\u0161\u00edch 18 let. Pokud jste rodi\u010d nebo opatrovn\u00edk a v\u00edte, \u017ee va\u0161e d\u011bti n\u00e1m poskytly osobn\u00ed \u00fadaje, kontaktujte n\u00e1s. Pokud zjist\u00edme, \u017ee jsme z\u00edskali osobn\u00ed \u00fadaje od d\u011bt\u00ed bez ov\u011b\u0159en\u00ed souhlasu rodi\u010d\u016f, podnikneme kroky k odstran\u011bn\u00ed t\u011bchto informac\u00ed z na\u0161ich server\u016f.<\/p>\n<h2>Zm\u011bny t\u011bchto z\u00e1sad ochrany osobn\u00edch \u00fadaj\u016f<\/h2>\n<p>Pravidla ochrany osobn\u00edch \u00fadaj\u016f m\u016f\u017eeme ob\u010das aktualizovat. O zm\u011bn\u00e1ch v\u00e1s budeme informovat zve\u0159ejn\u011bn\u00edm nov\u00fdch Z\u00e1sad ochrany osobn\u00edch \u00fadaj\u016f na t\u00e9to str\u00e1nce.<\/p>\n<p>D\u0159\u00edve ne\u017e zm\u011bna vstoup\u00ed v platnost a aktualizujeme &#8222;datum \u00fa\u010dinnosti&#8220; v horn\u00ed \u010d\u00e1sti t\u011bchto Z\u00e1sad ochrany osobn\u00edch \u00fadaj\u016f, ozn\u00e1m\u00edme v\u00e1m to prost\u0159ednictv\u00edm e-mailu a\/nebo v\u00fdrazn\u00e9ho ozn\u00e1men\u00ed ve slu\u017eb\u011b.<\/p>\n<p>Doporu\u010dujeme pravideln\u011b kontrolovat tyto Z\u00e1sady ochrany osobn\u00edch \u00fadaj\u016f. Zm\u011bny Z\u00e1sad ochrany osobn\u00edch \u00fadaj\u016f jsou \u00fa\u010dinn\u00e9 ihned po zve\u0159ejn\u011bn\u00ed na t\u00e9to str\u00e1nce.<\/p>\n<h2>Kontaktujte n\u00e1s<\/h2>\n<p>M\u00e1te-li jak\u00e9koli dotazy ohledn\u011b t\u011bchto Z\u00e1sad ochrany osobn\u00edch \u00fadaj\u016f, kontaktujte n\u00e1s:<\/p>\n<p>e-mail: hi@digitaltakeover.org<\/p>\n","protected":false},"excerpt":{"rendered":"<p>Datum \u00fa\u010dinnosti: 16. \u0159\u00edjna 2018 Spole\u010dnost Digital Takeover, LTD (&#8222;n\u00e1s&#8220;, &#8222;my&#8220; nebo &#8222;n\u00e1\u0161&#8220;) provozuje webovou str\u00e1nku http:\/\/loanstar.com (d\u00e1le jen &#8222;slu\u017eba&#8220;)&#8230;.<\/p>\n","protected":false},"author":1,"featured_media":0,"parent":0,"menu_order":0,"comment_status":"closed","ping_status":"closed","template":"templates\/terms-of-use.php","meta":{"footnotes":""},"yoast_head":"<!-- This site is optimized with the Yoast SEO plugin v21.0 - https:\/\/yoast.com\/wordpress\/plugins\/seo\/ -->\n<title>Soukrom\u00ed - LoanStar \u010cesk\u00e1 republika<\/title>\n<meta name=\"robots\" content=\"noindex, follow\" \/>\n<meta property=\"og:locale\" content=\"cs_CZ\" \/>\n<meta property=\"og:type\" content=\"article\" \/>\n<meta property=\"og:title\" content=\"Soukrom\u00ed - LoanStar \u010cesk\u00e1 republika\" \/>\n<meta property=\"og:description\" content=\"Datum \u00fa\u010dinnosti: 16. \u0159\u00edjna 2018 Spole\u010dnost Digital Takeover, LTD (&#8222;n\u00e1s&#8220;, &#8222;my&#8220; nebo &#8222;n\u00e1\u0161&#8220;) provozuje webovou str\u00e1nku http:\/\/loanstar.com (d\u00e1le jen &#8222;slu\u017eba&#8220;)....\" \/>\n<meta property=\"og:url\" content=\"https:\/\/loanstar.com\/cz\/soukromi\/\" \/>\n<meta property=\"og:site_name\" content=\"LoanStar \u010cesk\u00e1 republika\" \/>\n<meta property=\"article:modified_time\" content=\"2019-07-24T11:44:36+00:00\" \/>\n<meta name=\"twitter:card\" content=\"summary_large_image\" \/>\n<meta name=\"twitter:label1\" content=\"Odhadovan\u00e1 doba \u010dten\u00ed\" \/>\n\t<meta name=\"twitter:data1\" content=\"8 minut\" \/>\n<script type=\"application\/ld+json\" class=\"yoast-schema-graph\">{\"@context\":\"https:\/\/schema.org\",\"@graph\":[{\"@type\":\"WebPage\",\"@id\":\"https:\/\/loanstar.com\/cz\/soukromi\/\",\"url\":\"https:\/\/loanstar.com\/cz\/soukromi\/\",\"name\":\"Soukrom\u00ed - LoanStar \u010cesk\u00e1 republika\",\"isPartOf\":{\"@id\":\"https:\/\/loanstar.com\/cz\/#website\"},\"datePublished\":\"2018-11-07T12:20:28+00:00\",\"dateModified\":\"2019-07-24T11:44:36+00:00\",\"breadcrumb\":{\"@id\":\"https:\/\/loanstar.com\/cz\/soukromi\/#breadcrumb\"},\"inLanguage\":\"cs\",\"potentialAction\":[{\"@type\":\"ReadAction\",\"target\":[\"https:\/\/loanstar.com\/cz\/soukromi\/\"]}]},{\"@type\":\"BreadcrumbList\",\"@id\":\"https:\/\/loanstar.com\/cz\/soukromi\/#breadcrumb\",\"itemListElement\":[{\"@type\":\"ListItem\",\"position\":1,\"name\":\"\u010cesk\u00e1\",\"item\":\"https:\/\/loanstar.com\/cz\/\"},{\"@type\":\"ListItem\",\"position\":2,\"name\":\"Soukrom\u00ed\"}]},{\"@type\":\"WebSite\",\"@id\":\"https:\/\/loanstar.com\/cz\/#website\",\"url\":\"https:\/\/loanstar.com\/cz\/\",\"name\":\"LoanStar \u010cesk\u00e1 republika\",\"description\":\"Porovnejte p\u016fj\u010dky\",\"potentialAction\":[{\"@type\":\"SearchAction\",\"target\":{\"@type\":\"EntryPoint\",\"urlTemplate\":\"https:\/\/loanstar.com\/cz\/?s={search_term_string}\"},\"query-input\":\"required name=search_term_string\"}],\"inLanguage\":\"cs\"}]}<\/script>\n<!-- \/ Yoast SEO plugin. -->","yoast_head_json":{"title":"Soukrom\u00ed - LoanStar \u010cesk\u00e1 republika","robots":{"index":"noindex","follow":"follow"},"og_locale":"cs_CZ","og_type":"article","og_title":"Soukrom\u00ed - LoanStar \u010cesk\u00e1 republika","og_description":"Datum \u00fa\u010dinnosti: 16. \u0159\u00edjna 2018 Spole\u010dnost Digital Takeover, LTD (&#8222;n\u00e1s&#8220;, &#8222;my&#8220; nebo &#8222;n\u00e1\u0161&#8220;) provozuje webovou str\u00e1nku http:\/\/loanstar.com (d\u00e1le jen &#8222;slu\u017eba&#8220;)....","og_url":"https:\/\/loanstar.com\/cz\/soukromi\/","og_site_name":"LoanStar \u010cesk\u00e1 republika","article_modified_time":"2019-07-24T11:44:36+00:00","twitter_card":"summary_large_image","twitter_misc":{"Odhadovan\u00e1 doba \u010dten\u00ed":"8 minut"},"schema":{"@context":"https:\/\/schema.org","@graph":[{"@type":"WebPage","@id":"https:\/\/loanstar.com\/cz\/soukromi\/","url":"https:\/\/loanstar.com\/cz\/soukromi\/","name":"Soukrom\u00ed - LoanStar \u010cesk\u00e1 republika","isPartOf":{"@id":"https:\/\/loanstar.com\/cz\/#website"},"datePublished":"2018-11-07T12:20:28+00:00","dateModified":"2019-07-24T11:44:36+00:00","breadcrumb":{"@id":"https:\/\/loanstar.com\/cz\/soukromi\/#breadcrumb"},"inLanguage":"cs","potentialAction":[{"@type":"ReadAction","target":["https:\/\/loanstar.com\/cz\/soukromi\/"]}]},{"@type":"BreadcrumbList","@id":"https:\/\/loanstar.com\/cz\/soukromi\/#breadcrumb","itemListElement":[{"@type":"ListItem","position":1,"name":"\u010cesk\u00e1","item":"https:\/\/loanstar.com\/cz\/"},{"@type":"ListItem","position":2,"name":"Soukrom\u00ed"}]},{"@type":"WebSite","@id":"https:\/\/loanstar.com\/cz\/#website","url":"https:\/\/loanstar.com\/cz\/","name":"LoanStar \u010cesk\u00e1 republika","description":"Porovnejte p\u016fj\u010dky","potentialAction":[{"@type":"SearchAction","target":{"@type":"EntryPoint","urlTemplate":"https:\/\/loanstar.com\/cz\/?s={search_term_string}"},"query-input":"required name=search_term_string"}],"inLanguage":"cs"}]}},"_links":{"self":[{"href":"https:\/\/loanstar.com\/cz\/wp-json\/wp\/v2\/pages\/183"}],"collection":[{"href":"https:\/\/loanstar.com\/cz\/wp-json\/wp\/v2\/pages"}],"about":[{"href":"https:\/\/loanstar.com\/cz\/wp-json\/wp\/v2\/types\/page"}],"author":[{"embeddable":true,"href":"https:\/\/loanstar.com\/cz\/wp-json\/wp\/v2\/users\/1"}],"replies":[{"embeddable":true,"href":"https:\/\/loanstar.com\/cz\/wp-json\/wp\/v2\/comments?post=183"}],"version-history":[{"count":1,"href":"https:\/\/loanstar.com\/cz\/wp-json\/wp\/v2\/pages\/183\/revisions"}],"predecessor-version":[{"id":294,"href":"https:\/\/loanstar.com\/cz\/wp-json\/wp\/v2\/pages\/183\/revisions\/294"}],"wp:attachment":[{"href":"https:\/\/loanstar.com\/cz\/wp-json\/wp\/v2\/media?parent=183"}],"curies":[{"name":"wp","href":"https:\/\/api.w.org\/{rel}","templated":true}]}}