{"id":181,"date":"2018-11-07T11:57:42","date_gmt":"2018-11-07T11:57:42","guid":{"rendered":"http:\/\/loanstar.com\/cz\/?page_id=181"},"modified":"2019-07-24T14:08:39","modified_gmt":"2019-07-24T12:08:39","slug":"podminky","status":"publish","type":"page","link":"https:\/\/loanstar.com\/cz\/podminky\/","title":{"rendered":"Podm\u00ednky"},"content":{"rendered":"<h2>\u00davod<\/h2>\n<p>Vyu\u017e\u00edv\u00e1n\u00ed na\u0161eho webu LoanStar, p\u0159\u00edstupn\u00e9ho na adrese http:\/\/loanstar.com, se bude \u0159\u00eddit t\u011bmito standardn\u00edmi smluvn\u00edmi Podm\u00ednkami, kter\u00e9 jsou uveden\u00e9 na t\u00e9to webov\u00e9 str\u00e1nce.<\/p>\n<p>Podm\u00ednky budou pln\u011b uplat\u0148ov\u00e1ny a ovlivn\u00ed va\u0161e pou\u017e\u00edv\u00e1n\u00ed t\u00e9to webov\u00e9 str\u00e1nky. Pou\u017e\u00edv\u00e1n\u00edm t\u00e9to webov\u00e9 str\u00e1nky jste souhlasili s p\u0159ijet\u00edm v\u0161ech zde uveden\u00fdch Podm\u00ednek. Tuto webovou str\u00e1nku nesm\u00edte pou\u017e\u00edvat, pokud nesouhlas\u00edte s n\u011bkterou z t\u011bchto standardn\u00edch smluvn\u00edch podm\u00ednek.<\/p>\n<p>Nezletil\u00ed nebo lid\u00e9 mlad\u0161\u00ed 18 let nemohou pou\u017e\u00edvat tuto webovou str\u00e1nku.<\/p>\n<h2>Pr\u00e1va k du\u0161evn\u00edmu vlastnictv\u00ed<\/h2>\n<p>Pro obsah, kter\u00fd nen\u00ed ve va\u0161em vlastnictv\u00ed, plat\u00ed, \u017ee ve\u0161ker\u00e1 pr\u00e1va du\u0161evn\u00edho vlastnictv\u00ed a materi\u00e1ly obsa\u017een\u00e9 na t\u011bchto webov\u00fdch str\u00e1nk\u00e1ch n\u00e1le\u017e\u00ed podle t\u011bchto Podm\u00ednek spole\u010dnosti Digital Takeover, LTD a\/nebo jej\u00edmu poskytovateli licenc\u00ed.<\/p>\n<p>Jste omezeni licenc\u00ed pouze pro \u00fa\u010dely prohl\u00ed\u017een\u00ed materi\u00e1lu obsa\u017een\u00e9ho na t\u00e9to webov\u00e9 str\u00e1nce.<\/p>\n<h2>Omezen\u00ed<\/h2>\n<p>Jste konkr\u00e9tn\u011b omezen ve v\u0161ech n\u00e1sleduj\u00edc\u00edch \u010dinnostech:<\/p>\n<ul>\n<li>publikov\u00e1n\u00ed jak\u00e9hokoli obsahu webov\u00fdch str\u00e1nek v jak\u00e9mkoli jin\u00e9m m\u00e9diu<\/li>\n<li>prodej, poskytnut\u00ed sublicence a\/nebo jinak obchodovat s jak\u00fdmkoli materi\u00e1lem webov\u00fdch str\u00e1nek<\/li>\n<li>ve\u0159ejn\u011b prov\u00e1d\u011bt a\/nebo zobrazovat jak\u00fdkoli materi\u00e1l webov\u00fdch str\u00e1nek<\/li>\n<li>pou\u017e\u00edv\u00e1n\u00ed t\u00e9to webov\u00e9 str\u00e1nky jak\u00fdmkoli zp\u016fsobem, kter\u00fd m\u016f\u017ee po\u0161kodit tuto webovou str\u00e1nku<\/li>\n<li>pou\u017e\u00edv\u00e1n\u00ed t\u00e9to webov\u00e9 str\u00e1nky jak\u00fdmkoli zp\u016fsobem, kter\u00fd ovliv\u0148uje p\u0159\u00edstup u\u017eivatel\u016f k t\u00e9to webov\u00e9 str\u00e1nce<\/li>\n<li>pou\u017e\u00edv\u00e1n\u00ed t\u00e9to webov\u00e9 str\u00e1nky v rozporu s platn\u00fdmi z\u00e1kony a p\u0159edpisy nebo jak\u00fdmkoli zp\u016fsobem, kter\u00fd m\u016f\u017ee po\u0161kodit webovou str\u00e1nku nebo jakoukoli osobu nebo podnikatelsk\u00fd subjekt<\/li>\n<li>vyu\u017e\u00edv\u00e1n\u00ed jak\u00e9hokoli dolov\u00e1n\u00ed dat, sb\u011bru dat, z\u00edsk\u00e1v\u00e1n\u00ed dat nebo jak\u00e9koli podobn\u00e9 \u010dinnosti ve vztahu k t\u00e9to webov\u00e9 str\u00e1nce<\/li>\n<li>pou\u017e\u00edvat tuto webovou str\u00e1nku k jak\u00e9koli reklam\u011b nebo marketingu<\/li>\n<\/ul>\n<p>P\u0159\u00edstup k n\u011bkter\u00fdm oblastem t\u00e9to webov\u00e9 str\u00e1nky je omezen a spole\u010dnost Digital Takeover, LTD m\u016f\u017ee d\u00e1le kdykoli na z\u00e1klad\u011b libovoln\u00e9ho rozhodnut\u00ed omezit p\u0159\u00edstup k jak\u00fdmkoli oblastem t\u00e9to webov\u00e9 str\u00e1nky. Jak\u00e9koli u\u017eivatelsk\u00e9 jm\u00e9no a heslo, kter\u00e9 m\u016f\u017eete m\u00edt pro tuto webovou str\u00e1nku, je d\u016fv\u011brn\u00e9 a mus\u00edte si zachovat d\u016fv\u011bryhodnost.<\/p>\n<h2>V\u00e1\u0161 obsah<\/h2>\n<p>V t\u011bchto standardn\u00edch smluvn\u00edch Podm\u00ednk\u00e1ch webov\u00fdch str\u00e1nek znamen\u00e1 &#8222;v\u00e1\u0161 obsah&#8220; jak\u00fdkoli zvuk, video text, obr\u00e1zky nebo jin\u00fd materi\u00e1l, kter\u00fd se rozhodnete zobrazit na t\u00e9to webov\u00e9 str\u00e1nce. Zobrazen\u00edm va\u0161eho obsahu ud\u011blujete Digital Takeover, LTD nev\u00fdhradn\u00ed, celosv\u011btov\u011b neodvolatelnou, sublicen\u010dn\u00ed licenci pro jeho pou\u017eit\u00ed, reprodukci, \u00fapravu, publikov\u00e1n\u00ed, p\u0159eklad a distribuci na jak\u00e9mkoli m\u00e9diu.<\/p>\n<p>V\u00e1\u0161 obsah mus\u00ed b\u00fdt v\u00e1\u0161 vlastn\u00ed a nesm\u00ed naru\u0161ovat pr\u00e1va t\u0159et\u00edch stran. Spole\u010dnost Digital Takeover, LTD si vyhrazuje pr\u00e1vo kdykoliv a bez p\u0159edchoz\u00edho upozorn\u011bn\u00ed odstranit jak\u00fdkoli v\u00e1\u0161 obsah z t\u011bchto webov\u00fdch str\u00e1nek.<\/p>\n<h2>\u017d\u00e1dn\u00e9 z\u00e1ruky<\/h2>\n<p>Tato webov\u00e1 str\u00e1nka je poskytov\u00e1na &#8222;tak jak je,&#8220; se v\u0161emi chybami a spole\u010dnost Digital Takeover, LTD nevyjad\u0159uje \u017e\u00e1dn\u00e9 zastoupen\u00ed nebo z\u00e1ruky jak\u00e9hokoli druhu souvisej\u00edc\u00ed s touto webovou str\u00e1nkou nebo materi\u00e1ly obsa\u017een\u00fdmi na t\u00e9to webov\u00e9 str\u00e1nce. Tak\u00e9 nic na t\u00e9to webov\u00e9 str\u00e1nce nesm\u00ed b\u00fdt interpretov\u00e1no jako poradenstv\u00ed.<\/p>\n<h2>Omezen\u00ed odpov\u011bdnosti<\/h2>\n<p>V \u017e\u00e1dn\u00e9m p\u0159\u00edpad\u011b spole\u010dnost Digital Takeover, LTD ani \u017e\u00e1dn\u00fd z jejich \u00fa\u0159edn\u00edk\u016f, \u0159editel\u016f ani zam\u011bstnanc\u016f nenese odpov\u011bdnost za nic, co vypl\u00fdv\u00e1 z va\u0161eho u\u017e\u00edv\u00e1n\u00ed t\u00e9to webov\u00e9 str\u00e1nky nebo je jak\u00fdmkoli zp\u016fsobem spojeno s t\u00edm, zda je tato odpov\u011bdnost na z\u00e1klad\u011b smlouvy. Spole\u010dnost Digital Takeover, LTD, v\u010detn\u011b jej\u00edch \u00fa\u0159edn\u00edk\u016f, \u0159editel\u016f a zam\u011bstnanc\u016f nenese odpov\u011bdnost za \u017e\u00e1dn\u00e9 nep\u0159\u00edm\u00e9, n\u00e1sledn\u00e9 nebo zvl\u00e1\u0161tn\u00ed z\u00e1vazky vypl\u00fdvaj\u00edc\u00ed z jak\u00e9hokoli vztahu s va\u0161\u00edm pou\u017e\u00edv\u00e1n\u00edm t\u00e9to webov\u00e9 str\u00e1nky.<\/p>\n<h2>Od\u0161kodn\u011bn\u00ed<\/h2>\n<p>T\u00edmto zp\u016fsobem od\u0161kod\u0148ujete v pln\u00e9m rozsahu spole\u010dnost Digital Takeover, LTD proti jak\u00fdmkoli a\/nebo v\u0161em z\u00e1vazk\u016fm, n\u00e1klad\u016fm, n\u00e1rok\u016fm, d\u016fvod\u016fm, \u0161kod\u00e1m a v\u00fddaj\u016fm vznikl\u00fdm jak\u00fdmkoli zp\u016fsobem souvisej\u00edc\u00edm s va\u0161\u00edm poru\u0161en\u00edm n\u011bkter\u00e9ho ustanoven\u00ed t\u011bchto Podm\u00ednek.<\/p>\n<h2>Odd\u011blitelnost<\/h2>\n<p>Pokud jsou n\u011bkter\u00e1 ustanoven\u00ed t\u011bchto Podm\u00ednek pova\u017eov\u00e1na za neplatn\u00e1 podle platn\u00fdch pr\u00e1vn\u00edch p\u0159edpis\u016f, mus\u00ed b\u00fdt tato ustanoven\u00ed zru\u0161ena bez ovlivn\u011bn\u00ed zb\u00fdvaj\u00edc\u00edch ustanoven\u00ed.<\/p>\n<h2>Zm\u011bna podm\u00ednek<\/h2>\n<p>Spole\u010dnost Digital Takeover, LTD je opr\u00e1vn\u011bna tyto Podm\u00ednky kdykoli p\u0159ehodnotit podle sv\u00e9ho uv\u00e1\u017een\u00ed a pomoc\u00ed t\u00e9to webov\u00e9 str\u00e1nky se o\u010dek\u00e1v\u00e1, \u017ee tyto Podm\u00ednky budete pravideln\u011b kontrolovat.<\/p>\n<h2>\u00dakol<\/h2>\n<p>Spole\u010dnost Digital Takeover, LTD je opr\u00e1vn\u011bna zad\u00e1vat, p\u0159ev\u00e1d\u011bt a subdod\u00e1vat sv\u00e1 pr\u00e1va a\/nebo z\u00e1vazky vypl\u00fdvaj\u00edc\u00ed z t\u011bchto Podm\u00ednek bez jak\u00e9hokoli ozn\u00e1men\u00ed. Nesm\u00edte v\u0161ak p\u0159id\u011blovat, p\u0159ev\u00e1d\u011bt ani subdod\u00e1vat \u017e\u00e1dn\u00e9 z va\u0161ich pr\u00e1v a\/nebo z\u00e1vazk\u016f, na kter\u00e9 se vztahuj\u00ed tyto Podm\u00ednky.<\/p>\n<h2>Cel\u00fd souhlas<\/h2>\n<p>Tyto Podm\u00ednky p\u0159edstavuj\u00ed \u00faplnou dohodu mezi spole\u010dnost\u00ed Digital Takeover, LTD a v\u00e1mi ve vztahu k va\u0161emu pou\u017e\u00edv\u00e1n\u00ed t\u00e9to webov\u00e9 str\u00e1nky a nahrazuj\u00ed v\u0161echny p\u0159edchoz\u00ed dohody a domluvy.<\/p>\n<h2>Rozhodn\u00e9 pr\u00e1vo a soudn\u00ed pravomoc<\/h2>\n<p>Tyto Podm\u00ednky budou \u0159\u00edzeny a vykl\u00e1d\u00e1ny v souladu s platn\u00fdmi pr\u00e1vn\u00edmi p\u0159edpisy Malty a za \u00fa\u010delem vy\u0159e\u0161en\u00ed p\u0159\u00edpadn\u00fdch spor\u016f podl\u00e9h\u00e1te neexkluzivn\u00ed jurisdikci st\u00e1tn\u00edch a feder\u00e1ln\u00edch soud\u016f nach\u00e1zej\u00edc\u00edch se na Malt\u011b.<\/p>\n","protected":false},"excerpt":{"rendered":"<p>\u00davod Vyu\u017e\u00edv\u00e1n\u00ed na\u0161eho webu LoanStar, p\u0159\u00edstupn\u00e9ho na adrese http:\/\/loanstar.com, se bude \u0159\u00eddit t\u011bmito standardn\u00edmi smluvn\u00edmi Podm\u00ednkami, kter\u00e9 jsou uveden\u00e9 na&#8230;<\/p>\n","protected":false},"author":1,"featured_media":0,"parent":0,"menu_order":0,"comment_status":"closed","ping_status":"closed","template":"templates\/terms-of-use.php","meta":{"footnotes":""},"yoast_head":"<!-- This site is optimized with the Yoast SEO plugin v21.0 - https:\/\/yoast.com\/wordpress\/plugins\/seo\/ -->\n<title>Podm\u00ednky - LoanStar \u010cesk\u00e1 republika<\/title>\n<meta name=\"robots\" content=\"noindex, follow\" \/>\n<meta property=\"og:locale\" content=\"cs_CZ\" \/>\n<meta property=\"og:type\" content=\"article\" \/>\n<meta property=\"og:title\" content=\"Podm\u00ednky - LoanStar \u010cesk\u00e1 republika\" \/>\n<meta property=\"og:description\" content=\"\u00davod Vyu\u017e\u00edv\u00e1n\u00ed na\u0161eho webu LoanStar, p\u0159\u00edstupn\u00e9ho na adrese http:\/\/loanstar.com, se bude \u0159\u00eddit t\u011bmito standardn\u00edmi smluvn\u00edmi Podm\u00ednkami, kter\u00e9 jsou uveden\u00e9 na...\" \/>\n<meta property=\"og:url\" content=\"https:\/\/loanstar.com\/cz\/podminky\/\" \/>\n<meta property=\"og:site_name\" content=\"LoanStar \u010cesk\u00e1 republika\" \/>\n<meta property=\"article:modified_time\" content=\"2019-07-24T12:08:39+00:00\" \/>\n<meta name=\"twitter:card\" content=\"summary_large_image\" \/>\n<meta name=\"twitter:label1\" content=\"Odhadovan\u00e1 doba \u010dten\u00ed\" \/>\n\t<meta name=\"twitter:data1\" content=\"5 minut\" \/>\n<script type=\"application\/ld+json\" class=\"yoast-schema-graph\">{\"@context\":\"https:\/\/schema.org\",\"@graph\":[{\"@type\":\"WebPage\",\"@id\":\"https:\/\/loanstar.com\/cz\/podminky\/\",\"url\":\"https:\/\/loanstar.com\/cz\/podminky\/\",\"name\":\"Podm\u00ednky - LoanStar \u010cesk\u00e1 republika\",\"isPartOf\":{\"@id\":\"https:\/\/loanstar.com\/cz\/#website\"},\"datePublished\":\"2018-11-07T11:57:42+00:00\",\"dateModified\":\"2019-07-24T12:08:39+00:00\",\"breadcrumb\":{\"@id\":\"https:\/\/loanstar.com\/cz\/podminky\/#breadcrumb\"},\"inLanguage\":\"cs\",\"potentialAction\":[{\"@type\":\"ReadAction\",\"target\":[\"https:\/\/loanstar.com\/cz\/podminky\/\"]}]},{\"@type\":\"BreadcrumbList\",\"@id\":\"https:\/\/loanstar.com\/cz\/podminky\/#breadcrumb\",\"itemListElement\":[{\"@type\":\"ListItem\",\"position\":1,\"name\":\"\u010cesk\u00e1\",\"item\":\"https:\/\/loanstar.com\/cz\/\"},{\"@type\":\"ListItem\",\"position\":2,\"name\":\"Podm\u00ednky\"}]},{\"@type\":\"WebSite\",\"@id\":\"https:\/\/loanstar.com\/cz\/#website\",\"url\":\"https:\/\/loanstar.com\/cz\/\",\"name\":\"LoanStar \u010cesk\u00e1 republika\",\"description\":\"Porovnejte p\u016fj\u010dky\",\"potentialAction\":[{\"@type\":\"SearchAction\",\"target\":{\"@type\":\"EntryPoint\",\"urlTemplate\":\"https:\/\/loanstar.com\/cz\/?s={search_term_string}\"},\"query-input\":\"required name=search_term_string\"}],\"inLanguage\":\"cs\"}]}<\/script>\n<!-- \/ Yoast SEO plugin. -->","yoast_head_json":{"title":"Podm\u00ednky - LoanStar \u010cesk\u00e1 republika","robots":{"index":"noindex","follow":"follow"},"og_locale":"cs_CZ","og_type":"article","og_title":"Podm\u00ednky - LoanStar \u010cesk\u00e1 republika","og_description":"\u00davod Vyu\u017e\u00edv\u00e1n\u00ed na\u0161eho webu LoanStar, p\u0159\u00edstupn\u00e9ho na adrese http:\/\/loanstar.com, se bude \u0159\u00eddit t\u011bmito standardn\u00edmi smluvn\u00edmi Podm\u00ednkami, kter\u00e9 jsou uveden\u00e9 na...","og_url":"https:\/\/loanstar.com\/cz\/podminky\/","og_site_name":"LoanStar \u010cesk\u00e1 republika","article_modified_time":"2019-07-24T12:08:39+00:00","twitter_card":"summary_large_image","twitter_misc":{"Odhadovan\u00e1 doba \u010dten\u00ed":"5 minut"},"schema":{"@context":"https:\/\/schema.org","@graph":[{"@type":"WebPage","@id":"https:\/\/loanstar.com\/cz\/podminky\/","url":"https:\/\/loanstar.com\/cz\/podminky\/","name":"Podm\u00ednky - LoanStar \u010cesk\u00e1 republika","isPartOf":{"@id":"https:\/\/loanstar.com\/cz\/#website"},"datePublished":"2018-11-07T11:57:42+00:00","dateModified":"2019-07-24T12:08:39+00:00","breadcrumb":{"@id":"https:\/\/loanstar.com\/cz\/podminky\/#breadcrumb"},"inLanguage":"cs","potentialAction":[{"@type":"ReadAction","target":["https:\/\/loanstar.com\/cz\/podminky\/"]}]},{"@type":"BreadcrumbList","@id":"https:\/\/loanstar.com\/cz\/podminky\/#breadcrumb","itemListElement":[{"@type":"ListItem","position":1,"name":"\u010cesk\u00e1","item":"https:\/\/loanstar.com\/cz\/"},{"@type":"ListItem","position":2,"name":"Podm\u00ednky"}]},{"@type":"WebSite","@id":"https:\/\/loanstar.com\/cz\/#website","url":"https:\/\/loanstar.com\/cz\/","name":"LoanStar \u010cesk\u00e1 republika","description":"Porovnejte p\u016fj\u010dky","potentialAction":[{"@type":"SearchAction","target":{"@type":"EntryPoint","urlTemplate":"https:\/\/loanstar.com\/cz\/?s={search_term_string}"},"query-input":"required name=search_term_string"}],"inLanguage":"cs"}]}},"_links":{"self":[{"href":"https:\/\/loanstar.com\/cz\/wp-json\/wp\/v2\/pages\/181"}],"collection":[{"href":"https:\/\/loanstar.com\/cz\/wp-json\/wp\/v2\/pages"}],"about":[{"href":"https:\/\/loanstar.com\/cz\/wp-json\/wp\/v2\/types\/page"}],"author":[{"embeddable":true,"href":"https:\/\/loanstar.com\/cz\/wp-json\/wp\/v2\/users\/1"}],"replies":[{"embeddable":true,"href":"https:\/\/loanstar.com\/cz\/wp-json\/wp\/v2\/comments?post=181"}],"version-history":[{"count":2,"href":"https:\/\/loanstar.com\/cz\/wp-json\/wp\/v2\/pages\/181\/revisions"}],"predecessor-version":[{"id":295,"href":"https:\/\/loanstar.com\/cz\/wp-json\/wp\/v2\/pages\/181\/revisions\/295"}],"wp:attachment":[{"href":"https:\/\/loanstar.com\/cz\/wp-json\/wp\/v2\/media?parent=181"}],"curies":[{"name":"wp","href":"https:\/\/api.w.org\/{rel}","templated":true}]}}