{"id":179,"date":"2018-10-26T13:19:53","date_gmt":"2018-10-26T13:19:53","guid":{"rendered":"http:\/\/loanstar.com\/cz\/?page_id=179"},"modified":"2019-07-24T14:20:58","modified_gmt":"2019-07-24T12:20:58","slug":"cookies","status":"publish","type":"page","link":"https:\/\/loanstar.com\/cz\/cookies\/","title":{"rendered":"Cookies"},"content":{"rendered":"<p>Toto je Cookie sm\u011brnice pro LoanStar, p\u0159\u00edstupn\u00e9 z http:\/\/loanstar.com<\/p>\n<h2>Co jsou soubory cookie?<\/h2>\n<p>V souladu s b\u011b\u017enou prax\u00ed s t\u00e9m\u011b\u0159 v\u0161emi profesion\u00e1ln\u00edmi webov\u00fdmi str\u00e1nkami, tato str\u00e1nka vyu\u017e\u00edv\u00e1 soubory cookie, co\u017e jsou drobn\u00e9 soubory, kter\u00e9 jsou sta\u017eeny do va\u0161eho po\u010d\u00edta\u010de za \u00fa\u010delem, aby zlep\u0161ily str\u00e1nky a usnadnily jejich pou\u017e\u00edv\u00e1n\u00ed. Tato str\u00e1nka popisuje, kter\u00e9 informace shroma\u017e\u010fuj\u00ed, jak je pou\u017e\u00edv\u00e1me a pro\u010d n\u011bkdy pot\u0159ebujeme ukl\u00e1dat soubory cookie. Pod\u011bl\u00edme se s v\u00e1mi o to, jak m\u016f\u017eete soubor\u016fm cookie zabr\u00e1nit v jejich ukl\u00e1d\u00e1n\u00ed, nicm\u00e9n\u011b t\u00edmto m\u016f\u017ee doj\u00edt ke zhor\u0161en\u00ed nebo p\u0159eru\u0161en\u00ed ur\u010dit\u00fdch prvk\u016f zaji\u0161\u0165uj\u00edc\u00edch funkcionalitu webu.<\/p>\n<p>Dal\u0161\u00ed informace o souborech cookie naleznete v \u010dl\u00e1nku <a href=\"https:\/\/en.wikipedia.org\/wiki\/HTTP_cookie\">Wikipedia o cookies HTTP<\/a>.<\/p>\n<h2>Jak pou\u017e\u00edv\u00e1me soubory cookie<\/h2>\n<p>Cookies pou\u017e\u00edv\u00e1me z r\u016fzn\u00fdch d\u016fvod\u016f uveden\u00fdch n\u00ed\u017ee. Bohu\u017eel ve v\u011bt\u0161in\u011b p\u0159\u00edpad\u016f neexistuj\u00ed standardn\u00ed mo\u017enosti pro zak\u00e1z\u00e1n\u00ed soubor\u016f cookie tak, ani\u017e by byla naru\u0161ena funkcionalita a prvky p\u0159id\u00e1van\u00e9 soubory cookie na tyto str\u00e1nky. V p\u0159\u00edpad\u011b, \u017ee si nejste jisti, zda soubory cookie pot\u0159ebujete, se doporu\u010duje ponechat je v\u0161echny, pokud jsou pou\u017e\u00edv\u00e1ny k poskytov\u00e1n\u00ed slu\u017eby, kterou vyu\u017e\u00edv\u00e1te.<\/p>\n<h2>Zak\u00e1z\u00e1n\u00ed soubor\u016f cookie<\/h2>\n<p>Nastaven\u00ed cookie m\u016f\u017eete upravit nastaven\u00edm ve va\u0161em prohl\u00ed\u017ee\u010di (viz. odkazy na n\u00e1vody n\u00ed\u017ee). Uv\u011bdomte si, \u017ee zak\u00e1z\u00e1n\u00ed soubor\u016f cookie ovlivn\u00ed funk\u010dnost t\u00e9to a mnoha dal\u0161\u00edch webov\u00fdch str\u00e1nek, kter\u00e9 nav\u0161t\u00edv\u00edte. Zak\u00e1z\u00e1n\u00ed soubor\u016f cookie obvykle zp\u016fsob\u00ed tak\u00e9 zak\u00e1z\u00e1n\u00ed ur\u010dit\u00fdch funkc\u00ed a ovlivn\u00ed funkcionalitu t\u00e9to str\u00e1nky. Proto se doporu\u010duje nezakazovat soubory cookie.<\/p>\n<h3>Zak\u00e1zat soubory cookie v prohl\u00ed\u017ee\u010di<\/h3>\n<p>Chcete-li deaktivovat cookie v prohl\u00ed\u017ee\u010di, m\u016f\u017eete to ud\u011blat v \u010d\u00e1sti Mo\u017enosti nebo P\u0159edvolby. Podrobn\u011bj\u0161\u00ed informace o konfiguraci naleznete na n\u00ed\u017ee uveden\u00fdch odkazech:<\/p>\n<p><a href=\"https:\/\/support.google.com\/chrome\/answer\/95647?hl=en\">Google Chrome<\/a><\/p>\n<p><a href=\"https:\/\/support.microsoft.com\/en-us\/help\/17442\/windows-internet-explorer-delete-manage-cookies\">Internet Explorer<\/a><\/p>\n<p><a href=\"https:\/\/support.mozilla.org\/en-US\/kb\/cookies-information-websites-store-on-your-computer\">Firefox<\/a><\/p>\n<h2>Cookie, kter\u00e9 jsme nastavili<\/h2>\n<p>Za \u00fa\u010delem lep\u0161\u00edho pou\u017e\u00edv\u00e1n\u00ed webov\u00fdch str\u00e1nek, poskytujeme mo\u017enost nastaven\u00ed preferenc\u00ed soubor\u016f cookie pro zp\u016fsob, jak\u00fdm tyto str\u00e1nky b\u011b\u017e\u00ed, kdy\u017e je pou\u017e\u00edv\u00e1te.<br \/>\nSoubory cookie s p\u0159edvolbou maj\u00ed za c\u00edl poskytnout skv\u011bl\u00e9 nastaven\u00ed a vyu\u017e\u00edv\u00e1n\u00ed t\u011bchto str\u00e1nek. P\u0159edvolbou poskytujeme funkce pro nastaven\u00ed va\u0161ich preferenc\u00ed pro zp\u016fsob, jak\u00fdm tyto str\u00e1nky b\u011b\u017e\u00ed, kdy\u017e je pou\u017e\u00edv\u00e1te. Chcete-li, aby va\u0161e preference z\u016fstaly zapamatov\u00e1ny, mus\u00edme nastavit soubory cookie tak, aby tyto informace mohly b\u00fdt vyvol\u00e1ny v\u017edy, kdy\u017e pracujete se str\u00e1nkou, kter\u00e1 je ovlivn\u011bna pr\u00e1v\u011b t\u011bmito preferencemi.<\/p>\n<h2>Soubory cookie t\u0159et\u00edch stran<\/h2>\n<p>V n\u011bkter\u00fdch zvl\u00e1\u0161tn\u00edch p\u0159\u00edpadech tak\u00e9 pou\u017e\u00edv\u00e1me soubory cookie poskytovan\u00e9 d\u016fv\u011bryhodn\u00fdmi t\u0159et\u00edmi stranami. N\u00e1sleduj\u00edc\u00ed \u010d\u00e1st podrobn\u011b popisuje, se kter\u00fdmi soubory cookie t\u0159et\u00edch stran se m\u016f\u017eete na tomto webu setkat.<\/p>\n<h6>Google Analytics<\/h6>\n<p>Tato str\u00e1nka vyu\u017e\u00edv\u00e1 slu\u017ebu Google Analytics, kter\u00e1 je jedn\u00edm z nejroz\u0161\u00ed\u0159en\u011bj\u0161\u00edch a nejd\u016fv\u011bryhodn\u011bj\u0161\u00edch \u0159e\u0161en\u00ed pro anal\u00fdzu webu, kter\u00e1 n\u00e1m pom\u00e1h\u00e1 pochopit, jak pou\u017e\u00edv\u00e1te str\u00e1nky, a ukazuje mo\u017enosti, jak zlep\u0161it jejich pou\u017e\u00edv\u00e1n\u00ed. Tyto soubory cookie mohou sledovat v\u011bci, jako nap\u0159\u00edklad dobu str\u00e1venou na webu a nav\u0161t\u00edven\u00fdch str\u00e1nk\u00e1ch, abychom mohli i nad\u00e1le vytv\u00e1\u0159et zaj\u00edmav\u00fd obsah. Dal\u0161\u00ed informace o souborech cookie Google Analytics naleznete na ofici\u00e1ln\u00ed str\u00e1nce Google Analytics.<\/p>\n<p>\u010cas od \u010dasu testujeme nov\u00e9 funkce a prov\u00e1d\u00edme jemn\u00e9 zm\u011bny zp\u016fsobu, jak\u00fdm je web dod\u00e1v\u00e1n. Kdy\u017e st\u00e1le testujeme nov\u00e9 funkce, tyto soubory cookie mohou b\u00fdt pou\u017eity k zaji\u0161t\u011bn\u00ed toho, abyste z\u00edskali konzistentn\u00ed zku\u0161enosti na webu, p\u0159i\u010dem\u017e zajist\u00edte, abychom pochopili, kter\u00e9 optimalizace u\u017eivatel\u00e9 ocen\u00ed nejv\u00edce.<\/p>\n<p>Dal\u0161\u00ed informace o z\u00e1sad\u00e1ch ochrany osobn\u00edch \u00fadaj\u016f spole\u010dnosti Google naleznete v z\u00e1sad\u00e1ch ochrany soukrom\u00ed <a href=\"https:\/\/policies.google.com\/privacy\">spole\u010dnosti Google<\/a>.<\/p>\n<p>Chcete-li zabr\u00e1nit m\u011b\u0159en\u00ed dat pomoc\u00ed slu\u017eby Google Universal Analytics, m\u016f\u017eete tuto slu\u017ebu Google Universal Analytics deaktivovat pomoc\u00ed tohoto <a href=\"https:\/\/tools.google.com\/dlpage\/gaoptout?hl=en\">roz\u0161\u00ed\u0159en\u00ed prohl\u00ed\u017ee\u010de<\/a>. Chcete-li zabr\u00e1nit sledov\u00e1n\u00ed Universal Analytics v r\u016fzn\u00fdch za\u0159\u00edzen\u00edch, mus\u00edte se odhl\u00e1sit ze v\u0161ech syst\u00e9m\u016f, kter\u00e9 pou\u017e\u00edv\u00e1te.<\/p>\n<p>P\u0159\u00edpadn\u011b m\u016f\u017eete prov\u00e9st p\u0159\u00edslu\u0161nou konfiguraci nastaven\u00ed cookie ve va\u0161em prohl\u00ed\u017ee\u010di (viz. \u010d\u00e1st n\u00ed\u017ee).<\/p>\n<p>Na t\u011bchto str\u00e1nk\u00e1ch tak\u00e9 pou\u017e\u00edv\u00e1me tla\u010d\u00edtka a\/nebo pluginy soci\u00e1ln\u00edch m\u00e9di\u00ed, kter\u00e9 v\u00e1m umo\u017e\u0148uj\u00ed spojit se s va\u0161\u00ed soci\u00e1ln\u00ed s\u00edt\u00ed r\u016fzn\u00fdmi zp\u016fsoby. Pro pr\u00e1ci na n\u00e1sleduj\u00edc\u00edch str\u00e1nk\u00e1ch soci\u00e1ln\u00edch m\u00e9di\u00ed (v\u010detn\u011b Facebooku) nastav\u00ed soubory cookie prost\u0159ednictv\u00edm na\u0161ich str\u00e1nek, kter\u00e9 mohou b\u00fdt pou\u017eity k pos\u00edlen\u00ed va\u0161eho profilu na str\u00e1nk\u00e1ch nebo k p\u0159isp\u00edv\u00e1n\u00ed k \u00fadaj\u016fm, kter\u00e9 uchov\u00e1vaj\u00ed pro r\u016fzn\u00e9 \u00fa\u010dely uveden\u00e9 v jejich p\u0159\u00edslu\u0161n\u00fdch z\u00e1sad\u00e1ch ochrany osobn\u00edch \u00fadaj\u016f.<\/p>\n<p><a href=\"https:\/\/www.facebook.com\/policies\/cookies\/\">Cookie z\u00e1sady pro Facebook<\/a><\/p>\n<h6>Google reCAPTCHA<\/h6>\n<p>K ochran\u011b zpr\u00e1v odes\u00edlan\u00fdch prost\u0159ednictv\u00edm kontaktn\u00edho formul\u00e1\u0159e pou\u017e\u00edv\u00e1me slu\u017ebu reCAPTCHA od spole\u010dnosti Google Inc. (Google). Dotaz je pou\u017e\u00edv\u00e1n k odli\u0161en\u00ed, zda je vstup zad\u00e1n \u010dlov\u011bkem nebo zneu\u017e\u00edv\u00e1n automatizovan\u00fdm mechanick\u00fdm zpracov\u00e1n\u00edm. Dotaz zahrnuje odes\u00edl\u00e1n\u00ed adresy IP a v\u0161ech dal\u0161\u00edch \u00fadaj\u016f po\u017eadovan\u00fdch spole\u010dnost\u00ed Google pro slu\u017ebu reCAPTCHA spole\u010dnosti Google.<br \/>\nZa t\u00edmto \u00fa\u010delem bude v\u00e1\u0161 vstup p\u0159ed\u00e1n spole\u010dnosti Google a pou\u017eit tam. Pou\u017e\u00edv\u00e1n\u00edm slu\u017eby reCaptcha souhlas\u00edte s t\u00edm, \u017ee poskytnut\u00e9 informace budou pou\u017eity k digitalizaci star\u00fdch d\u011bl.<br \/>\nJm\u00e9nem slu\u017eby Digital Takeover Ltd. spole\u010dnost Google pou\u017eije tyto informace k vyhodnocen\u00ed va\u0161eho vyu\u017e\u00edv\u00e1n\u00ed t\u00e9to slu\u017eby.<\/p>\n<p>Adresa IP zaslan\u00e1 va\u0161\u00edm prohl\u00ed\u017ee\u010dem jako sou\u010d\u00e1st slu\u017eby reCaptcha nebude slou\u010dena s jin\u00fdmi \u00fadaji poskytovan\u00fdmi spole\u010dnost\u00ed Google. Tato data jsou p\u0159edm\u011btem z\u00e1sad ochrany osobn\u00edch \u00fadaj\u016f spole\u010dnosti Google. Dal\u0161\u00ed informace o z\u00e1sad\u00e1ch ochrany osobn\u00edch \u00fadaj\u016f spole\u010dnosti Google naleznete na adrese <a href=\"https:\/\/policies.google.com\/privacy?hl=cs.\">https:\/\/policies.google.com\/privacy?hl=cs.<\/a><\/p>\n<h6>Affiliate Tracking Cookies<\/h6>\n<p>Spole\u010dnost Digital Takeover Ltd., provozovatel internetov\u00fdch str\u00e1nek Loanstar.com, integrovala p\u0159idru\u017een\u00e9 odkazy z r\u016fzn\u00fdch affiliate s\u00edt\u00ed a jin\u00fdch inzerent\u016f t\u0159et\u00edch stran.<\/p>\n<p>LoanStar.com p\u0159eb\u00edr\u00e1 roli vydavatele publikov\u00e1n\u00edm obsahu. R\u016fzn\u00ed poskytovatel\u00e9 p\u0159eb\u00edraj\u00ed \u00falohu inzerent\u016f. Pou\u017e\u00edv\u00e1n\u00edm obsahu a porovn\u00e1vac\u00ed slu\u017eby na webu LoanStar.com z\u00edsk\u00e1te p\u0159\u00edstup k webu inzerenta prost\u0159ednictv\u00edm partnersk\u00e9ho odkazu, kde si m\u016f\u017eete objednat finan\u010dn\u00ed produkt nebo po\u017e\u00e1dat o p\u016fj\u010dku. V p\u0159\u00edpad\u011b \u00fasp\u011b\u0161n\u00e9ho prodeje obdr\u017e\u00edme provizi, kter\u00e1 n\u00e1m umo\u017en\u00ed zve\u0159ejnit dal\u0161\u00ed voln\u011b dostupn\u00fd obsah a vylep\u0161it na\u0161e srovn\u00e1vac\u00ed syst\u00e9my.<\/p>\n<p>Jakmile se dostanete k poskytovateli jako u\u017eivatel p\u0159es n\u00e1\u0161 partnersk\u00fd odkaz, soubor cookie bude ulo\u017een do va\u0161eho prohl\u00ed\u017ee\u010de. \u00da\u010delem ukl\u00e1d\u00e1n\u00ed cookies je zpracov\u00e1n\u00ed plateb proviz\u00ed mezi obchodn\u00edky a vydavateli, jimi\u017e je tvo\u0159ena affiliate s\u00ed\u0165.<\/p>\n<p>Ulo\u017een\u00e9 soubory cookie affiliate neobsahuj\u00ed \u017e\u00e1dn\u00e9 osobn\u00ed \u00fadaje. Zobraz\u00ed se pouze identifika\u010dn\u00ed \u010d\u00edslo vydavatele (LoanStar.com), stejn\u011b jako po\u0159adov\u00e9 \u010d\u00edslo n\u00e1v\u0161t\u011bvn\u00edka webov\u00e9 str\u00e1nky, \u010das a index partnersk\u00e9ho odkazu. V\u0161echny affiliate cookie budou zpracov\u00e1ny a odstran\u011bny po maxim\u00e1ln\u011b 90 dnech.<\/p>\n<p>Jak ji\u017e bylo uvedeno v\u00fd\u0161e, m\u016f\u017eete v nastaven\u00ed prohl\u00ed\u017ee\u010de zak\u00e1zat ukl\u00e1d\u00e1n\u00ed soubor\u016f cookie. M\u00e1te tak\u00e9 mo\u017enost kdykoli smazat soubory cookie.<\/p>\n<h2>Pr\u00e1vo na informace a n\u00e1mitky<\/h2>\n<p>Douf\u00e1me, \u017ee jsou informace ohledn\u011b soubor\u016f cookie jasn\u00e9. Jak bylo ji\u017e d\u0159\u00edve zm\u00edn\u011bno, pokud si nejste jisti, zda soubory cookie pot\u0159ebujete, je obvykle bezpe\u010dn\u011bj\u0161\u00ed ponechat je povolen\u00e9 pro p\u0159\u00edpad, \u017ee ovliv\u0148uje jednu z funkc\u00ed, kterou pou\u017e\u00edv\u00e1te na na\u0161ich str\u00e1nk\u00e1ch .<\/p>\n<p>M\u00e1te v\u017edy pr\u00e1vo informovat se o sv\u00fdch osobn\u00edch \u00fadaj\u00edch ulo\u017een\u00fdch spole\u010dnost\u00ed Digital Takeover Ltd. (majitel a provozovatel slu\u017eby LoanStar.com). M\u00e1te tak\u00e9 mo\u017enost kdykoli odvolat v\u00e1\u0161 souhlas a vy\u017e\u00e1dat si vymaz\u00e1n\u00ed ji\u017e zpracovan\u00fdch osobn\u00edch \u00fadaj\u016f.<\/p>\n<p>Pokud v\u0161ak st\u00e1le hled\u00e1te dal\u0161\u00ed informace, m\u016f\u017eete n\u00e1s kontaktovat prost\u0159ednictv\u00edm jedn\u00edm z n\u00e1mi preferovan\u00fdch kontaktn\u00edch zp\u016fsob\u016f:<\/p>\n<ul>\n<li><strong>E-mailem:<\/strong> hi@digitaltakeover.org<\/li>\n<li><strong>Po\u0161tou:<\/strong> Digital Takeover Ltd., The Plaza Commercial Centre, Level 8, Suite 5, Bisazza Street, SLM1640 Sliema, MALTA<\/li>\n<\/ul>\n<p>Na po\u017e\u00e1d\u00e1n\u00ed v\u00e1m bude p\u00edsemn\u011b ozn\u00e1meno, zda a jak\u00e9 osobn\u00ed \u00fadaje o v\u00e1s spole\u010dnost Digital Takeover Ltd. ulo\u017eila. Kdykoli m\u016f\u017eete p\u00edsemn\u011b bez uveden\u00ed d\u016fvod\u016f zak\u00e1zat zpracov\u00e1n\u00ed va\u0161ich \u00fadaj\u016f.<\/p>\n","protected":false},"excerpt":{"rendered":"<p>Toto je Cookie sm\u011brnice pro LoanStar, p\u0159\u00edstupn\u00e9 z http:\/\/loanstar.com Co jsou soubory cookie? V souladu s b\u011b\u017enou prax\u00ed s t\u00e9m\u011b\u0159&#8230;<\/p>\n","protected":false},"author":1,"featured_media":0,"parent":0,"menu_order":0,"comment_status":"closed","ping_status":"closed","template":"templates\/terms-of-use.php","meta":{"footnotes":""},"yoast_head":"<!-- This site is optimized with the Yoast SEO plugin v21.0 - https:\/\/yoast.com\/wordpress\/plugins\/seo\/ -->\n<title>Cookies - LoanStar \u010cesk\u00e1 republika<\/title>\n<meta name=\"robots\" content=\"noindex, follow\" \/>\n<meta property=\"og:locale\" content=\"cs_CZ\" \/>\n<meta property=\"og:type\" content=\"article\" \/>\n<meta property=\"og:title\" content=\"Cookies - LoanStar \u010cesk\u00e1 republika\" \/>\n<meta property=\"og:description\" content=\"Toto je Cookie sm\u011brnice pro LoanStar, p\u0159\u00edstupn\u00e9 z http:\/\/loanstar.com Co jsou soubory cookie? V souladu s b\u011b\u017enou prax\u00ed s t\u00e9m\u011b\u0159...\" \/>\n<meta property=\"og:url\" content=\"https:\/\/loanstar.com\/cz\/cookies\/\" \/>\n<meta property=\"og:site_name\" content=\"LoanStar \u010cesk\u00e1 republika\" \/>\n<meta property=\"article:modified_time\" content=\"2019-07-24T12:20:58+00:00\" \/>\n<meta name=\"twitter:card\" content=\"summary_large_image\" \/>\n<meta name=\"twitter:label1\" content=\"Odhadovan\u00e1 doba \u010dten\u00ed\" \/>\n\t<meta name=\"twitter:data1\" content=\"8 minut\" \/>\n<script type=\"application\/ld+json\" class=\"yoast-schema-graph\">{\"@context\":\"https:\/\/schema.org\",\"@graph\":[{\"@type\":\"WebPage\",\"@id\":\"https:\/\/loanstar.com\/cz\/cookies\/\",\"url\":\"https:\/\/loanstar.com\/cz\/cookies\/\",\"name\":\"Cookies - LoanStar \u010cesk\u00e1 republika\",\"isPartOf\":{\"@id\":\"https:\/\/loanstar.com\/cz\/#website\"},\"datePublished\":\"2018-10-26T13:19:53+00:00\",\"dateModified\":\"2019-07-24T12:20:58+00:00\",\"breadcrumb\":{\"@id\":\"https:\/\/loanstar.com\/cz\/cookies\/#breadcrumb\"},\"inLanguage\":\"cs\",\"potentialAction\":[{\"@type\":\"ReadAction\",\"target\":[\"https:\/\/loanstar.com\/cz\/cookies\/\"]}]},{\"@type\":\"BreadcrumbList\",\"@id\":\"https:\/\/loanstar.com\/cz\/cookies\/#breadcrumb\",\"itemListElement\":[{\"@type\":\"ListItem\",\"position\":1,\"name\":\"\u010cesk\u00e1\",\"item\":\"https:\/\/loanstar.com\/cz\/\"},{\"@type\":\"ListItem\",\"position\":2,\"name\":\"Cookies\"}]},{\"@type\":\"WebSite\",\"@id\":\"https:\/\/loanstar.com\/cz\/#website\",\"url\":\"https:\/\/loanstar.com\/cz\/\",\"name\":\"LoanStar \u010cesk\u00e1 republika\",\"description\":\"Porovnejte p\u016fj\u010dky\",\"potentialAction\":[{\"@type\":\"SearchAction\",\"target\":{\"@type\":\"EntryPoint\",\"urlTemplate\":\"https:\/\/loanstar.com\/cz\/?s={search_term_string}\"},\"query-input\":\"required name=search_term_string\"}],\"inLanguage\":\"cs\"}]}<\/script>\n<!-- \/ Yoast SEO plugin. -->","yoast_head_json":{"title":"Cookies - LoanStar \u010cesk\u00e1 republika","robots":{"index":"noindex","follow":"follow"},"og_locale":"cs_CZ","og_type":"article","og_title":"Cookies - LoanStar \u010cesk\u00e1 republika","og_description":"Toto je Cookie sm\u011brnice pro LoanStar, p\u0159\u00edstupn\u00e9 z http:\/\/loanstar.com Co jsou soubory cookie? V souladu s b\u011b\u017enou prax\u00ed s t\u00e9m\u011b\u0159...","og_url":"https:\/\/loanstar.com\/cz\/cookies\/","og_site_name":"LoanStar \u010cesk\u00e1 republika","article_modified_time":"2019-07-24T12:20:58+00:00","twitter_card":"summary_large_image","twitter_misc":{"Odhadovan\u00e1 doba \u010dten\u00ed":"8 minut"},"schema":{"@context":"https:\/\/schema.org","@graph":[{"@type":"WebPage","@id":"https:\/\/loanstar.com\/cz\/cookies\/","url":"https:\/\/loanstar.com\/cz\/cookies\/","name":"Cookies - LoanStar \u010cesk\u00e1 republika","isPartOf":{"@id":"https:\/\/loanstar.com\/cz\/#website"},"datePublished":"2018-10-26T13:19:53+00:00","dateModified":"2019-07-24T12:20:58+00:00","breadcrumb":{"@id":"https:\/\/loanstar.com\/cz\/cookies\/#breadcrumb"},"inLanguage":"cs","potentialAction":[{"@type":"ReadAction","target":["https:\/\/loanstar.com\/cz\/cookies\/"]}]},{"@type":"BreadcrumbList","@id":"https:\/\/loanstar.com\/cz\/cookies\/#breadcrumb","itemListElement":[{"@type":"ListItem","position":1,"name":"\u010cesk\u00e1","item":"https:\/\/loanstar.com\/cz\/"},{"@type":"ListItem","position":2,"name":"Cookies"}]},{"@type":"WebSite","@id":"https:\/\/loanstar.com\/cz\/#website","url":"https:\/\/loanstar.com\/cz\/","name":"LoanStar \u010cesk\u00e1 republika","description":"Porovnejte p\u016fj\u010dky","potentialAction":[{"@type":"SearchAction","target":{"@type":"EntryPoint","urlTemplate":"https:\/\/loanstar.com\/cz\/?s={search_term_string}"},"query-input":"required name=search_term_string"}],"inLanguage":"cs"}]}},"_links":{"self":[{"href":"https:\/\/loanstar.com\/cz\/wp-json\/wp\/v2\/pages\/179"}],"collection":[{"href":"https:\/\/loanstar.com\/cz\/wp-json\/wp\/v2\/pages"}],"about":[{"href":"https:\/\/loanstar.com\/cz\/wp-json\/wp\/v2\/types\/page"}],"author":[{"embeddable":true,"href":"https:\/\/loanstar.com\/cz\/wp-json\/wp\/v2\/users\/1"}],"replies":[{"embeddable":true,"href":"https:\/\/loanstar.com\/cz\/wp-json\/wp\/v2\/comments?post=179"}],"version-history":[{"count":1,"href":"https:\/\/loanstar.com\/cz\/wp-json\/wp\/v2\/pages\/179\/revisions"}],"predecessor-version":[{"id":297,"href":"https:\/\/loanstar.com\/cz\/wp-json\/wp\/v2\/pages\/179\/revisions\/297"}],"wp:attachment":[{"href":"https:\/\/loanstar.com\/cz\/wp-json\/wp\/v2\/media?parent=179"}],"curies":[{"name":"wp","href":"https:\/\/api.w.org\/{rel}","templated":true}]}}