{"id":11,"date":"2018-10-01T18:13:47","date_gmt":"2018-10-01T18:13:47","guid":{"rendered":"http:\/\/loanstar.com\/cz\/?page_id=11"},"modified":"2019-06-11T23:44:09","modified_gmt":"2019-06-11T21:44:09","slug":"o-nas","status":"publish","type":"page","link":"https:\/\/loanstar.com\/cz\/o-nas\/","title":{"rendered":"O LoanStar"},"content":{"rendered":"<p>Nab\u00edz\u00edme v\u00e1m \u0159e\u0161en\u00ed \u0161it\u00e1 na m\u00edru a pom\u00e1h\u00e1me nal\u00e9zt nejlep\u0161\u00ed nab\u00eddky finan\u010dn\u00edch p\u016fj\u010dek a \u00fav\u011br\u016f. \u010ct\u011bte d\u00e1l a dozv\u00edte se, jak\u00fdm zp\u016fsobem pracujeme.<\/p>\n<h2>O LoanStar.com<\/h2>\n<p>Na webov\u00fdch str\u00e1nk\u00e1ch LoanStar.com m\u016f\u017eete srovnat recenze v\u0161ech finan\u010dn\u00edch p\u016fj\u010dek na jednom m\u00edst\u011b. A\u0165 u\u017e hled\u00e1te nejlep\u0161\u00ed autop\u016fj\u010dky, p\u016fj\u010dky pro podnikatele, rychl\u00e9 nebo spot\u0159ebitelsk\u00e9 p\u016fj\u010dky, u n\u00e1s najdete odpov\u011bdi na va\u0161e ot\u00e1zky.<\/p>\n<p>Na\u0161e recenze zahrnuj\u00ed v\u0161echny typy spole\u010dnost\u00ed od t\u011bch nejmen\u0161\u00edch a\u017e po velk\u00e9 nadn\u00e1rodn\u00ed poskytovatele p\u016fj\u010dek. Jejich srovn\u00e1n\u00ed v re\u00e1ln\u00e9m \u010dase jsou dostupn\u00e1 na jedno kliknut\u00ed tla\u010d\u00edtka. Sta\u010d\u00ed jen n\u011bkolik okam\u017eik\u016f a m\u00e1te p\u0159ed o\u010dima celou \u0159adu p\u016fj\u010dek a \u00fav\u011br\u016f, ze kter\u00fdch m\u016f\u017eete vyb\u00edrat.<\/p>\n<h2>LoanStar.com je speci\u00e1ln\u00ed<\/h2>\n<p>Ve spole\u010dnosti LoanStar.com klademe z\u00e1jmy a pot\u0159eby na\u0161ich klient\u016f, jako jste vy, na prvn\u00ed m\u00edsto. Chceme, aby ka\u017ed\u00fd z v\u00e1s nalezl nejlep\u0161\u00ed mo\u017en\u00e9 nab\u00eddky finan\u010dn\u00edch produkt\u016f, p\u016fj\u010dek a \u00fav\u011br\u016f. P\u0159ejeme si p\u0159ed\u010dit va\u0161e o\u010dek\u00e1v\u00e1n\u00ed, a proto v\u00e1m nab\u00edz\u00edme:<br \/>\n\t<div class=\"list-ticks-secondary\">\r\n\t\t<ul>\n<li><strong>Rychlost.<\/strong> S n\u00e1mi budete vyb\u00edrat z kvalitn\u00edch p\u016fj\u010dek a \u00fav\u011br\u016f za p\u00e1r vte\u0159in. A nav\u00edc m\u016f\u017eete vyu\u017e\u00edt na\u0161e chytr\u00e9 vyhled\u00e1vac\u00ed filtry a zobrazit si jen takov\u00e9 nab\u00eddky, kter\u00e9 vyhov\u00ed va\u0161im specifick\u00fdm pot\u0159eb\u00e1m.<\/li>\n<li><strong>P\u0159ehledn\u00e9 recenze:<\/strong> U\u017e nemus\u00edte proch\u00e1zet hromady informac\u00ed, abyste na\u0161li, co pot\u0159ebujete. Na\u0161e texty jsou uspo\u0159\u00e1dan\u00e9 takov\u00fdm zp\u016fsobem, abyste se v nich mohli rychle zorientovat, vyt\u011b\u017eit pot\u0159ebn\u00e9 znalosti a ud\u011blat informovan\u00e9 rozhodnut\u00ed.<\/li>\n<li><strong>Nez\u00e1visl\u00e1 a detailn\u00ed srovn\u00e1n\u00ed:<\/strong> Na rozd\u00edl od v\u011bt\u0161iny na\u0161ich konkurent\u016f hodnot\u00edme a srovn\u00e1v\u00e1me jednotliv\u00e9 produkty na z\u00e1klad\u011b nez\u00e1visl\u00fdch u\u017eivatelsk\u00fdch recenz\u00ed. Mo\u017en\u00e9 kompenzace a na\u0161e dohody s firmami nijak neovliv\u0148uj\u00ed v\u00fdsledn\u00e1 doporu\u010den\u00ed pro na\u0161e \u010dten\u00e1\u0159e.<\/li>\n<li><strong>Komplexn\u00ed slu\u017eba:<\/strong> Jsme v\u00edc ne\u017e jen webov\u00fd srovn\u00e1va\u010d p\u016fj\u010dek. Na\u0161\u00edm c\u00edlem je tak\u00e9 sezn\u00e1mit v\u00e1s se v\u0161emi z\u00e1ludnostmi finan\u010dn\u00edch produkt\u016f a rozv\u00edjet tak va\u0161i finan\u010dn\u00ed gramotnost, abyste mohli s d\u016fv\u011brou pokro\u010dit kup\u0159edu sv\u011btem osobn\u00edch financ\u00ed.<\/li>\n<\/ul>\n\t<\/div><!-- \/.list-ticks -->\r\n\t\nPokud u\u017e del\u0161\u00ed dobu hled\u00e1te vhodnou p\u016fj\u010dku, ale zat\u00edm jste nem\u011bli \u0161t\u011bst\u00ed, pr\u00e1v\u011b jste se ocitli na spr\u00e1vn\u00e9m m\u00edst\u011b.<\/p>\n<p>T\u011b\u0161\u00edme se, \u017ee v\u00e1m poskytneme \u0159e\u0161en\u00ed \u0161it\u00e1 na m\u00edru a douf\u00e1me, \u017ee se k n\u00e1m budete v p\u0159\u00ed\u0161t\u00edch letech r\u00e1di a \u010dasto vracet.<\/p>\n","protected":false},"excerpt":{"rendered":"<p>Nab\u00edz\u00edme v\u00e1m \u0159e\u0161en\u00ed \u0161it\u00e1 na m\u00edru a pom\u00e1h\u00e1me nal\u00e9zt nejlep\u0161\u00ed nab\u00eddky finan\u010dn\u00edch p\u016fj\u010dek a \u00fav\u011br\u016f. \u010ct\u011bte d\u00e1l a dozv\u00edte se,&#8230;<\/p>\n","protected":false},"author":1,"featured_media":0,"parent":0,"menu_order":0,"comment_status":"closed","ping_status":"closed","template":"templates\/about-us.php","meta":{"footnotes":""},"yoast_head":"<!-- This site is optimized with the Yoast SEO plugin v21.0 - https:\/\/yoast.com\/wordpress\/plugins\/seo\/ -->\n<title>O LoanStar - LoanStar \u010cesk\u00e1 republika<\/title>\n<meta name=\"robots\" content=\"noindex, follow\" \/>\n<meta property=\"og:locale\" content=\"cs_CZ\" \/>\n<meta property=\"og:type\" content=\"article\" \/>\n<meta property=\"og:title\" content=\"O LoanStar - LoanStar \u010cesk\u00e1 republika\" \/>\n<meta property=\"og:description\" content=\"Nab\u00edz\u00edme v\u00e1m \u0159e\u0161en\u00ed \u0161it\u00e1 na m\u00edru a pom\u00e1h\u00e1me nal\u00e9zt nejlep\u0161\u00ed nab\u00eddky finan\u010dn\u00edch p\u016fj\u010dek a \u00fav\u011br\u016f. \u010ct\u011bte d\u00e1l a dozv\u00edte se,...\" \/>\n<meta property=\"og:url\" content=\"https:\/\/loanstar.com\/cz\/o-nas\/\" \/>\n<meta property=\"og:site_name\" content=\"LoanStar \u010cesk\u00e1 republika\" \/>\n<meta property=\"article:modified_time\" content=\"2019-06-11T21:44:09+00:00\" \/>\n<meta name=\"twitter:card\" content=\"summary_large_image\" \/>\n<meta name=\"twitter:label1\" content=\"Odhadovan\u00e1 doba \u010dten\u00ed\" \/>\n\t<meta name=\"twitter:data1\" content=\"3 minuty\" \/>\n<script type=\"application\/ld+json\" class=\"yoast-schema-graph\">{\"@context\":\"https:\/\/schema.org\",\"@graph\":[{\"@type\":\"WebPage\",\"@id\":\"https:\/\/loanstar.com\/cz\/o-nas\/\",\"url\":\"https:\/\/loanstar.com\/cz\/o-nas\/\",\"name\":\"O LoanStar - LoanStar \u010cesk\u00e1 republika\",\"isPartOf\":{\"@id\":\"https:\/\/loanstar.com\/cz\/#website\"},\"datePublished\":\"2018-10-01T18:13:47+00:00\",\"dateModified\":\"2019-06-11T21:44:09+00:00\",\"breadcrumb\":{\"@id\":\"https:\/\/loanstar.com\/cz\/o-nas\/#breadcrumb\"},\"inLanguage\":\"cs\",\"potentialAction\":[{\"@type\":\"ReadAction\",\"target\":[\"https:\/\/loanstar.com\/cz\/o-nas\/\"]}]},{\"@type\":\"BreadcrumbList\",\"@id\":\"https:\/\/loanstar.com\/cz\/o-nas\/#breadcrumb\",\"itemListElement\":[{\"@type\":\"ListItem\",\"position\":1,\"name\":\"\u010cesk\u00e1\",\"item\":\"https:\/\/loanstar.com\/cz\/\"},{\"@type\":\"ListItem\",\"position\":2,\"name\":\"O LoanStar\"}]},{\"@type\":\"WebSite\",\"@id\":\"https:\/\/loanstar.com\/cz\/#website\",\"url\":\"https:\/\/loanstar.com\/cz\/\",\"name\":\"LoanStar \u010cesk\u00e1 republika\",\"description\":\"Porovnejte p\u016fj\u010dky\",\"potentialAction\":[{\"@type\":\"SearchAction\",\"target\":{\"@type\":\"EntryPoint\",\"urlTemplate\":\"https:\/\/loanstar.com\/cz\/?s={search_term_string}\"},\"query-input\":\"required name=search_term_string\"}],\"inLanguage\":\"cs\"}]}<\/script>\n<!-- \/ Yoast SEO plugin. -->","yoast_head_json":{"title":"O LoanStar - LoanStar \u010cesk\u00e1 republika","robots":{"index":"noindex","follow":"follow"},"og_locale":"cs_CZ","og_type":"article","og_title":"O LoanStar - LoanStar \u010cesk\u00e1 republika","og_description":"Nab\u00edz\u00edme v\u00e1m \u0159e\u0161en\u00ed \u0161it\u00e1 na m\u00edru a pom\u00e1h\u00e1me nal\u00e9zt nejlep\u0161\u00ed nab\u00eddky finan\u010dn\u00edch p\u016fj\u010dek a \u00fav\u011br\u016f. \u010ct\u011bte d\u00e1l a dozv\u00edte se,...","og_url":"https:\/\/loanstar.com\/cz\/o-nas\/","og_site_name":"LoanStar \u010cesk\u00e1 republika","article_modified_time":"2019-06-11T21:44:09+00:00","twitter_card":"summary_large_image","twitter_misc":{"Odhadovan\u00e1 doba \u010dten\u00ed":"3 minuty"},"schema":{"@context":"https:\/\/schema.org","@graph":[{"@type":"WebPage","@id":"https:\/\/loanstar.com\/cz\/o-nas\/","url":"https:\/\/loanstar.com\/cz\/o-nas\/","name":"O LoanStar - LoanStar \u010cesk\u00e1 republika","isPartOf":{"@id":"https:\/\/loanstar.com\/cz\/#website"},"datePublished":"2018-10-01T18:13:47+00:00","dateModified":"2019-06-11T21:44:09+00:00","breadcrumb":{"@id":"https:\/\/loanstar.com\/cz\/o-nas\/#breadcrumb"},"inLanguage":"cs","potentialAction":[{"@type":"ReadAction","target":["https:\/\/loanstar.com\/cz\/o-nas\/"]}]},{"@type":"BreadcrumbList","@id":"https:\/\/loanstar.com\/cz\/o-nas\/#breadcrumb","itemListElement":[{"@type":"ListItem","position":1,"name":"\u010cesk\u00e1","item":"https:\/\/loanstar.com\/cz\/"},{"@type":"ListItem","position":2,"name":"O LoanStar"}]},{"@type":"WebSite","@id":"https:\/\/loanstar.com\/cz\/#website","url":"https:\/\/loanstar.com\/cz\/","name":"LoanStar \u010cesk\u00e1 republika","description":"Porovnejte p\u016fj\u010dky","potentialAction":[{"@type":"SearchAction","target":{"@type":"EntryPoint","urlTemplate":"https:\/\/loanstar.com\/cz\/?s={search_term_string}"},"query-input":"required name=search_term_string"}],"inLanguage":"cs"}]}},"_links":{"self":[{"href":"https:\/\/loanstar.com\/cz\/wp-json\/wp\/v2\/pages\/11"}],"collection":[{"href":"https:\/\/loanstar.com\/cz\/wp-json\/wp\/v2\/pages"}],"about":[{"href":"https:\/\/loanstar.com\/cz\/wp-json\/wp\/v2\/types\/page"}],"author":[{"embeddable":true,"href":"https:\/\/loanstar.com\/cz\/wp-json\/wp\/v2\/users\/1"}],"replies":[{"embeddable":true,"href":"https:\/\/loanstar.com\/cz\/wp-json\/wp\/v2\/comments?post=11"}],"version-history":[{"count":2,"href":"https:\/\/loanstar.com\/cz\/wp-json\/wp\/v2\/pages\/11\/revisions"}],"predecessor-version":[{"id":293,"href":"https:\/\/loanstar.com\/cz\/wp-json\/wp\/v2\/pages\/11\/revisions\/293"}],"wp:attachment":[{"href":"https:\/\/loanstar.com\/cz\/wp-json\/wp\/v2\/media?parent=11"}],"curies":[{"name":"wp","href":"https:\/\/api.w.org\/{rel}","templated":true}]}}