{"id":98,"date":"2018-09-24T13:15:00","date_gmt":"2018-09-24T13:15:00","guid":{"rendered":"http:\/\/loanstar.com\/br\/?page_id=98"},"modified":"2019-06-10T19:13:07","modified_gmt":"2019-06-10T22:13:07","slug":"microcredito","status":"publish","type":"page","link":"https:\/\/loanstar.com\/br\/emprestimo\/microcredito\/","title":{"rendered":"Microcr\u00e9dito"},"content":{"rendered":"<p>Voc\u00ea j\u00e1 teve alguma ideia excelente mas parou por n\u00e3o ter dinheiro para implant\u00e1-la? Com certeza voc\u00ea n\u00e3o \u00e9 o \u00fanico.<\/p>\n<p>Segundo pesquisa, <a href=\"https:\/\/economia.estadao.com.br\/blogs\/sua-oportunidade\/empreendedorismo-e-proposito-de-vida-para-60-dos-jovens\/\" target=\"_blank\" rel=\"noopener noreferrer\">60% dos jovens veem o empreendedorismo<\/a> como parte do caminho para o sucesso. Mas n\u00e3o \u00e9 f\u00e1cil obter um empr\u00e9stimo sem uma renda alta ou a ajuda de um investidor logo de cara.<\/p>\n<p>Felizmente, h\u00e1 uma solu\u00e7\u00e3o para isso.<\/p>\n<p>O microcr\u00e9dito \u00e9 uma das melhores op\u00e7\u00f5es de empr\u00e9stimos para as pessoas que t\u00eam como objetivo criar uma fonte de renda.<\/p>\n<p>Para o governo, tamb\u00e9m \u00e9 interessante, por isso as taxas de juros s\u00e3o baixas quando comparamos com outras modalidades de empr\u00e9stimos.<\/p>\n<p>Com esta modalidade de cr\u00e9dito, <strong>voc\u00ea pode financiar as atividades produtivas de sua pequena empresa<\/strong>.<\/p>\n<p>Entretanto, \u00e9 importante saber que o valor liberado no financiamento ser\u00e1 de acordo com as necessidades do neg\u00f3cio e respeitando as possibilidades de pagamento.<\/p>\n<p>E, apesar de depender de aprova\u00e7\u00e3o, o empr\u00e9stimo geralmente \u00e9 r\u00e1pido. Principalmente se voc\u00ea j\u00e1 for cliente da institui\u00e7\u00e3o financeira onde solicitar\u00e1 o microcr\u00e9dito.<\/p>\n<h2>O surgimento do microcr\u00e9dito<\/h2>\n<p>Uma das primeiras experi\u00eancias com microcr\u00e9dito foi realizada por Muhammad Yunus, em Bangladesh, no ano de 1976.<\/p>\n<p>Na concep\u00e7\u00e3o de Yunus, o microcr\u00e9dito &#8211; MC \u00e9 uma modalidade de empr\u00e9stimo dirigida para as pessoas de baixa renda que n\u00e3o possuem acesso ao cr\u00e9dito, por isso faz parte de uma pol\u00edtica de combate \u00e0 pobreza.<img decoding=\"async\" class=\"alignright size-full wp-image-234\" src=\"http:\/\/loanstar.com\/br\/wp-content\/uploads\/sites\/7\/2018\/11\/zero_interest_2.svg\" alt=\"microcredito como surgiu\" width=\"312\" \/><\/p>\n<p>Devido ao sucesso de sua experi\u00eancia com o microcr\u00e9dito, <strong>o professor Yunus ganhou o Pr\u00eamio Nobel da Paz em 2006<\/strong>.<\/p>\n<p>No Brasil, foi no in\u00edcio dos anos 70 que surgiram as primeiras experi\u00eancias com o microcr\u00e9dito, por iniciativa da sociedade civil, tendo como destaque o programa Uno.<\/p>\n<p>Desde ent\u00e3o o microcr\u00e9dito vem sendo utilizado como uma pol\u00edtica de desenvolvimento social, pois colabora para a gera\u00e7\u00e3o de emprego e renda das fam\u00edlias mais pobres.<\/p>\n<p>Hoje contamos com v\u00e1rios programas voltados para o microcr\u00e9dito, tais como: Crediamigo, Microcr\u00e9dito Produtivo Orientado, Programa Crescer, entre outros.<\/p>\n<h2>O que \u00e9 o microcr\u00e9dito?<\/h2>\n<p>O microcr\u00e9dito \u00e9 uma modalidade de empr\u00e9stimo que se caracteriza por ser de pequeno valor. \u00c9 voltado para pequenos empreendedores informais e microempresas &#8211; que n\u00e3o possuem acesso ao sistema de financiamento comum &#8211; principalmente porque n\u00e3o possuem garantias reais.<\/p>\n<p>Possui taxas de juros mais baixas que as linhas de cr\u00e9ditos tradicionais.<\/p>\n<p>Como caracter\u00edsticas essenciais, podemos citar:<\/p>\n<ul>\n<li>\u00e9 um empr\u00e9stimo de pequeno valor;<\/li>\n<li>\u00e9 voltado para pessoas de baixa renda;<\/li>\n<li>possui finalidade social;<\/li>\n<li>trata-se de um cr\u00e9dito produtivo;<\/li>\n<li>n\u00e3o necessita de garantias reais;<\/li>\n<li>oferece orienta\u00e7\u00e3o ao mutu\u00e1rio.<\/li>\n<\/ul>\n<h2>Quando solicitar um microcr\u00e9dito?<\/h2>\n<p>S\u00e3o in\u00fameras as pessoas que possuem ideias interessantes e n\u00e3o t\u00eam dinheiro para coloc\u00e1-las em pr\u00e1tica. Dessa forma, com o microcr\u00e9dito, voc\u00ea pode transformar o sonho de ser empreendedor em realidade.<\/p>\n<p>Mas \u00e9 importante ter em mente que o ideal \u00e9 come\u00e7ar com pequenas quantias, algo que voc\u00ea consiga quitar em alguns meses e que n\u00e3o <a href=\"http:\/\/loanstar.com\/br\/limpe-seu-nome-serasa-spc-scpc\/\" target=\"_blank\" rel=\"noopener noreferrer\">comprometa grande parte de sua lucratividade mensal<\/a>.<\/p>\n<p>Caso voc\u00ea j\u00e1 tenha um neg\u00f3cio e deseja investir para aumentar a lucratividade, mas n\u00e3o tem dinheiro suficiente para colocar seu projeto em pr\u00e1tica, o microcr\u00e9dito tamb\u00e9m \u00e9 uma \u00f3tima op\u00e7\u00e3o.<\/p>\n<p>Com essa modalidade de empr\u00e9stimo, \u00e9 comum que as institui\u00e7\u00f5es financeiras ofere\u00e7am um acompanhamento especializado para orientar o mutu\u00e1rio na utiliza\u00e7\u00e3o do recurso.<\/p>\n<p>Como \u00e9 um empr\u00e9stimo voltado para a popula\u00e7\u00e3o com menos recursos financeiros, <strong>os juros s\u00e3o baixos<\/strong> e geralmente, na hora da contrata\u00e7\u00e3o, n\u00e3o \u00e9 necess\u00e1rio a apresenta\u00e7\u00e3o de garantias reais.<\/p>\n<p>Por isso, se voc\u00ea est\u00e1 desempregado ou n\u00e3o est\u00e1 satisfeito com seu emprego e deseja empreender, esta \u00e9 a modalidade ideal para voc\u00ea come\u00e7ar!<\/p>\n<h2>Por que fazer uma compara\u00e7\u00e3o?<\/h2>\n<p>Como j\u00e1 explicado anteriormente, o microcr\u00e9dito possui v\u00e1rios benef\u00edcios, mas como em qualquer outro contrato de empr\u00e9stimo, voc\u00ea deve ser cauteloso e avaliar as propostas cuidadosamente.<\/p>\n<p>Apesar da taxa de juros ser regulamentada, n\u00e3o podendo ser superior a 4% ao m\u00eas, n\u00e3o significa que os bancos possuem as mesmas propostas e vantagens. Algumas institui\u00e7\u00f5es financeiras cobram taxa de abertura de cr\u00e9dito, geralmente no valor de 3% da quantia emprestada.<\/p>\n<p>Existem institui\u00e7\u00f5es que oferecem servi\u00e7os de assessoria, outras oferecem o microcr\u00e9dito de maneira mais r\u00e1pida e descomplicada. Por isso, como s\u00e3o v\u00e1rias institui\u00e7\u00f5es, o ideal \u00e9 que voc\u00ea compare as propostas.<\/p>\n<p><strong>Lembre-se que o Loanstar possui um sistema para te ajudar na hora de comparar!<\/strong><\/p>\n<h2>Por que fazer uma simula\u00e7\u00e3o?<\/h2>\n<p>Por mais que o cr\u00e9dito em baixas quantias tenha como finalidade beneficiar o seu neg\u00f3cio e provavelmente aumentar as margens de lucro, \u00e9 importante fazer uma simula\u00e7\u00e3o do empr\u00e9stimo.<\/p>\n<p>Desse modo, voc\u00ea ir\u00e1 saber quanto ir\u00e1 pagar por m\u00eas, quanto ser\u00e1 a taxa de juros e tamb\u00e9m o custo efetivo total do empr\u00e9stimo.<\/p>\n<p><img decoding=\"async\" class=\"alignright size-full wp-image-227\" src=\"http:\/\/loanstar.com\/br\/wp-content\/uploads\/sites\/7\/2018\/11\/savings_1.svg\" alt=\"microcredito-fazer-opera\u00e7\u00e3o\" width=\"312\" \/><\/p>\n<p>Com o uso do simulador, voc\u00ea ficar\u00e1 consciente se o valor das parcelas caber\u00e3o em seu or\u00e7amento mensal.<\/p>\n<p>Portanto, ser cauteloso, utilizar os meios que a tecnologia oferece e colocar no papel os valores futuros que ser\u00e3o descontados do seu or\u00e7amento mensal, s\u00e3o atitudes que ir\u00e3o ajudar no momento da escolha da contrata\u00e7\u00e3o. Por isso, voc\u00ea n\u00e3o tem nada a perder fazendo uma compara\u00e7\u00e3o e simula\u00e7\u00e3o.<\/p>\n<h2>O que voc\u00ea vai precisar?<\/h2>\n<p>Geralmente os documentos necess\u00e1rios para solicitar microcr\u00e9dito variam de banco para banco. Mas basicamente, exigem que a pessoa seja maior de 18 anos, ou que seja emancipada, no caso de menores de idade; que tenha o nome limpo; que tenha um avalista (dependendo do caso) e que possua um <a href=\"https:\/\/pt.wikipedia.org\/wiki\/Cadastro_Nacional_da_Pessoa_Jur%C3%ADdica\" target=\"_blank\" rel=\"noopener noreferrer\">CNPJ<\/a>.<\/p>\n<p>Algumas institui\u00e7\u00f5es financeiras tamb\u00e9m exigem que o neg\u00f3cio exista h\u00e1 pelo menos um ano e que a pessoa seja correntista no banco que solicitar o empr\u00e9stimo.<\/p>\n<p>J\u00e1 outras institui\u00e7\u00f5es financeiras aceitam fazer neg\u00f3cio para pessoas que ainda n\u00e3o formalizaram sua empresa, por\u00e9m as melhores taxas e os maiores cr\u00e9ditos s\u00e3o oferecidos para aqueles que j\u00e1 possuem empresa constitu\u00edda.<\/p>\n<h2>Como funciona o microcr\u00e9dito do Bolsa Fam\u00edlia?<\/h2>\n<p>Com a cria\u00e7\u00e3o do Plano Progredir, o qual tem como objetivo a promo\u00e7\u00e3o da autonomia financeira dos cidad\u00e3os atendidos pelo programa Bolsa Fam\u00edlia, agora \u00e9 poss\u00edvel os benefici\u00e1rios desse tipo de programa fazer um microcr\u00e9dito e come\u00e7ar a empreender.<\/p>\n<p>\u00c9 importante saber que o cr\u00e9dito do Plano Progredir n\u00e3o est\u00e1 relacionado com o valor recebido no Bolsa Fam\u00edlia. As parcelas do empr\u00e9stimo n\u00e3o s\u00e3o descontadas no valor recebido pelo Bolsa Fam\u00edlia, isto \u00e9, o valor do benef\u00edcio n\u00e3o vai mudar depois que voc\u00ea solicitar o microcr\u00e9dito produtivo do Plano Progredir.<\/p>\n<p>Saiba que n\u00e3o s\u00e3o todas as Institui\u00e7\u00f5es Financeiras que realizam essa opera\u00e7\u00e3o. Apenas as Institui\u00e7\u00f5es parceiras do Plano Progredir que realizam o pequeno empr\u00e9stimo voltado para os benefici\u00e1rios do Bolsa Fam\u00edlia, dentre elas, podemos citar:<\/p>\n<ul>\n<li>Caixa Econ\u00f4mica Federal;<\/li>\n<li>Banco do Brasil;<\/li>\n<li>Banco do Nordeste.<\/li>\n<\/ul>\n<h3>Microcr\u00e9dito na Caixa Econ\u00f4mica Federal<\/h3>\n<p>Como na maioria dos bancos, o valor do microcr\u00e9dito \u00e9 negociado com base na an\u00e1lise do cr\u00e9dito e na capacidade de pagamento do empreendimento.<\/p>\n<p>A Caixa concede cr\u00e9dito de no m\u00ednimo, trezentos reais e no m\u00e1ximo, 15 mil reais dependendo da necessidade e desenvolvimento do empreendimento. As presta\u00e7\u00f5es s\u00e3o pagas no prazo de quatro a vinte e quatro meses e, se for a primeira contrata\u00e7\u00e3o, o prazo ser\u00e1 de at\u00e9 doze meses.<\/p>\n<p>Sobre as taxas cobradas no microcr\u00e9dito Caixa, \u00e9 importante saber que a taxa de juros \u00e9 a partir de 3,3% ao m\u00eas, a taxa de abertura de cr\u00e9dito (TAC) \u00e9 de 3% sobre o valor contratado e al\u00edquota zero de Cobran\u00e7a de IOF (Imposto Sobre Opera\u00e7\u00f5es de Cr\u00e9dito).<\/p>\n<h3>Microcr\u00e9dito no Banco do Brasil<\/h3>\n<p>Atrav\u00e9s das ag\u00eancias do Banco do Brasil e tamb\u00e9m da Movera, empresa parceira, o BB oferece ao cliente toda orienta\u00e7\u00e3o e acompanhamento necess\u00e1rio para o empreendimento. Dessa forma, as chances de sucesso com o uso do microcr\u00e9dito aumentam.<\/p>\n<p>Sobre as taxas do microcr\u00e9dito no Banco do Brasil, \u00e9 importante saber que o valor do empr\u00e9stimo e o prazo para o pagamento, s\u00e3o fixados de acordo com a capacidade de pagamento.<\/p>\n<p><img decoding=\"async\" class=\"alignright size-full wp-image-225\" src=\"http:\/\/loanstar.com\/br\/wp-content\/uploads\/sites\/7\/2018\/11\/person_finance_2.svg\" alt=\"\" width=\"312\" \/><\/p>\n<p>\u00c9 necess\u00e1rio ter uma conta corrente no Banco do Brasil e o prazo para pagamento do empr\u00e9stimo \u00e9 de quatro a quinze parcelas. Se n\u00e3o for correntista do BB, \u00e9 poss\u00edvel fazer a contrata\u00e7\u00e3o atrav\u00e9s da parceira Movera.<\/p>\n<p>Para requerer o microcr\u00e9dito no Banco do Brasil, \u00e9 necess\u00e1rio ter renda mensal at\u00e9 R$ 16,66 mil, se for empreendedor informal.<\/p>\n<p>J\u00e1 se for microempreendedor individual (MEI) o faturamento anual deve ser de at\u00e9 R$ 81 mil. Se for microempresa, o faturamento anual deve ser de at\u00e9 R$ 200 mil.<\/p>\n<p>Dependendo da an\u00e1lise, \u00e9 necess\u00e1rio apresentar garantia pessoal de terceiros. Tamb\u00e9m o endividamento no Sistema Financeiro Nacional (SFN) n\u00e3o pode ser maior que R$ 40 mil, excetuando-se desse limite as opera\u00e7\u00f5es de cr\u00e9dito habitacional.<\/p>\n<h3>Microcr\u00e9dito no Banco do Nordeste<\/h3>\n<p>O Banco do Nordeste tamb\u00e9m oferece o microcr\u00e9dito atrav\u00e9s do Crediamigo, que \u00e9 o maior Programa de Microcr\u00e9dito Produtivo Orientado da Am\u00e9rica do Sul.<\/p>\n<p>O Crediamigo faz parte do Crescer (Programa Nacional de Microcr\u00e9dito do Governo Federal) e tem como objetivo incentivar a inclus\u00e3o produtiva da popula\u00e7\u00e3o pobre. Os valores emprestados v\u00e3o de cem reais at\u00e9 seis mil reais dependendo do produto, da necessidade e do tamanho do neg\u00f3cio.<\/p>\n<p>\u00c9 permitida a renova\u00e7\u00e3o do <a href=\"http:\/\/loanstar.com\/br\/emprestimo\/pessoal\/\" target=\"_blank\" rel=\"noopener noreferrer\">empr\u00e9stimo<\/a> e podem chegar at\u00e9 quinze mil reais tamb\u00e9m dependendo do produto, possibilidade de pagamento e estrutura do neg\u00f3cio.<\/p>\n<p>Para solicitar o microcr\u00e9dito, basta preencher os dados no formul\u00e1rio e um agente do Banco do Nordeste entra em contato com o solicitante em, no m\u00e1ximo, dez dias \u00fateis.<\/p>\n<p>Se aprovado, o microcr\u00e9dito \u00e9 liberado de uma s\u00f3 vez no prazo m\u00e1ximo de sete dias \u00fateis.<\/p>\n<h2>Cuidados na hora de contratar<\/h2>\n<p>Diante de tantas ofertas, \u00e9 normal o consumidor ficar em d\u00favida na hora da escolha. Por isso, \u00e9 interessante utilizar os mecanismos de busca, simula\u00e7\u00e3o e compara\u00e7\u00e3o para tomar uma decis\u00e3o racional.<\/p>\n<p>Apesar do microcr\u00e9dito ser uma modalidade de empr\u00e9stimo de pequeno valor, <strong>voc\u00ea precisa ter cuidado na utiliza\u00e7\u00e3o do dinheiro<\/strong> e pensar bem na quantia que poder\u00e1 parcelar.<\/p>\n<p>Portanto, analise previamente as vantagens e desvantagens de cada contrato e, ap\u00f3s a contrata\u00e7\u00e3o, pague as parcelas em dia.<\/p>\n<p>Com isso, no futuro, caso queira solicitar outro microcr\u00e9dito, voc\u00ea ter\u00e1 mais chances de ter a solicita\u00e7\u00e3o aprovada.<\/p>\n","protected":false},"excerpt":{"rendered":"<p>Voc\u00ea j\u00e1 teve alguma ideia excelente mas parou por n\u00e3o ter dinheiro para implant\u00e1-la? Com certeza voc\u00ea n\u00e3o \u00e9 o&#8230;<\/p>\n","protected":false},"author":1,"featured_media":0,"parent":94,"menu_order":0,"comment_status":"closed","ping_status":"closed","template":"templates\/calculator-follow-up.php","meta":{"footnotes":""},"yoast_head":"<!-- This site is optimized with the Yoast SEO plugin v21.0 - https:\/\/yoast.com\/wordpress\/plugins\/seo\/ -->\n<title>Microcr\u00e9dito: conhe\u00e7a as op\u00e7\u00f5es e compare - LoanStar Brasil<\/title>\n<meta name=\"description\" content=\"O microcr\u00e9dito \u00e9 uma excelente op\u00e7\u00e3o de empr\u00e9stimo para pessoas que t\u00eam como objetivo criar uma fonte de renda. Mas antes de obt\u00ea-lo, \u00e9 importante comparar\" \/>\n<meta name=\"robots\" content=\"index, follow, max-snippet:-1, max-image-preview:large, max-video-preview:-1\" \/>\n<link rel=\"canonical\" href=\"https:\/\/loanstar.com\/br\/emprestimo\/microcredito\/\" \/>\n<meta property=\"og:locale\" content=\"pt_BR\" \/>\n<meta property=\"og:type\" content=\"article\" \/>\n<meta property=\"og:title\" content=\"Microcr\u00e9dito: conhe\u00e7a as op\u00e7\u00f5es e compare - LoanStar Brasil\" \/>\n<meta property=\"og:description\" content=\"O microcr\u00e9dito \u00e9 uma excelente op\u00e7\u00e3o de empr\u00e9stimo para pessoas que t\u00eam como objetivo criar uma fonte de renda. Mas antes de obt\u00ea-lo, \u00e9 importante comparar\" \/>\n<meta property=\"og:url\" content=\"https:\/\/loanstar.com\/br\/emprestimo\/microcredito\/\" \/>\n<meta property=\"og:site_name\" content=\"LoanStar Brasil\" \/>\n<meta property=\"article:modified_time\" content=\"2019-06-10T22:13:07+00:00\" \/>\n<meta property=\"og:image\" content=\"http:\/\/loanstar.com\/br\/wp-content\/uploads\/sites\/7\/2018\/11\/zero_interest_2.svg\" \/>\n<meta name=\"twitter:card\" content=\"summary_large_image\" \/>\n<meta name=\"twitter:label1\" content=\"Est. tempo de leitura\" \/>\n\t<meta name=\"twitter:data1\" content=\"9 minutos\" \/>\n<script type=\"application\/ld+json\" class=\"yoast-schema-graph\">{\"@context\":\"https:\/\/schema.org\",\"@graph\":[{\"@type\":\"WebPage\",\"@id\":\"https:\/\/loanstar.com\/br\/emprestimo\/microcredito\/\",\"url\":\"https:\/\/loanstar.com\/br\/emprestimo\/microcredito\/\",\"name\":\"Microcr\u00e9dito: conhe\u00e7a as op\u00e7\u00f5es e compare - LoanStar Brasil\",\"isPartOf\":{\"@id\":\"https:\/\/loanstar.com\/br\/#website\"},\"datePublished\":\"2018-09-24T13:15:00+00:00\",\"dateModified\":\"2019-06-10T22:13:07+00:00\",\"description\":\"O microcr\u00e9dito \u00e9 uma excelente op\u00e7\u00e3o de empr\u00e9stimo para pessoas que t\u00eam como objetivo criar uma fonte de renda. Mas antes de obt\u00ea-lo, \u00e9 importante comparar\",\"breadcrumb\":{\"@id\":\"https:\/\/loanstar.com\/br\/emprestimo\/microcredito\/#breadcrumb\"},\"inLanguage\":\"pt-BR\",\"potentialAction\":[{\"@type\":\"ReadAction\",\"target\":[\"https:\/\/loanstar.com\/br\/emprestimo\/microcredito\/\"]}]},{\"@type\":\"BreadcrumbList\",\"@id\":\"https:\/\/loanstar.com\/br\/emprestimo\/microcredito\/#breadcrumb\",\"itemListElement\":[{\"@type\":\"ListItem\",\"position\":1,\"name\":\"Brasil\",\"item\":\"https:\/\/loanstar.com\/br\/\"},{\"@type\":\"ListItem\",\"position\":2,\"name\":\"Empr\u00e9stimo online\",\"item\":\"https:\/\/loanstar.com\/br\/emprestimo\/\"},{\"@type\":\"ListItem\",\"position\":3,\"name\":\"Microcr\u00e9dito\"}]},{\"@type\":\"WebSite\",\"@id\":\"https:\/\/loanstar.com\/br\/#website\",\"url\":\"https:\/\/loanstar.com\/br\/\",\"name\":\"LoanStar Brasil\",\"description\":\"Comparar empr\u00e9stimos\",\"potentialAction\":[{\"@type\":\"SearchAction\",\"target\":{\"@type\":\"EntryPoint\",\"urlTemplate\":\"https:\/\/loanstar.com\/br\/?s={search_term_string}\"},\"query-input\":\"required name=search_term_string\"}],\"inLanguage\":\"pt-BR\"}]}<\/script>\n<!-- \/ Yoast SEO plugin. -->","yoast_head_json":{"title":"Microcr\u00e9dito: conhe\u00e7a as op\u00e7\u00f5es e compare - LoanStar Brasil","description":"O microcr\u00e9dito \u00e9 uma excelente op\u00e7\u00e3o de empr\u00e9stimo para pessoas que t\u00eam como objetivo criar uma fonte de renda. Mas antes de obt\u00ea-lo, \u00e9 importante comparar","robots":{"index":"index","follow":"follow","max-snippet":"max-snippet:-1","max-image-preview":"max-image-preview:large","max-video-preview":"max-video-preview:-1"},"canonical":"https:\/\/loanstar.com\/br\/emprestimo\/microcredito\/","og_locale":"pt_BR","og_type":"article","og_title":"Microcr\u00e9dito: conhe\u00e7a as op\u00e7\u00f5es e compare - LoanStar Brasil","og_description":"O microcr\u00e9dito \u00e9 uma excelente op\u00e7\u00e3o de empr\u00e9stimo para pessoas que t\u00eam como objetivo criar uma fonte de renda. Mas antes de obt\u00ea-lo, \u00e9 importante comparar","og_url":"https:\/\/loanstar.com\/br\/emprestimo\/microcredito\/","og_site_name":"LoanStar Brasil","article_modified_time":"2019-06-10T22:13:07+00:00","og_image":[{"url":"http:\/\/loanstar.com\/br\/wp-content\/uploads\/sites\/7\/2018\/11\/zero_interest_2.svg"}],"twitter_card":"summary_large_image","twitter_misc":{"Est. tempo de leitura":"9 minutos"},"schema":{"@context":"https:\/\/schema.org","@graph":[{"@type":"WebPage","@id":"https:\/\/loanstar.com\/br\/emprestimo\/microcredito\/","url":"https:\/\/loanstar.com\/br\/emprestimo\/microcredito\/","name":"Microcr\u00e9dito: conhe\u00e7a as op\u00e7\u00f5es e compare - LoanStar Brasil","isPartOf":{"@id":"https:\/\/loanstar.com\/br\/#website"},"datePublished":"2018-09-24T13:15:00+00:00","dateModified":"2019-06-10T22:13:07+00:00","description":"O microcr\u00e9dito \u00e9 uma excelente op\u00e7\u00e3o de empr\u00e9stimo para pessoas que t\u00eam como objetivo criar uma fonte de renda. Mas antes de obt\u00ea-lo, \u00e9 importante comparar","breadcrumb":{"@id":"https:\/\/loanstar.com\/br\/emprestimo\/microcredito\/#breadcrumb"},"inLanguage":"pt-BR","potentialAction":[{"@type":"ReadAction","target":["https:\/\/loanstar.com\/br\/emprestimo\/microcredito\/"]}]},{"@type":"BreadcrumbList","@id":"https:\/\/loanstar.com\/br\/emprestimo\/microcredito\/#breadcrumb","itemListElement":[{"@type":"ListItem","position":1,"name":"Brasil","item":"https:\/\/loanstar.com\/br\/"},{"@type":"ListItem","position":2,"name":"Empr\u00e9stimo online","item":"https:\/\/loanstar.com\/br\/emprestimo\/"},{"@type":"ListItem","position":3,"name":"Microcr\u00e9dito"}]},{"@type":"WebSite","@id":"https:\/\/loanstar.com\/br\/#website","url":"https:\/\/loanstar.com\/br\/","name":"LoanStar Brasil","description":"Comparar empr\u00e9stimos","potentialAction":[{"@type":"SearchAction","target":{"@type":"EntryPoint","urlTemplate":"https:\/\/loanstar.com\/br\/?s={search_term_string}"},"query-input":"required name=search_term_string"}],"inLanguage":"pt-BR"}]}},"_links":{"self":[{"href":"https:\/\/loanstar.com\/br\/wp-json\/wp\/v2\/pages\/98"}],"collection":[{"href":"https:\/\/loanstar.com\/br\/wp-json\/wp\/v2\/pages"}],"about":[{"href":"https:\/\/loanstar.com\/br\/wp-json\/wp\/v2\/types\/page"}],"author":[{"embeddable":true,"href":"https:\/\/loanstar.com\/br\/wp-json\/wp\/v2\/users\/1"}],"replies":[{"embeddable":true,"href":"https:\/\/loanstar.com\/br\/wp-json\/wp\/v2\/comments?post=98"}],"version-history":[{"count":2,"href":"https:\/\/loanstar.com\/br\/wp-json\/wp\/v2\/pages\/98\/revisions"}],"predecessor-version":[{"id":283,"href":"https:\/\/loanstar.com\/br\/wp-json\/wp\/v2\/pages\/98\/revisions\/283"}],"up":[{"embeddable":true,"href":"https:\/\/loanstar.com\/br\/wp-json\/wp\/v2\/pages\/94"}],"wp:attachment":[{"href":"https:\/\/loanstar.com\/br\/wp-json\/wp\/v2\/media?parent=98"}],"curies":[{"name":"wp","href":"https:\/\/api.w.org\/{rel}","templated":true}]}}