{"id":96,"date":"2018-09-24T13:12:05","date_gmt":"2018-09-24T13:12:05","guid":{"rendered":"http:\/\/loanstar.com\/br\/?page_id=96"},"modified":"2019-07-08T09:13:36","modified_gmt":"2019-07-08T12:13:36","slug":"pessoal","status":"publish","type":"page","link":"https:\/\/loanstar.com\/br\/emprestimo\/pessoal\/","title":{"rendered":"Empr\u00e9stimo pessoal"},"content":{"rendered":"<h2>Entenda as particularidades do empr\u00e9stimo pessoal<\/h2>\n<p>O empr\u00e9stimo pessoal \u00e9 uma modalidade de empr\u00e9stimo em que uma das partes concede certa quantia de dinheiro para a outra parte, que ficar\u00e1 obrigada a devolver o valor recebido, acrescido de juros, em prazo previamente estabelecido.<\/p>\n<p>Ele tem como caracter\u00edstica a aus\u00eancia de exig\u00eancia de destina\u00e7\u00e3o espec\u00edfica do valor concedido e tamb\u00e9m pode ser chamado de cr\u00e9dito pessoal.<\/p>\n<p>Esta pode ser contratada de maneira simples, r\u00e1pida e sem garantia, mas, em contrapartida, possui uma das taxas de juros mais altas do mercado.<\/p>\n<p>Tem sido muito utilizada para <strong>quitar d\u00e9bitos como os de cheque especial e os de cart\u00e3o de cr\u00e9dito<\/strong>, porque esses tipos de d\u00edvidas possuem tributos ainda mais elevados que as do empr\u00e9stimo pessoal.<\/p>\n<p>Muitas pessoas tamb\u00e9m utilizam essa modalidade de empr\u00e9stimo como forma de investimento para montar um neg\u00f3cio, fazer cursos, reformar a casa, urg\u00eancias, entre outras.<\/p>\n<p>Atualmente, em nosso Pa\u00eds, existem v\u00e1rias institui\u00e7\u00f5es financeiras que oferecem empr\u00e9stimos pessoais. Algumas ofertam propostas vantajosas, outras deixam o consumidor em d\u00favida quanto \u00e0s condi\u00e7\u00f5es da proposta.<\/p>\n<p>Por isso a utiliza\u00e7\u00e3o de uma <a href=\"http:\/\/loanstar.com\/br\/\" target=\"_blank\" rel=\"noopener noreferrer\">plataforma segura e eficiente<\/a> \u00e9 essencial no momento da contrata\u00e7\u00e3o do empr\u00e9stimo pessoal.<\/p>\n<p>Portanto, tendo em vista o excesso de ofertas, ao optar pela utiliza\u00e7\u00e3o de <a href=\"http:\/\/loanstar.com\/br\/sobre\/\" target=\"_blank\" rel=\"noopener noreferrer\">nossos servi\u00e7os<\/a> voc\u00ea vai economizar tempo e dinheiro. Nosso objetivo \u00e9 auxiliar o processo de escolha e contrata\u00e7\u00e3o do empr\u00e9stimo.<\/p>\n<h2>Documentos necess\u00e1rios para fazer um empr\u00e9stimo pessoal<\/h2>\n<p>Institui\u00e7\u00f5es Financeiras exigem uma s\u00e9rie de documentos. S\u00e3o eles:<\/p>\n<ul>\n<li>CPF<\/li>\n<li>Comprovante de resid\u00eancia.<\/li>\n<li>Comprovante de renda (contracheques, demonstrativos de sal\u00e1rios)<\/li>\n<\/ul>\n<p>Nesse caso, aut\u00f4nomos podem comprovar renda por meio do contrato de presta\u00e7\u00e3o de servi\u00e7os, declara\u00e7\u00e3o do sindicato da categoria, declara\u00e7\u00e3o do Imposto de Renda, recibo de recebimento por trabalhos prestados ou uma Declara\u00e7\u00e3o Comprobat\u00f3ria de Recep\u00e7\u00e3o de Rendimentos (Decore) feita por contador.<\/p>\n<p><img decoding=\"async\" class=\"alignright size-full wp-image-137\" src=\"http:\/\/loanstar.com\/br\/wp-content\/uploads\/sites\/7\/2018\/10\/background-img-1.svg\" alt=\"emprestimo pessoal documentos\" width=\"312\" \/><\/p>\n<p>Se a pessoa que solicitar o empr\u00e9stimo estiver com o nome inscrito no <a href=\"http:\/\/loanstar.com\/br\/limpe-seu-nome-serasa-spc-scpc\/\" target=\"_blank\" rel=\"noopener noreferrer\">Cadastro de Inadimplentes<\/a>, dever\u00e1 ainda apresentar um fiador com CPF regularizado.<\/p>\n<p>Ap\u00f3s o envio dos dados e documentos, a institui\u00e7\u00e3o escolhida ir\u00e1 realizar a an\u00e1lise de cr\u00e9dito do consumidor para\u00a0<strong>decidir se ir\u00e1 aprovar ou n\u00e3o a solicita\u00e7\u00e3o de empr\u00e9stimo pessoal<\/strong>.<\/p>\n<p>Vale lembrar que tamb\u00e9m \u00e9 poss\u00edvel fazer o empr\u00e9stimo pessoal online. Neste, toda solicita\u00e7\u00e3o \u00e9 realizada por meio do site, onde tamb\u00e9m \u00e9 poss\u00edvel fazer uma simula\u00e7\u00e3o do empr\u00e9stimo e escolher a melhor forma de contrata\u00e7\u00e3o.<\/p>\n<p>Se aprovada, o dinheiro \u00e9 automaticamente depositado na conta do solicitante.<\/p>\n<h2>Empr\u00e9stimo pessoal na hora da urg\u00eancia<\/h2>\n<p>N\u00e3o h\u00e1 nada mais constrangedor do que precisar de dinheiro e ter que pedir emprestado para familiares e amigos. Mas, atualmente, as pessoas n\u00e3o precisam passar por esse tipo de situa\u00e7\u00e3o. Basta acessar a internet e solicitar um empr\u00e9stimo.<\/p>\n<p>Portanto, precisar de dinheiro com urg\u00eancia n\u00e3o \u00e9 mais problema. Principalmente se voc\u00ea optar por fazer um empr\u00e9stimo pessoal. <strong>Trata-se da modalidade mais f\u00e1cil e r\u00e1pida<\/strong> para quem precisa de dinheiro e n\u00e3o pode esperar muito.<\/p>\n<p>Em nosso pa\u00eds, j\u00e1 existem v\u00e1rias institui\u00e7\u00f5es financeiras que oferecem essa modalidade de empr\u00e9stimo sem muita burocracia e demora.<\/p>\n<p>O processo ser\u00e1 ainda mais r\u00e1pido e vantajoso se voc\u00ea optar por fazer pela internet. Nesse caso, \u00e9 importante que se busque uma plataforma online que ofere\u00e7a esse tipo de servi\u00e7o e que tenha toda documenta\u00e7\u00e3o necess\u00e1ria em m\u00e3os para evitar erros na hora de preencher os dados solicitados.<\/p>\n<p>Lembre-se: o fato de j\u00e1 ser cliente de uma institui\u00e7\u00e3o de cr\u00e9dito ou de um banco \u00e9 algo que facilita ainda mais a an\u00e1lise e aprova\u00e7\u00e3o do empr\u00e9stimo.<\/p>\n<h2>Empr\u00e9stimo pessoal para devedores<\/h2>\n<p>A maioria das institui\u00e7\u00f5es financeiras fazem uma an\u00e1lise do perfil do consumidor, inclusive por meio de consulta para verificar se o nome do cliente est\u00e1 inscrito em algum \u00d3rg\u00e3o de Restri\u00e7\u00e3o ao Cr\u00e9dito.<\/p>\n<p>Infelizmente, caso esteja inscrito no Cadastro de Devedores Inadimplentes, o consumidor ter\u00e1 dificuldade para conseguir um empr\u00e9stimo pessoal, pois o nome limpo \u00e9 um dos requisitos utilizado por v\u00e1rias institui\u00e7\u00f5es que realizam esse tipo de servi\u00e7o.<\/p>\n<p>Mas se voc\u00ea n\u00e3o possui condi\u00e7\u00f5es de pagar o d\u00e9bito e limpar o nome, existem algumas institui\u00e7\u00f5es financeiras que fazem empr\u00e9stimos espec\u00edficos para quem est\u00e1 inscrito nos Cadastros de Devedores Inadimplentes.<\/p>\n<p>Entretanto, nessas condi\u00e7\u00f5es, muitas institui\u00e7\u00f5es costumam liberar apenas cr\u00e9ditos com valores mais baixos.<\/p>\n<h2>Fatores importantes na hora de realizar o empr\u00e9stimo pessoal<\/h2>\n<p>Primeiro passo importante antes de decidir pela contrata\u00e7\u00e3o de um empr\u00e9stimo \u00e9 fazer uma an\u00e1lise minuciosa de todos os seus ganhos, despesas e d\u00edvidas. O ideal \u00e9 fazer uma planilha para facilitar a an\u00e1lise.<\/p>\n<p>Ap\u00f3s o estudo de sua situa\u00e7\u00e3o financeira, voc\u00ea saber\u00e1 se a presta\u00e7\u00e3o caber\u00e1 em seu or\u00e7amento.<\/p>\n<p>Se a inten\u00e7\u00e3o do empr\u00e9stimo pessoal \u00e9 pagar uma d\u00edvida com taxas de juros altas, como por exemplo de cheque especial ou de cart\u00e3o de cr\u00e9dito, \u00e9 importante prestar aten\u00e7\u00e3o nas taxas e comparar atentamente para ter certeza que a troca de d\u00edvidas ser\u00e1 uma boa solu\u00e7\u00e3o.<img decoding=\"async\" class=\"alignright size-full wp-image-79\" src=\"http:\/\/loanstar.com\/br\/wp-content\/uploads\/sites\/7\/2018\/09\/ill_body_10.svg\" alt=\"emprestimo-pessoal-boa-solu\u00e7\u00e3o\" width=\"312\" \/><\/p>\n<p>Vale destacar que ao recorrer ao cr\u00e9dito pessoal para quitar suas d\u00edvidas no cart\u00e3o de cr\u00e9dito, o consumidor ir\u00e1 trocar uma taxa alta por uma mais em conta, pois as varia\u00e7\u00f5es destas podem ir de 1,9% a 18% ao m\u00eas.<\/p>\n<p>Tamb\u00e9m pode ser uma boa ideia <strong>buscar opini\u00f5es de clientes sobre o banco ou institui\u00e7\u00e3o de cr\u00e9dito<\/strong> que voc\u00ea est\u00e1 considerando.<\/p>\n<p>Saber o grau de satisfa\u00e7\u00e3o dos clientes que contrataram a institui\u00e7\u00e3o financeira onde voc\u00ea pretende realizar o empr\u00e9stimo te deixar\u00e1 mais seguro na hora de assinar o contrato.<\/p>\n<h2>Como encontrar o melhor contrato de empr\u00e9stimo pessoal<\/h2>\n<p>Em primeiro lugar, voc\u00ea deve descobrir o tipo de empr\u00e9stimo mais adequado \u00e0s suas necessidades. Ap\u00f3s, voc\u00ea deve comparar os empr\u00e9stimos dentro da categoria escolhida e analisar previamente as vantagens e desvantagens de cada um.<\/p>\n<p>O processo de escolha do melhor empr\u00e9stimo pode at\u00e9 parecer complicado, entretanto, se o empr\u00e9stimo for feito na modalidade online, o pr\u00f3prio sistema rapidamente lhe informar\u00e1 as especificidades de cada contrato de maneira segura.<\/p>\n<p>Voc\u00ea n\u00e3o tem nada a perder na compara\u00e7\u00e3o de empr\u00e9stimos, mas \u00e9 um pequeno esfor\u00e7o pelo qual voc\u00ea pode economizar grandes quantias e encontrar o que se encaixa perfeitamente nas suas necessidades e possibilidades.<\/p>\n<p>Alguns especialistas em economia entendem que o empr\u00e9stimo ideal \u00e9 aquele na qual as parcelas ficam limitadas a 30% da sua renda l\u00edquida mensal.<\/p>\n<h2>Import\u00e2ncia da verifica\u00e7\u00e3o do CET do empr\u00e9stimo pessoal<\/h2>\n<p>Na hora de analisar os contratos, \u00e9 importante conhecer o CET (Custo Efetivo Total), que leva em conta n\u00e3o s\u00f3 as taxas de juros, mas todos os tributos, tarifas, seguros e despesas que o consumidor tenha que pagar por causa do financiamento ou empr\u00e9stimo.<\/p>\n<p>Como um empr\u00e9stimo pode ter juros menores e cobrar tarifas e seguros mais caros, verificar o CET \u00e9 a forma mais eficaz na hora de comparar diferentes contratos de empr\u00e9stimos.<\/p>\n<p>Cada institui\u00e7\u00e3o financeira pode decidir qual ser\u00e1 a taxa de empr\u00e9stimo que vai cobrar do consumidor. <strong>Por isso \u00e9 muito importante pesquisar e comparar as op\u00e7\u00f5es dispon\u00edveis no mercado<\/strong>.<\/p>\n<h2>O que o consumidor precisa saber sobre as tarifas e encargos<\/h2>\n<p>No momento da contrata\u00e7\u00e3o, \u00e9 importante que consumidor preste aten\u00e7\u00e3o no <a href=\"https:\/\/www.serasaconsumidor.com.br\/ensina\/dicas\/o-que-e-iof\/\" target=\"_blank\" rel=\"noopener noreferrer\">Imposto Sobre Opera\u00e7\u00f5es Financeiras (IOF)<\/a> e no seguro. O IOF \u00e9 um imposto federal.<\/p>\n<p>Outra taxa de empr\u00e9stimo que pode ser cobrada \u00e9 a tarifa de cadastro.<\/p>\n<p><img decoding=\"async\" class=\"alignright size-full wp-image-37\" src=\"http:\/\/loanstar.com\/br\/wp-content\/uploads\/sites\/7\/2018\/09\/ill_gen_2.svg\" alt=\"emprestimo pessoal tarifa encargo\" width=\"312\" \/><\/p>\n<p>Institui\u00e7\u00f5es Financeiras podem decidir se v\u00e3o cobrar por isso ou n\u00e3o e qual ser\u00e1 o valor que o consumidor dever\u00e1 pagar.<\/p>\n<p>Al\u00e9m dos impostos, tarifas e dos juros, \u00e9 comum que o consumidor tenha a obriga\u00e7\u00e3o de pagar algum tipo de seguro, em caso de desemprego ou morte. Esse valor tamb\u00e9m deve fazer parte do Custo Efetivo Total (CET).<\/p>\n<p>\u00c9 importante saber que, como h\u00e1 uma grande concorr\u00eancia entre as institui\u00e7\u00f5es financeiras, voc\u00ea pode encontrar um empr\u00e9stimo pessoal com tarifas mais baixas e economizar bastante na hora da contrata\u00e7\u00e3o.<\/p>\n<p>Por isso, com a ajuda de um servi\u00e7o online seguro, como o nosso, voc\u00ea poder\u00e1 encontrar a melhor op\u00e7\u00e3o de empr\u00e9stimo oferecido pelas institui\u00e7\u00f5es.<\/p>\n<h2>Usos poss\u00edveis para quem pede um Empr\u00e9stimo Pessoal<\/h2>\n<p>O Empr\u00e9stimo Pessoal \u00e9 uma modalidade que pode ser bastante interessante por sua versatilidade. Abaixo vamos citar alguns cen\u00e1rios onde esse produto financeiro pode ajudar bastante.<\/p>\n<ul>\n<li>Empr\u00e9stimo pessoal em vez de financiamento<\/li>\n<\/ul>\n<p>Se voc\u00ea pensa em ter mais liberdade para utilizar o dinheiro, de acordo com as diferentes necessidades que podem surgir, a melhor escolha \u00e9 o empr\u00e9stimo pessoal. Al\u00e9m de ser r\u00e1pido, voc\u00ea ter\u00e1 mais autonomia para avaliar como o dinheiro poder\u00e1 ser aplicado.<\/p>\n<p>Alguns empreendedores recorrem bastante a um financiamento. Entretanto, essa modalidade de contrato banc\u00e1rio faz com que o dinheiro fique restrito a apenas uma finalidade pr\u00e9-definida, como por exemplo comprar um im\u00f3vel ou mesmo adquirir um carro.<\/p>\n<p>De modo diverso, o empr\u00e9stimo permite que voc\u00ea fa\u00e7a eventuais mudan\u00e7as na utiliza\u00e7\u00e3o do dinheiro, caso seja necess\u00e1rio.<\/p>\n<p>Dessa forma, os investimentos estar\u00e3o direcionados de acordo com o que for importante para manter o bom funcionamento de uma empresa e em conformidade com a necessidade do momento.<\/p>\n<ul>\n<li>Tenha sucesso na vida com o empr\u00e9stimo pessoal<\/li>\n<\/ul>\n<p>Com o empr\u00e9stimo pessoal, voc\u00ea pode pagar seus estudos, cursos e\/ou at\u00e9 mesmo montar o neg\u00f3cio dos seus sonhos. Com o empr\u00e9stimo pessoal \u00e9 poss\u00edvel investir em sua carreira, fazer cursos profissionalizantes, p\u00f3s-gradua\u00e7\u00e3o ou at\u00e9 mesmo um cursinho para concurso. Tudo isso gera possibilidades de sucessos futuros.<\/p>\n<p>Muitas pessoas tiveram resultados positivos dentro do <a href=\"https:\/\/exame.abril.com.br\/pme\/7-historias-de-empreendedores-para-voce-se-inspirar-em-2018\/\" target=\"_blank\" rel=\"noopener noreferrer\">empreendedorismo no Brasil<\/a>. Isso tamb\u00e9m pode fazer parte da sua vida. S\u00e3o in\u00fameras as pessoas que possuem v\u00e1rias id\u00e9ias interessantes e n\u00e3o t\u00eam dinheiro para coloc\u00e1-las em pr\u00e1tica.<\/p>\n<p>Dessa forma, o empr\u00e9stimo pessoal pode ser o passo inicial que voc\u00ea precisa para alavancar sua vida no mundo dos neg\u00f3cios.<\/p>\n<p>Com isso, voc\u00ea pode transformar o sonho de ser empreendedor em uma realidade. Mas \u00e9 importante ter cautela e come\u00e7ar com pequenas quantias, algo que voc\u00ea consiga quitar em alguns meses e que n\u00e3o comprometa grande parte de sua lucratividade mensal.<\/p>\n<ul>\n<li>Empr\u00e9stimo para aumentar o faturamento<\/li>\n<\/ul>\n<p>Em uma situa\u00e7\u00e3o de fragilidade econ\u00f4mica, um empr\u00e9stimo pode ser considerado um investimento. Isso, caso voc\u00ea tenha interesse em utilizar o dinheiro de maneira inteligente em seu pr\u00f3prio neg\u00f3cio.<\/p>\n<p>Um exemplo simples de empr\u00e9stimo como forma de investimento \u00e9 o caso de um empreendedor que esteja <strong>interessado em comprar maquin\u00e1rio para aumentar a produtividade de seu neg\u00f3cio<\/strong>.<\/p>\n<p>No caso de falta dinheiro para executar estes planos, o empr\u00e9stimo pessoal \u00e9 uma boa op\u00e7\u00e3o, pois ao comprar uma m\u00e1quina que aumentar\u00e1 as vendas e o faturamento, a empresa poder\u00e1 facilmente pagar o empr\u00e9stimo em curto prazo, com menos gastos com os juros e outras taxas banc\u00e1rias.<\/p>\n<p>Al\u00e9m do exemplo acima, o empr\u00e9stimo pessoal pode ser utilizado para garantir o estoque, negociar melhores pre\u00e7os com os fornecedores, contratar mais trabalhadores, al\u00e9m de ampliar o espa\u00e7o f\u00edsico.<\/p>\n<p>Todos esses exemplos, de certa forma, s\u00e3o considerados investimentos no neg\u00f3cio.<\/p>\n<h2>A import\u00e2ncia de pagar as parcelas em dia!<\/h2>\n<p>Hoje em dia, diversas empresas brasileiras utilizam o sistema de pontua\u00e7\u00e3o. Assim, os clientes que realizam os pagamentos das parcelas em dia, ganham pontos que aumentar\u00e3o os valores dispon\u00edveis na hora de pedir o seu pr\u00f3ximo empr\u00e9stimo.<\/p>\n<p>Isto \u00e9, se voc\u00ea for pontual no pagamento das parcelas, ter\u00e1 chances de conseguir seu pr\u00f3ximo empr\u00e9stimo de maneira mais r\u00e1pida e no valor desejado.<\/p>\n<p>\u00c9 importante que o cliente que vai contratar um empr\u00e9stimo conhe\u00e7a todos os riscos poss\u00edveis em caso de atraso do pagamento e saiba, tamb\u00e9m, que existem diferentes tipos de cr\u00e9dito dispon\u00edveis. Em um empr\u00e9stimo com garantia, por exemplo, \u00e9 poss\u00edvel que o bem seja tomado, pois foi dado como garantia.<\/p>\n<p>J\u00e1 em outros tipos de empr\u00e9stimos, o atraso ou a <a href=\"http:\/\/agenciabrasil.ebc.com.br\/economia\/noticia\/2018-11\/inadimplencia-atinge-62-milhoes-de-brasileiros-e-afeta-3-do-credito\" target=\"_blank\" rel=\"noopener noreferrer\">falta de pagamento<\/a> s\u00e3o causas para a inscri\u00e7\u00e3o do nome do mutu\u00e1rio em cadastros de inadimplentes como Serasa e SCPC.<\/p>\n<p>Portanto, al\u00e9m de conhecer as consequ\u00eancias do n\u00e3o pagamento das parcelas, voc\u00ea precisa estar certo de que o valor das presta\u00e7\u00f5es do empr\u00e9stimo ser\u00e1 garantido no seu or\u00e7amento futuro.<\/p>\n<p>\u00c9 interessante, tamb\u00e9m, <strong>criar uma reserva de emerg\u00eancia para garantir a quita\u00e7\u00e3o das mensalidades<\/strong> em caso de imprevistos em suas despesas.<\/p>\n<p>Assim, voc\u00ea far\u00e1 um empr\u00e9stimo respons\u00e1vel e poder\u00e1 usufruir dos benef\u00edcios sem riscos e sem preju\u00edzos.<\/p>\n","protected":false},"excerpt":{"rendered":"<p>Entenda as particularidades do empr\u00e9stimo pessoal O empr\u00e9stimo pessoal \u00e9 uma modalidade de empr\u00e9stimo em que uma das partes concede&#8230;<\/p>\n","protected":false},"author":1,"featured_media":0,"parent":94,"menu_order":0,"comment_status":"closed","ping_status":"closed","template":"templates\/calculator-follow-up.php","meta":{"footnotes":""},"yoast_head":"<!-- This site is optimized with the Yoast SEO plugin v21.0 - https:\/\/yoast.com\/wordpress\/plugins\/seo\/ -->\n<title>Empr\u00e9stimo Pessoal: como pedir e no que posso usar - LoanStar Brasil<\/title>\n<meta name=\"description\" content=\"O empr\u00e9stimo pessoal \u00e9 uma boa op\u00e7\u00e3o para quitar d\u00edvidas, arcar com alguma urg\u00eancia e at\u00e9 para empreendedores darem o pontap\u00e9 inicial na sua ideia\" \/>\n<meta name=\"robots\" content=\"index, follow, max-snippet:-1, max-image-preview:large, max-video-preview:-1\" \/>\n<link rel=\"canonical\" href=\"https:\/\/loanstar.com\/br\/emprestimo\/pessoal\/\" \/>\n<meta property=\"og:locale\" content=\"pt_BR\" \/>\n<meta property=\"og:type\" content=\"article\" \/>\n<meta property=\"og:title\" content=\"Empr\u00e9stimo Pessoal: como pedir e no que posso usar - LoanStar Brasil\" \/>\n<meta property=\"og:description\" content=\"O empr\u00e9stimo pessoal \u00e9 uma boa op\u00e7\u00e3o para quitar d\u00edvidas, arcar com alguma urg\u00eancia e at\u00e9 para empreendedores darem o pontap\u00e9 inicial na sua ideia\" \/>\n<meta property=\"og:url\" content=\"https:\/\/loanstar.com\/br\/emprestimo\/pessoal\/\" \/>\n<meta property=\"og:site_name\" content=\"LoanStar Brasil\" \/>\n<meta property=\"article:modified_time\" content=\"2019-07-08T12:13:36+00:00\" \/>\n<meta property=\"og:image\" content=\"http:\/\/loanstar.com\/br\/wp-content\/uploads\/sites\/7\/2018\/10\/background-img-1.svg\" \/>\n<meta name=\"twitter:card\" content=\"summary_large_image\" \/>\n<meta name=\"twitter:label1\" content=\"Est. tempo de leitura\" \/>\n\t<meta name=\"twitter:data1\" content=\"11 minutos\" \/>\n<script type=\"application\/ld+json\" class=\"yoast-schema-graph\">{\"@context\":\"https:\/\/schema.org\",\"@graph\":[{\"@type\":\"WebPage\",\"@id\":\"https:\/\/loanstar.com\/br\/emprestimo\/pessoal\/\",\"url\":\"https:\/\/loanstar.com\/br\/emprestimo\/pessoal\/\",\"name\":\"Empr\u00e9stimo Pessoal: como pedir e no que posso usar - LoanStar Brasil\",\"isPartOf\":{\"@id\":\"https:\/\/loanstar.com\/br\/#website\"},\"datePublished\":\"2018-09-24T13:12:05+00:00\",\"dateModified\":\"2019-07-08T12:13:36+00:00\",\"description\":\"O empr\u00e9stimo pessoal \u00e9 uma boa op\u00e7\u00e3o para quitar d\u00edvidas, arcar com alguma urg\u00eancia e at\u00e9 para empreendedores darem o pontap\u00e9 inicial na sua ideia\",\"breadcrumb\":{\"@id\":\"https:\/\/loanstar.com\/br\/emprestimo\/pessoal\/#breadcrumb\"},\"inLanguage\":\"pt-BR\",\"potentialAction\":[{\"@type\":\"ReadAction\",\"target\":[\"https:\/\/loanstar.com\/br\/emprestimo\/pessoal\/\"]}]},{\"@type\":\"BreadcrumbList\",\"@id\":\"https:\/\/loanstar.com\/br\/emprestimo\/pessoal\/#breadcrumb\",\"itemListElement\":[{\"@type\":\"ListItem\",\"position\":1,\"name\":\"Brasil\",\"item\":\"https:\/\/loanstar.com\/br\/\"},{\"@type\":\"ListItem\",\"position\":2,\"name\":\"Empr\u00e9stimo online\",\"item\":\"https:\/\/loanstar.com\/br\/emprestimo\/\"},{\"@type\":\"ListItem\",\"position\":3,\"name\":\"Empr\u00e9stimo pessoal\"}]},{\"@type\":\"WebSite\",\"@id\":\"https:\/\/loanstar.com\/br\/#website\",\"url\":\"https:\/\/loanstar.com\/br\/\",\"name\":\"LoanStar Brasil\",\"description\":\"Comparar empr\u00e9stimos\",\"potentialAction\":[{\"@type\":\"SearchAction\",\"target\":{\"@type\":\"EntryPoint\",\"urlTemplate\":\"https:\/\/loanstar.com\/br\/?s={search_term_string}\"},\"query-input\":\"required name=search_term_string\"}],\"inLanguage\":\"pt-BR\"}]}<\/script>\n<!-- \/ Yoast SEO plugin. -->","yoast_head_json":{"title":"Empr\u00e9stimo Pessoal: como pedir e no que posso usar - LoanStar Brasil","description":"O empr\u00e9stimo pessoal \u00e9 uma boa op\u00e7\u00e3o para quitar d\u00edvidas, arcar com alguma urg\u00eancia e at\u00e9 para empreendedores darem o pontap\u00e9 inicial na sua ideia","robots":{"index":"index","follow":"follow","max-snippet":"max-snippet:-1","max-image-preview":"max-image-preview:large","max-video-preview":"max-video-preview:-1"},"canonical":"https:\/\/loanstar.com\/br\/emprestimo\/pessoal\/","og_locale":"pt_BR","og_type":"article","og_title":"Empr\u00e9stimo Pessoal: como pedir e no que posso usar - LoanStar Brasil","og_description":"O empr\u00e9stimo pessoal \u00e9 uma boa op\u00e7\u00e3o para quitar d\u00edvidas, arcar com alguma urg\u00eancia e at\u00e9 para empreendedores darem o pontap\u00e9 inicial na sua ideia","og_url":"https:\/\/loanstar.com\/br\/emprestimo\/pessoal\/","og_site_name":"LoanStar Brasil","article_modified_time":"2019-07-08T12:13:36+00:00","og_image":[{"url":"http:\/\/loanstar.com\/br\/wp-content\/uploads\/sites\/7\/2018\/10\/background-img-1.svg"}],"twitter_card":"summary_large_image","twitter_misc":{"Est. tempo de leitura":"11 minutos"},"schema":{"@context":"https:\/\/schema.org","@graph":[{"@type":"WebPage","@id":"https:\/\/loanstar.com\/br\/emprestimo\/pessoal\/","url":"https:\/\/loanstar.com\/br\/emprestimo\/pessoal\/","name":"Empr\u00e9stimo Pessoal: como pedir e no que posso usar - LoanStar Brasil","isPartOf":{"@id":"https:\/\/loanstar.com\/br\/#website"},"datePublished":"2018-09-24T13:12:05+00:00","dateModified":"2019-07-08T12:13:36+00:00","description":"O empr\u00e9stimo pessoal \u00e9 uma boa op\u00e7\u00e3o para quitar d\u00edvidas, arcar com alguma urg\u00eancia e at\u00e9 para empreendedores darem o pontap\u00e9 inicial na sua ideia","breadcrumb":{"@id":"https:\/\/loanstar.com\/br\/emprestimo\/pessoal\/#breadcrumb"},"inLanguage":"pt-BR","potentialAction":[{"@type":"ReadAction","target":["https:\/\/loanstar.com\/br\/emprestimo\/pessoal\/"]}]},{"@type":"BreadcrumbList","@id":"https:\/\/loanstar.com\/br\/emprestimo\/pessoal\/#breadcrumb","itemListElement":[{"@type":"ListItem","position":1,"name":"Brasil","item":"https:\/\/loanstar.com\/br\/"},{"@type":"ListItem","position":2,"name":"Empr\u00e9stimo online","item":"https:\/\/loanstar.com\/br\/emprestimo\/"},{"@type":"ListItem","position":3,"name":"Empr\u00e9stimo pessoal"}]},{"@type":"WebSite","@id":"https:\/\/loanstar.com\/br\/#website","url":"https:\/\/loanstar.com\/br\/","name":"LoanStar Brasil","description":"Comparar empr\u00e9stimos","potentialAction":[{"@type":"SearchAction","target":{"@type":"EntryPoint","urlTemplate":"https:\/\/loanstar.com\/br\/?s={search_term_string}"},"query-input":"required name=search_term_string"}],"inLanguage":"pt-BR"}]}},"_links":{"self":[{"href":"https:\/\/loanstar.com\/br\/wp-json\/wp\/v2\/pages\/96"}],"collection":[{"href":"https:\/\/loanstar.com\/br\/wp-json\/wp\/v2\/pages"}],"about":[{"href":"https:\/\/loanstar.com\/br\/wp-json\/wp\/v2\/types\/page"}],"author":[{"embeddable":true,"href":"https:\/\/loanstar.com\/br\/wp-json\/wp\/v2\/users\/1"}],"replies":[{"embeddable":true,"href":"https:\/\/loanstar.com\/br\/wp-json\/wp\/v2\/comments?post=96"}],"version-history":[{"count":1,"href":"https:\/\/loanstar.com\/br\/wp-json\/wp\/v2\/pages\/96\/revisions"}],"predecessor-version":[{"id":280,"href":"https:\/\/loanstar.com\/br\/wp-json\/wp\/v2\/pages\/96\/revisions\/280"}],"up":[{"embeddable":true,"href":"https:\/\/loanstar.com\/br\/wp-json\/wp\/v2\/pages\/94"}],"wp:attachment":[{"href":"https:\/\/loanstar.com\/br\/wp-json\/wp\/v2\/media?parent=96"}],"curies":[{"name":"wp","href":"https:\/\/api.w.org\/{rel}","templated":true}]}}