{"id":94,"date":"2018-09-24T12:59:53","date_gmt":"2018-09-24T12:59:53","guid":{"rendered":"http:\/\/loanstar.com\/br\/?page_id=94"},"modified":"2019-07-04T09:05:15","modified_gmt":"2019-07-04T12:05:15","slug":"emprestimo","status":"publish","type":"page","link":"https:\/\/loanstar.com\/br\/emprestimo\/","title":{"rendered":"Empr\u00e9stimo online"},"content":{"rendered":"<h2>Fazer um empr\u00e9stimo online \u00e9 f\u00e1cil e r\u00e1pido<\/h2>\n<p>Atualmente, devido ao r\u00e1pido desenvolvimento tecnol\u00f3gico, transa\u00e7\u00f5es financeiras online s\u00e3o cada vez mais comuns. Muitas institui\u00e7\u00f5es financeiras j\u00e1 fazem opera\u00e7\u00f5es deste tipo e clientes necessitam apenas de uma boa conex\u00e3o com a internet.<\/p>\n<p><strong>Tudo \u00e9 feito de maneira r\u00e1pida e sem excesso de burocracia<\/strong>.<\/p>\n<p>Agentes financeiros obt\u00eam dados sobre a capacidade de pagamento do mutu\u00e1rio, por meio de servi\u00e7os automatizados.<\/p>\n<p>Ap\u00f3s isso, o cliente recebe informa\u00e7\u00f5es detalhadas e claras sobre as formas de contrata\u00e7\u00e3o, taxas de juros utilizadas, quais tarifas ser\u00e3o aplicadas, os impostos que incidir\u00e3o (IOF) e, logicamente, o Custo Efetivo Total (CET).<\/p>\n<p>Com todas as informa\u00e7\u00f5es e op\u00e7\u00f5es em m\u00e3os, o usu\u00e1rio pode escolher a melhor forma de empr\u00e9stimo, a mais adequada ao seu perfil e suas necessidades pessoais. Tudo isso sem precisar sair de casa.<\/p>\n<p>As modalidades mais comuns de cr\u00e9dito oferecidas online s\u00e3o o empr\u00e9stimo pessoal e o cart\u00e3o de cr\u00e9dito, mas tamb\u00e9m \u00e9 poss\u00edvel conseguir outras linhas como o empr\u00e9stimo consignado, financiamento de carro e de im\u00f3vel.<\/p>\n<h2>Comodidade na hora de realizar um empr\u00e9stimo<\/h2>\n<p>S\u00e3o in\u00fameras as raz\u00f5es pelas quais realizar um empr\u00e9stimo online \u00e9 melhor do que se dirigir pessoalmente \u00e0s ag\u00eancias financeiras. Tempo, seguran\u00e7a e melhores ofertas s\u00e3o exemplos dos benef\u00edcios adquiridos pela escolha desta modalidade.<\/p>\n<p>Se voc\u00ea \u00e9 uma pessoa que sabe usufruir do desenvolvimento tecnol\u00f3gico, n\u00e3o vai mais precisar perder tempo. Olha s\u00f3 as dores de cabe\u00e7a que voc\u00ea poupa fazendo todo o processo no computador ou celular.<\/p>\n<ul>\n<li>Se deslocar at\u00e9 uma ag\u00eancia banc\u00e1ria<\/li>\n<li>Procurar vaga para estacionar o carro<\/li>\n<li>Carregar documentos at\u00e9 o banco ou ag\u00eancia da institui\u00e7\u00e3o de cr\u00e9dito<\/li>\n<li>Falar com o gerente e convenc\u00ea-lo de sua necessidade<\/li>\n<\/ul>\n<p>Decis\u00f5es tomadas com calma, por exemplo, no conforto de uma rede, <strong>agora s\u00e3o perfeitamente poss\u00edveis com a modalidade de empr\u00e9stimo online<\/strong>.<\/p>\n<p>E o melhor, quando h\u00e1 a possibilidade de contratar um empr\u00e9stimo online de forma segura, por meio de uma plataforma que presta servi\u00e7os com excel\u00eancia e garante a satisfa\u00e7\u00e3o do consumidor.<\/p>\n<p>Parece um sonho, mas agora \u00e9 realidade.<\/p>\n<h2>Uma boa op\u00e7\u00e3o para quem precisa de dinheiro com urg\u00eancia<\/h2>\n<p>Na atual conjuntura social e econ\u00f4mica que vivenciamos, n\u00e3o \u00e9 estranho algu\u00e9m necessitar urgentemente de dinheiro. No Brasil, j\u00e1 existem v\u00e1rias institui\u00e7\u00f5es financeiras que oferecem empr\u00e9stimo online de maneira r\u00e1pida e descomplicada.<\/p>\n<p><img decoding=\"async\" class=\"alignright size-full wp-image-82\" src=\"http:\/\/loanstar.com\/br\/wp-content\/uploads\/sites\/7\/2018\/09\/ill_body_13.svg\" alt=\"emprestimo online urgencia\" width=\"312\" \/><\/p>\n<p>Inclusive, esta \u00e9 uma das melhores modalidades de empr\u00e9stimo, se voc\u00ea precisar de dinheiro com urg\u00eancia. Nesse caso, \u00e9 importante que voc\u00ea busque uma plataforma online que ofere\u00e7a esse tipo de servi\u00e7o e tamb\u00e9m que fique atento na hora de preencher os seus dados.<\/p>\n<p>Quanto mais detalhadas forem as informa\u00e7\u00f5es enviadas, mais eficaz ser\u00e1 todo o processo e mais r\u00e1pido voc\u00ea ter\u00e1 acesso ao capital. Especialmente, se voc\u00ea pedir emprestado de um banco ou institui\u00e7\u00e3o de cr\u00e9dito onde voc\u00ea j\u00e1 \u00e9 cliente.<\/p>\n<h2>Quem pode fazer empr\u00e9stimos online<\/h2>\n<p>Para fazer um empr\u00e9stimo online, \u00e9 necess\u00e1rio ter mais de 18 anos, possuir uma conta corrente banc\u00e1ria individual e comprovante de resid\u00eancia. Com esses requisitos, \u00e9 poss\u00edvel executar o processo de empr\u00e9stimo online, desde solicita\u00e7\u00e3o, envio de documentos e aprova\u00e7\u00e3o.<\/p>\n<p>Vale ressaltar que qualquer solicita\u00e7\u00e3o de empr\u00e9stimo \u00e9 realizada por meio do pr\u00f3prio site, no qual tamb\u00e9m \u00e9 poss\u00edvel fazer uma simula\u00e7\u00e3o do empr\u00e9stimo e escolher a melhor forma de pagamento.<\/p>\n<p>Ap\u00f3s o envio dos dados e documentos, <strong>a institui\u00e7\u00e3o escolhida far\u00e1 a an\u00e1lise de cr\u00e9dito do consumidor<\/strong> para decidir se ir\u00e1 ou n\u00e3o aprovar a solicita\u00e7\u00e3o.<\/p>\n<p>Muitas institui\u00e7\u00f5es utilizam as informa\u00e7\u00f5es enviadas pelo cliente para fazer uma an\u00e1lise e dar uma nota de cr\u00e9dito que indica o perfil do usu\u00e1rio e qual seria o risco de inadimpl\u00eancia.<\/p>\n<p>Ap\u00f3s a verifica\u00e7\u00e3o, a pontua\u00e7\u00e3o \u00e9 checada e o cr\u00e9dito poder\u00e1 ser aprovado ou n\u00e3o.<\/p>\n<p>Algumas institui\u00e7\u00f5es realizam o empr\u00e9stimo mesmo se o cliente estiver inscrito no <a href=\"http:\/\/loanstar.com\/br\/limpe-seu-nome-serasa-spc-scpc\/\" target=\"_blank\" rel=\"noopener noreferrer\">Cadastro de Inadimplentes<\/a>. Veremos mais no pr\u00f3ximo t\u00f3pico.<\/p>\n<h2>Empr\u00e9stimo mesmo com o nome sujo<\/h2>\n<p>Como explicado acima, a maioria das institui\u00e7\u00f5es financeiras fazem uma an\u00e1lise do perfil do consumidor, inclusive com consulta para verificar se o nome do cliente est\u00e1 inscrito em algum \u00d3rg\u00e3o de Restri\u00e7\u00e3o ao Cr\u00e9dito.<\/p>\n<p>Infelizmente, se o nome estiver inscrito no Cadastro de Devedores Inadimplentes, o consumidor ter\u00e1 dificuldade para conseguir um empr\u00e9stimo pessoal, pois o adimplemento \u00e9 um dos requisitos utilizado por v\u00e1rias institui\u00e7\u00f5es que realizam empr\u00e9stimo online.<\/p>\n<p>Por\u00e9m, se voc\u00ea n\u00e3o possui condi\u00e7\u00f5es de pagar o d\u00e9bito e limpar o nome, existem algumas institui\u00e7\u00f5es financeiras que fazem empr\u00e9stimos espec\u00edficos para quem est\u00e1 inscrito nos Cadastros de Devedores Inadimplentes. Entretanto, nessas condi\u00e7\u00f5es, \u00e9 comum a libera\u00e7\u00e3o de cr\u00e9ditos mais baixos.<\/p>\n<p>Portanto, <strong>voc\u00ea at\u00e9 pode conseguir empr\u00e9stimo online com o nome sujo<\/strong>, mas o valor liberado vai depender do tamanho da sua d\u00edvida.<\/p>\n<p>Importante ressaltar que uma boa op\u00e7\u00e3o para quem possui o nome no Cadastro de Devedores Inadimplentes, \u00e9 escolher a modalidade consignado, pois o valor da mensalidade \u00e9 descontada diretamente da folha de pagamento da pessoa que o solicitou, assim, devido a garantia de pagamento, o limite pode ser um pouco maior.<\/p>\n<h2>Fatores importantes na hora de realizar um empr\u00e9stimo online<\/h2>\n<p>Primeiro passo importante antes de decidir pela contrata\u00e7\u00e3o de um empr\u00e9stimo \u00e9 fazer uma an\u00e1lise minuciosa de todos os seus ganhos, despesas e d\u00edvidas. O ideal \u00e9 fazer uma planilha, assim facilitar\u00e1 a checagem. Ap\u00f3s o estudo de sua situa\u00e7\u00e3o financeira, voc\u00ea saber\u00e1 se a presta\u00e7\u00e3o caber\u00e1 em seu or\u00e7amento.<\/p>\n<p><img decoding=\"async\" class=\"alignright size-full wp-image-86\" src=\"http:\/\/loanstar.com\/br\/wp-content\/uploads\/sites\/7\/2018\/09\/ill_body_17.svg\" alt=\"emprestimo online fatores importantes\" width=\"312\" \/><\/p>\n<p>Se a inten\u00e7\u00e3o do empr\u00e9stimo \u00e9 pagar uma d\u00edvida com taxas de juros altas, como por exemplo de cheque especial ou cart\u00e3o de cr\u00e9dito, \u00e9 importante prestar aten\u00e7\u00e3o nas taxas e comparar atentamente para ter certeza que a troca de d\u00edvidas ser\u00e1 uma boa solu\u00e7\u00e3o.<\/p>\n<p>Destaca-se que ao recorrer ao cr\u00e9dito pessoal para quitar d\u00e9bitos no cart\u00e3o de cr\u00e9dito, o consumidor trocar\u00e1 uma taxa alta por uma mais em conta, pois as varia\u00e7\u00f5es destas podem ir de 1,9% a 18% ao m\u00eas.<\/p>\n<p>Tamb\u00e9m pode ser uma boa ideia <strong>procurar opini\u00f5es de clientes sobre o banco ou institui\u00e7\u00e3o de cr\u00e9dito<\/strong> que voc\u00ea pensa em escolher.<\/p>\n<p>Saber o grau de satisfa\u00e7\u00e3o dos clientes que contrataram a institui\u00e7\u00e3o financeira onde voc\u00ea pretende realizar o empr\u00e9stimo te deixar\u00e1 mais seguro na hora da contrata\u00e7\u00e3o.<\/p>\n<h2>Como encontrar o empr\u00e9stimo mais ben\u00e9fico<\/h2>\n<p>Em primeiro lugar, voc\u00ea precisa descobrir que tipo de empr\u00e9stimo se ad\u00e9qua \u00e0s suas necessidades. Ap\u00f3s, \u00e9 preciso comparar estes dentro da categoria escolhida e analisar previamente as vantagens e desvantagens de cada um.<\/p>\n<p>O processo de escolha do melhor empr\u00e9stimo pode at\u00e9 parecer complicado, por\u00e9m, se for feito na modalidade online, o pr\u00f3prio sistema rapidamente te informar\u00e1 as especificidades de cada contrato de maneira segura.<\/p>\n<p>Voc\u00ea n\u00e3o tem nada a perder ao comparar, mas \u00e9 um pequeno esfor\u00e7o pelo qual voc\u00ea pode economizar grandes quantias e encontrar o que se encaixa perfeitamente nas suas necessidades e possibilidades.<\/p>\n<p>Alguns especialistas em economia entendem que o empr\u00e9stimo ideal \u00e9 aquele em que as parcelas ficam limitadas a 30% da sua renda l\u00edquida mensal, ou seja, do dinheiro que cai na sua conta.<\/p>\n<h2>O Custo Efetivo Total dos contratos de empr\u00e9stimos<\/h2>\n<p>Na hora de analisar os contratos, \u00e9 importante conhecer o CET (Custo Efetivo Total), que leva em conta n\u00e3o s\u00f3 as taxas de juros, mas todos os tributos, tarifas, seguros e despesas que o consumidor tenha que quitar por conta do empr\u00e9stimo ou financiamento.<\/p>\n<p>Como um empr\u00e9stimo pode ter juros menores e cobrar tarifas e seguros mais caros, verificar o CET \u00e9 a forma mais eficaz na hora de comparar diferentes contratos.<\/p>\n<p>As Institui\u00e7\u00f5es Financeiras podem decidir quais taxas de empr\u00e9stimos v\u00e3o cobrar dos consumidores. <strong>Por isso, \u00e9 muito importante pesquisar e <a href=\"http:\/\/loanstar.com\/br\/\" target=\"_blank\" rel=\"noopener noreferrer\">comparar as op\u00e7\u00f5es dispon\u00edveis<\/a> no mercado<\/strong>.<\/p>\n<h2>O que o consumidor precisa saber sobre tarifas e encargos<\/h2>\n<p>Na hora da contrata\u00e7\u00e3o, \u00e9 importante que o consumidor preste aten\u00e7\u00e3o no Imposto sobre Opera\u00e7\u00f5es Financeiras (IOF), que \u00e9 um imposto federal, e no seguro. O IOF \u00e9 cobrado em opera\u00e7\u00f5es de c\u00e2mbio, empr\u00e9stimos, seguros e, tamb\u00e9m, em t\u00edtulos e valores mobili\u00e1rios, que s\u00e3o modalidades de investimentos.<\/p>\n<p>Outra taxa de empr\u00e9stimo que pode ser cobrada \u00e9 a tarifa de cadastro. Institui\u00e7\u00f5es Financeiras podem decidir se v\u00e3o cobrar por isso e qual ser\u00e1 o valor que o consumidor dever\u00e1 pagar.<\/p>\n<p>Al\u00e9m de impostos, tarifas e juros, \u00e9 comum que o consumidor tenha a obriga\u00e7\u00e3o de pagar algum tipo de seguro, em caso de desemprego. Este valor tamb\u00e9m deve fazer parte do <a href=\"https:\/\/www.serasaconsumidor.com.br\/ensina\/seu-credito\/cet-o-que-e-para-que-serve\/\" target=\"_blank\" rel=\"noopener noreferrer\">Custo Efetivo Total (CET)<\/a>.<\/p>\n<h2>Empr\u00e9stimo online em vez de financiamento<\/h2>\n<p>Se voc\u00ea deseja mais liberdade para utilizar o dinheiro de acordo com as diferentes necessidades que podem surgir, o empr\u00e9stimo online \u00e9 a melhor escolha. Al\u00e9m de ser r\u00e1pido, voc\u00ea ter\u00e1 mais autonomia para avaliar como o capital poder\u00e1 ser aplicado.<\/p>\n<p><img decoding=\"async\" class=\"alignright size-full wp-image-145\" src=\"http:\/\/loanstar.com\/br\/wp-content\/uploads\/sites\/7\/2018\/10\/list-info-img-2.svg\" alt=\"emprestimo online beneficios\" width=\"312\" \/><\/p>\n<p>Alguns empreendedores recorrem bastante a um financiamento. Entretanto, essa modalidade de contrato banc\u00e1rio faz com que os recursos sejam usados somente para uma finalidade, como comprar um im\u00f3vel, adquirir um carro, entre outras.<\/p>\n<p>De modo diverso, o empr\u00e9stimo permite que o consumidor fa\u00e7a eventuais mudan\u00e7as na utiliza\u00e7\u00e3o do dinheiro, caso seja necess\u00e1rio.<\/p>\n<p>Dessa forma, os investimentos estar\u00e3o direcionados de acordo com o que for importante para manter o bom funcionamento de uma empresa e em conformidade com a necessidade do momento.<\/p>\n<h2>Empr\u00e9stimo para montar um neg\u00f3cio<\/h2>\n<p>Muitos empreendedores desenvolveram uma trajet\u00f3ria de sucesso no Brasil. O sucesso tamb\u00e9m pode fazer parte da sua vida. <a href=\"https:\/\/www.insper.edu.br\/conhecimento\/estrategia-e-gestao\/empreender-quarto-maior-sonho-brasileiros\/\">S\u00e3o in\u00fameras as pessoas<\/a> com v\u00e1rias ideias interessantes, mas que n\u00e3o possuem dinheiro para coloc\u00e1-las em pr\u00e1tica.<\/p>\n<p>Portanto, o empr\u00e9stimo online pode ser o passo inicial que voc\u00ea precisa para alavancar sua vida no mundo dos neg\u00f3cios. <strong>Com isso, voc\u00ea pode transformar o sonho de ser empreendedor em realidade.<\/strong><\/p>\n<p>Mas \u00e9 importante ter em mente que o ideal \u00e9 come\u00e7ar com pequenas quantias, algo que voc\u00ea consiga quitar em alguns meses e que n\u00e3o comprometa grande parte de sua lucratividade mensal.<\/p>\n<h2>Empr\u00e9stimo para aumentar o faturamento<\/h2>\n<p>Em uma situa\u00e7\u00e3o de fragilidade econ\u00f4mica, um empr\u00e9stimo pode ser considerado um investimento, caso a empresa tenha planejado utilizar o dinheiro de maneira inteligente.<\/p>\n<p>Um exemplo simples de empr\u00e9stimo como forma de investimento \u00e9 o caso de um empreendedor que esteja interessado em comprar uma m\u00e1quina para aumentar a produtividade de sua f\u00e1brica.<\/p>\n<p>Nesse exemplo, este recurso \u00e9 uma excelente medida para o neg\u00f3cio, pois ao comprar o equipamento que aumentar\u00e1 as vendas e o faturamento, a empresa poder\u00e1 facilmente pagar o empr\u00e9stimo em curto prazo, com menos gastos com os juros e outras taxas banc\u00e1rias.<\/p>\n<p>Al\u00e9m do exemplo acima, um empr\u00e9stimo online pode ser utilizado para criar estoque, negociar com fornecedores, contratar m\u00e3o de obra, ampliar espa\u00e7o f\u00edsico, etc.<\/p>\n<p>Todos esses exemplos, de certa forma, s\u00e3o considerados investimentos no neg\u00f3cio.<\/p>\n<h2>A import\u00e2ncia de pagar as parcelas em dia<\/h2>\n<p>Hoje em dia, diversas empresas brasileiras utilizam o sistema de pontua\u00e7\u00e3o. Portanto, clientes que efetuam pagamentos das parcelas em dia ganham pontos, que aumentar\u00e3o os valores dispon\u00edveis na hora de pedir o seu pr\u00f3ximo empr\u00e9stimo.<\/p>\n<p>Isto \u00e9, se voc\u00ea for pontual no pagamento das parcelas, ter\u00e1 chances de conseguir seu pr\u00f3ximo empr\u00e9stimo de maneira mais r\u00e1pida e no valor desejado.<\/p>\n<p>\u00c9 importante que <strong>o cliente que vai contratar um empr\u00e9stimo conhe\u00e7a todos os riscos poss\u00edveis<\/strong> em caso de atraso do pagamento, bem como saber que existem diferentes tipos de cr\u00e9dito dispon\u00edveis.<\/p>\n<p>Em um empr\u00e9stimo com garantia, por exemplo, \u00e9 poss\u00edvel que o bem seja tomado, pois foi dado como garantia (como o nome diz). J\u00e1 outros tipos de cr\u00e9dito podem gerar a negativa\u00e7\u00e3o do CPF em \u00f3rg\u00e3os como Serasa e SCPC.<\/p>\n<p>H\u00e1 tamb\u00e9m alguns contratos de financiamento em que os bancos oferecem descontos para clientes que pagam sempre as parcelas em dia. Neste caso, o preju\u00edzo pode se dar na perda deste desconto.<\/p>\n<p>Al\u00e9m disso, no caso de um <a href=\"http:\/\/loanstar.com\/br\/emprestimo\/financiamento-de-imovel\/\" target=\"_blank\" rel=\"noopener noreferrer\">financiamento imobili\u00e1rio<\/a> (com aliena\u00e7\u00e3o fiduci\u00e1ria), se o cliente atrasar mais de tr\u00eas parcelas, poder\u00e1 ter o im\u00f3vel retomado pelo banco.<\/p>\n","protected":false},"excerpt":{"rendered":"<p>Fazer um empr\u00e9stimo online \u00e9 f\u00e1cil e r\u00e1pido Atualmente, devido ao r\u00e1pido desenvolvimento tecnol\u00f3gico, transa\u00e7\u00f5es financeiras online s\u00e3o cada vez&#8230;<\/p>\n","protected":false},"author":1,"featured_media":0,"parent":0,"menu_order":0,"comment_status":"closed","ping_status":"closed","template":"templates\/calculator-main.php","meta":{"footnotes":""},"yoast_head":"<!-- This site is optimized with the Yoast SEO plugin v21.0 - https:\/\/yoast.com\/wordpress\/plugins\/seo\/ -->\n<title>Empr\u00e9stimo online: conhe\u00e7a e compare as op\u00e7\u00f5es - LoanStar Brasil<\/title>\n<meta name=\"description\" content=\"O empr\u00e9stimo online \u00e9 uma enorme facilidade, poupando tempo e trabalho para quem precisar de uma ajuda no orcamento. Conhe\u00e7a as melhores op\u00e7\u00f5es\" \/>\n<meta name=\"robots\" content=\"index, follow, max-snippet:-1, max-image-preview:large, max-video-preview:-1\" \/>\n<link rel=\"canonical\" href=\"https:\/\/loanstar.com\/br\/emprestimo\/\" \/>\n<meta property=\"og:locale\" content=\"pt_BR\" \/>\n<meta property=\"og:type\" content=\"article\" \/>\n<meta property=\"og:title\" content=\"Empr\u00e9stimo online: conhe\u00e7a e compare as op\u00e7\u00f5es - LoanStar Brasil\" \/>\n<meta property=\"og:description\" content=\"O empr\u00e9stimo online \u00e9 uma enorme facilidade, poupando tempo e trabalho para quem precisar de uma ajuda no orcamento. Conhe\u00e7a as melhores op\u00e7\u00f5es\" \/>\n<meta property=\"og:url\" content=\"https:\/\/loanstar.com\/br\/emprestimo\/\" \/>\n<meta property=\"og:site_name\" content=\"LoanStar Brasil\" \/>\n<meta property=\"article:modified_time\" content=\"2019-07-04T12:05:15+00:00\" \/>\n<meta property=\"og:image\" content=\"http:\/\/loanstar.com\/br\/wp-content\/uploads\/sites\/7\/2018\/09\/ill_body_13.svg\" \/>\n<meta name=\"twitter:card\" content=\"summary_large_image\" \/>\n<meta name=\"twitter:label1\" content=\"Est. tempo de leitura\" \/>\n\t<meta name=\"twitter:data1\" content=\"11 minutos\" \/>\n<script type=\"application\/ld+json\" class=\"yoast-schema-graph\">{\"@context\":\"https:\/\/schema.org\",\"@graph\":[{\"@type\":\"WebPage\",\"@id\":\"https:\/\/loanstar.com\/br\/emprestimo\/\",\"url\":\"https:\/\/loanstar.com\/br\/emprestimo\/\",\"name\":\"Empr\u00e9stimo online: conhe\u00e7a e compare as op\u00e7\u00f5es - LoanStar Brasil\",\"isPartOf\":{\"@id\":\"https:\/\/loanstar.com\/br\/#website\"},\"datePublished\":\"2018-09-24T12:59:53+00:00\",\"dateModified\":\"2019-07-04T12:05:15+00:00\",\"description\":\"O empr\u00e9stimo online \u00e9 uma enorme facilidade, poupando tempo e trabalho para quem precisar de uma ajuda no orcamento. Conhe\u00e7a as melhores op\u00e7\u00f5es\",\"breadcrumb\":{\"@id\":\"https:\/\/loanstar.com\/br\/emprestimo\/#breadcrumb\"},\"inLanguage\":\"pt-BR\",\"potentialAction\":[{\"@type\":\"ReadAction\",\"target\":[\"https:\/\/loanstar.com\/br\/emprestimo\/\"]}]},{\"@type\":\"BreadcrumbList\",\"@id\":\"https:\/\/loanstar.com\/br\/emprestimo\/#breadcrumb\",\"itemListElement\":[{\"@type\":\"ListItem\",\"position\":1,\"name\":\"Brasil\",\"item\":\"https:\/\/loanstar.com\/br\/\"},{\"@type\":\"ListItem\",\"position\":2,\"name\":\"Empr\u00e9stimo online\"}]},{\"@type\":\"WebSite\",\"@id\":\"https:\/\/loanstar.com\/br\/#website\",\"url\":\"https:\/\/loanstar.com\/br\/\",\"name\":\"LoanStar Brasil\",\"description\":\"Comparar empr\u00e9stimos\",\"potentialAction\":[{\"@type\":\"SearchAction\",\"target\":{\"@type\":\"EntryPoint\",\"urlTemplate\":\"https:\/\/loanstar.com\/br\/?s={search_term_string}\"},\"query-input\":\"required name=search_term_string\"}],\"inLanguage\":\"pt-BR\"}]}<\/script>\n<!-- \/ Yoast SEO plugin. -->","yoast_head_json":{"title":"Empr\u00e9stimo online: conhe\u00e7a e compare as op\u00e7\u00f5es - LoanStar Brasil","description":"O empr\u00e9stimo online \u00e9 uma enorme facilidade, poupando tempo e trabalho para quem precisar de uma ajuda no orcamento. Conhe\u00e7a as melhores op\u00e7\u00f5es","robots":{"index":"index","follow":"follow","max-snippet":"max-snippet:-1","max-image-preview":"max-image-preview:large","max-video-preview":"max-video-preview:-1"},"canonical":"https:\/\/loanstar.com\/br\/emprestimo\/","og_locale":"pt_BR","og_type":"article","og_title":"Empr\u00e9stimo online: conhe\u00e7a e compare as op\u00e7\u00f5es - LoanStar Brasil","og_description":"O empr\u00e9stimo online \u00e9 uma enorme facilidade, poupando tempo e trabalho para quem precisar de uma ajuda no orcamento. Conhe\u00e7a as melhores op\u00e7\u00f5es","og_url":"https:\/\/loanstar.com\/br\/emprestimo\/","og_site_name":"LoanStar Brasil","article_modified_time":"2019-07-04T12:05:15+00:00","og_image":[{"url":"http:\/\/loanstar.com\/br\/wp-content\/uploads\/sites\/7\/2018\/09\/ill_body_13.svg"}],"twitter_card":"summary_large_image","twitter_misc":{"Est. tempo de leitura":"11 minutos"},"schema":{"@context":"https:\/\/schema.org","@graph":[{"@type":"WebPage","@id":"https:\/\/loanstar.com\/br\/emprestimo\/","url":"https:\/\/loanstar.com\/br\/emprestimo\/","name":"Empr\u00e9stimo online: conhe\u00e7a e compare as op\u00e7\u00f5es - LoanStar Brasil","isPartOf":{"@id":"https:\/\/loanstar.com\/br\/#website"},"datePublished":"2018-09-24T12:59:53+00:00","dateModified":"2019-07-04T12:05:15+00:00","description":"O empr\u00e9stimo online \u00e9 uma enorme facilidade, poupando tempo e trabalho para quem precisar de uma ajuda no orcamento. Conhe\u00e7a as melhores op\u00e7\u00f5es","breadcrumb":{"@id":"https:\/\/loanstar.com\/br\/emprestimo\/#breadcrumb"},"inLanguage":"pt-BR","potentialAction":[{"@type":"ReadAction","target":["https:\/\/loanstar.com\/br\/emprestimo\/"]}]},{"@type":"BreadcrumbList","@id":"https:\/\/loanstar.com\/br\/emprestimo\/#breadcrumb","itemListElement":[{"@type":"ListItem","position":1,"name":"Brasil","item":"https:\/\/loanstar.com\/br\/"},{"@type":"ListItem","position":2,"name":"Empr\u00e9stimo online"}]},{"@type":"WebSite","@id":"https:\/\/loanstar.com\/br\/#website","url":"https:\/\/loanstar.com\/br\/","name":"LoanStar Brasil","description":"Comparar empr\u00e9stimos","potentialAction":[{"@type":"SearchAction","target":{"@type":"EntryPoint","urlTemplate":"https:\/\/loanstar.com\/br\/?s={search_term_string}"},"query-input":"required name=search_term_string"}],"inLanguage":"pt-BR"}]}},"_links":{"self":[{"href":"https:\/\/loanstar.com\/br\/wp-json\/wp\/v2\/pages\/94"}],"collection":[{"href":"https:\/\/loanstar.com\/br\/wp-json\/wp\/v2\/pages"}],"about":[{"href":"https:\/\/loanstar.com\/br\/wp-json\/wp\/v2\/types\/page"}],"author":[{"embeddable":true,"href":"https:\/\/loanstar.com\/br\/wp-json\/wp\/v2\/users\/1"}],"replies":[{"embeddable":true,"href":"https:\/\/loanstar.com\/br\/wp-json\/wp\/v2\/comments?post=94"}],"version-history":[{"count":2,"href":"https:\/\/loanstar.com\/br\/wp-json\/wp\/v2\/pages\/94\/revisions"}],"predecessor-version":[{"id":272,"href":"https:\/\/loanstar.com\/br\/wp-json\/wp\/v2\/pages\/94\/revisions\/272"}],"wp:attachment":[{"href":"https:\/\/loanstar.com\/br\/wp-json\/wp\/v2\/media?parent=94"}],"curies":[{"name":"wp","href":"https:\/\/api.w.org\/{rel}","templated":true}]}}