{"id":88,"date":"2018-09-20T12:49:04","date_gmt":"2018-09-20T12:49:04","guid":{"rendered":"http:\/\/loanstar.com\/br\/?page_id=88"},"modified":"2019-12-13T15:51:44","modified_gmt":"2019-12-13T18:51:44","slug":"brazil","status":"publish","type":"page","link":"https:\/\/loanstar.com\/br\/","title":{"rendered":"Empr\u00e9stimos pessoais, estrutura\u00e7\u00e3o de d\u00edvidas e finan\u00e7as pessoais"},"content":{"rendered":"","protected":false},"excerpt":{"rendered":"","protected":false},"author":1,"featured_media":0,"parent":0,"menu_order":0,"comment_status":"closed","ping_status":"closed","template":"templates\/home-country.php","meta":{"footnotes":""},"yoast_head":"<!-- This site is optimized with the Yoast SEO plugin v21.0 - https:\/\/yoast.com\/wordpress\/plugins\/seo\/ -->\n<title>Empr\u00e9stimos pessoais, estrutura\u00e7\u00e3o de d\u00edvidas e finan\u00e7as pessoais - LoanStar Brasil<\/title>\n<meta name=\"description\" content=\"LoanStar \u00e9 uma plataforma que ajuda os consumidores a achar os melhores. Procure e encontre empr\u00e9stimos baratos e fa\u00e7a a estrutura\u00e7\u00e3o de suas d\u00edvidas.\" \/>\n<meta name=\"robots\" content=\"index, follow, max-snippet:-1, max-image-preview:large, max-video-preview:-1\" \/>\n<link rel=\"canonical\" href=\"https:\/\/loanstar.com\/br\/\" \/>\n<meta property=\"og:locale\" content=\"pt_BR\" \/>\n<meta property=\"og:type\" content=\"article\" \/>\n<meta property=\"og:title\" content=\"Empr\u00e9stimos pessoais, estrutura\u00e7\u00e3o de d\u00edvidas e finan\u00e7as pessoais - LoanStar Brasil\" \/>\n<meta property=\"og:description\" content=\"LoanStar \u00e9 uma plataforma que ajuda os consumidores a achar os melhores. Procure e encontre empr\u00e9stimos baratos e fa\u00e7a a estrutura\u00e7\u00e3o de suas d\u00edvidas.\" \/>\n<meta property=\"og:url\" content=\"https:\/\/loanstar.com\/br\/\" \/>\n<meta property=\"og:site_name\" content=\"LoanStar Brasil\" \/>\n<meta property=\"article:modified_time\" content=\"2019-12-13T18:51:44+00:00\" \/>\n<meta name=\"twitter:card\" content=\"summary_large_image\" \/>\n<script type=\"application\/ld+json\" class=\"yoast-schema-graph\">{\"@context\":\"https:\/\/schema.org\",\"@graph\":[{\"@type\":\"WebPage\",\"@id\":\"https:\/\/loanstar.com\/br\/\",\"url\":\"https:\/\/loanstar.com\/br\/\",\"name\":\"Empr\u00e9stimos pessoais, estrutura\u00e7\u00e3o de d\u00edvidas e finan\u00e7as pessoais - LoanStar Brasil\",\"isPartOf\":{\"@id\":\"https:\/\/loanstar.com\/br\/#website\"},\"datePublished\":\"2018-09-20T12:49:04+00:00\",\"dateModified\":\"2019-12-13T18:51:44+00:00\",\"description\":\"LoanStar \u00e9 uma plataforma que ajuda os consumidores a achar os melhores. Procure e encontre empr\u00e9stimos baratos e fa\u00e7a a estrutura\u00e7\u00e3o de suas d\u00edvidas.\",\"breadcrumb\":{\"@id\":\"https:\/\/loanstar.com\/br\/#breadcrumb\"},\"inLanguage\":\"pt-BR\",\"potentialAction\":[{\"@type\":\"ReadAction\",\"target\":[\"https:\/\/loanstar.com\/br\/\"]}]},{\"@type\":\"BreadcrumbList\",\"@id\":\"https:\/\/loanstar.com\/br\/#breadcrumb\",\"itemListElement\":[{\"@type\":\"ListItem\",\"position\":1,\"name\":\"Brasil\",\"item\":\"https:\/\/loanstar.com\/br\/\"},{\"@type\":\"ListItem\",\"position\":2,\"name\":\"Empr\u00e9stimos pessoais, estrutura\u00e7\u00e3o de d\u00edvidas e finan\u00e7as pessoais\"}]},{\"@type\":\"WebSite\",\"@id\":\"https:\/\/loanstar.com\/br\/#website\",\"url\":\"https:\/\/loanstar.com\/br\/\",\"name\":\"LoanStar Brasil\",\"description\":\"Comparar empr\u00e9stimos\",\"potentialAction\":[{\"@type\":\"SearchAction\",\"target\":{\"@type\":\"EntryPoint\",\"urlTemplate\":\"https:\/\/loanstar.com\/br\/?s={search_term_string}\"},\"query-input\":\"required name=search_term_string\"}],\"inLanguage\":\"pt-BR\"}]}<\/script>\n<!-- \/ Yoast SEO plugin. -->","yoast_head_json":{"title":"Empr\u00e9stimos pessoais, estrutura\u00e7\u00e3o de d\u00edvidas e finan\u00e7as pessoais - LoanStar Brasil","description":"LoanStar \u00e9 uma plataforma que ajuda os consumidores a achar os melhores. Procure e encontre empr\u00e9stimos baratos e fa\u00e7a a estrutura\u00e7\u00e3o de suas d\u00edvidas.","robots":{"index":"index","follow":"follow","max-snippet":"max-snippet:-1","max-image-preview":"max-image-preview:large","max-video-preview":"max-video-preview:-1"},"canonical":"https:\/\/loanstar.com\/br\/","og_locale":"pt_BR","og_type":"article","og_title":"Empr\u00e9stimos pessoais, estrutura\u00e7\u00e3o de d\u00edvidas e finan\u00e7as pessoais - LoanStar Brasil","og_description":"LoanStar \u00e9 uma plataforma que ajuda os consumidores a achar os melhores. Procure e encontre empr\u00e9stimos baratos e fa\u00e7a a estrutura\u00e7\u00e3o de suas d\u00edvidas.","og_url":"https:\/\/loanstar.com\/br\/","og_site_name":"LoanStar Brasil","article_modified_time":"2019-12-13T18:51:44+00:00","twitter_card":"summary_large_image","schema":{"@context":"https:\/\/schema.org","@graph":[{"@type":"WebPage","@id":"https:\/\/loanstar.com\/br\/","url":"https:\/\/loanstar.com\/br\/","name":"Empr\u00e9stimos pessoais, estrutura\u00e7\u00e3o de d\u00edvidas e finan\u00e7as pessoais - LoanStar Brasil","isPartOf":{"@id":"https:\/\/loanstar.com\/br\/#website"},"datePublished":"2018-09-20T12:49:04+00:00","dateModified":"2019-12-13T18:51:44+00:00","description":"LoanStar \u00e9 uma plataforma que ajuda os consumidores a achar os melhores. Procure e encontre empr\u00e9stimos baratos e fa\u00e7a a estrutura\u00e7\u00e3o de suas d\u00edvidas.","breadcrumb":{"@id":"https:\/\/loanstar.com\/br\/#breadcrumb"},"inLanguage":"pt-BR","potentialAction":[{"@type":"ReadAction","target":["https:\/\/loanstar.com\/br\/"]}]},{"@type":"BreadcrumbList","@id":"https:\/\/loanstar.com\/br\/#breadcrumb","itemListElement":[{"@type":"ListItem","position":1,"name":"Brasil","item":"https:\/\/loanstar.com\/br\/"},{"@type":"ListItem","position":2,"name":"Empr\u00e9stimos pessoais, estrutura\u00e7\u00e3o de d\u00edvidas e finan\u00e7as pessoais"}]},{"@type":"WebSite","@id":"https:\/\/loanstar.com\/br\/#website","url":"https:\/\/loanstar.com\/br\/","name":"LoanStar Brasil","description":"Comparar empr\u00e9stimos","potentialAction":[{"@type":"SearchAction","target":{"@type":"EntryPoint","urlTemplate":"https:\/\/loanstar.com\/br\/?s={search_term_string}"},"query-input":"required name=search_term_string"}],"inLanguage":"pt-BR"}]}},"_links":{"self":[{"href":"https:\/\/loanstar.com\/br\/wp-json\/wp\/v2\/pages\/88"}],"collection":[{"href":"https:\/\/loanstar.com\/br\/wp-json\/wp\/v2\/pages"}],"about":[{"href":"https:\/\/loanstar.com\/br\/wp-json\/wp\/v2\/types\/page"}],"author":[{"embeddable":true,"href":"https:\/\/loanstar.com\/br\/wp-json\/wp\/v2\/users\/1"}],"replies":[{"embeddable":true,"href":"https:\/\/loanstar.com\/br\/wp-json\/wp\/v2\/comments?post=88"}],"version-history":[{"count":2,"href":"https:\/\/loanstar.com\/br\/wp-json\/wp\/v2\/pages\/88\/revisions"}],"predecessor-version":[{"id":337,"href":"https:\/\/loanstar.com\/br\/wp-json\/wp\/v2\/pages\/88\/revisions\/337"}],"wp:attachment":[{"href":"https:\/\/loanstar.com\/br\/wp-json\/wp\/v2\/media?parent=88"}],"curies":[{"name":"wp","href":"https:\/\/api.w.org\/{rel}","templated":true}]}}