{"id":194,"date":"2018-10-23T20:39:48","date_gmt":"2018-10-23T20:39:48","guid":{"rendered":"http:\/\/loanstar.com\/br\/?page_id=194"},"modified":"2019-06-10T19:37:52","modified_gmt":"2019-06-10T22:37:52","slug":"termos-e-condicoes","status":"publish","type":"page","link":"https:\/\/loanstar.com\/br\/termos-e-condicoes\/","title":{"rendered":"Termos e Condi\u00e7\u00f5es"},"content":{"rendered":"<p>Termos e Condi\u00e7\u00f5es para aquisi\u00e7\u00e3o digital, LTD<\/p>\n<h2>Introdu\u00e7\u00e3o<\/h2>\n<p>Estes Termos e Condi\u00e7\u00f5es padr\u00e3o do site, escritos nesta p\u00e1gina, devem gerenciar o uso do nosso site, LoanStar, acess\u00edvel em <a href=\"http:\/\/loanstar.com\/br\" target=\"_blank\" rel=\"noopener noreferrer\">http:\/\/loanstar.com<\/a>.<\/p>\n<p>Estes Termos ser\u00e3o aplicados integralmente e afetar\u00e3o o seu uso deste site. Ao usar este site, voc\u00ea concorda em aceitar todos os termos e condi\u00e7\u00f5es aqui escritos. Voc\u00ea n\u00e3o deve usar este site se n\u00e3o concordar com qualquer um destes Termos e condi\u00e7\u00f5es padr\u00e3o do site.<\/p>\n<p>Menores de idade ou menores de 18 anos n\u00e3o est\u00e3o autorizados a usar este site.<\/p>\n<h2>Direito de propriedade intelectual<\/h2>\n<p>Al\u00e9m do conte\u00fado que voc\u00ea possui, sob estes Termos, a Digital Takeover, LTD e\/ou seus licenciadores det\u00eam todos os direitos de propriedade intelectual e materiais contidos neste Website.<\/p>\n<p>Voc\u00ea recebe uma licen\u00e7a limitada apenas para fins de visualiza\u00e7\u00e3o do material contido neste site.<\/p>\n<h2>Restri\u00e7\u00f5es<\/h2>\n<p>Voc\u00ea est\u00e1 especificamente restrito de todos os itens a seguir:<\/p>\n<ul>\n<li>publicar qualquer material do site em qualquer outra m\u00eddia;<\/li>\n<li>vender, sublicenciar e\/ou comercializar qualquer material do site;<\/li>\n<li>realizar publicamente e\/ou mostrar qualquer material do site;<\/li>\n<li>usar este site de qualquer forma que seja ou possa ser prejudicial a este site;<\/li>\n<li>usar este site de qualquer maneira que tenha impacto no acesso do usu\u00e1rio a este site;<\/li>\n<li>usar este Site contrariamente \u00e0s leis e regulamentos aplic\u00e1veis, ou de qualquer forma, pode causar danos ao site, ou a qualquer pessoa ou entidade comercial;<\/li>\n<li>se envolver em qualquer minera\u00e7\u00e3o de dados, coleta de dados, extra\u00e7\u00e3o de dados ou qualquer outra atividade semelhante em rela\u00e7\u00e3o a este site;<\/li>\n<li>usando este site para se envolver em qualquer publicidade ou marketing.<\/li>\n<\/ul>\n<p>Certas \u00e1reas deste site est\u00e3o impedidas de serem acessadas por voc\u00ea e a Digital Takeover, LTD pode restringir ainda mais seu acesso a qualquer \u00e1rea deste site, a qualquer momento, com absoluta discri\u00e7\u00e3o. Qualquer ID de usu\u00e1rio e senha que voc\u00ea possa ter para este site s\u00e3o confidenciais e voc\u00ea tamb\u00e9m deve manter tal confidencialidade.<\/p>\n<h2>Seu conte\u00fado<\/h2>\n<p>Nestes Termos e Condi\u00e7\u00f5es do Website, \u201cSeu Conte\u00fado\u201d significa qualquer \u00e1udio, v\u00eddeo, imagens ou outro material que voc\u00ea escolher para exibir neste site.<\/p>\n<p>Ao exibir o Seu Conte\u00fado, voc\u00ea concede \u00e0 Digital Takeover, LTD uma licen\u00e7a n\u00e3o-exclusiva, definitiva e irrevog\u00e1vel, para uso, reprodu\u00e7\u00e3o, adapta\u00e7\u00e3o, publica\u00e7\u00e3o, tradu\u00e7\u00e3o e distribui\u00e7\u00e3o em qualquer m\u00eddia.<\/p>\n<p>Seu conte\u00fado deve ser seu e n\u00e3o deve estar invadindo os direitos de terceiros. Digital Takeover, LTD reserva-se o direito de remover qualquer Conte\u00fado seu deste site a qualquer momento, sem aviso pr\u00e9vio.<\/p>\n<h2>Sem garantias<\/h2>\n<p>Este site \u00e9 fornecido \u201ccomo est\u00e1\u201d, com todas as falhas, e a Digital Takeover, LTD n\u00e3o expressa nenhuma declara\u00e7\u00e3o ou garantia, de qualquer tipo, relacionada a este site ou aos materiais contidos neste site. Al\u00e9m disso, nada contido neste site deve ser interpretado como aconselhamento.<\/p>\n<h2>Limita\u00e7\u00e3o de responsabilidade<\/h2>\n<p>Em nenhum caso a Digital Takeover, LTD, nem qualquer um de seus executivos, diretores e funcion\u00e1rios, ser\u00e1 responsabilizada por qualquer coisa decorrente ou de alguma forma relacionada ao seu uso deste Website, independentemente de tal responsabilidade estar sob contrato.<\/p>\n<p>Digital Takeover, LTD, incluindo seus executivos, diretores e funcion\u00e1rios, n\u00e3o deve ser responsabilizada por qualquer responsabilidade indireta, consequente ou especial decorrente ou de alguma forma relacionada ao uso deste site.<\/p>\n<h2>Indeniza\u00e7\u00e3o<\/h2>\n<p>Por meio deste instrumento, voc\u00ea indeniza ao m\u00e1ximo a Digital Takeover, LTD de e contra qualquer e \/ou todas as responsabilidades, custos, demandas, causas de a\u00e7\u00e3o, danos e despesas decorrentes de qualquer forma relacionada \u00e0 sua viola\u00e7\u00e3o de qualquer uma das disposi\u00e7\u00f5es destes Termos.<\/p>\n<h2>Divisibilidade<\/h2>\n<p>Se qualquer disposi\u00e7\u00e3o destes Termos for considerada inv\u00e1lida sob qualquer lei aplic\u00e1vel, tais disposi\u00e7\u00f5es dever\u00e3o ser exclu\u00eddas sem afetar as demais cl\u00e1usulas aqui contidas.<\/p>\n<h2>Varia\u00e7\u00e3o de Termos<\/h2>\n<p>A Digital Takeover, LTD est\u00e1 autorizada a revisar estes Termos a qualquer momento, e ao usar este site, voc\u00ea dever\u00e1 revisar estes Termos regularmente.<\/p>\n<h2>Tarefa<\/h2>\n<p>A Digital Takeover, LTD est\u00e1 autorizada a ceder, transferir e subcontratar seus direitos e\/ou obriga\u00e7\u00f5es sob estes Termos sem qualquer notifica\u00e7\u00e3o. No entanto, voc\u00ea n\u00e3o tem permiss\u00e3o para ceder, transferir ou subcontratar quaisquer de seus direitos e\/ou obriga\u00e7\u00f5es sob estes Termos.<\/p>\n<h2>Total acordo<\/h2>\n<p>Estes Termos constituem o acordo integral entre a Digital Takeover, LTD e voc\u00ea em rela\u00e7\u00e3o ao seu uso deste site, e substituem todos os acordos e entendimentos anteriores.<\/p>\n<h2>Lei Aplic\u00e1vel e Jurisdi\u00e7\u00e3o<\/h2>\n<p>Estes Termos ser\u00e3o regidos e interpretados de acordo com as leis de Malta, e voc\u00ea se submete \u00e0 jurisdi\u00e7\u00e3o n\u00e3o exclusiva dos tribunais estaduais e federais localizados em Malta para a resolu\u00e7\u00e3o de quaisquer disputas.<\/p>\n","protected":false},"excerpt":{"rendered":"<p>Termos e Condi\u00e7\u00f5es para aquisi\u00e7\u00e3o digital, LTD Introdu\u00e7\u00e3o Estes Termos e Condi\u00e7\u00f5es padr\u00e3o do site, escritos nesta p\u00e1gina, devem gerenciar&#8230;<\/p>\n","protected":false},"author":1,"featured_media":0,"parent":0,"menu_order":0,"comment_status":"closed","ping_status":"closed","template":"templates\/terms-of-use.php","meta":{"footnotes":""},"yoast_head":"<!-- This site is optimized with the Yoast SEO plugin v21.0 - https:\/\/yoast.com\/wordpress\/plugins\/seo\/ -->\n<title>Termos e Condi\u00e7\u00f5es - LoanStar Brasil<\/title>\n<meta name=\"description\" content=\"Estes Termos e Condi\u00e7\u00f5es ser\u00e3o aplicados integralmente e afetar\u00e3o o seu uso deste site. Ao usar este site, voc\u00ea concordou em aceit\u00e1-los\" \/>\n<meta name=\"robots\" content=\"index, follow, max-snippet:-1, max-image-preview:large, max-video-preview:-1\" \/>\n<link rel=\"canonical\" href=\"https:\/\/loanstar.com\/br\/termos-e-condicoes\/\" \/>\n<meta property=\"og:locale\" content=\"pt_BR\" \/>\n<meta property=\"og:type\" content=\"article\" \/>\n<meta property=\"og:title\" content=\"Termos e Condi\u00e7\u00f5es - LoanStar Brasil\" \/>\n<meta property=\"og:description\" content=\"Estes Termos e Condi\u00e7\u00f5es ser\u00e3o aplicados integralmente e afetar\u00e3o o seu uso deste site. Ao usar este site, voc\u00ea concordou em aceit\u00e1-los\" \/>\n<meta property=\"og:url\" content=\"https:\/\/loanstar.com\/br\/termos-e-condicoes\/\" \/>\n<meta property=\"og:site_name\" content=\"LoanStar Brasil\" \/>\n<meta property=\"article:modified_time\" content=\"2019-06-10T22:37:52+00:00\" \/>\n<meta name=\"twitter:card\" content=\"summary_large_image\" \/>\n<meta name=\"twitter:label1\" content=\"Est. tempo de leitura\" \/>\n\t<meta name=\"twitter:data1\" content=\"4 minutos\" \/>\n<script type=\"application\/ld+json\" class=\"yoast-schema-graph\">{\"@context\":\"https:\/\/schema.org\",\"@graph\":[{\"@type\":\"WebPage\",\"@id\":\"https:\/\/loanstar.com\/br\/termos-e-condicoes\/\",\"url\":\"https:\/\/loanstar.com\/br\/termos-e-condicoes\/\",\"name\":\"Termos e Condi\u00e7\u00f5es - LoanStar Brasil\",\"isPartOf\":{\"@id\":\"https:\/\/loanstar.com\/br\/#website\"},\"datePublished\":\"2018-10-23T20:39:48+00:00\",\"dateModified\":\"2019-06-10T22:37:52+00:00\",\"description\":\"Estes Termos e Condi\u00e7\u00f5es ser\u00e3o aplicados integralmente e afetar\u00e3o o seu uso deste site. Ao usar este site, voc\u00ea concordou em aceit\u00e1-los\",\"breadcrumb\":{\"@id\":\"https:\/\/loanstar.com\/br\/termos-e-condicoes\/#breadcrumb\"},\"inLanguage\":\"pt-BR\",\"potentialAction\":[{\"@type\":\"ReadAction\",\"target\":[\"https:\/\/loanstar.com\/br\/termos-e-condicoes\/\"]}]},{\"@type\":\"BreadcrumbList\",\"@id\":\"https:\/\/loanstar.com\/br\/termos-e-condicoes\/#breadcrumb\",\"itemListElement\":[{\"@type\":\"ListItem\",\"position\":1,\"name\":\"Brasil\",\"item\":\"https:\/\/loanstar.com\/br\/\"},{\"@type\":\"ListItem\",\"position\":2,\"name\":\"Termos e Condi\u00e7\u00f5es\"}]},{\"@type\":\"WebSite\",\"@id\":\"https:\/\/loanstar.com\/br\/#website\",\"url\":\"https:\/\/loanstar.com\/br\/\",\"name\":\"LoanStar Brasil\",\"description\":\"Comparar empr\u00e9stimos\",\"potentialAction\":[{\"@type\":\"SearchAction\",\"target\":{\"@type\":\"EntryPoint\",\"urlTemplate\":\"https:\/\/loanstar.com\/br\/?s={search_term_string}\"},\"query-input\":\"required name=search_term_string\"}],\"inLanguage\":\"pt-BR\"}]}<\/script>\n<!-- \/ Yoast SEO plugin. -->","yoast_head_json":{"title":"Termos e Condi\u00e7\u00f5es - LoanStar Brasil","description":"Estes Termos e Condi\u00e7\u00f5es ser\u00e3o aplicados integralmente e afetar\u00e3o o seu uso deste site. Ao usar este site, voc\u00ea concordou em aceit\u00e1-los","robots":{"index":"index","follow":"follow","max-snippet":"max-snippet:-1","max-image-preview":"max-image-preview:large","max-video-preview":"max-video-preview:-1"},"canonical":"https:\/\/loanstar.com\/br\/termos-e-condicoes\/","og_locale":"pt_BR","og_type":"article","og_title":"Termos e Condi\u00e7\u00f5es - LoanStar Brasil","og_description":"Estes Termos e Condi\u00e7\u00f5es ser\u00e3o aplicados integralmente e afetar\u00e3o o seu uso deste site. Ao usar este site, voc\u00ea concordou em aceit\u00e1-los","og_url":"https:\/\/loanstar.com\/br\/termos-e-condicoes\/","og_site_name":"LoanStar Brasil","article_modified_time":"2019-06-10T22:37:52+00:00","twitter_card":"summary_large_image","twitter_misc":{"Est. tempo de leitura":"4 minutos"},"schema":{"@context":"https:\/\/schema.org","@graph":[{"@type":"WebPage","@id":"https:\/\/loanstar.com\/br\/termos-e-condicoes\/","url":"https:\/\/loanstar.com\/br\/termos-e-condicoes\/","name":"Termos e Condi\u00e7\u00f5es - LoanStar Brasil","isPartOf":{"@id":"https:\/\/loanstar.com\/br\/#website"},"datePublished":"2018-10-23T20:39:48+00:00","dateModified":"2019-06-10T22:37:52+00:00","description":"Estes Termos e Condi\u00e7\u00f5es ser\u00e3o aplicados integralmente e afetar\u00e3o o seu uso deste site. Ao usar este site, voc\u00ea concordou em aceit\u00e1-los","breadcrumb":{"@id":"https:\/\/loanstar.com\/br\/termos-e-condicoes\/#breadcrumb"},"inLanguage":"pt-BR","potentialAction":[{"@type":"ReadAction","target":["https:\/\/loanstar.com\/br\/termos-e-condicoes\/"]}]},{"@type":"BreadcrumbList","@id":"https:\/\/loanstar.com\/br\/termos-e-condicoes\/#breadcrumb","itemListElement":[{"@type":"ListItem","position":1,"name":"Brasil","item":"https:\/\/loanstar.com\/br\/"},{"@type":"ListItem","position":2,"name":"Termos e Condi\u00e7\u00f5es"}]},{"@type":"WebSite","@id":"https:\/\/loanstar.com\/br\/#website","url":"https:\/\/loanstar.com\/br\/","name":"LoanStar Brasil","description":"Comparar empr\u00e9stimos","potentialAction":[{"@type":"SearchAction","target":{"@type":"EntryPoint","urlTemplate":"https:\/\/loanstar.com\/br\/?s={search_term_string}"},"query-input":"required name=search_term_string"}],"inLanguage":"pt-BR"}]}},"_links":{"self":[{"href":"https:\/\/loanstar.com\/br\/wp-json\/wp\/v2\/pages\/194"}],"collection":[{"href":"https:\/\/loanstar.com\/br\/wp-json\/wp\/v2\/pages"}],"about":[{"href":"https:\/\/loanstar.com\/br\/wp-json\/wp\/v2\/types\/page"}],"author":[{"embeddable":true,"href":"https:\/\/loanstar.com\/br\/wp-json\/wp\/v2\/users\/1"}],"replies":[{"embeddable":true,"href":"https:\/\/loanstar.com\/br\/wp-json\/wp\/v2\/comments?post=194"}],"version-history":[{"count":2,"href":"https:\/\/loanstar.com\/br\/wp-json\/wp\/v2\/pages\/194\/revisions"}],"predecessor-version":[{"id":286,"href":"https:\/\/loanstar.com\/br\/wp-json\/wp\/v2\/pages\/194\/revisions\/286"}],"wp:attachment":[{"href":"https:\/\/loanstar.com\/br\/wp-json\/wp\/v2\/media?parent=194"}],"curies":[{"name":"wp","href":"https:\/\/api.w.org\/{rel}","templated":true}]}}