{"id":192,"date":"2018-10-23T20:36:41","date_gmt":"2018-10-23T20:36:41","guid":{"rendered":"http:\/\/loanstar.com\/br\/?page_id=192"},"modified":"2019-06-10T19:21:31","modified_gmt":"2019-06-10T22:21:31","slug":"politica-de-privacidade","status":"publish","type":"page","link":"https:\/\/loanstar.com\/br\/politica-de-privacidade\/","title":{"rendered":"Pol\u00edtica de Privacidade"},"content":{"rendered":"<p>Pol\u00edtica de Privacidade<br \/>\nData de vig\u00eancia: 16 de outubro de 2018<\/p>\n<p>Digital Takeover, LTD (&#8220;n\u00f3s&#8221;, &#8220;n\u00f3s&#8221; ou &#8220;nosso&#8221;) opera o site <a href=\"http:\/\/loanstar.com\/br\" target=\"_blank\" rel=\"noopener noreferrer\">http:\/\/loanstar.com<\/a> (o &#8220;Servi\u00e7o&#8221;).<\/p>\n<p>Esta p\u00e1gina informa sobre nossas pol\u00edticas relativas \u00e0 coleta, uso e divulga\u00e7\u00e3o de dados pessoais quando voc\u00ea usa nosso Servi\u00e7o e as op\u00e7\u00f5es que voc\u00ea associou a esses dados.<\/p>\n<p>Usamos seus dados para fornecer e melhorar o Servi\u00e7o. Ao usar o Servi\u00e7o, voc\u00ea concorda com a coleta e uso de informa\u00e7\u00f5es de acordo com esta pol\u00edtica. A menos que definido de outra forma nesta Pol\u00edtica de Privacidade, os termos usados \u200b\u200bnesta Pol\u00edtica de Privacidade t\u00eam os mesmos significados que os nossos Termos e Condi\u00e7\u00f5es, acess\u00edveis em http:\/\/loanstar.com<\/p>\n<h2>Coleta e Uso de Informa\u00e7\u00f5es<\/h2>\n<p>Coletamos v\u00e1rios tipos diferentes de informa\u00e7\u00f5es para v\u00e1rias finalidades para fornecer e melhorar nosso Servi\u00e7o para voc\u00ea.<\/p>\n<h3>Tipos de dados coletados<\/h3>\n<h4>Dados pessoais<\/h4>\n<p>Ao usar nosso Servi\u00e7o, podemos solicitar que voc\u00ea nos forne\u00e7a algumas informa\u00e7\u00f5es pessoais identific\u00e1veis \u200b\u200bque podem ser usadas para contat\u00e1-lo ou identific\u00e1-lo (&#8220;Dados Pessoais&#8221;). Informa\u00e7\u00f5es pessoalmente identific\u00e1veis \u200b\u200bpodem incluir, mas n\u00e3o est\u00e3o limitadas a:<\/p>\n<ul>\n<li>Endere\u00e7o de e-mail<\/li>\n<li>Primeiro nome e sobrenome<\/li>\n<li><a href=\"http:\/\/loanstar.com\/br\/cookies\/\" target=\"_blank\" rel=\"noopener noreferrer\">Cookies<\/a> e Dados de Uso<\/li>\n<\/ul>\n<h4>Dados de uso<\/h4>\n<p>Tamb\u00e9m podemos coletar informa\u00e7\u00f5es sobre como o Servi\u00e7o \u00e9 acessado e usado (&#8220;Dados de Uso&#8221;). Esses Dados de Uso podem incluir informa\u00e7\u00f5es como o endere\u00e7o IP do seu computador (por exemplo, endere\u00e7o IP), tipo de navegador, vers\u00e3o do navegador, as p\u00e1ginas do nosso Servi\u00e7o que voc\u00ea visita, a hora e data de sua visita, o tempo gasto nessas p\u00e1ginas identificadores de dispositivos e outros dados de diagn\u00f3stico.<\/p>\n<h4>Rastreamento e dados de cookies<\/h4>\n<p>Usamos cookies e tecnologias de rastreamento semelhantes para rastrear a atividade em nosso Servi\u00e7o e manter certas informa\u00e7\u00f5es.<\/p>\n<p>Cookies s\u00e3o arquivos com pequena quantidade de dados que podem incluir um identificador exclusivo an\u00f4nimo. Os cookies s\u00e3o enviados para o seu navegador a partir de um site e armazenados no seu dispositivo.<\/p>\n<p>As tecnologias de rastreamento tamb\u00e9m usadas s\u00e3o beacons, tags e scripts para coletar e rastrear informa\u00e7\u00f5es e para melhorar e analisar nosso Servi\u00e7o.<\/p>\n<p>Voc\u00ea pode instruir o seu navegador para recusar todos os cookies ou para indicar quando um cookie est\u00e1 sendo enviado. No entanto, se voc\u00ea n\u00e3o aceitar cookies, talvez n\u00e3o consiga usar algumas partes de nosso Servi\u00e7o.<\/p>\n<p>Exemplos de cookies que usamos:<\/p>\n<ul>\n<li>Cookies de sess\u00e3o. Usamos cookies de sess\u00e3o para operar nosso Servi\u00e7o.<\/li>\n<li>Cookies preferenciais. Usamos Cookies preferenciais para lembrar suas prefer\u00eancias e v\u00e1rias configura\u00e7\u00f5es.<\/li>\n<li>Cookies de seguran\u00e7a. N\u00f3s usamos cookies de seguran\u00e7a para fins de seguran\u00e7a.<\/li>\n<\/ul>\n<h2>Uso de dados<\/h2>\n<p>Digital Takeover, LTD usa os dados coletados para v\u00e1rias finalidades:<\/p>\n<ul>\n<li>Para fornecer e manter o Servi\u00e7o<\/li>\n<li>Para notific\u00e1-lo sobre altera\u00e7\u00f5es no nosso Servi\u00e7o<\/li>\n<li>Para permitir que voc\u00ea participe de recursos interativos de nosso Servi\u00e7o ao optar por faz\u00ea-lo<\/li>\n<li>Para fornecer atendimento ao cliente e suporte<\/li>\n<li>Para fornecer an\u00e1lises ou informa\u00e7\u00f5es valiosas para que possamos melhorar o Servi\u00e7o<\/li>\n<li>Para monitorar o uso do Servi\u00e7o<\/li>\n<li>Para detectar, prevenir e resolver problemas t\u00e9cnicos<\/li>\n<\/ul>\n<h2>Transfer\u00eancia de dados<\/h2>\n<p>Suas informa\u00e7\u00f5es, incluindo Dados Pessoais, podem ser transferidas para &#8211; e mantidas em &#8211; computadores localizados fora do seu estado, prov\u00edncia, pa\u00eds ou outra jurisdi\u00e7\u00e3o governamental, onde as leis de prote\u00e7\u00e3o de dados podem ser diferentes das da sua jurisdi\u00e7\u00e3o.<\/p>\n<p>Se voc\u00ea estiver localizado fora de Malta e optar por nos fornecer informa\u00e7\u00f5es, por favor, observe que n\u00f3s transferimos os dados, incluindo Dados Pessoais, para Malta e os processamos l\u00e1.<\/p>\n<p>O seu consentimento para com esta Pol\u00edtica de Privacidade, seguido pelo envio de tais informa\u00e7\u00f5es, representa sua concord\u00e2ncia com essa transfer\u00eancia.<\/p>\n<p>Digital Takeover, LTD tomar\u00e1 todas as medidas razoavelmente necess\u00e1rias para garantir que seus dados sejam tratados de forma segura.<\/p>\n<p>E, de acordo com esta Pol\u00edtica de Privacidade, nenhuma transfer\u00eancia de seus Dados Pessoais ocorrer\u00e1 para uma organiza\u00e7\u00e3o ou pa\u00eds, a menos que haja controles adequados em vigor, incluindo seguran\u00e7a de seus dados e outras informa\u00e7\u00f5es pessoais.<\/p>\n<h2>Divulga\u00e7\u00e3o de Dados<\/h2>\n<h3>Requerimentos legais<\/h3>\n<p>A Digital Takeover, LTD pode divulgar os seus Dados Pessoais na cren\u00e7a de boa f\u00e9 de que tal a\u00e7\u00e3o \u00e9 necess\u00e1ria para:<\/p>\n<ul>\n<li>Para cumprir uma obriga\u00e7\u00e3o legal<\/li>\n<li>Para proteger e defender os direitos ou propriedade da Digital Takeover, LTD<\/li>\n<li>Para evitar ou investigar poss\u00edveis irregularidades relacionadas ao Servi\u00e7o<\/li>\n<li>Para proteger a seguran\u00e7a pessoal dos usu\u00e1rios do Servi\u00e7o ou do p\u00fablico<\/li>\n<li>Para proteger contra responsabilidade legal<\/li>\n<\/ul>\n<h2>Seguran\u00e7a de dados<\/h2>\n<p>A seguran\u00e7a dos seus dados \u00e9 importante para n\u00f3s, mas lembre-se de que nenhum m\u00e9todo de transmiss\u00e3o pela Internet ou m\u00e9todo de armazenamento eletr\u00f4nico \u00e9 100% seguro. Embora nos esforcemos para usar meios comercialmente aceit\u00e1veis \u200b\u200bpara proteger seus dados pessoais, n\u00e3o podemos garantir sua seguran\u00e7a absoluta.<\/p>\n<h2>Provedores de servi\u00e7o<\/h2>\n<p>Podemos empregar empresas e indiv\u00edduos terceirizados para facilitar o nosso Servi\u00e7o (\u201cPrestadores de Servi\u00e7os\u201d), para fornecer o Servi\u00e7o em nosso nome, para executar servi\u00e7os relacionados ao Servi\u00e7o ou para nos auxiliar na an\u00e1lise de como nosso Servi\u00e7o \u00e9 utilizado.<\/p>\n<p>Esses terceiros t\u00eam acesso aos seus Dados Pessoais somente para realizar essas tarefas em nosso nome e s\u00e3o obrigados a n\u00e3o divulg\u00e1-los ou us\u00e1-los para qualquer outra finalidade.<\/p>\n<h3>Analytics<\/h3>\n<p>Podemos usar prestadores de servi\u00e7os terceirizados para monitorar e analisar o uso de nosso Servi\u00e7o.<\/p>\n<ul>\n<li><strong>Google Analytics<\/strong><\/li>\n<\/ul>\n<p>O <a href=\"https:\/\/analytics.google.com\" target=\"_blank\" rel=\"noopener noreferrer\">Google Analytics<\/a> \u00e9 um servi\u00e7o de an\u00e1lise da web oferecido pelo Google que rastreia e relata o tr\u00e1fego do website. O Google usa os dados coletados para rastrear e monitorar o uso do nosso Servi\u00e7o.<\/p>\n<p>Esses dados s\u00e3o compartilhados com outros servi\u00e7os do Google. O Google pode usar os dados coletados para contextualizar e personalizar os an\u00fancios de sua pr\u00f3pria rede de publicidade.<\/p>\n<p>Voc\u00ea pode desativar a disponibilidade de sua atividade no Servi\u00e7o para o Google Analytics instalando o complemento do navegador para desativa\u00e7\u00e3o do Google Analytics. O complemento impede que o JavaScript do Google Analytics (ga.js, analytics.js e dc.js) compartilhe informa\u00e7\u00f5es com o Google Analytics sobre a atividade de visitas.<\/p>\n<p>Para mais informa\u00e7\u00f5es sobre as pr\u00e1ticas de privacidade do Google, visite a p\u00e1gina da web Privacidade e Termos do Google: <a href=\"https:\/\/policies.google.com\/privacy?hl=pt-BR\">https:\/\/policies.google.com\/privacy?hl=pt-BR<\/a><\/p>\n<h2>Links para outros sites<\/h2>\n<p>Nosso Servi\u00e7o pode conter links para outros sites que n\u00e3o s\u00e3o operados por n\u00f3s. Se voc\u00ea clicar em um link de terceiros, voc\u00ea ser\u00e1 direcionado para o site de terceiros. Recomendamos vivamente que reveja a Pol\u00edtica de Privacidade de todos os sites que visita.<\/p>\n<p>N\u00e3o temos controle e n\u00e3o assumimos nenhuma responsabilidade pelo conte\u00fado, pol\u00edticas de privacidade ou pr\u00e1ticas de quaisquer sites ou servi\u00e7os de terceiros.<\/p>\n<h2>Privacidade infantil<\/h2>\n<p>Nosso Servi\u00e7o n\u00e3o atende a menores de 18 anos (&#8220;Filhos&#8221;).<\/p>\n<p>N\u00e3o coletamos intencionalmente informa\u00e7\u00f5es de identifica\u00e7\u00e3o pessoal de menores de 18 anos. Se voc\u00ea \u00e9 pai\/m\u00e3e ou respons\u00e1vel legal e est\u00e1 ciente de que seus filhos nos forneceram dados pessoais, entre em contato conosco. Se ficarmos cientes de que coletamos dados pessoais de crian\u00e7as sem a verifica\u00e7\u00e3o do consentimento dos pais, tomamos medidas para remover essas informa\u00e7\u00f5es de nossos servidores.<\/p>\n<h2>Altera\u00e7\u00f5es a esta pol\u00edtica de privacidade<\/h2>\n<p>Podemos atualizar nossa Pol\u00edtica de Privacidade de tempos em tempos. Vamos notific\u00e1-lo de quaisquer altera\u00e7\u00f5es, publicando a nova Pol\u00edtica de Privacidade nesta p\u00e1gina.<\/p>\n<p>Avisaremos voc\u00ea por e-mail e\/ou um aviso proeminente em nosso Servi\u00e7o antes que a altera\u00e7\u00e3o entre em vigor e atualize a &#8220;data efetiva&#8221; na parte superior desta Pol\u00edtica de Privacidade.<\/p>\n<p>Recomenda-se que voc\u00ea revise esta Pol\u00edtica de Privacidade periodicamente para quaisquer altera\u00e7\u00f5es. Altera\u00e7\u00f5es a esta Pol\u00edtica de Privacidade s\u00e3o eficazes quando s\u00e3o publicadas nesta p\u00e1gina.<\/p>\n<h2>Entre em contato<\/h2>\n<p>Se voc\u00ea tiver alguma d\u00favida sobre esta Pol\u00edtica de Privacidade, entre em contato conosco:<\/p>\n<p>Por email: hi@digitaltakeover.org<\/p>\n","protected":false},"excerpt":{"rendered":"<p>Pol\u00edtica de Privacidade Data de vig\u00eancia: 16 de outubro de 2018 Digital Takeover, LTD (&#8220;n\u00f3s&#8221;, &#8220;n\u00f3s&#8221; ou &#8220;nosso&#8221;) opera o&#8230;<\/p>\n","protected":false},"author":1,"featured_media":0,"parent":0,"menu_order":0,"comment_status":"closed","ping_status":"closed","template":"templates\/terms-of-use.php","meta":{"footnotes":""},"yoast_head":"<!-- This site is optimized with the Yoast SEO plugin v21.0 - https:\/\/yoast.com\/wordpress\/plugins\/seo\/ -->\n<title>Pol\u00edtica de Privacidade - LoanStar Brasil<\/title>\n<meta name=\"description\" content=\"A pol\u00edtica de privacidade do Loanstar trata sobre a coleta, uso e divulga\u00e7\u00e3o de dados e a prote\u00e7\u00e3o do usu\u00e1rio ao usar nosso servi\u00e7o\" \/>\n<meta name=\"robots\" content=\"index, follow, max-snippet:-1, max-image-preview:large, max-video-preview:-1\" \/>\n<link rel=\"canonical\" href=\"https:\/\/loanstar.com\/br\/politica-de-privacidade\/\" \/>\n<meta property=\"og:locale\" content=\"pt_BR\" \/>\n<meta property=\"og:type\" content=\"article\" \/>\n<meta property=\"og:title\" content=\"Pol\u00edtica de Privacidade - LoanStar Brasil\" \/>\n<meta property=\"og:description\" content=\"A pol\u00edtica de privacidade do Loanstar trata sobre a coleta, uso e divulga\u00e7\u00e3o de dados e a prote\u00e7\u00e3o do usu\u00e1rio ao usar nosso servi\u00e7o\" \/>\n<meta property=\"og:url\" content=\"https:\/\/loanstar.com\/br\/politica-de-privacidade\/\" \/>\n<meta property=\"og:site_name\" content=\"LoanStar Brasil\" \/>\n<meta property=\"article:modified_time\" content=\"2019-06-10T22:21:31+00:00\" \/>\n<meta name=\"twitter:card\" content=\"summary_large_image\" \/>\n<meta name=\"twitter:label1\" content=\"Est. tempo de leitura\" \/>\n\t<meta name=\"twitter:data1\" content=\"7 minutos\" \/>\n<script type=\"application\/ld+json\" class=\"yoast-schema-graph\">{\"@context\":\"https:\/\/schema.org\",\"@graph\":[{\"@type\":\"WebPage\",\"@id\":\"https:\/\/loanstar.com\/br\/politica-de-privacidade\/\",\"url\":\"https:\/\/loanstar.com\/br\/politica-de-privacidade\/\",\"name\":\"Pol\u00edtica de Privacidade - LoanStar Brasil\",\"isPartOf\":{\"@id\":\"https:\/\/loanstar.com\/br\/#website\"},\"datePublished\":\"2018-10-23T20:36:41+00:00\",\"dateModified\":\"2019-06-10T22:21:31+00:00\",\"description\":\"A pol\u00edtica de privacidade do Loanstar trata sobre a coleta, uso e divulga\u00e7\u00e3o de dados e a prote\u00e7\u00e3o do usu\u00e1rio ao usar nosso servi\u00e7o\",\"breadcrumb\":{\"@id\":\"https:\/\/loanstar.com\/br\/politica-de-privacidade\/#breadcrumb\"},\"inLanguage\":\"pt-BR\",\"potentialAction\":[{\"@type\":\"ReadAction\",\"target\":[\"https:\/\/loanstar.com\/br\/politica-de-privacidade\/\"]}]},{\"@type\":\"BreadcrumbList\",\"@id\":\"https:\/\/loanstar.com\/br\/politica-de-privacidade\/#breadcrumb\",\"itemListElement\":[{\"@type\":\"ListItem\",\"position\":1,\"name\":\"Brasil\",\"item\":\"https:\/\/loanstar.com\/br\/\"},{\"@type\":\"ListItem\",\"position\":2,\"name\":\"Pol\u00edtica de Privacidade\"}]},{\"@type\":\"WebSite\",\"@id\":\"https:\/\/loanstar.com\/br\/#website\",\"url\":\"https:\/\/loanstar.com\/br\/\",\"name\":\"LoanStar Brasil\",\"description\":\"Comparar empr\u00e9stimos\",\"potentialAction\":[{\"@type\":\"SearchAction\",\"target\":{\"@type\":\"EntryPoint\",\"urlTemplate\":\"https:\/\/loanstar.com\/br\/?s={search_term_string}\"},\"query-input\":\"required name=search_term_string\"}],\"inLanguage\":\"pt-BR\"}]}<\/script>\n<!-- \/ Yoast SEO plugin. -->","yoast_head_json":{"title":"Pol\u00edtica de Privacidade - LoanStar Brasil","description":"A pol\u00edtica de privacidade do Loanstar trata sobre a coleta, uso e divulga\u00e7\u00e3o de dados e a prote\u00e7\u00e3o do usu\u00e1rio ao usar nosso servi\u00e7o","robots":{"index":"index","follow":"follow","max-snippet":"max-snippet:-1","max-image-preview":"max-image-preview:large","max-video-preview":"max-video-preview:-1"},"canonical":"https:\/\/loanstar.com\/br\/politica-de-privacidade\/","og_locale":"pt_BR","og_type":"article","og_title":"Pol\u00edtica de Privacidade - LoanStar Brasil","og_description":"A pol\u00edtica de privacidade do Loanstar trata sobre a coleta, uso e divulga\u00e7\u00e3o de dados e a prote\u00e7\u00e3o do usu\u00e1rio ao usar nosso servi\u00e7o","og_url":"https:\/\/loanstar.com\/br\/politica-de-privacidade\/","og_site_name":"LoanStar Brasil","article_modified_time":"2019-06-10T22:21:31+00:00","twitter_card":"summary_large_image","twitter_misc":{"Est. tempo de leitura":"7 minutos"},"schema":{"@context":"https:\/\/schema.org","@graph":[{"@type":"WebPage","@id":"https:\/\/loanstar.com\/br\/politica-de-privacidade\/","url":"https:\/\/loanstar.com\/br\/politica-de-privacidade\/","name":"Pol\u00edtica de Privacidade - LoanStar Brasil","isPartOf":{"@id":"https:\/\/loanstar.com\/br\/#website"},"datePublished":"2018-10-23T20:36:41+00:00","dateModified":"2019-06-10T22:21:31+00:00","description":"A pol\u00edtica de privacidade do Loanstar trata sobre a coleta, uso e divulga\u00e7\u00e3o de dados e a prote\u00e7\u00e3o do usu\u00e1rio ao usar nosso servi\u00e7o","breadcrumb":{"@id":"https:\/\/loanstar.com\/br\/politica-de-privacidade\/#breadcrumb"},"inLanguage":"pt-BR","potentialAction":[{"@type":"ReadAction","target":["https:\/\/loanstar.com\/br\/politica-de-privacidade\/"]}]},{"@type":"BreadcrumbList","@id":"https:\/\/loanstar.com\/br\/politica-de-privacidade\/#breadcrumb","itemListElement":[{"@type":"ListItem","position":1,"name":"Brasil","item":"https:\/\/loanstar.com\/br\/"},{"@type":"ListItem","position":2,"name":"Pol\u00edtica de Privacidade"}]},{"@type":"WebSite","@id":"https:\/\/loanstar.com\/br\/#website","url":"https:\/\/loanstar.com\/br\/","name":"LoanStar Brasil","description":"Comparar empr\u00e9stimos","potentialAction":[{"@type":"SearchAction","target":{"@type":"EntryPoint","urlTemplate":"https:\/\/loanstar.com\/br\/?s={search_term_string}"},"query-input":"required name=search_term_string"}],"inLanguage":"pt-BR"}]}},"_links":{"self":[{"href":"https:\/\/loanstar.com\/br\/wp-json\/wp\/v2\/pages\/192"}],"collection":[{"href":"https:\/\/loanstar.com\/br\/wp-json\/wp\/v2\/pages"}],"about":[{"href":"https:\/\/loanstar.com\/br\/wp-json\/wp\/v2\/types\/page"}],"author":[{"embeddable":true,"href":"https:\/\/loanstar.com\/br\/wp-json\/wp\/v2\/users\/1"}],"replies":[{"embeddable":true,"href":"https:\/\/loanstar.com\/br\/wp-json\/wp\/v2\/comments?post=192"}],"version-history":[{"count":2,"href":"https:\/\/loanstar.com\/br\/wp-json\/wp\/v2\/pages\/192\/revisions"}],"predecessor-version":[{"id":284,"href":"https:\/\/loanstar.com\/br\/wp-json\/wp\/v2\/pages\/192\/revisions\/284"}],"wp:attachment":[{"href":"https:\/\/loanstar.com\/br\/wp-json\/wp\/v2\/media?parent=192"}],"curies":[{"name":"wp","href":"https:\/\/api.w.org\/{rel}","templated":true}]}}