{"id":190,"date":"2018-10-23T20:28:47","date_gmt":"2018-10-23T20:28:47","guid":{"rendered":"http:\/\/loanstar.com\/br\/?page_id=190"},"modified":"2019-06-06T23:59:20","modified_gmt":"2019-06-07T02:59:20","slug":"cookies","status":"publish","type":"page","link":"https:\/\/loanstar.com\/br\/cookies\/","title":{"rendered":"Cookies"},"content":{"rendered":"<p>Esta \u00e9 a Pol\u00edtica de Cookies da LoanStar, acess\u00edvel em <a href=\"http:\/\/loanstar.com\/br\/\" target=\"_blank\" rel=\"noopener noreferrer\">loanstar.com<\/a><\/p>\n<h2>O que s\u00e3o cookies?<\/h2>\n<p>Como \u00e9 pr\u00e1tica comum em quase todos os sites profissionais, este site usa cookies, que s\u00e3o pequenos arquivos baixados para o seu computador, projetados para melhorar sua experi\u00eancia.<\/p>\n<p>Esta p\u00e1gina descreve as informa\u00e7\u00f5es coletadas, como as usamos e por que \u00e0s vezes precisamos armazen\u00e1-las.<\/p>\n<p>Tamb\u00e9m compartilharemos como voc\u00ea pode impedir que estes cookies sejam armazenados, mas isso pode interferir ou &#8220;quebrar&#8221; certos elementos da funcionalidade do site.<\/p>\n<p>Para mais informa\u00e7\u00f5es gerais sobre cookies, consulte o artigo da Wikipedia sobre <a href=\"https:\/\/pt.wikipedia.org\/wiki\/Cookie_(inform%C3%A1tica)\" target=\"_blank\" rel=\"noopener noreferrer\">Cookies HTTP<\/a>.<\/p>\n<h2>Como utilizamos<\/h2>\n<p>Usamos cookies por v\u00e1rios motivos, detalhados abaixo. Infelizmente, na maioria dos casos, n\u00e3o h\u00e1 op\u00e7\u00f5es padr\u00e3o do setor para desabilit\u00e1-los sem interferir completamente em funcionalidades e recursos que comp\u00f5e este site.<\/p>\n<p>\u00c9 recomend\u00e1vel que voc\u00ea matenha todos os cookies habilitados caso n\u00e3o tenha certeza se precisa deles ou n\u00e3o, caso sejam usados \u200b\u200bpara fornecer um servi\u00e7o que voc\u00ea utiliza.<\/p>\n<h2>Desabilitando cookies<\/h2>\n<p>Voc\u00ea pode impedir o uso de cookies ajustando as configura\u00e7\u00f5es no seu navegador (consulte a se\u00e7\u00e3o de Ajuda do seu Navegador para saber como fazer isso).<\/p>\n<p>Esteja ciente de que isso afetar\u00e1 a funcionalidade deste e muitos outros sites que voc\u00ea visita.<\/p>\n<p>Desabilitar cookies normalmente resultar\u00e1 na desativa\u00e7\u00e3o de certas funcionalidades e recursos do site. Portanto, \u00e9 recomend\u00e1vel que voc\u00ea n\u00e3o desabilite a funcionalidade.<\/p>\n<h2>Nossos cookies<\/h2>\n<p>Utilizamos cookies para proporcionar uma excelente experi\u00eancia no site. Disponibilizamos esta funcionalidade para definir suas prefer\u00eancias quanto \u00e0 forma como este site \u00e9 executado quando voc\u00ea o utiliza.<\/p>\n<p>Para lembrar de suas prefer\u00eancias, precisamos dessa ajuda para que as informa\u00e7\u00f5es possam ser utilizadas sempre que voc\u00ea interagir com uma p\u00e1gina e estas forem afetadas por suas prefer\u00eancias.<\/p>\n<h2>Cookies de terceiros<\/h2>\n<p>Em alguns casos especiais, tamb\u00e9m usamos cookies fornecidos por terceiros confi\u00e1veis. A se\u00e7\u00e3o a seguir detalha quais destes voc\u00ea pode encontrar no site.<\/p>\n<p>Loanstar.com utilizaa o Google Analytics, uma das solu\u00e7\u00f5es de an\u00e1lise mais difundidas e confi\u00e1veis \u200b\u200bna Web, para nos ajudar a entender como voc\u00ea usa o site e como podemos melhorar sua experi\u00eancia.<\/p>\n<p>Estes cookies podem rastrear coisas como o tempo que voc\u00ea passa no site e as p\u00e1ginas visitadas, para que possamos continuar produzindo conte\u00fado atraente.<\/p>\n<p>Para mais informa\u00e7\u00f5es sobre os cookies do Google Analytics, consulte a <a href=\"https:\/\/analytics.google.com\/\" target=\"_blank\" rel=\"noopener noreferrer\">p\u00e1gina oficial do Google Analytics.<\/a><\/p>\n<p>De tempos em tempos, testamos novos recursos e fazemos altera\u00e7\u00f5es sutis na maneira como o site \u00e9 apresentado.<\/p>\n<p>Quando ainda estamos testando novos recursos, podemos usar esta ferramenta \u200b\u200bpara garantir que voc\u00ea receba uma experi\u00eancia consistente enquanto estiver no site, ao mesmo tempo em que garante que entendemos quais otimiza\u00e7\u00f5es s\u00e3o mais apreciadas por nossos usu\u00e1rios.<\/p>\n<p>Tamb\u00e9m utilizamos bot\u00f5es e\/ou plugins de m\u00eddia social que permitem que voc\u00ea se conecte com sua redes sociais de v\u00e1rias maneiras.<\/p>\n<p>Esperamos que isso tenha esclarecido as coisas para voc\u00ea e, como mencionado anteriormente, se voc\u00ea n\u00e3o tem certeza se precisa ou n\u00e3o de algo, geralmente \u00e9 mais seguro deixar os cookies habilitados caso eles interajam com um dos recursos que voc\u00ea usa em nosso site.<\/p>\n<p>No entanto, se voc\u00ea ainda desejar mais informa\u00e7\u00f5es, entre em contato conosco atrav\u00e9s de um dos nossos m\u00e9todos de contato principais:<\/p>\n<ul>\n<li>Email: hi@digitaltakeover.org<\/li>\n<\/ul>\n","protected":false},"excerpt":{"rendered":"<p>Esta \u00e9 a Pol\u00edtica de Cookies da LoanStar, acess\u00edvel em loanstar.com O que s\u00e3o cookies? Como \u00e9 pr\u00e1tica comum em&#8230;<\/p>\n","protected":false},"author":1,"featured_media":0,"parent":0,"menu_order":0,"comment_status":"closed","ping_status":"closed","template":"templates\/terms-of-use.php","meta":{"footnotes":""},"yoast_head":"<!-- This site is optimized with the Yoast SEO plugin v21.0 - https:\/\/yoast.com\/wordpress\/plugins\/seo\/ -->\n<title>Cookies - LoanStar Brasil<\/title>\n<meta name=\"description\" content=\"O Loanstar utiliza cookies para melhorar sua experi\u00eancia no nosso site. Confira nossa politica e como desativ\u00e1-los caso deseje\" \/>\n<meta name=\"robots\" content=\"index, follow, max-snippet:-1, max-image-preview:large, max-video-preview:-1\" \/>\n<link rel=\"canonical\" href=\"https:\/\/loanstar.com\/br\/cookies\/\" \/>\n<meta property=\"og:locale\" content=\"pt_BR\" \/>\n<meta property=\"og:type\" content=\"article\" \/>\n<meta property=\"og:title\" content=\"Cookies - LoanStar Brasil\" \/>\n<meta property=\"og:description\" content=\"O Loanstar utiliza cookies para melhorar sua experi\u00eancia no nosso site. Confira nossa politica e como desativ\u00e1-los caso deseje\" \/>\n<meta property=\"og:url\" content=\"https:\/\/loanstar.com\/br\/cookies\/\" \/>\n<meta property=\"og:site_name\" content=\"LoanStar Brasil\" \/>\n<meta property=\"article:modified_time\" content=\"2019-06-07T02:59:20+00:00\" \/>\n<meta name=\"twitter:card\" content=\"summary_large_image\" \/>\n<meta name=\"twitter:label1\" content=\"Est. tempo de leitura\" \/>\n\t<meta name=\"twitter:data1\" content=\"3 minutos\" \/>\n<script type=\"application\/ld+json\" class=\"yoast-schema-graph\">{\"@context\":\"https:\/\/schema.org\",\"@graph\":[{\"@type\":\"WebPage\",\"@id\":\"https:\/\/loanstar.com\/br\/cookies\/\",\"url\":\"https:\/\/loanstar.com\/br\/cookies\/\",\"name\":\"Cookies - LoanStar Brasil\",\"isPartOf\":{\"@id\":\"https:\/\/loanstar.com\/br\/#website\"},\"datePublished\":\"2018-10-23T20:28:47+00:00\",\"dateModified\":\"2019-06-07T02:59:20+00:00\",\"description\":\"O Loanstar utiliza cookies para melhorar sua experi\u00eancia no nosso site. Confira nossa politica e como desativ\u00e1-los caso deseje\",\"breadcrumb\":{\"@id\":\"https:\/\/loanstar.com\/br\/cookies\/#breadcrumb\"},\"inLanguage\":\"pt-BR\",\"potentialAction\":[{\"@type\":\"ReadAction\",\"target\":[\"https:\/\/loanstar.com\/br\/cookies\/\"]}]},{\"@type\":\"BreadcrumbList\",\"@id\":\"https:\/\/loanstar.com\/br\/cookies\/#breadcrumb\",\"itemListElement\":[{\"@type\":\"ListItem\",\"position\":1,\"name\":\"Brasil\",\"item\":\"https:\/\/loanstar.com\/br\/\"},{\"@type\":\"ListItem\",\"position\":2,\"name\":\"Cookies\"}]},{\"@type\":\"WebSite\",\"@id\":\"https:\/\/loanstar.com\/br\/#website\",\"url\":\"https:\/\/loanstar.com\/br\/\",\"name\":\"LoanStar Brasil\",\"description\":\"Comparar empr\u00e9stimos\",\"potentialAction\":[{\"@type\":\"SearchAction\",\"target\":{\"@type\":\"EntryPoint\",\"urlTemplate\":\"https:\/\/loanstar.com\/br\/?s={search_term_string}\"},\"query-input\":\"required name=search_term_string\"}],\"inLanguage\":\"pt-BR\"}]}<\/script>\n<!-- \/ Yoast SEO plugin. -->","yoast_head_json":{"title":"Cookies - LoanStar Brasil","description":"O Loanstar utiliza cookies para melhorar sua experi\u00eancia no nosso site. Confira nossa politica e como desativ\u00e1-los caso deseje","robots":{"index":"index","follow":"follow","max-snippet":"max-snippet:-1","max-image-preview":"max-image-preview:large","max-video-preview":"max-video-preview:-1"},"canonical":"https:\/\/loanstar.com\/br\/cookies\/","og_locale":"pt_BR","og_type":"article","og_title":"Cookies - LoanStar Brasil","og_description":"O Loanstar utiliza cookies para melhorar sua experi\u00eancia no nosso site. Confira nossa politica e como desativ\u00e1-los caso deseje","og_url":"https:\/\/loanstar.com\/br\/cookies\/","og_site_name":"LoanStar Brasil","article_modified_time":"2019-06-07T02:59:20+00:00","twitter_card":"summary_large_image","twitter_misc":{"Est. tempo de leitura":"3 minutos"},"schema":{"@context":"https:\/\/schema.org","@graph":[{"@type":"WebPage","@id":"https:\/\/loanstar.com\/br\/cookies\/","url":"https:\/\/loanstar.com\/br\/cookies\/","name":"Cookies - LoanStar Brasil","isPartOf":{"@id":"https:\/\/loanstar.com\/br\/#website"},"datePublished":"2018-10-23T20:28:47+00:00","dateModified":"2019-06-07T02:59:20+00:00","description":"O Loanstar utiliza cookies para melhorar sua experi\u00eancia no nosso site. Confira nossa politica e como desativ\u00e1-los caso deseje","breadcrumb":{"@id":"https:\/\/loanstar.com\/br\/cookies\/#breadcrumb"},"inLanguage":"pt-BR","potentialAction":[{"@type":"ReadAction","target":["https:\/\/loanstar.com\/br\/cookies\/"]}]},{"@type":"BreadcrumbList","@id":"https:\/\/loanstar.com\/br\/cookies\/#breadcrumb","itemListElement":[{"@type":"ListItem","position":1,"name":"Brasil","item":"https:\/\/loanstar.com\/br\/"},{"@type":"ListItem","position":2,"name":"Cookies"}]},{"@type":"WebSite","@id":"https:\/\/loanstar.com\/br\/#website","url":"https:\/\/loanstar.com\/br\/","name":"LoanStar Brasil","description":"Comparar empr\u00e9stimos","potentialAction":[{"@type":"SearchAction","target":{"@type":"EntryPoint","urlTemplate":"https:\/\/loanstar.com\/br\/?s={search_term_string}"},"query-input":"required name=search_term_string"}],"inLanguage":"pt-BR"}]}},"_links":{"self":[{"href":"https:\/\/loanstar.com\/br\/wp-json\/wp\/v2\/pages\/190"}],"collection":[{"href":"https:\/\/loanstar.com\/br\/wp-json\/wp\/v2\/pages"}],"about":[{"href":"https:\/\/loanstar.com\/br\/wp-json\/wp\/v2\/types\/page"}],"author":[{"embeddable":true,"href":"https:\/\/loanstar.com\/br\/wp-json\/wp\/v2\/users\/1"}],"replies":[{"embeddable":true,"href":"https:\/\/loanstar.com\/br\/wp-json\/wp\/v2\/comments?post=190"}],"version-history":[{"count":2,"href":"https:\/\/loanstar.com\/br\/wp-json\/wp\/v2\/pages\/190\/revisions"}],"predecessor-version":[{"id":271,"href":"https:\/\/loanstar.com\/br\/wp-json\/wp\/v2\/pages\/190\/revisions\/271"}],"wp:attachment":[{"href":"https:\/\/loanstar.com\/br\/wp-json\/wp\/v2\/media?parent=190"}],"curies":[{"name":"wp","href":"https:\/\/api.w.org\/{rel}","templated":true}]}}