{"id":171,"date":"2018-10-01T13:54:43","date_gmt":"2018-10-01T13:54:43","guid":{"rendered":"http:\/\/loanstar.com\/br\/?page_id=171"},"modified":"2019-06-10T19:23:51","modified_gmt":"2019-06-10T22:23:51","slug":"sobre","status":"publish","type":"page","link":"https:\/\/loanstar.com\/br\/sobre\/","title":{"rendered":"Sobre o LoanStar"},"content":{"rendered":"<p>Descubra como o <strong>LoanStar<\/strong> fornece solu\u00e7\u00f5es eficazes para ajud\u00e1-lo a encontrar as melhores ofertas dos principais produtos de empr\u00e9stimo.<\/p>\n<h2>Sobre o LoanStar<\/h2>\n<p>LoanStar \u00e9 o seu portal de coment\u00e1rios sobre todos os principais produtos de empr\u00e9stimo do mercado. Caso voc\u00ea busque um empr\u00e9stimo autom\u00e1tico, empr\u00e9stimo empresarial, <a href=\"http:\/\/loanstar.com\/br\/emprestimo\/consignado\/\" target=\"_blank\" rel=\"noopener noreferrer\">empr\u00e9stimo consignado<\/a> ou <a href=\"http:\/\/loanstar.com\/br\/emprestimo\/pessoal\/\" target=\"_blank\" rel=\"noopener noreferrer\">empr\u00e9stimo pessoal<\/a>, estamos te esperando.<\/p>\n<p>Nossas an\u00e1lises incluem todos os tipos de empresas (grandes e pequenas) e as compara\u00e7\u00f5es em tempo real est\u00e3o dispon\u00edveis ao toque de um bot\u00e3o.<\/p>\n<p>Voc\u00ea s\u00f3 precisa de alguns segundos para obter uma grande variedade de produtos de empr\u00e9stimo para escolher e conhecer sobre. E com a populariza\u00e7\u00e3o da internet e o avan\u00e7o da tecnologia, <a href=\"https:\/\/exame.abril.com.br\/seu-dinheiro\/sites-sao-alternativas-para-obter-emprestimos-mais-barato\/\" target=\"_blank\" rel=\"noopener noreferrer\">empr\u00e9stimos online<\/a> trouxeram maiores facilidades e juros menores para os requerentes.<\/p>\n<h2>A diferen\u00e7a do LoanStar<\/h2>\n<p>O LoanStar tem como principal miss\u00e3o ajudar consumidores como voc\u00ea a encontrar as melhores ofertas de produtos de empr\u00e9stimos do mercado. N\u00f3s temos como meta suprir necessidades como a sua e oferecer:<br \/>\n\t<div class=\"list-ticks-secondary\">\r\n\t\t<ul>\n<li>Servi\u00e7o r\u00e1pido: voc\u00ea ter\u00e1 op\u00e7\u00f5es de empr\u00e9stimos na ponta dos dedos em quest\u00e3o de segundos. Melhor ainda, voc\u00ea pode adicionar filtros para que os resultados atendam \u00e0s suas necessidades espec\u00edficas.<\/li>\n<li>Coment\u00e1rios f\u00e1ceis de navegar: voc\u00ea n\u00e3o precisar\u00e1 ca\u00e7ar informa\u00e7\u00f5es para encontrar o que precisa. Nosso conte\u00fado \u00e9 apresentado de forma simples para facilitar a sua an\u00e1lise e tornar poss\u00edvel a compara\u00e7\u00e3o e decis\u00e3o eficiente.<\/li>\n<li>Compara\u00e7\u00f5es imparciais e completas: ao contr\u00e1rio de muitos de nossos concorrentes, usamos avalia\u00e7\u00f5es de usu\u00e1rios independentes para avaliar e comparar as op\u00e7\u00f5es listadas. A compensa\u00e7\u00e3o n\u00e3o \u00e9 levada em considera\u00e7\u00e3o ao fazer recomenda\u00e7\u00f5es aos nossos leitores.<\/li>\n<li>Alcance abrangente: somos mais do que apenas um site de compara\u00e7\u00e3o de empr\u00e9stimos. Tamb\u00e9m pretendemos melhorar o seu conhecimento sobre os meandros dos produtos de empr\u00e9stimo, para que voc\u00ea possa dar continuidade com seguran\u00e7a.<\/li>\n<\/ul>\n\t<\/div><!-- \/.list-ticks -->\r\n\t\nEnt\u00e3o, se voc\u00ea est\u00e1 procurando um empr\u00e9stimo, mas n\u00e3o teve muita sorte, definitivamente est\u00e1 no lugar certo.<\/p>\n<p>Estamos ansiosos para fornecer solu\u00e7\u00f5es personalizadas e continuar a te atender nos pr\u00f3ximos anos.<\/p>\n","protected":false},"excerpt":{"rendered":"<p>Descubra como o LoanStar fornece solu\u00e7\u00f5es eficazes para ajud\u00e1-lo a encontrar as melhores ofertas dos principais produtos de empr\u00e9stimo. Sobre&#8230;<\/p>\n","protected":false},"author":1,"featured_media":0,"parent":0,"menu_order":0,"comment_status":"closed","ping_status":"closed","template":"templates\/about-us.php","meta":{"footnotes":""},"yoast_head":"<!-- This site is optimized with the Yoast SEO plugin v21.0 - https:\/\/yoast.com\/wordpress\/plugins\/seo\/ -->\n<title>Sobre o Loanstar: conhe\u00e7a nossa plataforma - LoanStar Brasil<\/title>\n<meta name=\"description\" content=\"Saiba mais sobre o Loanstar, a plataforma que ir\u00e1 te ajudar a escolher a melhor empresa e o melhor empr\u00e9stimo, encaixando com suas necessidades\" \/>\n<meta name=\"robots\" content=\"index, follow, max-snippet:-1, max-image-preview:large, max-video-preview:-1\" \/>\n<link rel=\"canonical\" href=\"https:\/\/loanstar.com\/br\/sobre\/\" \/>\n<meta property=\"og:locale\" content=\"pt_BR\" \/>\n<meta property=\"og:type\" content=\"article\" \/>\n<meta property=\"og:title\" content=\"Sobre o Loanstar: conhe\u00e7a nossa plataforma - LoanStar Brasil\" \/>\n<meta property=\"og:description\" content=\"Saiba mais sobre o Loanstar, a plataforma que ir\u00e1 te ajudar a escolher a melhor empresa e o melhor empr\u00e9stimo, encaixando com suas necessidades\" \/>\n<meta property=\"og:url\" content=\"https:\/\/loanstar.com\/br\/sobre\/\" \/>\n<meta property=\"og:site_name\" content=\"LoanStar Brasil\" \/>\n<meta property=\"article:modified_time\" content=\"2019-06-10T22:23:51+00:00\" \/>\n<meta name=\"twitter:card\" content=\"summary_large_image\" \/>\n<meta name=\"twitter:label1\" content=\"Est. tempo de leitura\" \/>\n\t<meta name=\"twitter:data1\" content=\"2 minutos\" \/>\n<script type=\"application\/ld+json\" class=\"yoast-schema-graph\">{\"@context\":\"https:\/\/schema.org\",\"@graph\":[{\"@type\":\"WebPage\",\"@id\":\"https:\/\/loanstar.com\/br\/sobre\/\",\"url\":\"https:\/\/loanstar.com\/br\/sobre\/\",\"name\":\"Sobre o Loanstar: conhe\u00e7a nossa plataforma - LoanStar Brasil\",\"isPartOf\":{\"@id\":\"https:\/\/loanstar.com\/br\/#website\"},\"datePublished\":\"2018-10-01T13:54:43+00:00\",\"dateModified\":\"2019-06-10T22:23:51+00:00\",\"description\":\"Saiba mais sobre o Loanstar, a plataforma que ir\u00e1 te ajudar a escolher a melhor empresa e o melhor empr\u00e9stimo, encaixando com suas necessidades\",\"breadcrumb\":{\"@id\":\"https:\/\/loanstar.com\/br\/sobre\/#breadcrumb\"},\"inLanguage\":\"pt-BR\",\"potentialAction\":[{\"@type\":\"ReadAction\",\"target\":[\"https:\/\/loanstar.com\/br\/sobre\/\"]}]},{\"@type\":\"BreadcrumbList\",\"@id\":\"https:\/\/loanstar.com\/br\/sobre\/#breadcrumb\",\"itemListElement\":[{\"@type\":\"ListItem\",\"position\":1,\"name\":\"Brasil\",\"item\":\"https:\/\/loanstar.com\/br\/\"},{\"@type\":\"ListItem\",\"position\":2,\"name\":\"Sobre o LoanStar\"}]},{\"@type\":\"WebSite\",\"@id\":\"https:\/\/loanstar.com\/br\/#website\",\"url\":\"https:\/\/loanstar.com\/br\/\",\"name\":\"LoanStar Brasil\",\"description\":\"Comparar empr\u00e9stimos\",\"potentialAction\":[{\"@type\":\"SearchAction\",\"target\":{\"@type\":\"EntryPoint\",\"urlTemplate\":\"https:\/\/loanstar.com\/br\/?s={search_term_string}\"},\"query-input\":\"required name=search_term_string\"}],\"inLanguage\":\"pt-BR\"}]}<\/script>\n<!-- \/ Yoast SEO plugin. -->","yoast_head_json":{"title":"Sobre o Loanstar: conhe\u00e7a nossa plataforma - LoanStar Brasil","description":"Saiba mais sobre o Loanstar, a plataforma que ir\u00e1 te ajudar a escolher a melhor empresa e o melhor empr\u00e9stimo, encaixando com suas necessidades","robots":{"index":"index","follow":"follow","max-snippet":"max-snippet:-1","max-image-preview":"max-image-preview:large","max-video-preview":"max-video-preview:-1"},"canonical":"https:\/\/loanstar.com\/br\/sobre\/","og_locale":"pt_BR","og_type":"article","og_title":"Sobre o Loanstar: conhe\u00e7a nossa plataforma - LoanStar Brasil","og_description":"Saiba mais sobre o Loanstar, a plataforma que ir\u00e1 te ajudar a escolher a melhor empresa e o melhor empr\u00e9stimo, encaixando com suas necessidades","og_url":"https:\/\/loanstar.com\/br\/sobre\/","og_site_name":"LoanStar Brasil","article_modified_time":"2019-06-10T22:23:51+00:00","twitter_card":"summary_large_image","twitter_misc":{"Est. tempo de leitura":"2 minutos"},"schema":{"@context":"https:\/\/schema.org","@graph":[{"@type":"WebPage","@id":"https:\/\/loanstar.com\/br\/sobre\/","url":"https:\/\/loanstar.com\/br\/sobre\/","name":"Sobre o Loanstar: conhe\u00e7a nossa plataforma - LoanStar Brasil","isPartOf":{"@id":"https:\/\/loanstar.com\/br\/#website"},"datePublished":"2018-10-01T13:54:43+00:00","dateModified":"2019-06-10T22:23:51+00:00","description":"Saiba mais sobre o Loanstar, a plataforma que ir\u00e1 te ajudar a escolher a melhor empresa e o melhor empr\u00e9stimo, encaixando com suas necessidades","breadcrumb":{"@id":"https:\/\/loanstar.com\/br\/sobre\/#breadcrumb"},"inLanguage":"pt-BR","potentialAction":[{"@type":"ReadAction","target":["https:\/\/loanstar.com\/br\/sobre\/"]}]},{"@type":"BreadcrumbList","@id":"https:\/\/loanstar.com\/br\/sobre\/#breadcrumb","itemListElement":[{"@type":"ListItem","position":1,"name":"Brasil","item":"https:\/\/loanstar.com\/br\/"},{"@type":"ListItem","position":2,"name":"Sobre o LoanStar"}]},{"@type":"WebSite","@id":"https:\/\/loanstar.com\/br\/#website","url":"https:\/\/loanstar.com\/br\/","name":"LoanStar Brasil","description":"Comparar empr\u00e9stimos","potentialAction":[{"@type":"SearchAction","target":{"@type":"EntryPoint","urlTemplate":"https:\/\/loanstar.com\/br\/?s={search_term_string}"},"query-input":"required name=search_term_string"}],"inLanguage":"pt-BR"}]}},"_links":{"self":[{"href":"https:\/\/loanstar.com\/br\/wp-json\/wp\/v2\/pages\/171"}],"collection":[{"href":"https:\/\/loanstar.com\/br\/wp-json\/wp\/v2\/pages"}],"about":[{"href":"https:\/\/loanstar.com\/br\/wp-json\/wp\/v2\/types\/page"}],"author":[{"embeddable":true,"href":"https:\/\/loanstar.com\/br\/wp-json\/wp\/v2\/users\/1"}],"replies":[{"embeddable":true,"href":"https:\/\/loanstar.com\/br\/wp-json\/wp\/v2\/comments?post=171"}],"version-history":[{"count":2,"href":"https:\/\/loanstar.com\/br\/wp-json\/wp\/v2\/pages\/171\/revisions"}],"predecessor-version":[{"id":285,"href":"https:\/\/loanstar.com\/br\/wp-json\/wp\/v2\/pages\/171\/revisions\/285"}],"wp:attachment":[{"href":"https:\/\/loanstar.com\/br\/wp-json\/wp\/v2\/media?parent=171"}],"curies":[{"name":"wp","href":"https:\/\/api.w.org\/{rel}","templated":true}]}}