{"id":108,"date":"2018-09-24T13:30:23","date_gmt":"2018-09-24T13:30:23","guid":{"rendered":"http:\/\/loanstar.com\/br\/?page_id=108"},"modified":"2019-06-08T04:41:24","modified_gmt":"2019-06-08T07:41:24","slug":"negativados","status":"publish","type":"page","link":"https:\/\/loanstar.com\/br\/emprestimo\/negativados\/","title":{"rendered":"Empr\u00e9stimo para negativado"},"content":{"rendered":"<h2>Entenda o empr\u00e9stimo para negativado<\/h2>\n<p>A fragilidade econ\u00f4mica e o <a href=\"https:\/\/g1.globo.com\/economia\/noticia\/2019\/01\/31\/desemprego-fica-em-116-em-dezembro-diz-ibge.ghtml\" target=\"_blank\" rel=\"noopener noreferrer\">aumento do desemprego<\/a> s\u00e3o fatores que desencadeiam o endividamento de grande parte do povo brasileiro.<\/p>\n<p>A falta de planejamento econ\u00f4mico e o f\u00e1cil acesso aos empr\u00e9stimos tamb\u00e9m contribuem para o aumento da inadimpl\u00eancia e a consequente inscri\u00e7\u00e3o do nome do devedor no <a href=\"http:\/\/loanstar.com\/br\/limpe-seu-nome-serasa-spc-scpc\/\" target=\"_blank\" rel=\"noopener noreferrer\">cadastro de maus pagadores<\/a>.<\/p>\n<p>Com o nome negativado, o consumidor passa a ter v\u00e1rias dificuldades no \u00e2mbito financeiro, seja para realizar um empr\u00e9stimo, para fazer um financiamento ou at\u00e9 mesmo para parcelar uma compra. O nome limpo \u00e9 um dos requisitos utilizado por v\u00e1rias Institui\u00e7\u00f5es Financeiras e lojas.<\/p>\n<p>As Institui\u00e7\u00f5es Financeiras, por exemplo, fazem uma an\u00e1lise do perfil do consumidor e consultam se existe alguma restri\u00e7\u00e3o no nome do cliente, isto \u00e9, pesquisam se o consumidor est\u00e1 com o nome negativado. <strong>Se existe restri\u00e7\u00e3o no nome do consumidor, geralmente a Institui\u00e7\u00e3o Financeira<\/strong> n\u00e3o aprova o empr\u00e9stimo.<\/p>\n<p>Mas, como toda regra tem exce\u00e7\u00e3o, n\u00e3o s\u00e3o todas as Institui\u00e7\u00f5es Financeiras que rejeitam o empr\u00e9stimo para negativado.<\/p>\n<p>Atualmente, existem institui\u00e7\u00f5es financeiras que fazem empr\u00e9stimos espec\u00edficos para negativados. Entretanto, nessas condi\u00e7\u00f5es, muitas institui\u00e7\u00f5es costumam liberar apenas cr\u00e9ditos mais baixos e com juros maiores.<\/p>\n<h2>A import\u00e2ncia de comparar e simular o empr\u00e9stimo para negativado!<\/h2>\n<p>Antes de decidir pela contrata\u00e7\u00e3o, \u00e9 importante o consumidor prestar aten\u00e7\u00e3o nas taxas de juros, no IOF (imposto sobre opera\u00e7\u00f5es financeiras) e outras tarifas que podem ser cobradas. Por isso \u00e9 importante verificar o <a href=\"https:\/\/www.serasaconsumidor.com.br\/ensina\/seu-credito\/cet-o-que-e-para-que-serve\/\" target=\"_blank\" rel=\"noopener noreferrer\">custo efetivo total (CET)<\/a> e fazer uma compara\u00e7\u00e3o.<\/p>\n<p><img decoding=\"async\" class=\"alignright size-full wp-image-235\" src=\"http:\/\/loanstar.com\/br\/wp-content\/uploads\/sites\/7\/2018\/11\/zero_interest_button.svg\" alt=\"emprestimo negativado como fazer\" width=\"312\" \/><\/p>\n<p>Financeiras e bancos possuem diferentes taxas e, por meio da compara\u00e7\u00e3o, o consumidor pode avaliar a Institui\u00e7\u00e3o Financeira que tem melhores propostas.<\/p>\n<p>Lembre-se que o empr\u00e9stimo para negativado geralmente possui elevada taxa de juros. Al\u00e9m disso, outra taxa que pode ser cobrada \u00e9 a tarifa de cadastro. O valor e a cobran\u00e7a dessa tarifa \u00e9 definida por cada institui\u00e7\u00e3o financeira. Por isso,<a href=\"http:\/\/loanstar.com\/br\/\" target=\"_blank\" rel=\"noopener noreferrer\"> o ideal \u00e9 comparar<\/a>!<\/p>\n<p>Se o seu nome j\u00e1 est\u00e1 negativado, \u00e9 mais um motivo para voc\u00ea ser ainda mais cauteloso e fazer uma simula\u00e7\u00e3o do empr\u00e9stimo.<\/p>\n<p>Desse modo, voc\u00ea pode saber quanto ir\u00e1 pagar por m\u00eas, quanto ser\u00e1 a taxa de juros e tamb\u00e9m o custo efetivo total do empr\u00e9stimo. Com o uso do simulador, voc\u00ea ficar\u00e1 consciente se o valor das parcelas caber\u00e1 em seu or\u00e7amento mensal e poder\u00e1 organizar melhor suas finan\u00e7as para n\u00e3o correr o risco de ficar negativado de novo.<\/p>\n<h2>Cuidados na hora de realizar um empr\u00e9stimo para negativado!<\/h2>\n<p>Atualmente em nosso pa\u00eds, s\u00e3o v\u00e1rias as institui\u00e7\u00f5es e at\u00e9 pessoas que oferecem empr\u00e9stimos diversos, inclusive empr\u00e9stimo para negativados.<\/p>\n<p>Em meio a tanta oferta, muitas vezes as pessoas podem cair em armadilhas.<\/p>\n<p>Por isso, se voc\u00ea n\u00e3o sabe como averiguar a seriedade e veracidade da Institui\u00e7\u00e3o que oferece o empr\u00e9stimo para negativados, o melhor a fazer \u00e9 utilizar <a href=\"http:\/\/loanstar.com\/br\/sobre\/\" target=\"_blank\" rel=\"noopener noreferrer\">sistemas de buscas como o nosso<\/a>. Pois nosso servi\u00e7o de simula\u00e7\u00e3o e compara\u00e7\u00e3o trabalha apenas com Institui\u00e7\u00f5es reconhecidas.<\/p>\n<p>Mas se voc\u00ea resolver fazer um empr\u00e9stimo sem a utiliza\u00e7\u00e3o de sistemas seguros como o nosso, fique atento! Observe bem as propostas do contrato e nunca assine se estiver em branco. Tamb\u00e9m n\u00e3o forne\u00e7a a senha do seu cart\u00e3o magn\u00e9tico para terceiros, principalmente se for atrav\u00e9s de telefonemas.<\/p>\n<p>N\u00e3o esque\u00e7a de verificar se a institui\u00e7\u00e3o financeira est\u00e1 autorizada a funcionar pelo Banco Central e, no caso dos empr\u00e9stimos para negativados, nunca aceite fazer dep\u00f3sitos antecipados. Institui\u00e7\u00f5es s\u00e9rias geralmente n\u00e3o obrigam o consumidor a pagar valores antes de receber o cr\u00e9dito.<\/p>\n<p>E, claro, leia atentamente o contrato e analise bem se as propostas s\u00e3o boas para o seu perfil financeiro.<\/p>\n<h2>Empr\u00e9stimo consignado para negativado<\/h2>\n<p>Uma boa op\u00e7\u00e3o para quem est\u00e1 com o nome negativado e precisa de cr\u00e9dito, \u00e9 o <a href=\"http:\/\/loanstar.com\/br\/emprestimo\/consignado\/\" target=\"_blank\" rel=\"noopener noreferrer\">empr\u00e9stimo consignado<\/a>. Como o empr\u00e9stimo \u00e9 descontado diretamente na folha de pagamento ou benef\u00edcio do INSS, os bancos ou financeiras correm menos riscos porque existe mais garantia no recebimento das parcelas do empr\u00e9stimo.<\/p>\n<p><strong>Os juros n\u00e3o s\u00e3o t\u00e3o altos como nas outras modalidades de empr\u00e9stimos para negativado<\/strong>.<\/p>\n<p>Mas n\u00e3o s\u00e3o todas as pessoas que podem realizar esse tipo de empr\u00e9stimo. Voc\u00ea precisa estar dentro da categoria espec\u00edfica de trabalhadores que podem realizar o empr\u00e9stimo na forma consignada.<\/p>\n<p><img decoding=\"async\" class=\"alignright size-full wp-image-209\" src=\"http:\/\/loanstar.com\/br\/wp-content\/uploads\/sites\/7\/2018\/11\/bad_credit_1.svg\" alt=\"instituicoes emprestimo negativados\" width=\"312\" \/><\/p>\n<p>As pessoas que trabalham com carteira assinada, recebem algum benef\u00edcio do INSS ou s\u00e3o funcion\u00e1rios p\u00fablicos, podem solicitar um empr\u00e9stimo consignado para negativados.<\/p>\n<p>Lembre-se que os funcion\u00e1rios p\u00fablicos, pensionistas e aposentados pelo INSS est\u00e3o na categoria com mais benef\u00edcios e melhores condi\u00e7\u00f5es contratuais, pois os bancos entendem que eles possuem maior estabilidade financeira.<\/p>\n<h2>Institui\u00e7\u00f5es Financeiras que realizam o empr\u00e9stimo para negativados<\/h2>\n<p>Crefisa, Simplic e MoneyMan s\u00e3o exemplos de financeiras que realizam empr\u00e9stimo para negativados. Apesar das taxas de juros serem altas, essas financeiras s\u00e3o regularmente autorizadas pelo Banco Central e o procedimento de empr\u00e9stimo costuma ser r\u00e1pido.<\/p>\n<p>Logo abaixo vamos citar as caracter\u00edsticas do empr\u00e9stimo para negativados em cada uma delas.<\/p>\n<p>Na Crefisa, funcion\u00e1rios p\u00fablicos, pensionistas e aposentados que est\u00e3o com o nome negativado podem solicitar o empr\u00e9stimo para negativados. Entretanto, o valor do empr\u00e9stimo somente ser\u00e1 definido ap\u00f3s uma an\u00e1lise de cr\u00e9dito e an\u00e1lise da documenta\u00e7\u00e3o necess\u00e1ria. Geralmente os juros da Crefisa \u00e9 de aproximadamente 19.12% ao m\u00eas.<\/p>\n<p>No Simplic o empr\u00e9stimo para negativados \u00e9 r\u00e1pido, seguro e desburocratizado. Entretanto n\u00e3o \u00e9 todo negativado que pode solicitar o empr\u00e9stimo.<\/p>\n<p>\u00c9 necess\u00e1rio ser maior de 18 anos, ter renda m\u00ednima mensal de R$ 1.241,07 e possuir conta banc\u00e1ria em um dos seguintes bancos: Bradesco, Caixa Econ\u00f4mica, Ita\u00fa ou Santander. O procedimento de empr\u00e9stimo Simplic \u00e9 completamente online e \u00e9 poss\u00edvel pegar emprestado at\u00e9 R$ 3.500.<\/p>\n<p>Geralmente na Simplic, a taxa de juros mensais \u00e9 de 15.8% a 17.9%.<\/p>\n<p>Moneyman tamb\u00e9m concede cr\u00e9dito para negativados, por\u00e9m os valores n\u00e3o s\u00e3o muito altos. O procedimento de solicita\u00e7\u00e3o de empr\u00e9stimo para negativados \u00e9 online e se a an\u00e1lise aprovar o empr\u00e9stimo, o dinheiro estar\u00e1 dispon\u00edvel rapidamente na conta do solicitante.<\/p>\n<p>A desvantagem da Moneyman \u00e9 que, como a maioria das financeiras que fazem empr\u00e9stimo para negativados, as taxas de juros s\u00e3o altas. Os valores dispon\u00edveis pela Moneyman variam de R$ 200,00 \u00e0 R$ 800,00.<\/p>\n<h2>Outras formas de empr\u00e9stimo para negativado<\/h2>\n<p>A taxa de juros no empr\u00e9stimo para negativados \u00e9 bem alta devido ao risco que as Institui\u00e7\u00f5es Financeiras correm ao disponibilizarem cr\u00e9dito para pessoas que s\u00e3o consideradas &#8220;m\u00e1s pagadoras&#8221;.<\/p>\n<p><img decoding=\"async\" class=\"alignright size-full wp-image-214\" src=\"http:\/\/loanstar.com\/br\/wp-content\/uploads\/sites\/7\/2018\/11\/credit_redemption_button.svg\" alt=\"emprestimo negativados taxa de juros\" width=\"312\" \/><\/p>\n<p>Al\u00e9m do empr\u00e9stimo consignado para negativados, uma outra forma inteligente de fazer empr\u00e9stimo com taxas de juros razo\u00e1veis, \u00e9 o empr\u00e9stimo para negativados com garantia.<\/p>\n<p>Dessa forma, como \u00e9 oferecido um bem como garantia, <strong>as taxas de juros s\u00e3o bem mais baixas do que no empr\u00e9stimo para negativados sem garantia<\/strong>.<\/p>\n<p>Com o oferecimento de garantia, \u00e9 poss\u00edvel encontrar taxas de juros de at\u00e9 3.0% ao m\u00eas. Mas o consumidor precisa ser cauteloso ao utilizar essa modalidade, pois se ele n\u00e3o pagar as parcelas, ele pode perder o bem.<\/p>\n<p>Outra forma bastante utilizada por pessoas que est\u00e3o negativadas e que precisam de dinheiro \u00e9 o penhor. Nesse tipo de empr\u00e9stimo os juros s\u00e3o baixos, mas obviamente o consumidor negativado precisa ter algum objeto de valor para penhorar. Geralmente as j\u00f3ias s\u00e3o os objetos mais aceitos na penhora.<\/p>\n<h2>Negociar d\u00edvidas e limpar seu nome \u00e9 a melhor op\u00e7\u00e3o<\/h2>\n<p>A grande desvantagem do empr\u00e9stimo para negativados \u00e9 o valor alto dos juros. Por isso, \u00e9 sempre uma boa ideia tentar negociar um bom acordo, pagar d\u00edvidas e ficar com o nome limpo. Muitas vezes \u00e9 poss\u00edvel conseguir uma boa redu\u00e7\u00e3o do valor total e pag\u00e1-lo de forma parcelada.<\/p>\n<p>Veja algumas dicas importantes antes de voc\u00ea tentar negociar o pagamento da d\u00edvida:<\/p>\n<ul>\n<li>Fa\u00e7a uma lista de todas as suas d\u00edvidas com os valores atualizados. N\u00e3o se esque\u00e7a do cheque especial e do cart\u00e3o de cr\u00e9dito;<\/li>\n<li>Elabore uma planilha com todos os seus gastos mensais, ou seja, tudo o que entra e sai da sua conta banc\u00e1ria todo m\u00eas. Desta forma, voc\u00ea vai saber quanto pode pagar em um acordo por m\u00eas;<\/li>\n<li>Fa\u00e7a uma lista de cortes que podem ser feitos no seu or\u00e7amento e conte com a ajuda da fam\u00edlia toda.<\/li>\n<\/ul>\n<p>Abaixo segue uma lista de perguntas para ajudar voc\u00ea no momento da negocia\u00e7\u00e3o junto ao seu credor.<\/p>\n<ul>\n<li>Qual ser\u00e1 o desconto, em percentual, sobre a d\u00edvida total?<\/li>\n<li>Se pagar \u00e0 vista, posso ter um desconto maior?<\/li>\n<li>Se parcelar, quais ser\u00e3o os juros?<\/li>\n<li>Quando pagar, vou receber uma carta de quita\u00e7\u00e3o?<\/li>\n<\/ul>\n<p>Caso prefira, tamb\u00e9m existem empresas especializadas em reabilita\u00e7\u00e3o de cr\u00e9dito. Alguns credores disponibilizam negocia\u00e7\u00f5es online e participam do feir\u00e3o limpa nome. Tamb\u00e9m \u00e9 poss\u00edvel fazer a negocia\u00e7\u00e3o pessoalmente.<\/p>\n<p>\u00c9 uma excelente oportunidade para <strong>ficar livre de suas d\u00edvidas<\/strong> e vale a pena lembrar que a restri\u00e7\u00e3o ao seu nome pode sair em at\u00e9 cinco dias \u00fateis ap\u00f3s o pagamento da primeira parcela ou do valor total (com desconto, claro)!<\/p>\n","protected":false},"excerpt":{"rendered":"<p>Entenda o empr\u00e9stimo para negativado A fragilidade econ\u00f4mica e o aumento do desemprego s\u00e3o fatores que desencadeiam o endividamento de&#8230;<\/p>\n","protected":false},"author":1,"featured_media":0,"parent":94,"menu_order":0,"comment_status":"closed","ping_status":"closed","template":"templates\/calculator-follow-up.php","meta":{"footnotes":""},"yoast_head":"<!-- This site is optimized with the Yoast SEO plugin v21.0 - https:\/\/yoast.com\/wordpress\/plugins\/seo\/ -->\n<title>Empr\u00e9stimo para negativado: compare antes de pedir - LoanStar Brasil<\/title>\n<meta name=\"description\" content=\"O empr\u00e9stimo para negativado \u00e9 a sa\u00edda para quem precisa de uma ajuda e j\u00e1 est\u00e1 com o nome sujo. Por\u00e9m, antes \u00e9 preciso fazer uma an\u00e1lise e comparar\" \/>\n<meta name=\"robots\" content=\"index, follow, max-snippet:-1, max-image-preview:large, max-video-preview:-1\" \/>\n<link rel=\"canonical\" href=\"https:\/\/loanstar.com\/br\/emprestimo\/negativados\/\" \/>\n<meta property=\"og:locale\" content=\"pt_BR\" \/>\n<meta property=\"og:type\" content=\"article\" \/>\n<meta property=\"og:title\" content=\"Empr\u00e9stimo para negativado: compare antes de pedir - LoanStar Brasil\" \/>\n<meta property=\"og:description\" content=\"O empr\u00e9stimo para negativado \u00e9 a sa\u00edda para quem precisa de uma ajuda e j\u00e1 est\u00e1 com o nome sujo. Por\u00e9m, antes \u00e9 preciso fazer uma an\u00e1lise e comparar\" \/>\n<meta property=\"og:url\" content=\"https:\/\/loanstar.com\/br\/emprestimo\/negativados\/\" \/>\n<meta property=\"og:site_name\" content=\"LoanStar Brasil\" \/>\n<meta property=\"article:modified_time\" content=\"2019-06-08T07:41:24+00:00\" \/>\n<meta property=\"og:image\" content=\"http:\/\/loanstar.com\/br\/wp-content\/uploads\/sites\/7\/2018\/11\/zero_interest_button.svg\" \/>\n<meta name=\"twitter:card\" content=\"summary_large_image\" \/>\n<meta name=\"twitter:label1\" content=\"Est. tempo de leitura\" \/>\n\t<meta name=\"twitter:data1\" content=\"8 minutos\" \/>\n<script type=\"application\/ld+json\" class=\"yoast-schema-graph\">{\"@context\":\"https:\/\/schema.org\",\"@graph\":[{\"@type\":\"WebPage\",\"@id\":\"https:\/\/loanstar.com\/br\/emprestimo\/negativados\/\",\"url\":\"https:\/\/loanstar.com\/br\/emprestimo\/negativados\/\",\"name\":\"Empr\u00e9stimo para negativado: compare antes de pedir - LoanStar Brasil\",\"isPartOf\":{\"@id\":\"https:\/\/loanstar.com\/br\/#website\"},\"datePublished\":\"2018-09-24T13:30:23+00:00\",\"dateModified\":\"2019-06-08T07:41:24+00:00\",\"description\":\"O empr\u00e9stimo para negativado \u00e9 a sa\u00edda para quem precisa de uma ajuda e j\u00e1 est\u00e1 com o nome sujo. Por\u00e9m, antes \u00e9 preciso fazer uma an\u00e1lise e comparar\",\"breadcrumb\":{\"@id\":\"https:\/\/loanstar.com\/br\/emprestimo\/negativados\/#breadcrumb\"},\"inLanguage\":\"pt-BR\",\"potentialAction\":[{\"@type\":\"ReadAction\",\"target\":[\"https:\/\/loanstar.com\/br\/emprestimo\/negativados\/\"]}]},{\"@type\":\"BreadcrumbList\",\"@id\":\"https:\/\/loanstar.com\/br\/emprestimo\/negativados\/#breadcrumb\",\"itemListElement\":[{\"@type\":\"ListItem\",\"position\":1,\"name\":\"Brasil\",\"item\":\"https:\/\/loanstar.com\/br\/\"},{\"@type\":\"ListItem\",\"position\":2,\"name\":\"Empr\u00e9stimo online\",\"item\":\"https:\/\/loanstar.com\/br\/emprestimo\/\"},{\"@type\":\"ListItem\",\"position\":3,\"name\":\"Empr\u00e9stimo para negativado\"}]},{\"@type\":\"WebSite\",\"@id\":\"https:\/\/loanstar.com\/br\/#website\",\"url\":\"https:\/\/loanstar.com\/br\/\",\"name\":\"LoanStar Brasil\",\"description\":\"Comparar empr\u00e9stimos\",\"potentialAction\":[{\"@type\":\"SearchAction\",\"target\":{\"@type\":\"EntryPoint\",\"urlTemplate\":\"https:\/\/loanstar.com\/br\/?s={search_term_string}\"},\"query-input\":\"required name=search_term_string\"}],\"inLanguage\":\"pt-BR\"}]}<\/script>\n<!-- \/ Yoast SEO plugin. -->","yoast_head_json":{"title":"Empr\u00e9stimo para negativado: compare antes de pedir - LoanStar Brasil","description":"O empr\u00e9stimo para negativado \u00e9 a sa\u00edda para quem precisa de uma ajuda e j\u00e1 est\u00e1 com o nome sujo. Por\u00e9m, antes \u00e9 preciso fazer uma an\u00e1lise e comparar","robots":{"index":"index","follow":"follow","max-snippet":"max-snippet:-1","max-image-preview":"max-image-preview:large","max-video-preview":"max-video-preview:-1"},"canonical":"https:\/\/loanstar.com\/br\/emprestimo\/negativados\/","og_locale":"pt_BR","og_type":"article","og_title":"Empr\u00e9stimo para negativado: compare antes de pedir - LoanStar Brasil","og_description":"O empr\u00e9stimo para negativado \u00e9 a sa\u00edda para quem precisa de uma ajuda e j\u00e1 est\u00e1 com o nome sujo. Por\u00e9m, antes \u00e9 preciso fazer uma an\u00e1lise e comparar","og_url":"https:\/\/loanstar.com\/br\/emprestimo\/negativados\/","og_site_name":"LoanStar Brasil","article_modified_time":"2019-06-08T07:41:24+00:00","og_image":[{"url":"http:\/\/loanstar.com\/br\/wp-content\/uploads\/sites\/7\/2018\/11\/zero_interest_button.svg"}],"twitter_card":"summary_large_image","twitter_misc":{"Est. tempo de leitura":"8 minutos"},"schema":{"@context":"https:\/\/schema.org","@graph":[{"@type":"WebPage","@id":"https:\/\/loanstar.com\/br\/emprestimo\/negativados\/","url":"https:\/\/loanstar.com\/br\/emprestimo\/negativados\/","name":"Empr\u00e9stimo para negativado: compare antes de pedir - LoanStar Brasil","isPartOf":{"@id":"https:\/\/loanstar.com\/br\/#website"},"datePublished":"2018-09-24T13:30:23+00:00","dateModified":"2019-06-08T07:41:24+00:00","description":"O empr\u00e9stimo para negativado \u00e9 a sa\u00edda para quem precisa de uma ajuda e j\u00e1 est\u00e1 com o nome sujo. Por\u00e9m, antes \u00e9 preciso fazer uma an\u00e1lise e comparar","breadcrumb":{"@id":"https:\/\/loanstar.com\/br\/emprestimo\/negativados\/#breadcrumb"},"inLanguage":"pt-BR","potentialAction":[{"@type":"ReadAction","target":["https:\/\/loanstar.com\/br\/emprestimo\/negativados\/"]}]},{"@type":"BreadcrumbList","@id":"https:\/\/loanstar.com\/br\/emprestimo\/negativados\/#breadcrumb","itemListElement":[{"@type":"ListItem","position":1,"name":"Brasil","item":"https:\/\/loanstar.com\/br\/"},{"@type":"ListItem","position":2,"name":"Empr\u00e9stimo online","item":"https:\/\/loanstar.com\/br\/emprestimo\/"},{"@type":"ListItem","position":3,"name":"Empr\u00e9stimo para negativado"}]},{"@type":"WebSite","@id":"https:\/\/loanstar.com\/br\/#website","url":"https:\/\/loanstar.com\/br\/","name":"LoanStar Brasil","description":"Comparar empr\u00e9stimos","potentialAction":[{"@type":"SearchAction","target":{"@type":"EntryPoint","urlTemplate":"https:\/\/loanstar.com\/br\/?s={search_term_string}"},"query-input":"required name=search_term_string"}],"inLanguage":"pt-BR"}]}},"_links":{"self":[{"href":"https:\/\/loanstar.com\/br\/wp-json\/wp\/v2\/pages\/108"}],"collection":[{"href":"https:\/\/loanstar.com\/br\/wp-json\/wp\/v2\/pages"}],"about":[{"href":"https:\/\/loanstar.com\/br\/wp-json\/wp\/v2\/types\/page"}],"author":[{"embeddable":true,"href":"https:\/\/loanstar.com\/br\/wp-json\/wp\/v2\/users\/1"}],"replies":[{"embeddable":true,"href":"https:\/\/loanstar.com\/br\/wp-json\/wp\/v2\/comments?post=108"}],"version-history":[{"count":2,"href":"https:\/\/loanstar.com\/br\/wp-json\/wp\/v2\/pages\/108\/revisions"}],"predecessor-version":[{"id":279,"href":"https:\/\/loanstar.com\/br\/wp-json\/wp\/v2\/pages\/108\/revisions\/279"}],"up":[{"embeddable":true,"href":"https:\/\/loanstar.com\/br\/wp-json\/wp\/v2\/pages\/94"}],"wp:attachment":[{"href":"https:\/\/loanstar.com\/br\/wp-json\/wp\/v2\/media?parent=108"}],"curies":[{"name":"wp","href":"https:\/\/api.w.org\/{rel}","templated":true}]}}