{"id":106,"date":"2018-09-24T13:26:48","date_gmt":"2018-09-24T13:26:48","guid":{"rendered":"http:\/\/loanstar.com\/br\/?page_id=106"},"modified":"2019-07-08T09:32:30","modified_gmt":"2019-07-08T12:32:30","slug":"credito-auto","status":"publish","type":"page","link":"https:\/\/loanstar.com\/br\/emprestimo\/credito-auto\/","title":{"rendered":"Cr\u00e9dito auto"},"content":{"rendered":"<h2>O que voc\u00ea precisa saber na hora solicitar cr\u00e9dito auto<\/h2>\n<p>Quando surge a necessidade de comprar um autom\u00f3vel e voc\u00ea n\u00e3o possui dinheiro suficiente para pagar o valor total a vista, \u00e9 poss\u00edvel recorrer \u00e0s Institui\u00e7\u00f5es Financeiras e escolher a op\u00e7\u00e3o de cr\u00e9dito auto mais adequada ao seu perfil.<\/p>\n<p>Mas antes, \u00e9 preciso entender um pouco sobre as diferentes op\u00e7\u00f5es de contratos oferecidos quando voc\u00ea recorre ao cr\u00e9dito auto. <strong>\u00c9 importante, tamb\u00e9m, ler algumas dicas e saber da exist\u00eancia de servi\u00e7os como o nosso<\/strong>, que otimizam as buscas, fazem simula\u00e7\u00f5es e ajudam na hora de escolher a melhor proposta.<\/p>\n<p>Atualmente, existem v\u00e1rias institui\u00e7\u00f5es financeiras com diferentes ofertas e taxas de cr\u00e9dito auto. Por isso, n\u00e3o deixe de comparar propostas.<\/p>\n<p>O Cr\u00e9dito Direto ao Consumidor (CDC), o leasing e o cons\u00f3rcio s\u00e3o as op\u00e7\u00f5es oferecidas aos que querem adquirir um autom\u00f3vel e n\u00e3o t\u00eam dinheiro suficiente para fechar neg\u00f3cio. Mais detalhes:<\/p>\n<p>&#8211; Cons\u00f3rcio<\/p>\n<p>O cons\u00f3rcio de autom\u00f3vel \u00e9 o m\u00e9todo pelo qual \u00e9 criado uma poupan\u00e7a conjunta. Cada participante do cons\u00f3rcio paga um valor mensal e espera ser sorteado para ter acesso \u00e0 carta de cr\u00e9dito para comprar um autom\u00f3vel.<\/p>\n<p>Como depende da espera de um sorteio, essa modalidade n\u00e3o \u00e9 adequada para quem tem urg\u00eancia em adquirir um determinado bem. \u00c9 uma boa op\u00e7\u00e3o para quem n\u00e3o quer pagar juros, pois no cons\u00f3rcio h\u00e1 incid\u00eancia apenas de encargos e taxas de administra\u00e7\u00e3o.<img decoding=\"async\" loading=\"lazy\" class=\"alignright wp-image-81 size-full\" src=\"http:\/\/loanstar.com\/br\/wp-content\/uploads\/sites\/7\/2018\/09\/ill_body_12.svg\" alt=\"credito auto consorcio\" width=\"312\" height=\"150\" \/><\/p>\n<p>Uma outra vantagem dessa modalidade \u00e9 que o consorciado, quando contemplado, pode optar por adquirir qualquer bem relacionado \u00e0 categoria escolhida de seu grupo de cons\u00f3rcio.<\/p>\n<p>Portanto, se voc\u00ea mudar de ideia no decorrer do cons\u00f3rcio, voc\u00ea estar\u00e1 livre para escolher outro autom\u00f3vel utilizando o seu cr\u00e9dito, quando contemplado, desde que seja, logicamente, da mesma categoria escolhida no contrato.<\/p>\n<p>&#8211; Cr\u00e9dito Direto ao Consumidor<\/p>\n<p>O Cr\u00e9dito Direto ao Consumidor (CDC) \u00e9 o sistema mais utilizado em nosso pa\u00eds. Nessa modalidade de financiamento, o comprador adquire o carro imediatamente e os juros s\u00e3o reduzidos se as presta\u00e7\u00f5es s\u00e3o pagas antecipadamente.<\/p>\n<p>E se houver a venda do autom\u00f3vel antes da quita\u00e7\u00e3o do contrato, o saldo restante do financiamento pode ser repassado para quem comprar o autom\u00f3vel.<\/p>\n<p>Nesta modalidade, toda a documenta\u00e7\u00e3o do ve\u00edculo fica em nome do comprador, com aliena\u00e7\u00e3o fiduci\u00e1ria para o banco at\u00e9 a quita\u00e7\u00e3o total do contrato. <strong>No CDC, os juros s\u00e3o maiores que os do leasing<\/strong>, pois a institui\u00e7\u00e3o financeira corre mais risco.<\/p>\n<p>Em caso de inadimpl\u00eancia nas presta\u00e7\u00f5es, o banco deve recorrer ao judici\u00e1rio para conseguir retomar o autom\u00f3vel.<\/p>\n<p>Diferentemente do leasing, neste tipo de cr\u00e9dito, as Institui\u00e7\u00f5es n\u00e3o imp\u00f5em nenhum tipo de restri\u00e7\u00e3o com rela\u00e7\u00e3o ao n\u00famero m\u00ednimo de parcelas.<\/p>\n<p>&#8211; Leasing<\/p>\n<p>Basicamente, podemos definir o leasing como um tipo de aluguel com a possibilidade de comprar o bem ao final, por um valor residual, previamente acordado no contrato. A legisla\u00e7\u00e3o brasileira utiliza a express\u00e3o &#8220;arrendamento mercantil&#8221; para denominar o leasing.<\/p>\n<p>As partes desse contrato s\u00e3o denominadas \u201carrendador\u201d e \u201carrendat\u00e1rio\u201d. Tem como fundamento a aquisi\u00e7\u00e3o, por parte do arrendador, do bem escolhido pelo arrendat\u00e1rio para sua utiliza\u00e7\u00e3o.<\/p>\n<p>Portanto, o arrendat\u00e1rio ter\u00e1 a posse e o usufruto do bem do arrendador (propriet\u00e1rio).<\/p>\n<p>Diferente do Cr\u00e9dito Direto ao Consumidor (CDC), n\u00e3o \u00e9 permitido antecipar presta\u00e7\u00f5es para reduzir juros. Outra caracter\u00edstica do leasing \u00e9 que ele s\u00f3 pode ser contratado para pagamentos acima de 24 meses.<\/p>\n<p>Podemos citar tr\u00eas vantagens desse tipo de contrato: oferece diversos benef\u00edcios fiscais como a diminui\u00e7\u00e3o no valor dos impostos; isen\u00e7\u00e3o de imposto de selo; e <strong>sua<\/strong> <strong>negocia\u00e7\u00e3o \u00e9 r\u00e1pida e f\u00e1cil<\/strong>.<\/p>\n<p>As desvantagens do leasing se resumem em: exist\u00eancia de cl\u00e1usula penal em caso de descumprimento contratual; necessidade de contrata\u00e7\u00e3o de seguro; voc\u00ea s\u00f3 poder\u00e1 ser o propriet\u00e1rio do autom\u00f3vel ao final do contrato; o custo financeiro \u00e9 mais alto que outras modalidades de financiamento.<\/p>\n<h2>Dicas na hora de optar por um cr\u00e9dito auto<\/h2>\n<p>Adquirir um carro e ter que pagar presta\u00e7\u00f5es por v\u00e1rios meses (ou at\u00e9 anos) \u00e9 indubitavelmente uma decis\u00e3o muito importante. Por isso, deve ser tomada de forma inteligente e planejada. Como existem v\u00e1rias formas e institui\u00e7\u00f5es de cr\u00e9dito auto, um <a href=\"http:\/\/loanstar.com\/br\/sobre\/\" target=\"_blank\" rel=\"noopener noreferrer\">simulador online<\/a> ajudar\u00e1 muito na hora da escolha.<\/p>\n<p>Com o simulador, voc\u00ea poder\u00e1 visualizar as diferentes taxas de juros, condi\u00e7\u00f5es e formas de pagamento. Dessa forma, ficar\u00e1 mais f\u00e1cil escolher as melhores condi\u00e7\u00f5es de maneira simples e r\u00e1pida.<\/p>\n<p>Portanto, n\u00e3o deixe de pesquisar e comparar as ofertas. Vale lembrar que podemos fazer isso para voc\u00ea sem que precise sair de casa.<\/p>\n<p>Al\u00e9m do simulador e da compara\u00e7\u00e3o de ofertas, outro fator importante na hora de optar por cr\u00e9dito auto \u00e9 garantir uma boa entrada.<\/p>\n<p><strong>Quanto maior for esta entrada, menores ser\u00e3o as taxas m\u00e9dias dos juros e, consequentemente, o valor das parcelas<\/strong>.<\/p>\n<p>Infelizmente, se voc\u00ea n\u00e3o tiver dinheiro para a entrada, dificilmente ter\u00e1 um financiamento aprovado. Por\u00e9m, caso tenha pelo menos 20% do valor do ve\u00edculo, ser\u00e1 mais f\u00e1cil conseguir a aprova\u00e7\u00e3o do financiamento.<\/p>\n<p>Portanto, a dica \u00e9 simples e vale refor\u00e7ar: quanto maior a entrada, menores ser\u00e3o os juros e maiores as chances de aprova\u00e7\u00e3o do financiamento.<\/p>\n<h2>Cr\u00e9dito auto com o nome sujo<\/h2>\n<p>Se voc\u00ea estiver com o nome cadastrado em \u00f3rg\u00e3os de restri\u00e7\u00e3o ao cr\u00e9dito, isto \u00e9, se seu nome est\u00e1 sujo, provavelmente n\u00e3o vai conseguir fazer um bom financiamento. S\u00e3o muitas as institui\u00e7\u00f5es financeiras que nem analisam o pedido de financiamento quando, de imediato, verificam que a pessoa est\u00e1 com o nome sujo.<\/p>\n<p>Portanto, o ideal \u00e9, se voc\u00ea estiver inscrito em \u00f3rg\u00e3os como o <a href=\"http:\/\/loanstar.com\/br\/limpe-seu-nome-serasa-spc-scpc\/\" target=\"_blank\" rel=\"noopener noreferrer\">SPC ou SERASA<\/a>, verificar o motivo da inscri\u00e7\u00e3o e regularizar sua situa\u00e7\u00e3o. Muitas vezes as pessoas est\u00e3o inscritas nesses \u00f3rg\u00e3os por conta de equ\u00edvocos de terceiros.<\/p>\n<p>Por\u00e9m, independente do motivo, se voc\u00ea quer fazer um financiamento, \u00e9 importante &#8220;limpar&#8221; seu nome antes de solicitar o cr\u00e9dito auto.<img decoding=\"async\" class=\"alignright size-full wp-image-74\" src=\"http:\/\/loanstar.com\/br\/wp-content\/uploads\/sites\/7\/2018\/09\/ill_body_5.svg\" alt=\"credito auto nome sujo\" width=\"312\" \/><\/p>\n<p>Ter um hist\u00f3rico de bom pagador \u00e9 um fator essencial na aprova\u00e7\u00e3o do cr\u00e9dito auto, principalmente perante o seu banco.<\/p>\n<p>Bancos e financeiras possuem sistemas interligados de an\u00e1lises, e se voc\u00ea tiver um <a href=\"http:\/\/loanstar.com\/br\/emprestimo\/negativados\/\" target=\"_blank\" rel=\"noopener noreferrer\">hist\u00f3rico negativo<\/a> em seu banco, provavelmente isso pode interferir na aprova\u00e7\u00e3o de um cr\u00e9dito auto, mesmo que voc\u00ea escolha uma outra institui\u00e7\u00e3o banc\u00e1ria.<\/p>\n<p>Por isso, \u00e9 essencial que voc\u00ea sempre pague suas contas em dia, se voc\u00ea pensa em solicitar cr\u00e9dito auto no futuro.<\/p>\n<p>Algumas institui\u00e7\u00f5es financeiras aceitam fazer o contrato de financiamento com pessoas que tenham o nome inscrito no cadastro de inadimplentes, mas apenas se for poss\u00edvel debitar as parcelas diretamente na folha de pagamento do consumidor.<\/p>\n<p>Geralmente, aprovam para funcion\u00e1rios p\u00fablicos negativados, porque, como podem descontar diretamente na folha de pagamento, as institui\u00e7\u00f5es possuem certa seguran\u00e7a de que n\u00e3o haver\u00e1 <a href=\"http:\/\/agenciabrasil.ebc.com.br\/economia\/noticia\/2018-11\/inadimplencia-atinge-62-milhoes-de-brasileiros-e-afeta-3-do-credito\" target=\"_blank\" rel=\"noopener noreferrer\">inadimpl\u00eancia<\/a>.<\/p>\n<h2>Documentos que voc\u00ea vai precisar na hora de solicitar cr\u00e9dito auto<\/h2>\n<p>Geralmente, para solicitar cr\u00e9dito auto, as institui\u00e7\u00f5es financeiras exigem a apresenta\u00e7\u00e3o de:<\/p>\n<ul>\n<li>RG<\/li>\n<li>CPF<\/li>\n<li>Comprovante de renda<\/li>\n<\/ul>\n<p>Aut\u00f4nomos podem comprovar renda por meio do contrato de presta\u00e7\u00e3o de servi\u00e7os, declara\u00e7\u00e3o do sindicato da categoria, declara\u00e7\u00e3o do Imposto de Renda, recibo de recebimento por trabalhos prestados ou uma Declara\u00e7\u00e3o Comprobat\u00f3ria de Recep\u00e7\u00e3o de Rendimentos (Decore) feita por contador.<\/p>\n<p>Como o valor das presta\u00e7\u00f5es, muitas vezes, n\u00e3o podem ser maiores que 30 % da renda familiar bruta, <strong>os documentos que comprovam a renda do consumidor s\u00e3o de suma import\u00e2ncia<\/strong>.<\/p>\n<p>Se o financiamento do ve\u00edculo for para empresa ser\u00e1 necess\u00e1rio o <a href=\"https:\/\/pt.wikipedia.org\/wiki\/Cadastro_Nacional_da_Pessoa_Jur%C3%ADdica\" target=\"_blank\" rel=\"noopener noreferrer\">CNPJ<\/a>. Tamb\u00e9m pode ser exigido contrato social, licen\u00e7a comercial e uma carta de autoriza\u00e7\u00e3o para comprar o ve\u00edculo em papel timbrado da empresa.<\/p>\n<p>Lembre-se que a idade m\u00ednima para realizar um financiamento \u00e9 18 anos e a m\u00e1xima \u00e9 70 anos. Entretanto, se houver a apresenta\u00e7\u00e3o de um avalista, muitas institui\u00e7\u00f5es fazem o financiamento de autom\u00f3vel para maiores de 70.<\/p>\n<p>Tamb\u00e9m \u00e9 de praxe a an\u00e1lise do nome dos clientes para as institui\u00e7\u00f5es financeiras verificarem se o consumidor n\u00e3o est\u00e1 inscrito em cadastros de inadimplentes.<\/p>\n<p>Com a documenta\u00e7\u00e3o correta e a an\u00e1lise aprovada, a institui\u00e7\u00e3o financeira estar\u00e1 pronta para conceder o cr\u00e9dito.<\/p>\n<h2>Cuidados na hora de solicitar cr\u00e9dito auto<\/h2>\n<p>Um primeiro passo importante antes de decidir pelo cr\u00e9dito auto \u00e9 fazer uma an\u00e1lise minuciosa de todos os seus ganhos, despesas e d\u00edvidas. O ideal \u00e9 fazer uma planilha, para facilitar a an\u00e1lise.<\/p>\n<p>Na anota\u00e7\u00e3o das despesas, voc\u00ea deve levar em conta os futuros gastos que ter\u00e1 com o autom\u00f3vel, como, por exemplo, combust\u00edvel, seguro, IPVA, manuten\u00e7\u00e3o. Ap\u00f3s o estudo de sua situa\u00e7\u00e3o financeira, voc\u00ea saber\u00e1 se a presta\u00e7\u00e3o caber\u00e1 em seu or\u00e7amento.<\/p>\n<p>Outro cuidado especial que voc\u00ea deve ter \u00e9 na escolha do ve\u00edculo. Se for um carro novo, voc\u00ea pode ficar mais seguro em rela\u00e7\u00e3o aos gastos, pois dificilmente vai apresentar problemas na mec\u00e2nica e te deixar na m\u00e3o.<\/p>\n<p>Mas se sua inten\u00e7\u00e3o \u00e9 financiar um carro usado, <strong>avalie com cautela as condi\u00e7\u00f5es do autom\u00f3vel e sempre tenha um valor reservado para eventuais manuten\u00e7\u00f5es<\/strong>. Assim, voc\u00ea vai conseguir manter suas parcelas em dia mesmo se tiver despesas inesperadas na repara\u00e7\u00e3o do carro.<\/p>\n<p>Saiba tamb\u00e9m, que muitas institui\u00e7\u00f5es financeiras possuem uma margem de juros para determinados autom\u00f3veis, de acordo com o ano de fabrica\u00e7\u00e3o. \u00c9 bastante comum, por causa da aplica\u00e7\u00e3o dos juros, um carro novo sair pelo mesmo pre\u00e7o de um carro usado.<\/p>\n<p>Isso ocorre, porque quanto mais usado o ve\u00edculo, maior ser\u00e1 a probabilidade de apresentar ou causar problemas e, com isso, maior ser\u00e1 o risco de inadimpl\u00eancia no financiamento. Portanto, pense com cautela na hora de escolher seu autom\u00f3vel e utilize um simulador online.<\/p>\n<h2>Import\u00e2ncia da verifica\u00e7\u00e3o do CET do cr\u00e9dito auto<\/h2>\n<p>Na hora de analisar os contratos, \u00a0\u00e9 importante conhecer o CET (Custo Efetivo Total), que leva em conta al\u00e9m da taxa de juros cobradas pelos bancos, todos os tributos, tarifas, seguros, Imposto sobre Opera\u00e7\u00e3o Financeira (IOF) e quaisquer outros encargos, como o <a href=\"https:\/\/www.carrodegaragem.com\/taxa-gravame-consorcios-financiamentos\/\" target=\"_blank\" rel=\"noopener noreferrer\">gravame eletr\u00f4nico<\/a> (registro do financiamento no Detran) e o trabalho executado pelo despachante.<\/p>\n<p><img decoding=\"async\" loading=\"lazy\" class=\"alignright wp-image-227 size-full\" src=\"http:\/\/loanstar.com\/br\/wp-content\/uploads\/sites\/7\/2018\/11\/savings_1.svg\" alt=\"credito auto pagar parcelas\" width=\"312\" height=\"150\" \/><\/p>\n<p>Como s\u00e3o v\u00e1rias institui\u00e7\u00f5es financeiras oferecendo diferentes propostas, para n\u00e3o ficar confuso em meio a tanta informa\u00e7\u00e3o, verificar o CET \u00e9 a forma mais eficaz para iniciar uma compara\u00e7\u00e3o de ofertas.<\/p>\n<p>Com diferentes CETs em m\u00e3os, voc\u00ea pode escolher a proposta mais vantajosa, seja no banco do qual j\u00e1 \u00e9 cliente ou em qualquer outra institui\u00e7\u00e3o financeira.<\/p>\n<p>Ser preciso e poupar tempo tamb\u00e9m s\u00e3o boas atitudes na hora de fazer a pesquisa. Por isso, <a href=\"http:\/\/loanstar.com\/br\/\" target=\"_blank\" rel=\"noopener noreferrer\">nosso sistema<\/a> pode te ajudar a verificar o custo efetivo total das diversas op\u00e7\u00f5es, assim voc\u00ea poder\u00e1 escolher o melhor cr\u00e9dito auto.<\/p>\n<p>Tudo isso de maneira r\u00e1pida e sem precisar sair de casa.<\/p>\n<h2>E se n\u00e3o conseguir pagar as parcelas?<\/h2>\n<p>Diante da instabilidade econ\u00f4mica que vivemos, \u00e9 necess\u00e1rio entender o que pode acontecer se voc\u00ea n\u00e3o conseguir pagar as parcelas de um cr\u00e9dito auto.<\/p>\n<p>Em primeiro lugar, se voc\u00ea se desequilibrar com as suas finan\u00e7as e perceber que n\u00e3o vai mais conseguir pagar as parcelas, uma boa solu\u00e7\u00e3o \u00e9 tentar renegociar a d\u00edvida com a institui\u00e7\u00e3o financeira. Dessa forma voc\u00ea ter\u00e1 a possibilidade de negociar um valor mais baixo nas parcelas.<\/p>\n<p>Por\u00e9m, se voc\u00ea n\u00e3o conseguir efetuar o pagamento das parcelas e ficar devendo o banco, <strong>poder\u00e1 perder o ve\u00edculo<\/strong>. Nesse caso, o banco poder\u00e1 ingressar com a\u00e7\u00e3o de execu\u00e7\u00e3o da d\u00edvida ou com a\u00e7\u00e3o de busca e apreens\u00e3o do bem alienado.<\/p>\n<p>Para a a\u00e7\u00e3o de busca e apreens\u00e3o, exige-se a comprova\u00e7\u00e3o da mora do devedor, mediante carta registrada expedida pelo Cart\u00f3rio de T\u00edtulos e Documentos ou pelo protesto do t\u00edtulo. E, ainda, que o devedor tenha recebido a comunica\u00e7\u00e3o do protesto ou notifica\u00e7\u00e3o extrajudicial em seu endere\u00e7o, mesmo que n\u00e3o tenha sido entregue pessoalmente.<\/p>\n<p>Proposta a a\u00e7\u00e3o com as provas acima, o juiz defere a liminar de busca e apreens\u00e3o ou, se o devedor j\u00e1 pagou ao menos 40% do contrato, para colocar em dia o pagamento das parcelas devidas e demais encargos.<\/p>\n","protected":false},"excerpt":{"rendered":"<p>O que voc\u00ea precisa saber na hora solicitar cr\u00e9dito auto Quando surge a necessidade de comprar um autom\u00f3vel e voc\u00ea&#8230;<\/p>\n","protected":false},"author":1,"featured_media":0,"parent":94,"menu_order":0,"comment_status":"closed","ping_status":"closed","template":"templates\/calculator-follow-up.php","meta":{"footnotes":""},"yoast_head":"<!-- This site is optimized with the Yoast SEO plugin v21.0 - https:\/\/yoast.com\/wordpress\/plugins\/seo\/ -->\n<title>Cr\u00e9dito auto: compare e ache a melhor op\u00e7\u00e3o - LoanStar Brasil<\/title>\n<meta name=\"description\" content=\"Ter um carro \u00e9 o sonho de muitos brasileiros. E um bom cr\u00e9dito auto pode facilitar bastante o desejo. Mas antes \u00e9 importante comparar e n\u00e3o fazer loucuras\" \/>\n<meta name=\"robots\" content=\"index, follow, max-snippet:-1, max-image-preview:large, max-video-preview:-1\" \/>\n<link rel=\"canonical\" href=\"https:\/\/loanstar.com\/br\/emprestimo\/credito-auto\/\" \/>\n<meta property=\"og:locale\" content=\"pt_BR\" \/>\n<meta property=\"og:type\" content=\"article\" \/>\n<meta property=\"og:title\" content=\"Cr\u00e9dito auto: compare e ache a melhor op\u00e7\u00e3o - LoanStar Brasil\" \/>\n<meta property=\"og:description\" content=\"Ter um carro \u00e9 o sonho de muitos brasileiros. E um bom cr\u00e9dito auto pode facilitar bastante o desejo. Mas antes \u00e9 importante comparar e n\u00e3o fazer loucuras\" \/>\n<meta property=\"og:url\" content=\"https:\/\/loanstar.com\/br\/emprestimo\/credito-auto\/\" \/>\n<meta property=\"og:site_name\" content=\"LoanStar Brasil\" \/>\n<meta property=\"article:modified_time\" content=\"2019-07-08T12:32:30+00:00\" \/>\n<meta property=\"og:image\" content=\"http:\/\/loanstar.com\/br\/wp-content\/uploads\/sites\/7\/2018\/09\/ill_body_12.svg\" \/>\n<meta name=\"twitter:card\" content=\"summary_large_image\" \/>\n<meta name=\"twitter:label1\" content=\"Est. tempo de leitura\" \/>\n\t<meta name=\"twitter:data1\" content=\"11 minutos\" \/>\n<script type=\"application\/ld+json\" class=\"yoast-schema-graph\">{\"@context\":\"https:\/\/schema.org\",\"@graph\":[{\"@type\":\"WebPage\",\"@id\":\"https:\/\/loanstar.com\/br\/emprestimo\/credito-auto\/\",\"url\":\"https:\/\/loanstar.com\/br\/emprestimo\/credito-auto\/\",\"name\":\"Cr\u00e9dito auto: compare e ache a melhor op\u00e7\u00e3o - LoanStar Brasil\",\"isPartOf\":{\"@id\":\"https:\/\/loanstar.com\/br\/#website\"},\"datePublished\":\"2018-09-24T13:26:48+00:00\",\"dateModified\":\"2019-07-08T12:32:30+00:00\",\"description\":\"Ter um carro \u00e9 o sonho de muitos brasileiros. E um bom cr\u00e9dito auto pode facilitar bastante o desejo. Mas antes \u00e9 importante comparar e n\u00e3o fazer loucuras\",\"breadcrumb\":{\"@id\":\"https:\/\/loanstar.com\/br\/emprestimo\/credito-auto\/#breadcrumb\"},\"inLanguage\":\"pt-BR\",\"potentialAction\":[{\"@type\":\"ReadAction\",\"target\":[\"https:\/\/loanstar.com\/br\/emprestimo\/credito-auto\/\"]}]},{\"@type\":\"BreadcrumbList\",\"@id\":\"https:\/\/loanstar.com\/br\/emprestimo\/credito-auto\/#breadcrumb\",\"itemListElement\":[{\"@type\":\"ListItem\",\"position\":1,\"name\":\"Brasil\",\"item\":\"https:\/\/loanstar.com\/br\/\"},{\"@type\":\"ListItem\",\"position\":2,\"name\":\"Empr\u00e9stimo online\",\"item\":\"https:\/\/loanstar.com\/br\/emprestimo\/\"},{\"@type\":\"ListItem\",\"position\":3,\"name\":\"Cr\u00e9dito auto\"}]},{\"@type\":\"WebSite\",\"@id\":\"https:\/\/loanstar.com\/br\/#website\",\"url\":\"https:\/\/loanstar.com\/br\/\",\"name\":\"LoanStar Brasil\",\"description\":\"Comparar empr\u00e9stimos\",\"potentialAction\":[{\"@type\":\"SearchAction\",\"target\":{\"@type\":\"EntryPoint\",\"urlTemplate\":\"https:\/\/loanstar.com\/br\/?s={search_term_string}\"},\"query-input\":\"required name=search_term_string\"}],\"inLanguage\":\"pt-BR\"}]}<\/script>\n<!-- \/ Yoast SEO plugin. -->","yoast_head_json":{"title":"Cr\u00e9dito auto: compare e ache a melhor op\u00e7\u00e3o - LoanStar Brasil","description":"Ter um carro \u00e9 o sonho de muitos brasileiros. E um bom cr\u00e9dito auto pode facilitar bastante o desejo. Mas antes \u00e9 importante comparar e n\u00e3o fazer loucuras","robots":{"index":"index","follow":"follow","max-snippet":"max-snippet:-1","max-image-preview":"max-image-preview:large","max-video-preview":"max-video-preview:-1"},"canonical":"https:\/\/loanstar.com\/br\/emprestimo\/credito-auto\/","og_locale":"pt_BR","og_type":"article","og_title":"Cr\u00e9dito auto: compare e ache a melhor op\u00e7\u00e3o - LoanStar Brasil","og_description":"Ter um carro \u00e9 o sonho de muitos brasileiros. E um bom cr\u00e9dito auto pode facilitar bastante o desejo. Mas antes \u00e9 importante comparar e n\u00e3o fazer loucuras","og_url":"https:\/\/loanstar.com\/br\/emprestimo\/credito-auto\/","og_site_name":"LoanStar Brasil","article_modified_time":"2019-07-08T12:32:30+00:00","og_image":[{"url":"http:\/\/loanstar.com\/br\/wp-content\/uploads\/sites\/7\/2018\/09\/ill_body_12.svg"}],"twitter_card":"summary_large_image","twitter_misc":{"Est. tempo de leitura":"11 minutos"},"schema":{"@context":"https:\/\/schema.org","@graph":[{"@type":"WebPage","@id":"https:\/\/loanstar.com\/br\/emprestimo\/credito-auto\/","url":"https:\/\/loanstar.com\/br\/emprestimo\/credito-auto\/","name":"Cr\u00e9dito auto: compare e ache a melhor op\u00e7\u00e3o - LoanStar Brasil","isPartOf":{"@id":"https:\/\/loanstar.com\/br\/#website"},"datePublished":"2018-09-24T13:26:48+00:00","dateModified":"2019-07-08T12:32:30+00:00","description":"Ter um carro \u00e9 o sonho de muitos brasileiros. E um bom cr\u00e9dito auto pode facilitar bastante o desejo. Mas antes \u00e9 importante comparar e n\u00e3o fazer loucuras","breadcrumb":{"@id":"https:\/\/loanstar.com\/br\/emprestimo\/credito-auto\/#breadcrumb"},"inLanguage":"pt-BR","potentialAction":[{"@type":"ReadAction","target":["https:\/\/loanstar.com\/br\/emprestimo\/credito-auto\/"]}]},{"@type":"BreadcrumbList","@id":"https:\/\/loanstar.com\/br\/emprestimo\/credito-auto\/#breadcrumb","itemListElement":[{"@type":"ListItem","position":1,"name":"Brasil","item":"https:\/\/loanstar.com\/br\/"},{"@type":"ListItem","position":2,"name":"Empr\u00e9stimo online","item":"https:\/\/loanstar.com\/br\/emprestimo\/"},{"@type":"ListItem","position":3,"name":"Cr\u00e9dito auto"}]},{"@type":"WebSite","@id":"https:\/\/loanstar.com\/br\/#website","url":"https:\/\/loanstar.com\/br\/","name":"LoanStar Brasil","description":"Comparar empr\u00e9stimos","potentialAction":[{"@type":"SearchAction","target":{"@type":"EntryPoint","urlTemplate":"https:\/\/loanstar.com\/br\/?s={search_term_string}"},"query-input":"required name=search_term_string"}],"inLanguage":"pt-BR"}]}},"_links":{"self":[{"href":"https:\/\/loanstar.com\/br\/wp-json\/wp\/v2\/pages\/106"}],"collection":[{"href":"https:\/\/loanstar.com\/br\/wp-json\/wp\/v2\/pages"}],"about":[{"href":"https:\/\/loanstar.com\/br\/wp-json\/wp\/v2\/types\/page"}],"author":[{"embeddable":true,"href":"https:\/\/loanstar.com\/br\/wp-json\/wp\/v2\/users\/1"}],"replies":[{"embeddable":true,"href":"https:\/\/loanstar.com\/br\/wp-json\/wp\/v2\/comments?post=106"}],"version-history":[{"count":2,"href":"https:\/\/loanstar.com\/br\/wp-json\/wp\/v2\/pages\/106\/revisions"}],"predecessor-version":[{"id":273,"href":"https:\/\/loanstar.com\/br\/wp-json\/wp\/v2\/pages\/106\/revisions\/273"}],"up":[{"embeddable":true,"href":"https:\/\/loanstar.com\/br\/wp-json\/wp\/v2\/pages\/94"}],"wp:attachment":[{"href":"https:\/\/loanstar.com\/br\/wp-json\/wp\/v2\/media?parent=106"}],"curies":[{"name":"wp","href":"https:\/\/api.w.org\/{rel}","templated":true}]}}