{"id":102,"date":"2018-09-24T13:20:25","date_gmt":"2018-09-24T13:20:25","guid":{"rendered":"http:\/\/loanstar.com\/br\/?page_id=102"},"modified":"2019-06-08T04:41:29","modified_gmt":"2019-06-08T07:41:29","slug":"consignado","status":"publish","type":"page","link":"https:\/\/loanstar.com\/br\/emprestimo\/consignado\/","title":{"rendered":"Empr\u00e9stimo consignado"},"content":{"rendered":"<h2>Entenda o que \u00e9 empr\u00e9stimo consignado<\/h2>\n<p>O empr\u00e9stimo consignado \u00e9 uma modalidade na qual o pagamento do empr\u00e9stimo \u00e9 realizado diretamente no benef\u00edcio previdenci\u00e1rio ou na folha de pagamento do contratante. Para que isso ocorra, \u00e9 necess\u00e1rio a exist\u00eancia de <strong>conv\u00eanio entre a institui\u00e7\u00e3o financeira e a fonte pagadora<\/strong>.<\/p>\n<p>Tamb\u00e9m h\u00e1 necessidade de uma autoriza\u00e7\u00e3o previamente estabelecida para que a institui\u00e7\u00e3o financeira possa realizar os descontos na folha de pagamento ou no benef\u00edcio previdenci\u00e1rio.<\/p>\n<p>Nesse tipo de empr\u00e9stimo, o limite m\u00e1ximo de amortiza\u00e7\u00e3o de opera\u00e7\u00f5es de cr\u00e9dito em proventos e\/ou benef\u00edcios de servidores p\u00fablicos federais, trabalhadores regidos pela CLT e aposentados do INSS, \u00e9 de 35%.<\/p>\n<p>Destes, 5% s\u00e3o exclusivamente para despesas e saques com cart\u00e3o de cr\u00e9dito, de acordo com a <a href=\"http:\/\/www.planalto.gov.br\/ccivil_03\/_Ato2015-2018\/2015\/Lei\/L13172.htm\" target=\"_blank\" rel=\"noopener noreferrer\">Lei 13.172<\/a> de 2015. J\u00e1 os Munic\u00edpios e os Estados t\u00eam o direito de fixar limites de descontos e reten\u00e7\u00f5es diferentes para seus servidores p\u00fablicos.<\/p>\n<p>Trata-se de uma modalidade com juros baixos, quando comparada com outros tipos de empr\u00e9stimos. Segundo dados do Banco Central (BC), enquanto as modalidades de empr\u00e9stimos tradicionais t\u00eam juros que podem chegar a 22,2% ao m\u00eas, as do consignado variam entre 1,22% a, no m\u00e1ximo, 6,27% ao m\u00eas.<\/p>\n<p>Isso ocorre, porque, como as parcelas s\u00e3o automaticamente descontadas, as institui\u00e7\u00f5es financeiras correm menos riscos com a <a href=\"http:\/\/agenciabrasil.ebc.com.br\/economia\/noticia\/2018-11\/inadimplencia-atinge-62-milhoes-de-brasileiros-e-afeta-3-do-credito\" target=\"_blank\" rel=\"noopener noreferrer\">inadimpl\u00eancia dos consumidores<\/a>.<\/p>\n<h2>Quem pode pedir o empr\u00e9stimo consignado?<\/h2>\n<p>Como j\u00e1 explicado, esse tipo de empr\u00e9stimo realiza os descontos diretamente no sal\u00e1rio ou benef\u00edcio do INSS. Por isso, n\u00e3o s\u00e3o todas as pessoas que t\u00eam a possibilidade de fazer o empr\u00e9stimo consignado.<\/p>\n<p><img decoding=\"async\" class=\"alignright size-full wp-image-231\" src=\"http:\/\/loanstar.com\/br\/wp-content\/uploads\/sites\/7\/2018\/11\/small_loans_2.svg\" alt=\"emprestimo consignado como pedir\" width=\"312\" \/><\/p>\n<p>Trabalhadores com carteira assinada, indiv\u00edduos que recebem algum benef\u00edcio do INSS ou funcion\u00e1rios p\u00fablicos, s\u00e3o quem podem solicitar essa modalidade de empr\u00e9stimo.<\/p>\n<p>Funcion\u00e1rios p\u00fablicos, pensionistas e aposentados pelo INSS est\u00e3o na categoria com mais benef\u00edcios e melhores condi\u00e7\u00f5es contratuais, pois os bancos entendem que possuem maior estabilidade financeira.<\/p>\n<p>Trabalhadores com carteira assinada podem fazer um empr\u00e9stimo consignado, mas antes precisam verificar se a empresa onde trabalham possui conv\u00eanio com a institui\u00e7\u00e3o financeira que querem contratar. Para resumir, o empr\u00e9stimo consignado para trabalhadores assalariados s\u00f3 pode ser feito mediante a exist\u00eancia de conv\u00eanio.<\/p>\n<h2>O que voc\u00ea precisa para fazer um empr\u00e9stimo consignado<\/h2>\n<p>A documenta\u00e7\u00e3o necess\u00e1ria para contratar o empr\u00e9stimo consignado \u00e9 bem simples e voc\u00ea n\u00e3o est\u00e1 obrigado a obter empr\u00e9stimo no banco em que recebe o pagamento.<\/p>\n<p>Desta forma, \u00e9 poss\u00edvel optar pela institui\u00e7\u00e3o financeira que oferece a menor taxa de juros.<\/p>\n<p>Mas, para seguran\u00e7a do pagamento do empr\u00e9stimo, a parcela \u00e9 descontada diretamente na conta em que a pessoa recebe o sal\u00e1rio ou benef\u00edcio.<\/p>\n<p>Normalmente, na hora de solicitar o empr\u00e9stimo, institui\u00e7\u00f5es financeiras exigem a apresenta\u00e7\u00e3o de alguns documentos, como:<\/p>\n<ul>\n<li>CPF<\/li>\n<li>RG<\/li>\n<li>Comprovante de resid\u00eancia<\/li>\n<li>Comprovante do Benef\u00edcio do INSS (caso o requerente seja aposentado)<\/li>\n<li>C\u00f3pia do contracheque (caso o requerente seja funcion\u00e1rio p\u00fablico)<\/li>\n<\/ul>\n<p><strong>\u00c9 importante que todos os documentos estejam atualizados<\/strong>.<\/p>\n<p>Vale lembrar que tamb\u00e9m \u00e9 poss\u00edvel fazer o empr\u00e9stimo consignado por meio dos nossos servi\u00e7os. Assim, toda solicita\u00e7\u00e3o \u00e9 efetuada atrav\u00e9s do site, no qual tamb\u00e9m \u00e9 poss\u00edvel fazer uma simula\u00e7\u00e3o do empr\u00e9stimo e escolher a melhor forma de pagamento.<\/p>\n<p>Ap\u00f3s o envio dos dados e documentos, a institui\u00e7\u00e3o escolhida far\u00e1 a an\u00e1lise de cr\u00e9dito do consumidor para decidir se aprova ou n\u00e3o a solicita\u00e7\u00e3o de empr\u00e9stimo consignado.<\/p>\n<p>Se a solicita\u00e7\u00e3o for aprovada, o dinheiro automaticamente \u00e9 depositado na conta do solicitante.<\/p>\n<h2>Utilize um sistema seguro<\/h2>\n<p>Atualmente, em nosso pa\u00eds, s\u00e3o v\u00e1rias as institui\u00e7\u00f5es e at\u00e9 pessoas que oferecem empr\u00e9stimos diversos, inclusive consignado. Em meio a tanta oferta, muitas vezes as pessoas podem cair em armadilhas.<\/p>\n<p>Por isso, se voc\u00ea n\u00e3o sabe como averiguar a seriedade e veracidade da institui\u00e7\u00e3o que oferece as propostas de empr\u00e9stimo, o melhor a fazer \u00e9 utilizar sistemas como o nosso.<\/p>\n<p>Nosso <a href=\"http:\/\/loanstar.com\/br\/\" target=\"_blank\" rel=\"noopener noreferrer\">servi\u00e7o de simula\u00e7\u00e3o e compara\u00e7\u00e3o<\/a> trabalha apenas com Institui\u00e7\u00f5es reconhecidas.<\/p>\n<p>Mas se voc\u00ea resolver fazer um empr\u00e9stimo sem a utiliza\u00e7\u00e3o de sistemas seguros como o nosso, fique atento! Observe bem as propostas do contrato e nunca assine se estiver em branco. Tamb\u00e9m n\u00e3o forne\u00e7a a senha do seu cart\u00e3o magn\u00e9tico para terceiros, principalmente por telefone.<\/p>\n<p>N\u00e3o esque\u00e7a de averiguar se a institui\u00e7\u00e3o financeira est\u00e1 habilitada a funcionar pelo Banco Central e, no caso dos empr\u00e9stimos consignados para aposentados e pensionistas do INSS, se a institui\u00e7\u00e3o est\u00e1 conveniada com o INSS.<\/p>\n<p>E, claro, leia atentamente o contrato e analise bem se as propostas s\u00e3o boas para o seu perfil financeiro.<\/p>\n<h2>Estar com o nome sujo n\u00e3o impede um empr\u00e9stimo consignado<\/h2>\n<p>A maioria das institui\u00e7\u00f5es financeiras fazem uma an\u00e1lise do perfil do consumidor, inclusive com consultas para verificar se o nome do cliente est\u00e1 inscrito em algum \u00d3rg\u00e3o de Restri\u00e7\u00e3o ao Cr\u00e9dito.<\/p>\n<p>Infelizmente, se o requerente estiver inscrito no <a href=\"http:\/\/loanstar.com\/br\/limpe-seu-nome-serasa-spc-scpc\/\" target=\"_blank\" rel=\"noopener noreferrer\">Cadastro de Devedores Inadimplentes<\/a>, ele ter\u00e1 dificuldade para conseguir um empr\u00e9stimo, pois a adimpl\u00eancia \u00e9 um dos requisitos utilizado pela maioria das institui\u00e7\u00f5es.<\/p>\n<p>Por\u00e9m, mesmo com o nome sujo, voc\u00ea pode fazer um empr\u00e9stimo consignado. Isso se d\u00e1 pois, como o empr\u00e9stimo \u00e9 descontado diretamente na folha de pagamento ou benef\u00edcio, as institui\u00e7\u00f5es ter\u00e3o menos riscos e mais garantia que receber\u00e3o as parcelas em dia.<\/p>\n<p>Al\u00e9m disso, o desconto em folha favorece a cobran\u00e7a de juros menores do que os cobrados em outros tipos de empr\u00e9stimos. Mas essa solu\u00e7\u00e3o de <a href=\"http:\/\/loanstar.com\/br\/emprestimo\/negativados\/\" target=\"_blank\" rel=\"noopener noreferrer\">cr\u00e9dito para negativado<\/a> n\u00e3o \u00e9 para todos.<\/p>\n<p>\u00c9 preciso estar dentro quanto a categoria espec\u00edfica de trabalhadores que podem realizar o empr\u00e9stimo na forma consignada.<\/p>\n<h2>Pesquise e garanta o melhor<\/h2>\n<p>Os juros do empr\u00e9stimo consignado podem variar de banco para banco. Por isso, fa\u00e7a uma pesquisa sobre as taxas de juros e condi\u00e7\u00f5es oferecidas pelas institui\u00e7\u00f5es.<\/p>\n<p><img decoding=\"async\" class=\"alignright size-full wp-image-222\" src=\"http:\/\/loanstar.com\/br\/wp-content\/uploads\/sites\/7\/2018\/11\/payday_loans_2.svg\" alt=\"pesquisa emprestimo consignado\" width=\"312\" \/><\/p>\n<p>Compare atentamente os empr\u00e9stimos dentro da categoria escolhida e analise previamente as vantagens e\u00a0desvantagens de cada empr\u00e9stimo.<\/p>\n<p>O processo de escolha do melhor empr\u00e9stimo pode at\u00e9 parecer complicado, entretanto, se for feito na modalidade online, o pr\u00f3prio sistema, rapidamente, informar\u00e1 as especificidades de cada contrato de maneira segura.<\/p>\n<p>Voc\u00ea n\u00e3o tem nada a perder na compara\u00e7\u00e3o de empr\u00e9stimos, mas \u00e9 um pequeno esfor\u00e7o pelo qual pode-se economizar grandes quantias e encontrar o que se encaixa perfeitamente nas suas necessidades e possibilidades.<\/p>\n<p>Alguns especialistas em economia entendem que o empr\u00e9stimo ideal \u00e9 aquele em que as parcelas ficam limitadas a 30% da sua renda l\u00edquida mensal.<\/p>\n<h2>Recomenda\u00e7\u00f5es ao fazer um empr\u00e9stimo consignado<\/h2>\n<p>Tendo em vista que nesse tipo de empr\u00e9stimo o valor da parcela ser\u00e1 descontado mensalmente na sua pr\u00f3pria folha de pagamento, voc\u00ea deve ficar atento com as suas contas.<\/p>\n<p>Para n\u00e3o haver um descontrole financeiro, fa\u00e7a uma planilha e organize os ganhos, despesas e d\u00edvidas. Tamb\u00e9m procure n\u00e3o comprometer mais que 25% de sua renda com o empr\u00e9stimo.<\/p>\n<p>Se a inten\u00e7\u00e3o do empr\u00e9stimo consignado \u00e9 pagar uma d\u00edvida com taxas de juros altas, como por exemplo de cheque especial ou de cart\u00e3o de cr\u00e9dito, \u00e9 importante prestar aten\u00e7\u00e3o nas taxas e comparar atentamente para ter certeza que a troca de d\u00edvidas ser\u00e1 uma boa solu\u00e7\u00e3o.<\/p>\n<p>Tamb\u00e9m pode ser uma boa ideia procurar opini\u00f5es de clientes sobre o banco ou institui\u00e7\u00e3o de cr\u00e9dito que voc\u00ea pensa em escolher.<\/p>\n<p>Saber o grau de satisfa\u00e7\u00e3o dos clientes que contrataram a institui\u00e7\u00e3o financeira que voc\u00ea pretende realizar o empr\u00e9stimo te deixar\u00e1 mais seguro na hora de assinar o contrato.<\/p>\n<h2>Benef\u00edcios de fazer um empr\u00e9stimo consignado<\/h2>\n<p>Como nesse tipo de empr\u00e9stimo as institui\u00e7\u00f5es financeiras ficam mais seguras com o pagamento das parcelas, elas oferecem condi\u00e7\u00f5es mais atrativas.<\/p>\n<p>Desse modo, se voc\u00ea quer fazer um empr\u00e9stimo com juros mais baixos, o tipo consignado \u00e9 uma boa op\u00e7\u00e3o.<\/p>\n<p>Outro benef\u00edcio que voc\u00ea ter\u00e1 ao escolher essa modalidade de empr\u00e9stimo \u00e9 o de parcelas mensais com valores fixos e que podem ser feitas em at\u00e9 sessenta meses.<\/p>\n<p>Al\u00e9m disso, muitas institui\u00e7\u00f5es fazem o empr\u00e9stimo consignado mesmo se voc\u00ea tiver com o nome negativado. Outra vantagem \u00e9 que voc\u00ea tamb\u00e9m n\u00e3o precisa apresentar fiador ou avalista.<\/p>\n<p>Portanto, se voc\u00ea est\u00e1 dentro da classe que tem direito a fazer o empr\u00e9stimo consignado (aposentados, pensionistas, servidores p\u00fablicos, oficiais das for\u00e7as armadas), esta \u00e9 uma das melhores op\u00e7\u00f5es.<\/p>\n<p>Mesmo que para trabalhadores com carteira assinada as taxas de juros fiquem um pouco mais altas, continuam com valores mais baixos em compara\u00e7\u00e3o a outras modalidades de empr\u00e9stimos.<\/p>\n<p>E lembre-se: como o empr\u00e9stimo consignado \u00e9 debitado diretamente na folha de pagamento, voc\u00ea n\u00e3o precisa ficar preocupado em pagar as parcelas. Voc\u00ea apenas precisa ajustar os seus gastos para que n\u00e3o atinjam o seu limite.<\/p>\n<h2>Empr\u00e9stimo consignado para adquirir bens<\/h2>\n<p>Nos momentos de crise econ\u00f4mica, voc\u00ea pode aproveitar para fazer um bom neg\u00f3cio, pois \u00e9 nessa hora que muitas pessoas precisam de dinheiro com urg\u00eancia e vendem bens por pre\u00e7os mais baixos.<\/p>\n<p>E se voc\u00ea n\u00e3o tem dinheiro para aproveitar uma oportunidade \u00fanica, a solu\u00e7\u00e3o \u00e9 fazer um empr\u00e9stimo consignado.<\/p>\n<p><img decoding=\"async\" class=\"alignright size-full wp-image-221\" src=\"http:\/\/loanstar.com\/br\/wp-content\/uploads\/sites\/7\/2018\/11\/payday_loans_1.svg\" alt=\"emprestimo consignado comprar bens\" width=\"312\" \/><\/p>\n<p>Se voc\u00ea comprar um im\u00f3vel com pre\u00e7o baixo, provavelmente, quando a crise passar, vai sair ganhar com a valoriza\u00e7\u00e3o do mesmo. Al\u00e9m de que, com a compra de uma casa com sala comercial, por exemplo, voc\u00ea pode sair do aluguel e ainda utiliz\u00e1-la como fonte de renda.<\/p>\n<p>Outro bem que voc\u00ea pode adquirir ao utilizar o empr\u00e9stimo consignado \u00e9 um autom\u00f3vel. Se voc\u00ea aproveitar o momento de queda no pre\u00e7o dos ve\u00edculos e utilizar esse tipo de empr\u00e9stimo para pagar \u00e0 vista, ao inv\u00e9s de usar o tradicional financiamento de carros, com certeza voc\u00ea vai sair ganhando.<\/p>\n<p>Vale lembrar que um carro \u00e0 vista sai mais barato que um financiado e o empr\u00e9stimo consignado tem juros menores que a maioria desses outros empr\u00e9stimos.<\/p>\n<p>Mas s\u00f3 n\u00e3o esque\u00e7a de simular e comparar os empr\u00e9stimos. Dessa forma, voc\u00ea ficar\u00e1 mais certo de que far\u00e1 um neg\u00f3cio vantajoso. Afinal, n\u00e3o adianta comprar um bem com pre\u00e7o baixo e fazer um empr\u00e9stimo com juros altos. Portanto pesquise, simule e compare.<\/p>\n<h2>Empr\u00e9stimo consignado no momento de crise<\/h2>\n<p>Como as taxas de juros s\u00e3o baixas e \u00e9 poss\u00edvel fazer esse tipo de empr\u00e9stimo mesmo com o nome negativado, muitas pessoas recorrem a esta modalidade quando est\u00e3o em crise financeira.<\/p>\n<p>E fazer um empr\u00e9stimo consignado com juros baixos \u00e9 realmente uma solu\u00e7\u00e3o inteligente pagar d\u00edvidas e ainda limpar seu nome.<\/p>\n<p>Atualmente, a diferen\u00e7a de juros entre o empr\u00e9stimo consignado e do cart\u00e3o de cr\u00e9dito ou cheque especial pode chegar a mais de 100% ao ano. Por isso, \u00e9 uma boa estrat\u00e9gia trocar as d\u00edvidas e pagar menos juros.<\/p>\n<p>No entanto, por mais que esse empr\u00e9stimo seja uma boa alternativa, cuidado para n\u00e3o se atrapalhar na hora da crise e complicar a situa\u00e7\u00e3o.<\/p>\n<p>Com o empr\u00e9stimo consignado voc\u00ea n\u00e3o escolhe se pode pagar as parcelas, elas s\u00e3o descontadas automaticamente do seu sal\u00e1rio. Por isso, voc\u00ea precisa ter bastante controle nas suas finan\u00e7as para n\u00e3o cair em novas d\u00edvidas.<\/p>\n<p>Al\u00e9m disso, mesmo que voc\u00ea possa fazer mais de um empr\u00e9stimo consignado, tenha cuidado. <strong>Este empr\u00e9stimo \u00e9 f\u00e1cil, r\u00e1pido e possui taxas de juros mais baixas<\/strong>, mas se voc\u00ea se entusiasmar e fizer mais de um, pode ser que a solu\u00e7\u00e3o vire um pesadelo.<\/p>\n<p>Portanto, ter cautela \u00e9 sempre uma medida interessante na hora de realizar empr\u00e9stimos.<\/p>\n<h2>E se voc\u00ea n\u00e3o tiver mais condi\u00e7\u00f5es de pagar?<\/h2>\n<p>Como nesse tipo de empr\u00e9stimo voc\u00ea pode ficar v\u00e1rios anos preso a parcelas, pode acontecer de sua situa\u00e7\u00e3o financeira mudar completamente. A verdade \u00e9 que o futuro \u00e9 incerto para todos. Mas tudo na vida tem solu\u00e7\u00e3o.<\/p>\n<p>No caso do empr\u00e9stimo consignado, se a situa\u00e7\u00e3o apertar, voc\u00ea pode tentar renegociar a d\u00edvida com o banco. Nesse caso, pode aumentar o n\u00famero de parcelas e diminuir o valor mensal.<\/p>\n<p>Portabilidade de cr\u00e9dito tamb\u00e9m \u00e9 uma solu\u00e7\u00e3o. Muitos empr\u00e9stimos podem ser transferidos entre institui\u00e7\u00f5es financeiras por meio da portabilidade de cr\u00e9dito.<\/p>\n<p>Dessa forma, se voc\u00ea achar uma outra institui\u00e7\u00e3o financeira com juros menores e melhores condi\u00e7\u00f5es, pode ser feita a transfer\u00eancia do empr\u00e9stimo para essa institui\u00e7\u00e3o.<\/p>\n<p>Mas, se ap\u00f3s todas as tentativas n\u00e3o for poss\u00edvel pagar o d\u00e9bito, dependendo do seu contrato, poder\u00e1 ocorrer a perda do bem garantido e at\u00e9 poss\u00edveis a\u00e7\u00f5es judiciais.<\/p>\n<p>A negativa\u00e7\u00e3o do nome do cliente que n\u00e3o paga as parcelas tamb\u00e9m \u00e9 uma medida de praxe.<\/p>\n","protected":false},"excerpt":{"rendered":"<p>Entenda o que \u00e9 empr\u00e9stimo consignado O empr\u00e9stimo consignado \u00e9 uma modalidade na qual o pagamento do empr\u00e9stimo \u00e9 realizado&#8230;<\/p>\n","protected":false},"author":1,"featured_media":0,"parent":94,"menu_order":0,"comment_status":"closed","ping_status":"closed","template":"templates\/calculator-follow-up.php","meta":{"footnotes":""},"yoast_head":"<!-- This site is optimized with the Yoast SEO plugin v21.0 - https:\/\/yoast.com\/wordpress\/plugins\/seo\/ -->\n<title>Empr\u00e9stimo Consignado: compare para achar o melhor - LoanStar Brasil<\/title>\n<meta name=\"description\" content=\"O empr\u00e9stimo consignado \u00e9 uma \u00f3tima para quem se enquadra nos requerimentos e assim pode pagar juros mais baixos. Mas vale ter cuidado e comparar\" \/>\n<meta name=\"robots\" content=\"index, follow, max-snippet:-1, max-image-preview:large, max-video-preview:-1\" \/>\n<link rel=\"canonical\" href=\"https:\/\/loanstar.com\/br\/emprestimo\/consignado\/\" \/>\n<meta property=\"og:locale\" content=\"pt_BR\" \/>\n<meta property=\"og:type\" content=\"article\" \/>\n<meta property=\"og:title\" content=\"Empr\u00e9stimo Consignado: compare para achar o melhor - LoanStar Brasil\" \/>\n<meta property=\"og:description\" content=\"O empr\u00e9stimo consignado \u00e9 uma \u00f3tima para quem se enquadra nos requerimentos e assim pode pagar juros mais baixos. Mas vale ter cuidado e comparar\" \/>\n<meta property=\"og:url\" content=\"https:\/\/loanstar.com\/br\/emprestimo\/consignado\/\" \/>\n<meta property=\"og:site_name\" content=\"LoanStar Brasil\" \/>\n<meta property=\"article:modified_time\" content=\"2019-06-08T07:41:29+00:00\" \/>\n<meta property=\"og:image\" content=\"http:\/\/loanstar.com\/br\/wp-content\/uploads\/sites\/7\/2018\/11\/small_loans_2.svg\" \/>\n<meta name=\"twitter:card\" content=\"summary_large_image\" \/>\n<meta name=\"twitter:label1\" content=\"Est. tempo de leitura\" \/>\n\t<meta name=\"twitter:data1\" content=\"11 minutos\" \/>\n<script type=\"application\/ld+json\" class=\"yoast-schema-graph\">{\"@context\":\"https:\/\/schema.org\",\"@graph\":[{\"@type\":\"WebPage\",\"@id\":\"https:\/\/loanstar.com\/br\/emprestimo\/consignado\/\",\"url\":\"https:\/\/loanstar.com\/br\/emprestimo\/consignado\/\",\"name\":\"Empr\u00e9stimo Consignado: compare para achar o melhor - LoanStar Brasil\",\"isPartOf\":{\"@id\":\"https:\/\/loanstar.com\/br\/#website\"},\"datePublished\":\"2018-09-24T13:20:25+00:00\",\"dateModified\":\"2019-06-08T07:41:29+00:00\",\"description\":\"O empr\u00e9stimo consignado \u00e9 uma \u00f3tima para quem se enquadra nos requerimentos e assim pode pagar juros mais baixos. Mas vale ter cuidado e comparar\",\"breadcrumb\":{\"@id\":\"https:\/\/loanstar.com\/br\/emprestimo\/consignado\/#breadcrumb\"},\"inLanguage\":\"pt-BR\",\"potentialAction\":[{\"@type\":\"ReadAction\",\"target\":[\"https:\/\/loanstar.com\/br\/emprestimo\/consignado\/\"]}]},{\"@type\":\"BreadcrumbList\",\"@id\":\"https:\/\/loanstar.com\/br\/emprestimo\/consignado\/#breadcrumb\",\"itemListElement\":[{\"@type\":\"ListItem\",\"position\":1,\"name\":\"Brasil\",\"item\":\"https:\/\/loanstar.com\/br\/\"},{\"@type\":\"ListItem\",\"position\":2,\"name\":\"Empr\u00e9stimo online\",\"item\":\"https:\/\/loanstar.com\/br\/emprestimo\/\"},{\"@type\":\"ListItem\",\"position\":3,\"name\":\"Empr\u00e9stimo consignado\"}]},{\"@type\":\"WebSite\",\"@id\":\"https:\/\/loanstar.com\/br\/#website\",\"url\":\"https:\/\/loanstar.com\/br\/\",\"name\":\"LoanStar Brasil\",\"description\":\"Comparar empr\u00e9stimos\",\"potentialAction\":[{\"@type\":\"SearchAction\",\"target\":{\"@type\":\"EntryPoint\",\"urlTemplate\":\"https:\/\/loanstar.com\/br\/?s={search_term_string}\"},\"query-input\":\"required name=search_term_string\"}],\"inLanguage\":\"pt-BR\"}]}<\/script>\n<!-- \/ Yoast SEO plugin. -->","yoast_head_json":{"title":"Empr\u00e9stimo Consignado: compare para achar o melhor - LoanStar Brasil","description":"O empr\u00e9stimo consignado \u00e9 uma \u00f3tima para quem se enquadra nos requerimentos e assim pode pagar juros mais baixos. Mas vale ter cuidado e comparar","robots":{"index":"index","follow":"follow","max-snippet":"max-snippet:-1","max-image-preview":"max-image-preview:large","max-video-preview":"max-video-preview:-1"},"canonical":"https:\/\/loanstar.com\/br\/emprestimo\/consignado\/","og_locale":"pt_BR","og_type":"article","og_title":"Empr\u00e9stimo Consignado: compare para achar o melhor - LoanStar Brasil","og_description":"O empr\u00e9stimo consignado \u00e9 uma \u00f3tima para quem se enquadra nos requerimentos e assim pode pagar juros mais baixos. Mas vale ter cuidado e comparar","og_url":"https:\/\/loanstar.com\/br\/emprestimo\/consignado\/","og_site_name":"LoanStar Brasil","article_modified_time":"2019-06-08T07:41:29+00:00","og_image":[{"url":"http:\/\/loanstar.com\/br\/wp-content\/uploads\/sites\/7\/2018\/11\/small_loans_2.svg"}],"twitter_card":"summary_large_image","twitter_misc":{"Est. tempo de leitura":"11 minutos"},"schema":{"@context":"https:\/\/schema.org","@graph":[{"@type":"WebPage","@id":"https:\/\/loanstar.com\/br\/emprestimo\/consignado\/","url":"https:\/\/loanstar.com\/br\/emprestimo\/consignado\/","name":"Empr\u00e9stimo Consignado: compare para achar o melhor - LoanStar Brasil","isPartOf":{"@id":"https:\/\/loanstar.com\/br\/#website"},"datePublished":"2018-09-24T13:20:25+00:00","dateModified":"2019-06-08T07:41:29+00:00","description":"O empr\u00e9stimo consignado \u00e9 uma \u00f3tima para quem se enquadra nos requerimentos e assim pode pagar juros mais baixos. Mas vale ter cuidado e comparar","breadcrumb":{"@id":"https:\/\/loanstar.com\/br\/emprestimo\/consignado\/#breadcrumb"},"inLanguage":"pt-BR","potentialAction":[{"@type":"ReadAction","target":["https:\/\/loanstar.com\/br\/emprestimo\/consignado\/"]}]},{"@type":"BreadcrumbList","@id":"https:\/\/loanstar.com\/br\/emprestimo\/consignado\/#breadcrumb","itemListElement":[{"@type":"ListItem","position":1,"name":"Brasil","item":"https:\/\/loanstar.com\/br\/"},{"@type":"ListItem","position":2,"name":"Empr\u00e9stimo online","item":"https:\/\/loanstar.com\/br\/emprestimo\/"},{"@type":"ListItem","position":3,"name":"Empr\u00e9stimo consignado"}]},{"@type":"WebSite","@id":"https:\/\/loanstar.com\/br\/#website","url":"https:\/\/loanstar.com\/br\/","name":"LoanStar Brasil","description":"Comparar empr\u00e9stimos","potentialAction":[{"@type":"SearchAction","target":{"@type":"EntryPoint","urlTemplate":"https:\/\/loanstar.com\/br\/?s={search_term_string}"},"query-input":"required name=search_term_string"}],"inLanguage":"pt-BR"}]}},"_links":{"self":[{"href":"https:\/\/loanstar.com\/br\/wp-json\/wp\/v2\/pages\/102"}],"collection":[{"href":"https:\/\/loanstar.com\/br\/wp-json\/wp\/v2\/pages"}],"about":[{"href":"https:\/\/loanstar.com\/br\/wp-json\/wp\/v2\/types\/page"}],"author":[{"embeddable":true,"href":"https:\/\/loanstar.com\/br\/wp-json\/wp\/v2\/users\/1"}],"replies":[{"embeddable":true,"href":"https:\/\/loanstar.com\/br\/wp-json\/wp\/v2\/comments?post=102"}],"version-history":[{"count":2,"href":"https:\/\/loanstar.com\/br\/wp-json\/wp\/v2\/pages\/102\/revisions"}],"predecessor-version":[{"id":274,"href":"https:\/\/loanstar.com\/br\/wp-json\/wp\/v2\/pages\/102\/revisions\/274"}],"up":[{"embeddable":true,"href":"https:\/\/loanstar.com\/br\/wp-json\/wp\/v2\/pages\/94"}],"wp:attachment":[{"href":"https:\/\/loanstar.com\/br\/wp-json\/wp\/v2\/media?parent=102"}],"curies":[{"name":"wp","href":"https:\/\/api.w.org\/{rel}","templated":true}]}}