{"id":100,"date":"2018-09-24T13:17:47","date_gmt":"2018-09-24T13:17:47","guid":{"rendered":"http:\/\/loanstar.com\/br\/?page_id=100"},"modified":"2019-06-08T03:35:58","modified_gmt":"2019-06-08T06:35:58","slug":"rapido","status":"publish","type":"page","link":"https:\/\/loanstar.com\/br\/emprestimo\/rapido\/","title":{"rendered":"Empr\u00e9stimo r\u00e1pido"},"content":{"rendered":"<h2>Empr\u00e9stimo r\u00e1pido no Brasil<\/h2>\n<p>Atualmente, com a lenta recupera\u00e7\u00e3o ap\u00f3s uma s\u00e9ria <a href=\"https:\/\/pt.wikipedia.org\/wiki\/Crise_econ%C3%B4mica_no_Brasil_desde_2014\" target=\"_blank\" rel=\"noopener noreferrer\">crise financeira<\/a>, a busca por\u00a0 um empr\u00e9stimo r\u00e1pido aumentou. Com a ajuda do desenvolvimento tecnol\u00f3gico \u00e9 poss\u00edvel que o cliente fa\u00e7a empr\u00e9stimos com processos ainda mais acelerados e sem burocracia do que da forma tradicional.<\/p>\n<p>Muitas institui\u00e7\u00f5es financeiras brasileiras j\u00e1 fazem empr\u00e9stimos r\u00e1pidos online e o que o cliente necessita \u00e9 de uma boa conex\u00e3o com a internet.<\/p>\n<p><strong>Tudo \u00e9 feito de maneira \u00e1gil e sem excesso de burocracia<\/strong>. Os agentes financeiros obt\u00eam dados sobre a capacidade de pagamento do cliente por meio de servi\u00e7os automatizados.<\/p>\n<p>Ap\u00f3s isso, o cliente recebe informa\u00e7\u00f5es detalhadas e claras sobre as formas de contrata\u00e7\u00e3o, taxas de juros utilizadas, quais tarifas ser\u00e3o aplicadas, os impostos que incidir\u00e3o (IOF) e, logicamente, o custo efetivo total (CET) do empr\u00e9stimo r\u00e1pido.<\/p>\n<p>Com todas as informa\u00e7\u00f5es em m\u00e3os, o cliente j\u00e1 pode solicitar a contrata\u00e7\u00e3o do empr\u00e9stimo r\u00e1pido e, se a an\u00e1lise aprovar o empr\u00e9stimo r\u00e1pido, pode ter o dinheiro na conta em at\u00e9 24h, a depender da Institui\u00e7\u00e3o Financeira escolhida. Tudo isso sem precisar sair de casa.<\/p>\n<p>E para aqueles que n\u00e3o realizam transa\u00e7\u00f5es banc\u00e1rias pela internet, tamb\u00e9m \u00e9 poss\u00edvel fazer o empr\u00e9stimo r\u00e1pido diretamente nas ag\u00eancias banc\u00e1rias. Entretanto, n\u00e3o ser\u00e1 t\u00e3o r\u00e1pido e f\u00e1cil como o feito pela <a href=\"http:\/\/loanstar.com\/br\/\" target=\"_blank\" rel=\"noopener noreferrer\">modalidade online<\/a>.<\/p>\n<h2>Como conseguir um empr\u00e9stimo r\u00e1pido?<\/h2>\n<p>Os empr\u00e9stimos r\u00e1pidos podem ser realizados em bancos ou financeiras.<\/p>\n<p>\u00c9 interessante sempre checar se voc\u00ea possui cr\u00e9dito pr\u00e9-aprovado no banco onde voc\u00ea tem uma conta corrente. Geralmente, os bancos oferecem taxas de juros menores para clientes com bom hist\u00f3rico de pagamento.<img decoding=\"async\" class=\"alignright size-full wp-image-230\" src=\"http:\/\/loanstar.com\/br\/wp-content\/uploads\/sites\/7\/2018\/11\/small_loans_1.svg\" alt=\"emprestimo rapido como fazer\" width=\"312\" \/><\/p>\n<p>Mas se voc\u00ea n\u00e3o tem interesse em fazer um empr\u00e9stimo r\u00e1pido no seu banco ou n\u00e3o achou a proposta interessante, voc\u00ea pode fazer uma solicita\u00e7\u00e3o de empr\u00e9stimo r\u00e1pido em alguma financeira.<\/p>\n<p>S\u00e3o v\u00e1rias financeiras especializadas em realizar empr\u00e9stimos r\u00e1pidos. O processo de solicita\u00e7\u00e3o at\u00e9 o recebimento do cr\u00e9dito, na maioria das financeiras, \u00e9 bem simples e desburocratizado. Mas geralmente, as taxas de juros oferecidas pelos bancos s\u00e3o menores.<\/p>\n<p>Portanto, antes de tomar qualquer decis\u00e3o, \u00e9 melhor fazer uma pesquisa e verificar as taxas de cada contrato de empr\u00e9stimo r\u00e1pido.<\/p>\n<h2>O que \u00e9 cobrado nas parcelas do empr\u00e9stimo r\u00e1pido?<\/h2>\n<p>No momento da contrata\u00e7\u00e3o, \u00e9 importante que o consumidor preste aten\u00e7\u00e3o no IOF e no seguro. O IOF \u00e9 um imposto federal, a sigla significa Imposto sobre Opera\u00e7\u00f5es Financeiras. Esse imposto \u00e9 cobrado em empr\u00e9stimos r\u00e1pidos, seguros, opera\u00e7\u00f5es de c\u00e2mbio, e tamb\u00e9m em t\u00edtulos e valores mobili\u00e1rios, que s\u00e3o modalidades de investimentos.<\/p>\n<p>Outra taxa de empr\u00e9stimo que pode ser cobrada \u00e9 a tarifa de cadastro. Cada Institui\u00e7\u00e3o Financeira pode definir se vai cobrar por isso ou n\u00e3o e qual ser\u00e1 o valor que o consumidor dever\u00e1 pagar.<\/p>\n<p>Al\u00e9m de impostos, tarifas e juros, o empr\u00e9stimo tamb\u00e9m pode ter algum tipo de seguro, em caso de desemprego ou \u00f3bito do consumidor. Esse valor tamb\u00e9m deve fazer parte do <a href=\"https:\/\/www.serasaconsumidor.com.br\/ensina\/seu-credito\/cet-o-que-e-para-que-serve\/\" target=\"_blank\" rel=\"noopener noreferrer\">Custo Efetivo Total (CET)<\/a>.<\/p>\n<h2>Quem pode fazer o empr\u00e9stimo r\u00e1pido<\/h2>\n<p>Para fazer um empr\u00e9stimo r\u00e1pido \u00e9 necess\u00e1rio alguns requerimentos b\u00e1sicos. S\u00e3o eles:<\/p>\n<ul>\n<li>Ser cidad\u00e3o brasileiro<\/li>\n<li>Ter mais de 18 anos de idade<\/li>\n<li>Conta corrente banc\u00e1ria individual<\/li>\n<li>Comprovante de resid\u00eancia<\/li>\n<\/ul>\n<p>Com estes requisitos, \u00e9 poss\u00edvel fazer o processo de empr\u00e9stimo r\u00e1pido, desde a solicita\u00e7\u00e3o, envio de documentos e aprova\u00e7\u00e3o.<\/p>\n<p>Lembrando que o empr\u00e9stimo r\u00e1pido pode ser solicitado online, e tamb\u00e9m \u00e9 poss\u00edvel fazer uma simula\u00e7\u00e3o do empr\u00e9stimo e escolher a melhor forma de pagamento. Ap\u00f3s o envio dos dados e documentos, a institui\u00e7\u00e3o escolhida far\u00e1 a an\u00e1lise de cr\u00e9dito do consumidor para decidir se ir\u00e1 ou n\u00e3o aprovar a solicita\u00e7\u00e3o do empr\u00e9stimo r\u00e1pido.<\/p>\n<p>Muitas institui\u00e7\u00f5es utilizam as informa\u00e7\u00f5es enviadas para fazer uma an\u00e1lise e dar uma nota de cr\u00e9dito que indica o perfil do cliente e qual seria o risco de inadimpl\u00eancia.<\/p>\n<p>Ap\u00f3s a an\u00e1lise, a pontua\u00e7\u00e3o \u00e9 verificada e o cr\u00e9dito poder\u00e1 ser aprovado ou n\u00e3o. Algumas institui\u00e7\u00f5es realizam o empr\u00e9stimo r\u00e1pido mesmo se o cliente estiver inscrito no Cadastro de Inadimplentes.<\/p>\n<h2>Empr\u00e9stimo r\u00e1pido para negativados<\/h2>\n<p>Como j\u00e1 explicado, a maioria das institui\u00e7\u00f5es financeiras fazem uma an\u00e1lise do perfil do consumidor, inclusive consultando se o nome do cliente est\u00e1 inscrito em algum \u00d3rg\u00e3o de Restri\u00e7\u00e3o Credit\u00edcia.<\/p>\n<p>Infelizmente, caso o consumidor esteja inscrito no <a href=\"http:\/\/loanstar.com\/br\/limpe-seu-nome-serasa-spc-scpc\/\" target=\"_blank\" rel=\"noopener noreferrer\">Cadastro de Devedores Inadimplentes<\/a>, ter\u00e1 dificuldade para conseguir um empr\u00e9stimo r\u00e1pido, pois o nome limpo \u00e9 um dos requisitos utilizado por v\u00e1rios bancos e financeiras.<\/p>\n<p>Mas se voc\u00ea n\u00e3o possui condi\u00e7\u00f5es de pagar o d\u00e9bito e limpar seu nome, <strong>existem algumas institui\u00e7\u00f5es financeiras que fazem empr\u00e9stimos r\u00e1pidos espec\u00edficos<\/strong> para quem est\u00e1 inscrito nos Cadastros de Devedores Inadimplentes. Entretanto, nessas condi\u00e7\u00f5es, muitas institui\u00e7\u00f5es costumam liberar cr\u00e9ditos mais baixos.<\/p>\n<p>Portanto, voc\u00ea at\u00e9 pode conseguir empr\u00e9stimo r\u00e1pido estando com o nome sujo, por\u00e9m o valor liberado de cr\u00e9dito vai depender do tamanho da sua d\u00edvida.<\/p>\n<p>Importante ressaltar que uma boa op\u00e7\u00e3o para quem possui o nome no Cadastro de Devedores Inadimplentes, \u00e9 escolher o empr\u00e9stimo consignado.<\/p>\n<p>Pois o valor da mensalidade do empr\u00e9stimo \u00e9 descontado diretamente da folha de pagamento da pessoa que o solicitou, assim, devido a garantia do pagamento,o limite pode ser um pouco maior.<\/p>\n<h2>Empr\u00e9stimo r\u00e1pido na hora da urg\u00eancia<\/h2>\n<p>Em momentos de crise financeira, n\u00e3o \u00e9 algo de se estranhar quando algu\u00e9m necessita urgentemente de dinheiro. No Brasil j\u00e1 existem v\u00e1rias institui\u00e7\u00f5es financeiras que oferecem empr\u00e9stimos r\u00e1pidos de maneira simples e desburocratizada.<img decoding=\"async\" class=\"alignright size-full wp-image-78\" src=\"http:\/\/loanstar.com\/br\/wp-content\/uploads\/sites\/7\/2018\/09\/ill_body_9.svg\" alt=\"emprestimo rapido urgencia\" width=\"312\" \/><\/p>\n<p>Por isso, <strong>\u00e9 uma das melhores modalidades de empr\u00e9stimo<\/strong>, se voc\u00ea precisar de dinheiro com urg\u00eancia.<\/p>\n<p>Nesse caso, \u00e9 interessante que voc\u00ea busque uma plataforma online que ofere\u00e7a esse tipo de servi\u00e7o e tamb\u00e9m fique atento na hora de preencher os dados solicitados.<\/p>\n<p>Quanto mais detalhadas forem as informa\u00e7\u00f5es enviadas, mais eficaz ser\u00e1 todo o processo e mais r\u00e1pido voc\u00ea ter\u00e1 acesso ao dinheiro. Especialmente se voc\u00ea pedir emprestado de um banco ou institui\u00e7\u00e3o de cr\u00e9dito onde voc\u00ea j\u00e1 \u00e9 um cliente.<\/p>\n<h2>Dicas na hora de realizar um empr\u00e9stimo r\u00e1pido<\/h2>\n<p>Na hora da necessidade, \u00e9 normal atropelar um pouco o processo para cobrir logo os buracos no or\u00e7amento. Mas \u00e9 importante tentar n\u00e3o fazer isso, manter a calma e seguir passos bem simples, como:<\/p>\n<ul>\n<li>Fazer uma an\u00e1lise minuciosa de todos os seus ganhos, despesas e d\u00edvidas.<\/li>\n<li>Criar uma planilha, para facilitar a an\u00e1lise. Ap\u00f3s o estudo da sua situa\u00e7\u00e3o financeira, voc\u00ea saber\u00e1 se a presta\u00e7\u00e3o caber\u00e1 em seu or\u00e7amento.<\/li>\n<li>Procure opini\u00f5es de clientes sobre o banco ou institui\u00e7\u00e3o de cr\u00e9dito que voc\u00ea est\u00e1 pensando em escolher<\/li>\n<\/ul>\n<p>Saber o grau de satisfa\u00e7\u00e3o dos clientes que contrataram a institui\u00e7\u00e3o financeira onde voc\u00ea pretende realizar o empr\u00e9stimo r\u00e1pido te deixar\u00e1 mais seguro na hora de assinar o contrato.<\/p>\n<h2>Como escolher o melhor contrato de empr\u00e9stimo r\u00e1pido?<\/h2>\n<p>Em primeiro lugar, voc\u00ea precisa descobrir que tipo de empr\u00e9stimo r\u00e1pido \u00e9 o mais adequado \u00e0s suas necessidades. Em seguida, voc\u00ea deve comparar os empr\u00e9stimos r\u00e1pidos dentro da categoria escolhida, analisando previamente as vantagens e desvantagens de cada empr\u00e9stimo.<\/p>\n<p>O processo de escolha do melhor empr\u00e9stimo r\u00e1pido pode at\u00e9 parecer complicado, entretanto, se o empr\u00e9stimo for feito na modalidade online, o pr\u00f3prio sistema rapidamente informar\u00e1 as especificidades de cada contrato de maneira segura.<\/p>\n<p><strong>Voc\u00ea n\u00e3o tem nada a perder na compara\u00e7\u00e3o de empr\u00e9stimos r\u00e1pidos<\/strong>, mas \u00e9 um pequeno esfor\u00e7o pelo qual voc\u00ea pode economizar grandes quantias e encontrar o que se encaixa perfeitamente nas suas necessidades e possibilidades.<\/p>\n<p>Alguns especialistas em economia entendem que o empr\u00e9stimo ideal, \u00e9 aquele que as parcelas ficam limitadas a 30% da sua renda l\u00edquida mensal, ou seja, do dinheiro que cai na sua conta.<\/p>\n<h2>Seja pontual e garanta o pr\u00f3ximo empr\u00e9stimo ainda mais r\u00e1pido!<\/h2>\n<p>Hoje em dia, diversas empresas brasileiras est\u00e3o utilizando o sistema de pontua\u00e7\u00e3o. Assim, os clientes que realizam os pagamentos das parcelas em dia, ganham pontos que aumentar\u00e3o os valores dispon\u00edveis na hora de pedir o seu pr\u00f3ximo empr\u00e9stimo r\u00e1pido.<\/p>\n<p><img decoding=\"async\" class=\"alignright size-full wp-image-38\" src=\"http:\/\/loanstar.com\/br\/wp-content\/uploads\/sites\/7\/2018\/09\/ill_gen_3.svg\" alt=\"emprestimo rapido\" width=\"312\" \/><\/p>\n<p>Isto \u00e9, se voc\u00ea for pontual no pagamento das parcelas, ter\u00e1 chances de conseguir seu pr\u00f3ximo empr\u00e9stimo r\u00e1pido de maneira mais f\u00e1cil.<\/p>\n<p>\u00c9 importante que o cliente que vai contratar um empr\u00e9stimo r\u00e1pido <strong>conhe\u00e7a todos os riscos poss\u00edveis em caso de atraso do pagamento<\/strong>, \u00e9 importante saber que existem diferentes tipos de cr\u00e9dito dispon\u00edveis.<\/p>\n<p>Em um empr\u00e9stimo com garantia, por exemplo, \u00e9 poss\u00edvel que o bem seja tomado, pois foi dado como garantia. J\u00e1 outros tipos de cr\u00e9dito podem gerar a negativa\u00e7\u00e3o do CPF em \u00f3rg\u00e3os como Serasa e SCPC.<\/p>\n<p>H\u00e1 tamb\u00e9m alguns contratos de financiamento em que os bancos oferecem descontos para clientes que sempre pagam as parcelas em dia. Neste caso, o preju\u00edzo pode se dar na perda deste desconto.<\/p>\n<p>Al\u00e9m disso, no caso de um <a href=\"http:\/\/loanstar.com\/br\/emprestimo\/financiamento-de-imovel\/\" target=\"_blank\" rel=\"noopener noreferrer\">financiamento imobili\u00e1rio<\/a> (com aliena\u00e7\u00e3o fiduci\u00e1ria), se o cliente atrasar mais de tr\u00eas parcelas, poder\u00e1 ter o im\u00f3vel retomado pelo banco.<\/p>\n<h2>Empr\u00e9stimo r\u00e1pido e avalia\u00e7\u00e3o cautelosa do contrato<\/h2>\n<p>Como j\u00e1 explicado anteriormente, o empr\u00e9stimo r\u00e1pido \u00e9 o ideal na hora da urg\u00eancia, mas como em qualquer outro contrato de empr\u00e9stimo, voc\u00ea deve ser cauteloso e avaliar as propostas cuidadosamente.<\/p>\n<p>As financeiras e os bancos possuem diferentes taxas de juros e encargos. Algumas <a href=\"http:\/\/loanstar.com\/br\/qual-e-a-diferenca-entre-doc-e-ted\/\" target=\"_blank\" rel=\"noopener noreferrer\">institui\u00e7\u00f5es financeiras<\/a> chegam a cobrar taxa de abertura de cr\u00e9dito de at\u00e9 3% do valor da quantia emprestada.<\/p>\n<p>Por isso, por mais que voc\u00ea necessite de um empr\u00e9stimo r\u00e1pido, o ideal \u00e9 que voc\u00ea n\u00e3o tenha pressa na hora de avaliar as cl\u00e1usulas contratuais. Uma avalia\u00e7\u00e3o cuidadosa pode evitar problemas futuros. Desse modo, n\u00e3o assine qualquer contrato sem ler todas as cl\u00e1usulas.<\/p>\n<p>Pois ao assinar o contrato, voc\u00ea n\u00e3o poder\u00e1 falar que n\u00e3o sabia das taxas exorbitantes ou que foi v\u00edtima de algum golpe\u2026 <strong>Leia sempre os termos do contrato<\/strong> e jamais assine se voc\u00ea n\u00e3o entender ou n\u00e3o concordar com as cl\u00e1usulas.<\/p>\n<p>Portanto, compare os empr\u00e9stimos r\u00e1pidos e verifique o que \u00e9 aplicado no caso de atrasos nos pagamentos das parcelas. Observe tamb\u00e9m quais taxas ser\u00e3o cobradas al\u00e9m das taxas de juros.<\/p>\n<p>Seguindo todas as nossas dicas, utilizando os sistemas de compara\u00e7\u00e3o e de simula\u00e7\u00e3o e escolhendo uma Institui\u00e7\u00e3o Financeira s\u00e9ria, voc\u00ea n\u00e3o ter\u00e1 problemas na contrata\u00e7\u00e3o do empr\u00e9stimo r\u00e1pido.<\/p>\n","protected":false},"excerpt":{"rendered":"<p>Empr\u00e9stimo r\u00e1pido no Brasil Atualmente, com a lenta recupera\u00e7\u00e3o ap\u00f3s uma s\u00e9ria crise financeira, a busca por\u00a0 um empr\u00e9stimo r\u00e1pido&#8230;<\/p>\n","protected":false},"author":1,"featured_media":0,"parent":94,"menu_order":0,"comment_status":"closed","ping_status":"closed","template":"templates\/calculator-follow-up.php","meta":{"footnotes":""},"yoast_head":"<!-- This site is optimized with the Yoast SEO plugin v21.0 - https:\/\/yoast.com\/wordpress\/plugins\/seo\/ -->\n<title>Empr\u00e9stimo r\u00e1pido: saiba como fazer um - LoanStar Brasil<\/title>\n<meta name=\"description\" content=\"Com o avan\u00e7o da internet e da tecnologia, \u00e9 poss\u00edvel fazer um empr\u00e9stimo r\u00e1pido sem nem precisar ir a uma ag\u00eancia. Mas \u00e9 legal conhecer sobre o processo\" \/>\n<meta name=\"robots\" content=\"index, follow, max-snippet:-1, max-image-preview:large, max-video-preview:-1\" \/>\n<link rel=\"canonical\" href=\"https:\/\/loanstar.com\/br\/emprestimo\/rapido\/\" \/>\n<meta property=\"og:locale\" content=\"pt_BR\" \/>\n<meta property=\"og:type\" content=\"article\" \/>\n<meta property=\"og:title\" content=\"Empr\u00e9stimo r\u00e1pido: saiba como fazer um - LoanStar Brasil\" \/>\n<meta property=\"og:description\" content=\"Com o avan\u00e7o da internet e da tecnologia, \u00e9 poss\u00edvel fazer um empr\u00e9stimo r\u00e1pido sem nem precisar ir a uma ag\u00eancia. Mas \u00e9 legal conhecer sobre o processo\" \/>\n<meta property=\"og:url\" content=\"https:\/\/loanstar.com\/br\/emprestimo\/rapido\/\" \/>\n<meta property=\"og:site_name\" content=\"LoanStar Brasil\" \/>\n<meta property=\"article:modified_time\" content=\"2019-06-08T06:35:58+00:00\" \/>\n<meta property=\"og:image\" content=\"http:\/\/loanstar.com\/br\/wp-content\/uploads\/sites\/7\/2018\/11\/small_loans_1.svg\" \/>\n<meta name=\"twitter:card\" content=\"summary_large_image\" \/>\n<meta name=\"twitter:label1\" content=\"Est. tempo de leitura\" \/>\n\t<meta name=\"twitter:data1\" content=\"9 minutos\" \/>\n<script type=\"application\/ld+json\" class=\"yoast-schema-graph\">{\"@context\":\"https:\/\/schema.org\",\"@graph\":[{\"@type\":\"WebPage\",\"@id\":\"https:\/\/loanstar.com\/br\/emprestimo\/rapido\/\",\"url\":\"https:\/\/loanstar.com\/br\/emprestimo\/rapido\/\",\"name\":\"Empr\u00e9stimo r\u00e1pido: saiba como fazer um - LoanStar Brasil\",\"isPartOf\":{\"@id\":\"https:\/\/loanstar.com\/br\/#website\"},\"datePublished\":\"2018-09-24T13:17:47+00:00\",\"dateModified\":\"2019-06-08T06:35:58+00:00\",\"description\":\"Com o avan\u00e7o da internet e da tecnologia, \u00e9 poss\u00edvel fazer um empr\u00e9stimo r\u00e1pido sem nem precisar ir a uma ag\u00eancia. Mas \u00e9 legal conhecer sobre o processo\",\"breadcrumb\":{\"@id\":\"https:\/\/loanstar.com\/br\/emprestimo\/rapido\/#breadcrumb\"},\"inLanguage\":\"pt-BR\",\"potentialAction\":[{\"@type\":\"ReadAction\",\"target\":[\"https:\/\/loanstar.com\/br\/emprestimo\/rapido\/\"]}]},{\"@type\":\"BreadcrumbList\",\"@id\":\"https:\/\/loanstar.com\/br\/emprestimo\/rapido\/#breadcrumb\",\"itemListElement\":[{\"@type\":\"ListItem\",\"position\":1,\"name\":\"Brasil\",\"item\":\"https:\/\/loanstar.com\/br\/\"},{\"@type\":\"ListItem\",\"position\":2,\"name\":\"Empr\u00e9stimo online\",\"item\":\"https:\/\/loanstar.com\/br\/emprestimo\/\"},{\"@type\":\"ListItem\",\"position\":3,\"name\":\"Empr\u00e9stimo r\u00e1pido\"}]},{\"@type\":\"WebSite\",\"@id\":\"https:\/\/loanstar.com\/br\/#website\",\"url\":\"https:\/\/loanstar.com\/br\/\",\"name\":\"LoanStar Brasil\",\"description\":\"Comparar empr\u00e9stimos\",\"potentialAction\":[{\"@type\":\"SearchAction\",\"target\":{\"@type\":\"EntryPoint\",\"urlTemplate\":\"https:\/\/loanstar.com\/br\/?s={search_term_string}\"},\"query-input\":\"required name=search_term_string\"}],\"inLanguage\":\"pt-BR\"}]}<\/script>\n<!-- \/ Yoast SEO plugin. -->","yoast_head_json":{"title":"Empr\u00e9stimo r\u00e1pido: saiba como fazer um - LoanStar Brasil","description":"Com o avan\u00e7o da internet e da tecnologia, \u00e9 poss\u00edvel fazer um empr\u00e9stimo r\u00e1pido sem nem precisar ir a uma ag\u00eancia. Mas \u00e9 legal conhecer sobre o processo","robots":{"index":"index","follow":"follow","max-snippet":"max-snippet:-1","max-image-preview":"max-image-preview:large","max-video-preview":"max-video-preview:-1"},"canonical":"https:\/\/loanstar.com\/br\/emprestimo\/rapido\/","og_locale":"pt_BR","og_type":"article","og_title":"Empr\u00e9stimo r\u00e1pido: saiba como fazer um - LoanStar Brasil","og_description":"Com o avan\u00e7o da internet e da tecnologia, \u00e9 poss\u00edvel fazer um empr\u00e9stimo r\u00e1pido sem nem precisar ir a uma ag\u00eancia. Mas \u00e9 legal conhecer sobre o processo","og_url":"https:\/\/loanstar.com\/br\/emprestimo\/rapido\/","og_site_name":"LoanStar Brasil","article_modified_time":"2019-06-08T06:35:58+00:00","og_image":[{"url":"http:\/\/loanstar.com\/br\/wp-content\/uploads\/sites\/7\/2018\/11\/small_loans_1.svg"}],"twitter_card":"summary_large_image","twitter_misc":{"Est. tempo de leitura":"9 minutos"},"schema":{"@context":"https:\/\/schema.org","@graph":[{"@type":"WebPage","@id":"https:\/\/loanstar.com\/br\/emprestimo\/rapido\/","url":"https:\/\/loanstar.com\/br\/emprestimo\/rapido\/","name":"Empr\u00e9stimo r\u00e1pido: saiba como fazer um - LoanStar Brasil","isPartOf":{"@id":"https:\/\/loanstar.com\/br\/#website"},"datePublished":"2018-09-24T13:17:47+00:00","dateModified":"2019-06-08T06:35:58+00:00","description":"Com o avan\u00e7o da internet e da tecnologia, \u00e9 poss\u00edvel fazer um empr\u00e9stimo r\u00e1pido sem nem precisar ir a uma ag\u00eancia. Mas \u00e9 legal conhecer sobre o processo","breadcrumb":{"@id":"https:\/\/loanstar.com\/br\/emprestimo\/rapido\/#breadcrumb"},"inLanguage":"pt-BR","potentialAction":[{"@type":"ReadAction","target":["https:\/\/loanstar.com\/br\/emprestimo\/rapido\/"]}]},{"@type":"BreadcrumbList","@id":"https:\/\/loanstar.com\/br\/emprestimo\/rapido\/#breadcrumb","itemListElement":[{"@type":"ListItem","position":1,"name":"Brasil","item":"https:\/\/loanstar.com\/br\/"},{"@type":"ListItem","position":2,"name":"Empr\u00e9stimo online","item":"https:\/\/loanstar.com\/br\/emprestimo\/"},{"@type":"ListItem","position":3,"name":"Empr\u00e9stimo r\u00e1pido"}]},{"@type":"WebSite","@id":"https:\/\/loanstar.com\/br\/#website","url":"https:\/\/loanstar.com\/br\/","name":"LoanStar Brasil","description":"Comparar empr\u00e9stimos","potentialAction":[{"@type":"SearchAction","target":{"@type":"EntryPoint","urlTemplate":"https:\/\/loanstar.com\/br\/?s={search_term_string}"},"query-input":"required name=search_term_string"}],"inLanguage":"pt-BR"}]}},"_links":{"self":[{"href":"https:\/\/loanstar.com\/br\/wp-json\/wp\/v2\/pages\/100"}],"collection":[{"href":"https:\/\/loanstar.com\/br\/wp-json\/wp\/v2\/pages"}],"about":[{"href":"https:\/\/loanstar.com\/br\/wp-json\/wp\/v2\/types\/page"}],"author":[{"embeddable":true,"href":"https:\/\/loanstar.com\/br\/wp-json\/wp\/v2\/users\/1"}],"replies":[{"embeddable":true,"href":"https:\/\/loanstar.com\/br\/wp-json\/wp\/v2\/comments?post=100"}],"version-history":[{"count":2,"href":"https:\/\/loanstar.com\/br\/wp-json\/wp\/v2\/pages\/100\/revisions"}],"predecessor-version":[{"id":281,"href":"https:\/\/loanstar.com\/br\/wp-json\/wp\/v2\/pages\/100\/revisions\/281"}],"up":[{"embeddable":true,"href":"https:\/\/loanstar.com\/br\/wp-json\/wp\/v2\/pages\/94"}],"wp:attachment":[{"href":"https:\/\/loanstar.com\/br\/wp-json\/wp\/v2\/media?parent=100"}],"curies":[{"name":"wp","href":"https:\/\/api.w.org\/{rel}","templated":true}]}}